{"id":13316,"date":"2025-01-04T05:37:07","date_gmt":"2025-01-04T05:37:07","guid":{"rendered":"https:\/\/yousanusb.com\/?post_type=product&#038;p=13316"},"modified":"2025-10-06T00:26:27","modified_gmt":"2025-10-06T00:26:27","slug":"fastest-rotating-metal-usb-type-c-flash-drive","status":"publish","type":"product","link":"https:\/\/www.yousanusb.com\/es\/producto\/fastest-rotating-metal-usb-type-c-flash-drive\/","title":{"rendered":"unidad flash usb tipo c met\u00e1lica giratoria m\u00e1s r\u00e1pida"},"content":{"rendered":"<p>Esta unidad flash USB Type-C met\u00e1lica giratoria es la favorita de los profesionales por su velocidad de lectura ultrarr\u00e1pida. Compacta y port\u00e1til, se desliza f\u00e1cilmente en bolsillos, bolsos o llaveros, permiti\u00e9ndote llevar tus datos a cualquier parte para mayor comodidad en el trabajo.<\/p>\n\n\n\n<div class=\"wp-block-columns is-layout-flex wp-container-core-columns-is-layout-1 wp-block-columns-is-layout-flex\">\n<div class=\"wp-block-column is-layout-flow wp-block-column-is-layout-flow\">\n<figure class=\"wp-block-image size-full\"><img fetchpriority=\"high\" decoding=\"async\" width=\"800\" height=\"800\" src=\"https:\/\/www.yousanusb.com\/wp-content\/uploads\/2025\/01\/siliver-fastest-rotating-metal-usb-type-c-flash-drive.jpg\" alt=\"unidad flash usb tipo c met\u00e1lica giratoria m\u00e1s r\u00e1pida del mundo\" class=\"wp-image-13320\" srcset=\"https:\/\/www.yousanusb.com\/wp-content\/uploads\/2025\/01\/siliver-fastest-rotating-metal-usb-type-c-flash-drive.jpg 800w, https:\/\/www.yousanusb.com\/wp-content\/uploads\/2025\/01\/siliver-fastest-rotating-metal-usb-type-c-flash-drive-300x300.jpg 300w, https:\/\/www.yousanusb.com\/wp-content\/uploads\/2025\/01\/siliver-fastest-rotating-metal-usb-type-c-flash-drive-150x150.jpg 150w, https:\/\/www.yousanusb.com\/wp-content\/uploads\/2025\/01\/siliver-fastest-rotating-metal-usb-type-c-flash-drive-768x768.jpg 768w, https:\/\/www.yousanusb.com\/wp-content\/uploads\/2025\/01\/siliver-fastest-rotating-metal-usb-type-c-flash-drive-12x12.jpg 12w, https:\/\/www.yousanusb.com\/wp-content\/uploads\/2025\/01\/siliver-fastest-rotating-metal-usb-type-c-flash-drive-600x600.jpg 600w, https:\/\/www.yousanusb.com\/wp-content\/uploads\/2025\/01\/siliver-fastest-rotating-metal-usb-type-c-flash-drive-100x100.jpg 100w\" sizes=\"(max-width: 800px) 100vw, 800px\" \/><\/figure>\n<\/div>\n\n\n\n<div class=\"wp-block-column is-layout-flow wp-block-column-is-layout-flow\">\n<figure class=\"wp-block-image size-full\"><img decoding=\"async\" width=\"800\" height=\"800\" src=\"https:\/\/www.yousanusb.com\/wp-content\/uploads\/2025\/01\/rose-gold-fastest-rotating-metal-usb-type-c-flash-drive.jpg\" alt=\"unidad flash usb tipo c met\u00e1lica de rotaci\u00f3n m\u00e1s r\u00e1pida en oro rosa\" class=\"wp-image-13319\" srcset=\"https:\/\/www.yousanusb.com\/wp-content\/uploads\/2025\/01\/rose-gold-fastest-rotating-metal-usb-type-c-flash-drive.jpg 800w, https:\/\/www.yousanusb.com\/wp-content\/uploads\/2025\/01\/rose-gold-fastest-rotating-metal-usb-type-c-flash-drive-300x300.jpg 300w, https:\/\/www.yousanusb.com\/wp-content\/uploads\/2025\/01\/rose-gold-fastest-rotating-metal-usb-type-c-flash-drive-150x150.jpg 150w, https:\/\/www.yousanusb.com\/wp-content\/uploads\/2025\/01\/rose-gold-fastest-rotating-metal-usb-type-c-flash-drive-768x768.jpg 768w, https:\/\/www.yousanusb.com\/wp-content\/uploads\/2025\/01\/rose-gold-fastest-rotating-metal-usb-type-c-flash-drive-12x12.jpg 12w, https:\/\/www.yousanusb.com\/wp-content\/uploads\/2025\/01\/rose-gold-fastest-rotating-metal-usb-type-c-flash-drive-600x600.jpg 600w, https:\/\/www.yousanusb.com\/wp-content\/uploads\/2025\/01\/rose-gold-fastest-rotating-metal-usb-type-c-flash-drive-100x100.jpg 100w\" sizes=\"(max-width: 800px) 100vw, 800px\" \/><\/figure>\n<\/div>\n\n\n\n<div class=\"wp-block-column is-layout-flow wp-block-column-is-layout-flow\">\n<figure class=\"wp-block-image size-full is-resized\"><img decoding=\"async\" width=\"800\" height=\"800\" src=\"https:\/\/www.yousanusb.com\/wp-content\/uploads\/2025\/01\/gunmetal-fastest-rotating-metal-usb-type-c-flash-drive.jpg\" alt=\"gunmetal-la unidad flash usb tipo c met\u00e1lica de rotaci\u00f3n m\u00e1s r\u00e1pida\" class=\"wp-image-13318\" style=\"width:273px;height:auto\" srcset=\"https:\/\/www.yousanusb.com\/wp-content\/uploads\/2025\/01\/gunmetal-fastest-rotating-metal-usb-type-c-flash-drive.jpg 800w, https:\/\/www.yousanusb.com\/wp-content\/uploads\/2025\/01\/gunmetal-fastest-rotating-metal-usb-type-c-flash-drive-300x300.jpg 300w, https:\/\/www.yousanusb.com\/wp-content\/uploads\/2025\/01\/gunmetal-fastest-rotating-metal-usb-type-c-flash-drive-150x150.jpg 150w, https:\/\/www.yousanusb.com\/wp-content\/uploads\/2025\/01\/gunmetal-fastest-rotating-metal-usb-type-c-flash-drive-768x768.jpg 768w, https:\/\/www.yousanusb.com\/wp-content\/uploads\/2025\/01\/gunmetal-fastest-rotating-metal-usb-type-c-flash-drive-12x12.jpg 12w, https:\/\/www.yousanusb.com\/wp-content\/uploads\/2025\/01\/gunmetal-fastest-rotating-metal-usb-type-c-flash-drive-600x600.jpg 600w, https:\/\/www.yousanusb.com\/wp-content\/uploads\/2025\/01\/gunmetal-fastest-rotating-metal-usb-type-c-flash-drive-100x100.jpg 100w\" sizes=\"(max-width: 800px) 100vw, 800px\" \/><\/figure>\n<\/div>\n<\/div>\n\n\n\n<div class=\"wp-block-columns is-layout-flex wp-container-core-columns-is-layout-2 wp-block-columns-is-layout-flex\">\n<div class=\"wp-block-column is-vertically-aligned-center is-layout-flow wp-block-column-is-layout-flow\">\n<figure class=\"wp-block-image size-full\"><img loading=\"lazy\" decoding=\"async\" width=\"800\" height=\"800\" src=\"https:\/\/www.yousanusb.com\/wp-content\/uploads\/2025\/01\/fastest-rotating-metal-usb-type-c-flash-drive.jpg\" alt=\"unidad flash usb tipo c met\u00e1lica giratoria m\u00e1s r\u00e1pida\" class=\"wp-image-13317\" srcset=\"https:\/\/www.yousanusb.com\/wp-content\/uploads\/2025\/01\/fastest-rotating-metal-usb-type-c-flash-drive.jpg 800w, https:\/\/www.yousanusb.com\/wp-content\/uploads\/2025\/01\/fastest-rotating-metal-usb-type-c-flash-drive-300x300.jpg 300w, https:\/\/www.yousanusb.com\/wp-content\/uploads\/2025\/01\/fastest-rotating-metal-usb-type-c-flash-drive-150x150.jpg 150w, https:\/\/www.yousanusb.com\/wp-content\/uploads\/2025\/01\/fastest-rotating-metal-usb-type-c-flash-drive-768x768.jpg 768w, https:\/\/www.yousanusb.com\/wp-content\/uploads\/2025\/01\/fastest-rotating-metal-usb-type-c-flash-drive-12x12.jpg 12w, https:\/\/www.yousanusb.com\/wp-content\/uploads\/2025\/01\/fastest-rotating-metal-usb-type-c-flash-drive-600x600.jpg 600w, https:\/\/www.yousanusb.com\/wp-content\/uploads\/2025\/01\/fastest-rotating-metal-usb-type-c-flash-drive-100x100.jpg 100w\" sizes=\"(max-width: 800px) 100vw, 800px\" \/><\/figure>\n<\/div>\n\n\n\n<div class=\"wp-block-column is-vertically-aligned-center is-layout-flow wp-block-column-is-layout-flow\">\n<p>Fabricado en metal de primera calidad, ofrece un tacto s\u00f3lido y duradero y est\u00e1 disponible en tres colores: Plata, Gris Gunmetal y Oro Rosa. Cada tono evoca un estado de \u00e1nimo distinto: El plateado encarna una elegante sencillez, el gris met\u00e1lico transmite una sofisticaci\u00f3n cl\u00e1sica y el oro rosa combina una textura de primera calidad con un toque de calidez, todo ello en consonancia con los exigentes gustos de los profesionales.<br>En cuanto a dise\u00f1o y compatibilidad, su estructura giratoria de 360 grados cuenta con interfaces duales (USB-A y USB Type-C) para un cambio flexible. Tanto si se conecta a port\u00e1tiles como a smartphones o tabletas para transferir archivos, esta vers\u00e1til unidad flash garantiza una compatibilidad perfecta con todos los dispositivos, eliminando las molestias de los puertos incompatibles.<br>Para velocidades de transferencia, aprovecha la tecnolog\u00eda USB 3.0 de alta velocidad, que alcanza tasas de hasta 5 Gbps para un rendimiento ultrarr\u00e1pido. Ya sea para transferir archivos de dise\u00f1o de gran tama\u00f1o, activos de v\u00eddeo o realizar copias de seguridad de datos de trabajo cr\u00edticos, elimina las largas esperas y ofrece una experiencia de trabajo eficiente.<\/p>\n<\/div>\n<\/div>\n\n\n\n<p><\/p>","protected":false},"excerpt":{"rendered":"<ul>\n<li>Interfaz USB a y USB C<\/li>\n<li>Plata, bronce y oro rosa<\/li>\n<li>USB3.0 de alta velocidad<\/li>\n<li>Logotipo personalizado<\/li>\n<li>MOQ:100pcs<\/li>\n<\/ul>","protected":false},"featured_media":13320,"comment_status":"open","ping_status":"closed","template":"","meta":{"_seopress_robots_primary_cat":"none","_seopress_titles_title":"fastest rotating metal usb type c flash drive","_seopress_titles_desc":"Elevate your data storage game with the Fastest Rotating Metal USB Type-C Flash Drive ,where cutting-edge technology meets sleek,modern design.This isn\u2019t just a flash drive\u2014it\u2019s a statement piece for the tech-savvy and style-conscious.","_seopress_robots_index":""},"class_list":["post-13316","product","type-product","status-publish","has-post-thumbnail","hentry","product_cat-usb30-flash-drive","product_cat-rotating-usb-flash-drive","product_cat-otg-usb-flash-drive","product_tag-custom-metal-keychain-usb-flash-drive","product_tag-otg-usb-flash-drive","product_tag-buy-metal-leather-usb-flash-drive"],"_links":{"self":[{"href":"https:\/\/www.yousanusb.com\/es\/wp-json\/wp\/v2\/product\/13316"}],"collection":[{"href":"https:\/\/www.yousanusb.com\/es\/wp-json\/wp\/v2\/product"}],"about":[{"href":"https:\/\/www.yousanusb.com\/es\/wp-json\/wp\/v2\/types\/product"}],"replies":[{"embeddable":true,"href":"https:\/\/www.yousanusb.com\/es\/wp-json\/wp\/v2\/comments?post=13316"}],"wp:featuredmedia":[{"embeddable":true,"href":"https:\/\/www.yousanusb.com\/es\/wp-json\/wp\/v2\/media\/13320"}],"wp:attachment":[{"href":"https:\/\/www.yousanusb.com\/es\/wp-json\/wp\/v2\/media?parent=13316"}],"curies":[{"name":"wp","href":"https:\/\/api.w.org\/{rel}","templated":true}]}}