{"id":13326,"date":"2025-01-04T05:54:29","date_gmt":"2025-01-04T05:54:29","guid":{"rendered":"https:\/\/yousanusb.com\/?post_type=product&#038;p=13326"},"modified":"2025-10-05T05:35:38","modified_gmt":"2025-10-05T05:35:38","slug":"rose-gold-type-c-cell-phone-usb-flash-drive-computer-dual-use-64g128g256g","status":"publish","type":"product","link":"https:\/\/www.yousanusb.com\/es\/producto\/rose-gold-type-c-cell-phone-usb-flash-drive-computer-dual-use-64g128g256g\/","title":{"rendered":"Oro Rosa USB c Memorias USB Ordenador Doble Uso 64g128g256g"},"content":{"rendered":"<p>Esta unidad USB Type-C de oro rosa para tel\u00e9fono es una soluci\u00f3n de almacenamiento de primera calidad dise\u00f1ada para personas que valoran el estilo, la velocidad y la funcionalidad. Fabricada con precisi\u00f3n y con un dise\u00f1o elegante, est\u00e1 hecha de metal de alta calidad. Su exquisita artesan\u00eda no solo tiene un aspecto impresionante, sino tambi\u00e9n una sensaci\u00f3n excepcional en la mano, lo que la convierte en un accesorio destacado tanto para uso personal como profesional.<\/p>\n\n\n\n<div class=\"wp-block-columns is-layout-flex wp-container-core-columns-is-layout-1 wp-block-columns-is-layout-flex\">\n<div class=\"wp-block-column is-vertically-aligned-center is-layout-flow wp-block-column-is-layout-flow\">\n<ul class=\"wp-block-list\">\n<li><strong>Rendimiento USB 3.0 ultrarr\u00e1pido:<\/strong> Equipada con tecnolog\u00eda USB 3.0, esta unidad flash ofrece velocidades de transferencia ultrarr\u00e1pidas de hasta 5 Gbps. Ya sea para mover archivos de gran tama\u00f1o, realizar copias de seguridad de datos importantes o trabajar a distancia, esta unidad flash garantiza un rendimiento eficiente y fiable.<\/li>\n\n\n\n<li><strong>Compatibilidad sin fisuras de doble puerto:<\/strong> Dispone de puertos USB-A y Type-C, compatibles con smartphones, tabletas, port\u00e1tiles y ordenadores de sobremesa. No necesita adaptadores: basta con conectar y listo para transferir archivos sin esfuerzo.<\/li>\n\n\n\n<li><strong>Dise\u00f1o personalizable en oro rosa<\/strong>: A\u00f1ada su logotipo o grabado exclusivo a la elegante superficie de oro rosa para conseguir un estilo realmente \u00fanico. Ya sea como regalo de empresa, obsequio promocional o para uso personal, esta unidad flash le permite mostrar su marca o personalidad con estilo.<\/li>\n<\/ul>\n<\/div>\n\n\n\n<div class=\"wp-block-column is-layout-flow wp-block-column-is-layout-flow\">\n<figure class=\"wp-block-image size-full\"><img fetchpriority=\"high\" decoding=\"async\" width=\"800\" height=\"800\" src=\"https:\/\/www.yousanusb.com\/wp-content\/uploads\/2025\/01\/rose-gold-Dual-Interface-USB3.0Type-c-USB-Flash-Drive-for-Android-Phone-Computer.webp\" alt=\"\" class=\"wp-image-19286\" srcset=\"https:\/\/www.yousanusb.com\/wp-content\/uploads\/2025\/01\/rose-gold-Dual-Interface-USB3.0Type-c-USB-Flash-Drive-for-Android-Phone-Computer.webp 800w, https:\/\/www.yousanusb.com\/wp-content\/uploads\/2025\/01\/rose-gold-Dual-Interface-USB3.0Type-c-USB-Flash-Drive-for-Android-Phone-Computer-300x300.webp 300w, https:\/\/www.yousanusb.com\/wp-content\/uploads\/2025\/01\/rose-gold-Dual-Interface-USB3.0Type-c-USB-Flash-Drive-for-Android-Phone-Computer-150x150.webp 150w, https:\/\/www.yousanusb.com\/wp-content\/uploads\/2025\/01\/rose-gold-Dual-Interface-USB3.0Type-c-USB-Flash-Drive-for-Android-Phone-Computer-768x768.webp 768w, https:\/\/www.yousanusb.com\/wp-content\/uploads\/2025\/01\/rose-gold-Dual-Interface-USB3.0Type-c-USB-Flash-Drive-for-Android-Phone-Computer-12x12.webp 12w, https:\/\/www.yousanusb.com\/wp-content\/uploads\/2025\/01\/rose-gold-Dual-Interface-USB3.0Type-c-USB-Flash-Drive-for-Android-Phone-Computer-600x600.webp 600w, https:\/\/www.yousanusb.com\/wp-content\/uploads\/2025\/01\/rose-gold-Dual-Interface-USB3.0Type-c-USB-Flash-Drive-for-Android-Phone-Computer-100x100.webp 100w\" sizes=\"(max-width: 800px) 100vw, 800px\" \/><\/figure>\n<\/div>\n<\/div>","protected":false},"excerpt":{"rendered":"<ul>\n<li>Nuevo estilo y carcasa met\u00e1lica<\/li>\n<li>Interfaces USB a y USB C<\/li>\n<li>Uso del ordenador y del tel\u00e9fono m\u00f3vil<\/li>\n<li>MOQ:100pcs<\/li>\n<li>USB3.0 de alta velocidad<\/li>\n<li>Logotipo personalizado<\/li>\n<\/ul>","protected":false},"featured_media":13331,"comment_status":"open","ping_status":"closed","template":"","meta":{"_seopress_robots_primary_cat":"none","_seopress_titles_title":"Rose Gold Type c Cell Phone USB Flash Drive Computer Dual Use 64g128g256g","_seopress_titles_desc":"The Rose Gold Type-C Cell Phone USB Flash Drive is more than just a storage device\u2014it\u2019s a statement of sophistication and innovation.Whether for work,travel,or everyday use,this flash drive combines luxury and practicality in one stunning package.","_seopress_robots_index":""},"class_list":["post-13326","product","type-product","status-publish","has-post-thumbnail","hentry","product_cat-usb30-flash-drive","product_cat-rotating-usb-flash-drive","product_cat-otg-usb-flash-drive","product_tag-rose-gold-usb-flash-drive","product_tag-otg-usb-flash-drive","product_tag-buy-metal-leather-usb-flash-drive"],"_links":{"self":[{"href":"https:\/\/www.yousanusb.com\/es\/wp-json\/wp\/v2\/product\/13326"}],"collection":[{"href":"https:\/\/www.yousanusb.com\/es\/wp-json\/wp\/v2\/product"}],"about":[{"href":"https:\/\/www.yousanusb.com\/es\/wp-json\/wp\/v2\/types\/product"}],"replies":[{"embeddable":true,"href":"https:\/\/www.yousanusb.com\/es\/wp-json\/wp\/v2\/comments?post=13326"}],"wp:featuredmedia":[{"embeddable":true,"href":"https:\/\/www.yousanusb.com\/es\/wp-json\/wp\/v2\/media\/13331"}],"wp:attachment":[{"href":"https:\/\/www.yousanusb.com\/es\/wp-json\/wp\/v2\/media?parent=13326"}],"curies":[{"name":"wp","href":"https:\/\/api.w.org\/{rel}","templated":true}]}}