{"id":13333,"date":"2025-01-04T06:30:46","date_gmt":"2025-01-04T06:30:46","guid":{"rendered":"https:\/\/yousanusb.com\/?post_type=product&#038;p=13333"},"modified":"2025-10-06T00:26:19","modified_gmt":"2025-10-06T00:26:19","slug":"zinc-alloy-rotating-metal-usb-type-c-flash-drive","status":"publish","type":"product","link":"https:\/\/www.yousanusb.com\/es\/producto\/zinc-alloy-rotating-metal-usb-type-c-flash-drive\/","title":{"rendered":"aleaci\u00f3n de zinc metal giratorio usb a y usb c unidad flash"},"content":{"rendered":"<div class=\"wp-block-columns is-layout-flex wp-container-core-columns-is-layout-1 wp-block-columns-is-layout-flex\">\n<div class=\"wp-block-column is-layout-flow wp-block-column-is-layout-flow\">\n<figure class=\"wp-block-image size-full\"><img fetchpriority=\"high\" decoding=\"async\" width=\"800\" height=\"800\" src=\"https:\/\/www.yousanusb.com\/wp-content\/uploads\/2025\/01\/zinc-alloy-rotating-metal-usb-type-c-flash-drive.jpg\" alt=\"aleaci\u00f3n de zinc metal giratorio usb tipo c unidad flash\" class=\"wp-image-13327\" srcset=\"https:\/\/www.yousanusb.com\/wp-content\/uploads\/2025\/01\/zinc-alloy-rotating-metal-usb-type-c-flash-drive.jpg 800w, https:\/\/www.yousanusb.com\/wp-content\/uploads\/2025\/01\/zinc-alloy-rotating-metal-usb-type-c-flash-drive-300x300.jpg 300w, https:\/\/www.yousanusb.com\/wp-content\/uploads\/2025\/01\/zinc-alloy-rotating-metal-usb-type-c-flash-drive-150x150.jpg 150w, https:\/\/www.yousanusb.com\/wp-content\/uploads\/2025\/01\/zinc-alloy-rotating-metal-usb-type-c-flash-drive-768x768.jpg 768w, https:\/\/www.yousanusb.com\/wp-content\/uploads\/2025\/01\/zinc-alloy-rotating-metal-usb-type-c-flash-drive-12x12.jpg 12w, https:\/\/www.yousanusb.com\/wp-content\/uploads\/2025\/01\/zinc-alloy-rotating-metal-usb-type-c-flash-drive-600x600.jpg 600w, https:\/\/www.yousanusb.com\/wp-content\/uploads\/2025\/01\/zinc-alloy-rotating-metal-usb-type-c-flash-drive-100x100.jpg 100w\" sizes=\"(max-width: 800px) 100vw, 800px\" \/><\/figure>\n<\/div>\n\n\n\n<div class=\"wp-block-column is-vertically-aligned-center is-layout-flow wp-block-column-is-layout-flow\">\n<p>Esta unidad flash USB Type-C met\u00e1lica giratoria de aleaci\u00f3n de zinc est\u00e1 dise\u00f1ada para quienes exigen excelencia. Fabricada con un robusto cuerpo de aleaci\u00f3n de zinc, ofrece una resistencia excepcional y un aspecto lujoso. Su elegante dise\u00f1o giratorio no solo ofrece una est\u00e9tica impactante, sino que tambi\u00e9n garantiza un cambio fluido entre los puertos USB-A y Type-C, por lo que es compatible tanto con ordenadores como con dispositivos m\u00f3viles. Equipada con tecnolog\u00eda USB 3.0, esta unidad ofrece velocidades de transferencia ultrarr\u00e1pidas de hasta 5 Gbps. Ya sea para transferir archivos de gran tama\u00f1o, realizar copias de seguridad o trabajar sobre la marcha, esta unidad flash garantiza eficiencia sin concesiones.<\/p>\n<\/div>\n<\/div>\n\n\n\n<div class=\"wp-block-columns is-layout-flex wp-container-core-columns-is-layout-2 wp-block-columns-is-layout-flex\">\n<div class=\"wp-block-column is-vertically-aligned-center is-layout-flow wp-block-column-is-layout-flow\">\n<p>Su principal ventaja es su innovador dise\u00f1o giratorio. Elimina el problema habitual de p\u00e9rdida de tapas de las unidades USB tradicionales y su suave mecanismo giratorio permite cambiar y proteger la interfaz sin esfuerzo con un simple movimiento. Compacta y port\u00e1til, esta unidad USB es f\u00e1cil de llevar a cualquier parte. Una caracter\u00edstica a\u00fan m\u00e1s atractiva es su compatibilidad con la personalizaci\u00f3n de logotipos. Las empresas pueden marcarla con su logotipo para mejorar la exposici\u00f3n de la marca como regalo corporativo, mientras que los particulares pueden elegir su IP, dise\u00f1os o texto favoritos para crear un accesorio digital \u00fanico y de moda.<br><\/p>\n<\/div>\n\n\n\n<div class=\"wp-block-column is-layout-flow wp-block-column-is-layout-flow\">\n<figure class=\"wp-block-image size-full\"><img decoding=\"async\" width=\"800\" height=\"800\" src=\"https:\/\/www.yousanusb.com\/wp-content\/uploads\/2025\/01\/zinc-alloy-rotating-metal-usb-type-c-flash-drive-wholesale.jpg\" alt=\"aleaci\u00f3n de zinc metal giratorio usb tipo c unidad flash-mayorista\" class=\"wp-image-13329\" srcset=\"https:\/\/www.yousanusb.com\/wp-content\/uploads\/2025\/01\/zinc-alloy-rotating-metal-usb-type-c-flash-drive-wholesale.jpg 800w, https:\/\/www.yousanusb.com\/wp-content\/uploads\/2025\/01\/zinc-alloy-rotating-metal-usb-type-c-flash-drive-wholesale-300x300.jpg 300w, https:\/\/www.yousanusb.com\/wp-content\/uploads\/2025\/01\/zinc-alloy-rotating-metal-usb-type-c-flash-drive-wholesale-150x150.jpg 150w, https:\/\/www.yousanusb.com\/wp-content\/uploads\/2025\/01\/zinc-alloy-rotating-metal-usb-type-c-flash-drive-wholesale-768x768.jpg 768w, https:\/\/www.yousanusb.com\/wp-content\/uploads\/2025\/01\/zinc-alloy-rotating-metal-usb-type-c-flash-drive-wholesale-12x12.jpg 12w, https:\/\/www.yousanusb.com\/wp-content\/uploads\/2025\/01\/zinc-alloy-rotating-metal-usb-type-c-flash-drive-wholesale-600x600.jpg 600w, https:\/\/www.yousanusb.com\/wp-content\/uploads\/2025\/01\/zinc-alloy-rotating-metal-usb-type-c-flash-drive-wholesale-100x100.jpg 100w\" sizes=\"(max-width: 800px) 100vw, 800px\" \/><\/figure>\n<\/div>\n<\/div>","protected":false},"excerpt":{"rendered":"<ul>\n<li>Nuevo estilo y carcasa de aleaci\u00f3n de zinc<\/li>\n<li>Interfaces USB A y USB C<\/li>\n<li>Uso del ordenador y del tel\u00e9fono m\u00f3vil<\/li>\n<li>USB3.0 de alta velocidad<\/li>\n<li>Logotipo personalizado<\/li>\n<li>MOQ:100pcs<\/li>\n<\/ul>","protected":false},"featured_media":13327,"comment_status":"open","ping_status":"closed","template":"","meta":{"_seopress_robots_primary_cat":"none","_seopress_titles_title":"zinc alloy rotating metal usb type c flash drive","_seopress_titles_desc":"Introducing the Zinc Alloy Rotating Metal USB Type-C Flash Drive, the ultimate blend of durability, style, and performance. Designed for those who demand the best, this flash drive combines premium materials, cutting-edge technology, and customizable features to meet your every need.","_seopress_robots_index":""},"class_list":["post-13333","product","type-product","status-publish","has-post-thumbnail","hentry","product_cat-usb30-flash-drive","product_cat-rotating-usb-flash-drive","product_cat-otg-usb-flash-drive","product_tag-rose-gold-usb-flash-drive","product_tag-custom-metal-keychain-usb-flash-drive","product_tag-otg-usb-flash-drive","product_tag-buy-metal-leather-usb-flash-drive"],"_links":{"self":[{"href":"https:\/\/www.yousanusb.com\/es\/wp-json\/wp\/v2\/product\/13333"}],"collection":[{"href":"https:\/\/www.yousanusb.com\/es\/wp-json\/wp\/v2\/product"}],"about":[{"href":"https:\/\/www.yousanusb.com\/es\/wp-json\/wp\/v2\/types\/product"}],"replies":[{"embeddable":true,"href":"https:\/\/www.yousanusb.com\/es\/wp-json\/wp\/v2\/comments?post=13333"}],"wp:featuredmedia":[{"embeddable":true,"href":"https:\/\/www.yousanusb.com\/es\/wp-json\/wp\/v2\/media\/13327"}],"wp:attachment":[{"href":"https:\/\/www.yousanusb.com\/es\/wp-json\/wp\/v2\/media?parent=13333"}],"curies":[{"name":"wp","href":"https:\/\/api.w.org\/{rel}","templated":true}]}}