{"id":13409,"date":"2025-01-05T05:49:23","date_gmt":"2025-01-05T05:49:23","guid":{"rendered":"https:\/\/yousanusb.com\/?post_type=product&#038;p=13409"},"modified":"2025-11-12T04:14:53","modified_gmt":"2025-11-12T04:14:53","slug":"classic-mini-rotary-usb-flash-drive","status":"publish","type":"product","link":"https:\/\/www.yousanusb.com\/es\/producto\/classic-mini-rotary-usb-flash-drive\/","title":{"rendered":"Mini memoria USB giratoria cl\u00e1sica"},"content":{"rendered":"<div class=\"wp-block-columns is-layout-flex wp-container-core-columns-is-layout-1 wp-block-columns-is-layout-flex\">\n<div class=\"wp-block-column is-layout-flow wp-block-column-is-layout-flow\">\n<figure class=\"wp-block-image size-full\"><img fetchpriority=\"high\" decoding=\"async\" width=\"800\" height=\"800\" src=\"https:\/\/www.yousanusb.com\/wp-content\/uploads\/2025\/01\/red-Classic-rotating-mini-USB-flash-drive.jpg\" alt=\"mini memoria USB giratoria red-Classic\" class=\"wp-image-13413\" srcset=\"https:\/\/www.yousanusb.com\/wp-content\/uploads\/2025\/01\/red-Classic-rotating-mini-USB-flash-drive.jpg 800w, https:\/\/www.yousanusb.com\/wp-content\/uploads\/2025\/01\/red-Classic-rotating-mini-USB-flash-drive-300x300.jpg 300w, https:\/\/www.yousanusb.com\/wp-content\/uploads\/2025\/01\/red-Classic-rotating-mini-USB-flash-drive-150x150.jpg 150w, https:\/\/www.yousanusb.com\/wp-content\/uploads\/2025\/01\/red-Classic-rotating-mini-USB-flash-drive-768x768.jpg 768w, https:\/\/www.yousanusb.com\/wp-content\/uploads\/2025\/01\/red-Classic-rotating-mini-USB-flash-drive-12x12.jpg 12w, https:\/\/www.yousanusb.com\/wp-content\/uploads\/2025\/01\/red-Classic-rotating-mini-USB-flash-drive-600x600.jpg 600w, https:\/\/www.yousanusb.com\/wp-content\/uploads\/2025\/01\/red-Classic-rotating-mini-USB-flash-drive-100x100.jpg 100w\" sizes=\"(max-width: 800px) 100vw, 800px\" \/><\/figure>\n<\/div>\n\n\n\n<div class=\"wp-block-column is-vertically-aligned-center is-layout-flow wp-block-column-is-layout-flow\">\n<p>Mini memoria USB giratoria cl\u00e1sica: Dise\u00f1o atemporal y durabilidad moderna<\/p>\n\n\n\n<p>Presentamos nuestra memoria USB Classic Mini Swivel, un producto que se ha mantenido en boga durante m\u00e1s de una d\u00e9cada. No se trata de una memoria USB cualquiera; es una mezcla de estilo perdurable y funcionalidad pr\u00e1ctica, que se sit\u00faa constantemente entre los modelos de memoria USB m\u00e1s populares. La estrella de este producto es su carcasa de aleaci\u00f3n de aluminio.<\/p>\n\n\n\n<p><br>La aleaci\u00f3n de aluminio es famosa por su ligereza y robustez, lo que garantiza que la unidad USB resista los rigores del uso diario, ya sea en la mochila, en el bolsillo o sobre la marcha. Pero las ventajas no acaban aqu\u00ed. La carcasa de aleaci\u00f3n de aluminio puede oxidarse en una gran variedad de colores.<br><\/p>\n<\/div>\n<\/div>\n\n\n\n\n\n<div class=\"wp-block-columns is-layout-flex wp-container-core-columns-is-layout-2 wp-block-columns-is-layout-flex\">\n<div class=\"wp-block-column is-vertically-aligned-center is-layout-flow wp-block-column-is-layout-flow\">\n<p>Desde el elegante plateado para un aspecto minimalista y profesional hasta tonos vivos como el rojo vivo o el azul el\u00e9ctrico para los que quieren llamar la atenci\u00f3n, hay un color para cada gusto y ocasi\u00f3n. El dise\u00f1o giratorio no s\u00f3lo es elegante, sino tambi\u00e9n pr\u00e1ctico. Protege el conector USB, evitando que se da\u00f1e cuando no se utiliza.<\/p>\n\n\n\n<p><br>Un simple giro y estar\u00e1 listo para transferir sus archivos, fotos, m\u00fasica o documentos importantes. Durante los \u00faltimos m\u00e1s de diez a\u00f1os, esta memoria USB Classic Mini Swivel ha demostrado su val\u00eda en el mercado. Su dise\u00f1o atemporal, combinado con la versatilidad de su carcasa de aleaci\u00f3n de aluminio oxidable en color, la convierten en una de las favoritas de estudiantes, profesionales y entusiastas digitales por igual.<\/p>\n\n\n\n<p><br>Tanto si necesita almacenar datos para el trabajo, la escuela o uso personal, esta unidad flash USB es la elecci\u00f3n fiable y elegante.<\/p>\n<\/div>\n\n\n\n<div class=\"wp-block-column is-layout-flow wp-block-column-is-layout-flow\">\n<figure class=\"wp-block-image size-full\"><img decoding=\"async\" width=\"800\" height=\"800\" src=\"https:\/\/www.yousanusb.com\/wp-content\/uploads\/2025\/01\/pink-Classic-mini-rotary-USB-flash-drive.jpg\" alt=\"memoria USB mini rotativa rosa-Classic\" class=\"wp-image-13412\" srcset=\"https:\/\/www.yousanusb.com\/wp-content\/uploads\/2025\/01\/pink-Classic-mini-rotary-USB-flash-drive.jpg 800w, https:\/\/www.yousanusb.com\/wp-content\/uploads\/2025\/01\/pink-Classic-mini-rotary-USB-flash-drive-300x300.jpg 300w, https:\/\/www.yousanusb.com\/wp-content\/uploads\/2025\/01\/pink-Classic-mini-rotary-USB-flash-drive-150x150.jpg 150w, https:\/\/www.yousanusb.com\/wp-content\/uploads\/2025\/01\/pink-Classic-mini-rotary-USB-flash-drive-768x768.jpg 768w, https:\/\/www.yousanusb.com\/wp-content\/uploads\/2025\/01\/pink-Classic-mini-rotary-USB-flash-drive-12x12.jpg 12w, https:\/\/www.yousanusb.com\/wp-content\/uploads\/2025\/01\/pink-Classic-mini-rotary-USB-flash-drive-600x600.jpg 600w, https:\/\/www.yousanusb.com\/wp-content\/uploads\/2025\/01\/pink-Classic-mini-rotary-USB-flash-drive-100x100.jpg 100w\" sizes=\"(max-width: 800px) 100vw, 800px\" \/><\/figure>\n<\/div>\n<\/div>\n\n\n\n<p><\/p>","protected":false},"excerpt":{"rendered":"<ul>\n<li>Caja de aleaci\u00f3n de aluminio<\/li>\n<li>Estilo cl\u00e1sico<\/li>\n<li>10 a\u00f1os al estilo popupar<\/li>\n<li>Muchos colores puede elegir<\/li>\n<li>Minicuerpo<\/li>\n<li>Logotipo personalizado<\/li>\n<li>MOQ:100pcs<\/li>\n<\/ul>","protected":false},"featured_media":13413,"comment_status":"open","ping_status":"closed","template":"","meta":{"_seopress_robots_primary_cat":"none","_seopress_titles_title":"Classic Mini Swivel USB Flash Drive: Timeless Design Meets Modern Durability","_seopress_titles_desc":"Introducing our Classic Mini Swivel USB Flash Drive, a product that has remained in vogue for over a decade. This isn't just any USB drive; it's a blend of enduring style and practical functionality","_seopress_robots_index":""},"class_list":["post-13409","product","type-product","status-publish","has-post-thumbnail","hentry","product_cat-usb-flash-drive","product_cat-mini-usb-flash-drive"],"_links":{"self":[{"href":"https:\/\/www.yousanusb.com\/es\/wp-json\/wp\/v2\/product\/13409"}],"collection":[{"href":"https:\/\/www.yousanusb.com\/es\/wp-json\/wp\/v2\/product"}],"about":[{"href":"https:\/\/www.yousanusb.com\/es\/wp-json\/wp\/v2\/types\/product"}],"replies":[{"embeddable":true,"href":"https:\/\/www.yousanusb.com\/es\/wp-json\/wp\/v2\/comments?post=13409"}],"wp:featuredmedia":[{"embeddable":true,"href":"https:\/\/www.yousanusb.com\/es\/wp-json\/wp\/v2\/media\/13413"}],"wp:attachment":[{"href":"https:\/\/www.yousanusb.com\/es\/wp-json\/wp\/v2\/media?parent=13409"}],"curies":[{"name":"wp","href":"https:\/\/api.w.org\/{rel}","templated":true}]}}