{"id":13414,"date":"2025-01-05T05:59:05","date_gmt":"2025-01-05T05:59:05","guid":{"rendered":"https:\/\/yousanusb.com\/?post_type=product&#038;p=13414"},"modified":"2025-10-05T05:35:16","modified_gmt":"2025-10-05T05:35:16","slug":"metal-panda-shaped-usb-flash-drive","status":"publish","type":"product","link":"https:\/\/www.yousanusb.com\/es\/producto\/metal-panda-shaped-usb-flash-drive\/","title":{"rendered":"Panda met\u00e1lico - Memoria USB con forma"},"content":{"rendered":"<p><strong>Memoria USB con forma de panda met\u00e1lico: Una encantadora mezcla de dulzura y durabilidad<\/strong><br \/>\nPresentamos nuestra \u00faltima creaci\u00f3n, la memoria USB con forma de panda met\u00e1lico, una encantadora incorporaci\u00f3n a nuestra colecci\u00f3n de memorias USB que se ha convertido r\u00e1pidamente en uno de los modelos m\u00e1s populares.<br \/>\nFabricada con un exterior de aleaci\u00f3n de zinc, esta unidad USB no s\u00f3lo es bonita, sino que tambi\u00e9n est\u00e1 hecha para durar. La aleaci\u00f3n de zinc ofrece una durabilidad excepcional, garantizando que su querida unidad con forma de panda pueda soportar los golpes y empujones del uso diario. Tanto si se mete en una mochila, se lleva en el bolsillo o se utiliza con frecuencia para transferir datos, la robusta carcasa de aleaci\u00f3n de zinc protege los componentes internos.<br \/>\nLa estrella del espect\u00e1culo es, por supuesto, su adorable forma de panda. Cada detalle del panda ha sido meticulosamente dise\u00f1ado, desde la combinaci\u00f3n de colores blanco y negro que imita al panda de la vida real hasta las simp\u00e1ticas orejas redondeadas y la entra\u00f1able expresi\u00f3n. No es s\u00f3lo un dispositivo de almacenamiento; es una encantadora obra de arte que tambi\u00e9n sirve para iniciar una conversaci\u00f3n.<br \/>\nEsta nueva memoria USB es perfecta para cualquier persona, ya sean aficionados a los pandas, quienes busquen una soluci\u00f3n de almacenamiento \u00fanica y llamativa o los padres que busquen una memoria atractiva para sus hijos. Combina la funcionalidad de una memoria USB de alta calidad con el encanto de un animal muy querido. Con su mezcla de ternura y durabilidad, no es de extra\u00f1ar que nuestra memoria USB de metal con forma de panda haya conquistado los corazones de tantos y se haya convertido en una de las mejores opciones de memoria USB.<\/p>","protected":false},"excerpt":{"rendered":"<ul>\n<li>Caja de aleaci\u00f3n de zinc<\/li>\n<li>Estilo panda<\/li>\n<li>Nuevo estilo de dise\u00f1o<\/li>\n<li>MOQ:100PCS<\/li>\n<li>Logotipo personalizado<\/li>\n<\/ul>","protected":false},"featured_media":13418,"comment_status":"open","ping_status":"closed","template":"","meta":{"_seopress_robots_primary_cat":"","_seopress_titles_title":"Metal Panda - shaped USB Flash Drive: A Charming Blend of Cuteness and Durability","_seopress_titles_desc":"Introducing our latest creation, the Metal Panda - shaped USB Flash Drive, a delightful addition to our USB drive collection that has quickly become one of the most popular models.","_seopress_robots_index":""},"class_list":["post-13414","product","type-product","status-publish","has-post-thumbnail","hentry","product_cat-metal-usb-flash-drive","product_tag-panda-usb-flash-drive","product_tag-buy-metal-leather-usb-flash-drive"],"_links":{"self":[{"href":"https:\/\/www.yousanusb.com\/es\/wp-json\/wp\/v2\/product\/13414"}],"collection":[{"href":"https:\/\/www.yousanusb.com\/es\/wp-json\/wp\/v2\/product"}],"about":[{"href":"https:\/\/www.yousanusb.com\/es\/wp-json\/wp\/v2\/types\/product"}],"replies":[{"embeddable":true,"href":"https:\/\/www.yousanusb.com\/es\/wp-json\/wp\/v2\/comments?post=13414"}],"wp:featuredmedia":[{"embeddable":true,"href":"https:\/\/www.yousanusb.com\/es\/wp-json\/wp\/v2\/media\/13418"}],"wp:attachment":[{"href":"https:\/\/www.yousanusb.com\/es\/wp-json\/wp\/v2\/media?parent=13414"}],"curies":[{"name":"wp","href":"https:\/\/api.w.org\/{rel}","templated":true}]}}