{"id":13573,"date":"2025-02-06T06:41:15","date_gmt":"2025-02-06T06:41:15","guid":{"rendered":"https:\/\/yousanusb.com\/?post_type=product&#038;p=13573"},"modified":"2025-10-06T00:24:57","modified_gmt":"2025-10-06T00:24:57","slug":"new-design-notebook-button-metal-usb-flash-drive","status":"publish","type":"product","link":"https:\/\/www.yousanusb.com\/es\/producto\/new-design-notebook-button-metal-usb-flash-drive\/","title":{"rendered":"Nueva memoria USB de metal con bot\u00f3n para port\u00e1til"},"content":{"rendered":"<p>1. Dise\u00f1o innovador \uff1aNuestra memoria USB de metal con forma de bot\u00f3n de port\u00e1til combina la funcionalidad de un port\u00e1til y una memoria USB de forma innovadora. La unidad USB de metal, dise\u00f1ada con la forma de un bot\u00f3n de port\u00e1til, no s\u00f3lo tiene un aspecto elegante, sino que tambi\u00e9n garantiza su durabilidad. Es una mezcla perfecta de estilo y funcionalidad, tanto para uso personal como profesional.<br \/>\n2. Como f\u00e1brica, estamos especializados en la personalizaci\u00f3n. Puede imprimir el logotipo de su empresa, los colores de su marca o mensajes personalizados tanto en la tapa del port\u00e1til como en la unidad USB. Esto lo convierte en un excelente art\u00edculo promocional o un regalo de empresa \u00fanico, adaptado a sus necesidades espec\u00edficas.<br \/>\n3. Ofrecemos una amplia gama de estilos para el bloc de notas, desde las cl\u00e1sicas p\u00e1ginas rayadas hasta las modernas cuadriculadas o en blanco. La unidad USB viene con varias opciones de capacidad, como 8 GB, 16 GB, 32 GB y 64 GB, lo que le permite elegir en funci\u00f3n de sus necesidades de almacenamiento de datos.<br \/>\n4. Comprar directamente a nuestra f\u00e1brica significa obtener productos de alta calidad a precios competitivos. Agilizamos el proceso, eliminando los costes de los intermediarios. Tanto si necesita un pedido personalizado de un lote peque\u00f1o como una compra al por mayor a gran escala, le garantizamos una producci\u00f3n r\u00e1pida y una entrega puntual.<\/p>","protected":false},"excerpt":{"rendered":"<ul>\n<li>Unidad USB para agenda A5<\/li>\n<li>El oro y la plata pueden elegir<\/li>\n<li>Si necesita un port\u00e1til, p\u00f3ngase en contacto con nosotros<\/li>\n<li>LOGOTIPO personalizado<\/li>\n<\/ul>","protected":false},"featured_media":13576,"comment_status":"open","ping_status":"closed","template":"","meta":{"_seopress_robots_primary_cat":"none","_seopress_titles_title":"New Design Notebook Button Metal USB Flash Drive","_seopress_titles_desc":"Looking for a unique stationery item? Our New Design Notebook Button Metal USB Flash Drive is here! As a factory, we offer custom logo printing and design services. Ideal for wholesale. Multiple colors available. Fast production and factory - direct prices await.","_seopress_robots_index":""},"class_list":["post-13573","product","type-product","status-publish","has-post-thumbnail","hentry","product_cat-usb-flash-drive-with-notebook","product_tag-a5-notebook-with-usb-flash-drive","product_tag-custom-metal-keychain-usb-flash-drive","product_tag-buy-metal-leather-usb-flash-drive"],"_links":{"self":[{"href":"https:\/\/www.yousanusb.com\/es\/wp-json\/wp\/v2\/product\/13573"}],"collection":[{"href":"https:\/\/www.yousanusb.com\/es\/wp-json\/wp\/v2\/product"}],"about":[{"href":"https:\/\/www.yousanusb.com\/es\/wp-json\/wp\/v2\/types\/product"}],"replies":[{"embeddable":true,"href":"https:\/\/www.yousanusb.com\/es\/wp-json\/wp\/v2\/comments?post=13573"}],"wp:featuredmedia":[{"embeddable":true,"href":"https:\/\/www.yousanusb.com\/es\/wp-json\/wp\/v2\/media\/13576"}],"wp:attachment":[{"href":"https:\/\/www.yousanusb.com\/es\/wp-json\/wp\/v2\/media?parent=13573"}],"curies":[{"name":"wp","href":"https:\/\/api.w.org\/{rel}","templated":true}]}}