{"id":1358,"date":"2021-06-09T08:30:31","date_gmt":"2021-06-09T08:30:31","guid":{"rendered":"https:\/\/yousanusb.com\/?post_type=product&#038;p=1358"},"modified":"2025-11-13T12:01:02","modified_gmt":"2025-11-13T12:01:02","slug":"funny-gadget-mini-usb-flash-thumb-drive","status":"publish","type":"product","link":"https:\/\/www.yousanusb.com\/es\/producto\/funny-gadget-mini-usb-flash-thumb-drive\/","title":{"rendered":"Super Mini Metal Peque\u00f1o USB"},"content":{"rendered":"<div class=\"wp-block-columns is-layout-flex wp-container-core-columns-is-layout-1 wp-block-columns-is-layout-flex\">\n<div class=\"wp-block-column is-layout-flow wp-block-column-is-layout-flow\">\n<figure class=\"wp-block-image size-full\"><img fetchpriority=\"high\" decoding=\"async\" width=\"800\" height=\"800\" src=\"https:\/\/www.yousanusb.com\/wp-content\/uploads\/2021\/06\/funny-gadget-mini-usb-flash-thumb-drive-11.jpg\" alt=\"\" class=\"wp-image-1361\" srcset=\"https:\/\/www.yousanusb.com\/wp-content\/uploads\/2021\/06\/funny-gadget-mini-usb-flash-thumb-drive-11.jpg 800w, https:\/\/www.yousanusb.com\/wp-content\/uploads\/2021\/06\/funny-gadget-mini-usb-flash-thumb-drive-11-600x600.jpg 600w, https:\/\/www.yousanusb.com\/wp-content\/uploads\/2021\/06\/funny-gadget-mini-usb-flash-thumb-drive-11-100x100.jpg 100w, https:\/\/www.yousanusb.com\/wp-content\/uploads\/2021\/06\/funny-gadget-mini-usb-flash-thumb-drive-11-300x300.jpg 300w, https:\/\/www.yousanusb.com\/wp-content\/uploads\/2021\/06\/funny-gadget-mini-usb-flash-thumb-drive-11-150x150.jpg 150w, https:\/\/www.yousanusb.com\/wp-content\/uploads\/2021\/06\/funny-gadget-mini-usb-flash-thumb-drive-11-768x768.jpg 768w\" sizes=\"(max-width: 800px) 100vw, 800px\" \/><\/figure>\n<\/div>\n\n\n\n<div class=\"wp-block-column is-vertically-aligned-center is-layout-flow wp-block-column-is-layout-flow\">\n<p>Este producto es una minidisco USB con carcasa met\u00e1lica (aleaci\u00f3n de aluminio, por ejemplo) que combina un tacto de primera calidad con una protecci\u00f3n b\u00e1sica, capaz de resistir el ligero desgaste diario y peque\u00f1os impactos. <\/p>\n\n\n\n<p>Dise\u00f1ada con un enganche para llavero, puede sujetarse c\u00f3modamente a llaveros, colgantes de bolso u otros objetos personales para mejorar su portabilidad.<\/p>\n\n\n\n<p>Disponible en colores dorado, marr\u00f3n y plateado para adaptarse a diversas est\u00e9ticas personales, al tiempo que cumple los requisitos visuales para el uso diario y los escenarios de distribuci\u00f3n de regalos.<\/p>\n\n\n\n<p><\/p>\n<\/div>\n<\/div>\n\n\n\n<div class=\"wp-block-columns is-layout-flex wp-container-core-columns-is-layout-2 wp-block-columns-is-layout-flex\">\n<div class=\"wp-block-column is-vertically-aligned-center is-layout-flow wp-block-column-is-layout-flow\">\n<p>M\u00e1s de 10 a\u00f1os Temperatura de trabajo: 0\u00b0C a 60\u00b0C con impermeable, tambi\u00e9n junto con IOS , Windows 7, windows 8, windows 10, XP, Vista, Linux etc.<\/p>\n\n\n\n<p>El producto presenta un dise\u00f1o compacto y miniaturizado que ocupa un espacio m\u00ednimo. Se puede llevar c\u00f3modamente en bolsillos, carteras u otros soportes personales, por lo que es ideal para los desplazamientos, el trabajo de oficina m\u00f3vil y otros escenarios sobre la marcha. No se necesitan herramientas de almacenamiento adicionales para su portabilidad, lo que garantiza que siempre est\u00e9 accesible cuando se necesite.<\/p>\n\n\n\n<p>Equipado con una interfaz USB est\u00e1ndar, es compatible con las principales especificaciones como USB 2.0\/USB 3.0 y es compatible con dispositivos de versiones anteriores, lo que permite su uso inmediato sin necesidad de sustituir el terminal. La funcionalidad Plug and Play elimina la necesidad de instalar controladores adicionales, lo que garantiza la compatibilidad con los principales sistemas operativos, incluidos Windows y Mac OS. <\/p>\n\n\n\n<p>Al ofrecer capacidades de almacenamiento est\u00e1ndar, almacena de forma fiable documentos, im\u00e1genes, v\u00eddeos y otros datos. Su rendimiento de lectura\/escritura cumple los est\u00e1ndares de las memorias USB de consumo, por lo que es adecuada para tareas de oficina personales, almacenamiento de material acad\u00e9mico y transferencias r\u00e1pidas de archivos peque\u00f1os.<\/p>\n<\/div>\n\n\n\n<div class=\"wp-block-column is-layout-flow wp-block-column-is-layout-flow\">\n<figure class=\"wp-block-image size-full\"><img decoding=\"async\" width=\"800\" height=\"711\" src=\"https:\/\/www.yousanusb.com\/wp-content\/uploads\/2021\/06\/funny-gadget-mini-usb-flash-thumb-drive-1.jpg\" alt=\"\" class=\"wp-image-1363\" srcset=\"https:\/\/www.yousanusb.com\/wp-content\/uploads\/2021\/06\/funny-gadget-mini-usb-flash-thumb-drive-1.jpg 800w, https:\/\/www.yousanusb.com\/wp-content\/uploads\/2021\/06\/funny-gadget-mini-usb-flash-thumb-drive-1-600x533.jpg 600w, https:\/\/www.yousanusb.com\/wp-content\/uploads\/2021\/06\/funny-gadget-mini-usb-flash-thumb-drive-1-300x267.jpg 300w, https:\/\/www.yousanusb.com\/wp-content\/uploads\/2021\/06\/funny-gadget-mini-usb-flash-thumb-drive-1-768x683.jpg 768w\" sizes=\"(max-width: 800px) 100vw, 800px\" \/><\/figure>\n<\/div>\n<\/div>\n\n\n\n<div class=\"wp-block-columns is-layout-flex wp-container-core-columns-is-layout-3 wp-block-columns-is-layout-flex\">\n<div class=\"wp-block-column is-layout-flow wp-block-column-is-layout-flow\">\n<figure class=\"wp-block-image size-full\"><img decoding=\"async\" width=\"800\" height=\"994\" src=\"https:\/\/www.yousanusb.com\/wp-content\/uploads\/2021\/06\/funny-gadget-mini-usb-flash-thumb-drive-3.jpg\" alt=\"\" class=\"wp-image-1365\" srcset=\"https:\/\/www.yousanusb.com\/wp-content\/uploads\/2021\/06\/funny-gadget-mini-usb-flash-thumb-drive-3.jpg 800w, https:\/\/www.yousanusb.com\/wp-content\/uploads\/2021\/06\/funny-gadget-mini-usb-flash-thumb-drive-3-600x746.jpg 600w, https:\/\/www.yousanusb.com\/wp-content\/uploads\/2021\/06\/funny-gadget-mini-usb-flash-thumb-drive-3-241x300.jpg 241w, https:\/\/www.yousanusb.com\/wp-content\/uploads\/2021\/06\/funny-gadget-mini-usb-flash-thumb-drive-3-768x954.jpg 768w\" sizes=\"(max-width: 800px) 100vw, 800px\" \/><\/figure>\n<\/div>\n\n\n\n<div class=\"wp-block-column is-layout-flow wp-block-column-is-layout-flow\">\n<figure class=\"wp-block-image size-full\"><img loading=\"lazy\" decoding=\"async\" width=\"800\" height=\"800\" src=\"https:\/\/www.yousanusb.com\/wp-content\/uploads\/2021\/06\/funny-gadget-mini-usb-flash-thumb-drive-12.jpg\" alt=\"\" class=\"wp-image-1362\" srcset=\"https:\/\/www.yousanusb.com\/wp-content\/uploads\/2021\/06\/funny-gadget-mini-usb-flash-thumb-drive-12.jpg 800w, https:\/\/www.yousanusb.com\/wp-content\/uploads\/2021\/06\/funny-gadget-mini-usb-flash-thumb-drive-12-600x600.jpg 600w, https:\/\/www.yousanusb.com\/wp-content\/uploads\/2021\/06\/funny-gadget-mini-usb-flash-thumb-drive-12-100x100.jpg 100w, https:\/\/www.yousanusb.com\/wp-content\/uploads\/2021\/06\/funny-gadget-mini-usb-flash-thumb-drive-12-300x300.jpg 300w, https:\/\/www.yousanusb.com\/wp-content\/uploads\/2021\/06\/funny-gadget-mini-usb-flash-thumb-drive-12-150x150.jpg 150w, https:\/\/www.yousanusb.com\/wp-content\/uploads\/2021\/06\/funny-gadget-mini-usb-flash-thumb-drive-12-768x768.jpg 768w\" sizes=\"(max-width: 800px) 100vw, 800px\" \/><\/figure>\n<\/div>\n<\/div>","protected":false},"excerpt":{"rendered":"<ul>\n<li>Dise\u00f1o Super Mini<\/li>\n<li>Material met\u00e1lico<\/li>\n<li>Impermeable y duradero<\/li>\n<li>Mayor velocidad y alta calidad<\/li>\n<li>Fiabilidad y seguridad<\/li>\n<li>Ideal para todos los usos<\/li>\n<\/ul>","protected":false},"featured_media":9221,"comment_status":"open","ping_status":"closed","template":"","meta":{"_seopress_robots_primary_cat":"none","_seopress_titles_title":"Funny Gadget Mini Usb Flash Thumb Drive","_seopress_titles_desc":"Mini Metal Usb Flash Drive 16GB 32GB Pendrive Waterproof Disk On Key\/ Gift Usb Flash Drive Metal Pendrive for car.","_seopress_robots_index":""},"class_list":["post-1358","product","type-product","status-publish","has-post-thumbnail","hentry","product_cat-metal-usb-flash-drive","product_cat-mini-usb-flash-drive","product_tag-rose-gold-usb-flash-drive","product_tag-custom-metal-keychain-usb-flash-drive","product_tag-buy-metal-leather-usb-flash-drive"],"_links":{"self":[{"href":"https:\/\/www.yousanusb.com\/es\/wp-json\/wp\/v2\/product\/1358"}],"collection":[{"href":"https:\/\/www.yousanusb.com\/es\/wp-json\/wp\/v2\/product"}],"about":[{"href":"https:\/\/www.yousanusb.com\/es\/wp-json\/wp\/v2\/types\/product"}],"replies":[{"embeddable":true,"href":"https:\/\/www.yousanusb.com\/es\/wp-json\/wp\/v2\/comments?post=1358"}],"wp:featuredmedia":[{"embeddable":true,"href":"https:\/\/www.yousanusb.com\/es\/wp-json\/wp\/v2\/media\/9221"}],"wp:attachment":[{"href":"https:\/\/www.yousanusb.com\/es\/wp-json\/wp\/v2\/media?parent=1358"}],"curies":[{"name":"wp","href":"https:\/\/api.w.org\/{rel}","templated":true}]}}