{"id":13717,"date":"2025-02-10T00:56:47","date_gmt":"2025-02-10T00:56:47","guid":{"rendered":"https:\/\/yousanusb.com\/?post_type=product&#038;p=13717"},"modified":"2025-02-10T01:03:07","modified_gmt":"2025-02-10T01:03:07","slug":"unbelievable-all-in-one-notebook-usb-flash-drivepen","status":"publish","type":"product","link":"https:\/\/www.yousanusb.com\/es\/producto\/unbelievable-all-in-one-notebook-usb-flash-drivepen\/","title":{"rendered":"Incre\u00edble port\u00e1til todo en uno: Memoria USB+bol\u00edgrafo"},"content":{"rendered":"<p>Incre\u00edble Set de Libreta Todo en Uno: Memoria USB + Cuaderno + Bol\u00edgrafo - Su centro de productividad 3 en 1<\/p>\n<p>Aumente su eficiencia con este revolucionario paquete 3 en 1 que combina un port\u00e1til de primera calidad, una unidad flash USB 3.0 de 16 GB y un elegante bol\u00edgrafo de acero inoxidable, todo en un dise\u00f1o compacto. Perfecto para profesionales, estudiantes y creadores en movimiento, este conjunto le garantiza que siempre estar\u00e1 preparado.<\/p>\n<p><img fetchpriority=\"high\" decoding=\"async\" class=\"size-full wp-image-13714 aligncenter\" src=\"https:\/\/yousanusb.com\/wp-content\/uploads\/2025\/02\/USB-memory-disk-notebook.png\" alt=\"\" width=\"600\" height=\"600\" srcset=\"https:\/\/www.yousanusb.com\/wp-content\/uploads\/2025\/02\/USB-memory-disk-notebook.png 600w, https:\/\/www.yousanusb.com\/wp-content\/uploads\/2025\/02\/USB-memory-disk-notebook-300x300.png 300w, https:\/\/www.yousanusb.com\/wp-content\/uploads\/2025\/02\/USB-memory-disk-notebook-150x150.png 150w, https:\/\/www.yousanusb.com\/wp-content\/uploads\/2025\/02\/USB-memory-disk-notebook-12x12.png 12w, https:\/\/www.yousanusb.com\/wp-content\/uploads\/2025\/02\/USB-memory-disk-notebook-100x100.png 100w\" sizes=\"(max-width: 600px) 100vw, 600px\" \/><\/p>\n<p>Caracter\u00edsticas principales:<\/p>\n<p>Dise\u00f1o inteligente 3 en 1<br \/>\nUn cuaderno, una unidad USB y un bol\u00edgrafo perfectamente integrados en un kit de herramientas port\u00e1til: \u00a1ya no tendr\u00e1 que buscar herramientas dispersas!<\/p>\n<p>Unidad USB 3.0 oculta de 16 GB<br \/>\nDiscretamente incrustado en el lomo del port\u00e1til, este USB de alta velocidad ofrece almacenamiento seguro (protegido con contrase\u00f1a) para archivos, notas o copias de seguridad.<\/p>\n<p>Experiencia en redacci\u00f3n Premium<br \/>\nEscriba sin esfuerzo con el bol\u00edgrafo ergon\u00f3mico y disfrute de una tinta que no mancha, mientras que las m\u00e1s de 120 p\u00e1ginas punteadas (papel grueso resistente a las sangr\u00edas) se adaptan a notas, bocetos o bullet journaling.<\/p>\n<p>Duradera y lista para viajar<br \/>\nDise\u00f1ado para durar con una tapa dura resistente, cierre el\u00e1stico, portabol\u00edgrafos y tama\u00f1o compacto, ideal para mochilas, maletines o sesiones de cafeter\u00eda.<\/p>\n<p>\u00bfPor qu\u00e9 elegir este paquete?<br \/>\n\u2714\ufe0f Ahorre tiempo y espacio: Elimine el desorden con una soluci\u00f3n todo en uno.<br \/>\n\u2714\ufe0f Aumente la seguridad: Protege los datos confidenciales con almacenamiento USB cifrado.<br \/>\n\u2714\ufe0f Versatilidad con estilo: La est\u00e9tica elegante se adapta a oficinas, aulas o espacios de trabajo creativos.<\/p>\n<p><img decoding=\"async\" class=\"size-full wp-image-13712 aligncenter\" src=\"https:\/\/yousanusb.com\/wp-content\/uploads\/2025\/02\/portable-storage-notebook.png\" alt=\"\" width=\"600\" height=\"600\" srcset=\"https:\/\/www.yousanusb.com\/wp-content\/uploads\/2025\/02\/portable-storage-notebook.png 600w, https:\/\/www.yousanusb.com\/wp-content\/uploads\/2025\/02\/portable-storage-notebook-300x300.png 300w, https:\/\/www.yousanusb.com\/wp-content\/uploads\/2025\/02\/portable-storage-notebook-150x150.png 150w, https:\/\/www.yousanusb.com\/wp-content\/uploads\/2025\/02\/portable-storage-notebook-12x12.png 12w, https:\/\/www.yousanusb.com\/wp-content\/uploads\/2025\/02\/portable-storage-notebook-100x100.png 100w\" sizes=\"(max-width: 600px) 100vw, 600px\" \/><\/p>\n<p>Palabras clave: USB flash drive notebook pen set, cuaderno 3 en 1 todo en uno, paquete de oficina listo para viajar, cuaderno de almacenamiento seguro, kit de herramientas de escritura premium.<\/p>\n<p><img decoding=\"async\" class=\"size-full wp-image-13707 aligncenter\" src=\"https:\/\/yousanusb.com\/wp-content\/uploads\/2025\/02\/digital-note-taking-smart-notebook.png\" alt=\"\" width=\"600\" height=\"664\" srcset=\"https:\/\/www.yousanusb.com\/wp-content\/uploads\/2025\/02\/digital-note-taking-smart-notebook.png 600w, https:\/\/www.yousanusb.com\/wp-content\/uploads\/2025\/02\/digital-note-taking-smart-notebook-271x300.png 271w, https:\/\/www.yousanusb.com\/wp-content\/uploads\/2025\/02\/digital-note-taking-smart-notebook-11x12.png 11w\" sizes=\"(max-width: 600px) 100vw, 600px\" \/><\/p>","protected":false},"excerpt":{"rendered":"<ul>\n<li>Port\u00e1til todo en uno 3 en 1<\/li>\n<li>Con memoria USB Disco+bol\u00edgrafo<\/li>\n<li>A5 240 p\u00e1ginas<\/li>\n<li>Muchos colores puede elegir<\/li>\n<li>LOGOTIPO personalizado<\/li>\n<\/ul>","protected":false},"featured_media":13724,"comment_status":"open","ping_status":"closed","template":"","meta":{"_seopress_robots_primary_cat":"none","_seopress_titles_title":"Unbelievable All-in-one Notebook: USB Flash Drive+Pen","_seopress_titles_desc":"Elevate your efficiency with this revolutionary 3-in-1 bundle that combines a premium notebook, a 16GB USB 3.0 flash drive, and a sleek stainless-steel pen\u2014all in one compact design!","_seopress_robots_index":""},"class_list":["post-13717","product","type-product","status-publish","has-post-thumbnail","hentry","product_cat-usb-flash-drive-with-notebook","product_tag-notebook-with-usb-flash-drive"],"_links":{"self":[{"href":"https:\/\/www.yousanusb.com\/es\/wp-json\/wp\/v2\/product\/13717"}],"collection":[{"href":"https:\/\/www.yousanusb.com\/es\/wp-json\/wp\/v2\/product"}],"about":[{"href":"https:\/\/www.yousanusb.com\/es\/wp-json\/wp\/v2\/types\/product"}],"replies":[{"embeddable":true,"href":"https:\/\/www.yousanusb.com\/es\/wp-json\/wp\/v2\/comments?post=13717"}],"wp:featuredmedia":[{"embeddable":true,"href":"https:\/\/www.yousanusb.com\/es\/wp-json\/wp\/v2\/media\/13724"}],"wp:attachment":[{"href":"https:\/\/www.yousanusb.com\/es\/wp-json\/wp\/v2\/media?parent=13717"}],"curies":[{"name":"wp","href":"https:\/\/api.w.org\/{rel}","templated":true}]}}