{"id":1396,"date":"2021-06-09T14:34:11","date_gmt":"2021-06-09T14:34:11","guid":{"rendered":"https:\/\/yousanusb.com\/?post_type=product&#038;p=1396"},"modified":"2025-11-10T08:51:26","modified_gmt":"2025-11-10T08:51:26","slug":"wooden-guitar-shape-usb-flash-drive","status":"publish","type":"product","link":"https:\/\/www.yousanusb.com\/es\/producto\/wooden-guitar-shape-usb-flash-drive\/","title":{"rendered":"Memoria USB de madera de arce con forma de guitarra y caja de madera"},"content":{"rendered":"<p>Esta unidad USB de madera maciza para guitarra es el estilo m\u00e1s popular de nuestra serie de USB de madera. Su dise\u00f1o es excepcionalmente creativo, elaborado a partir de varios tipos de madera, como madera maciza, bamb\u00fa, arce, haya y palisandro. Meticulosamente lijada y tratada con procesos ecol\u00f3gicos, conserva la calidez natural de la madera y su sutil fragancia, y cada pieza presenta un veteado \u00fanico.<\/p>\n\n\n\n<div class=\"wp-block-columns is-layout-flex wp-container-core-columns-is-layout-1 wp-block-columns-is-layout-flex\">\n<div class=\"wp-block-column is-layout-flow wp-block-column-is-layout-flow\">\n<figure class=\"wp-block-image size-full\"><img fetchpriority=\"high\" decoding=\"async\" width=\"1000\" height=\"1000\" src=\"https:\/\/www.yousanusb.com\/wp-content\/uploads\/2021\/06\/custom-wooden-usb-flash-drive.jpg\" alt=\"unidad flash usb de madera personalizada\" class=\"wp-image-9256\" srcset=\"https:\/\/www.yousanusb.com\/wp-content\/uploads\/2021\/06\/custom-wooden-usb-flash-drive.jpg 1000w, https:\/\/www.yousanusb.com\/wp-content\/uploads\/2021\/06\/custom-wooden-usb-flash-drive-300x300.jpg 300w, https:\/\/www.yousanusb.com\/wp-content\/uploads\/2021\/06\/custom-wooden-usb-flash-drive-150x150.jpg 150w, https:\/\/www.yousanusb.com\/wp-content\/uploads\/2021\/06\/custom-wooden-usb-flash-drive-768x768.jpg 768w, https:\/\/www.yousanusb.com\/wp-content\/uploads\/2021\/06\/custom-wooden-usb-flash-drive-600x600.jpg 600w, https:\/\/www.yousanusb.com\/wp-content\/uploads\/2021\/06\/custom-wooden-usb-flash-drive-100x100.jpg 100w\" sizes=\"(max-width: 1000px) 100vw, 1000px\" \/><\/figure>\n<\/div>\n\n\n\n<div class=\"wp-block-column is-layout-flow wp-block-column-is-layout-flow\">\n<figure class=\"wp-block-image size-full\"><img decoding=\"async\" width=\"1000\" height=\"1000\" src=\"https:\/\/www.yousanusb.com\/wp-content\/uploads\/2021\/06\/oem-wooden-usb-flash-drive.jpg\" alt=\"unidad flash usb de madera oem\" class=\"wp-image-9260\" srcset=\"https:\/\/www.yousanusb.com\/wp-content\/uploads\/2021\/06\/oem-wooden-usb-flash-drive.jpg 1000w, https:\/\/www.yousanusb.com\/wp-content\/uploads\/2021\/06\/oem-wooden-usb-flash-drive-300x300.jpg 300w, https:\/\/www.yousanusb.com\/wp-content\/uploads\/2021\/06\/oem-wooden-usb-flash-drive-150x150.jpg 150w, https:\/\/www.yousanusb.com\/wp-content\/uploads\/2021\/06\/oem-wooden-usb-flash-drive-768x768.jpg 768w, https:\/\/www.yousanusb.com\/wp-content\/uploads\/2021\/06\/oem-wooden-usb-flash-drive-600x600.jpg 600w, https:\/\/www.yousanusb.com\/wp-content\/uploads\/2021\/06\/oem-wooden-usb-flash-drive-100x100.jpg 100w\" sizes=\"(max-width: 1000px) 100vw, 1000px\" \/><\/figure>\n<\/div>\n<\/div>\n\n\n\n<p>M\u00e1s que un simple dispositivo de almacenamiento, la memoria USB Guitarra de Madera es un regalo creativo que encarna la pasi\u00f3n por la m\u00fasica y la sensibilidad art\u00edstica. Tanto si se regala a un amigo mel\u00f3mano como a un cliente que aprecia el estilo art\u00edstico o como un atento obsequio de empresa, esta unidad USB destaca por su atractivo principal: \"materiales naturales + dise\u00f1o creativo + funcionalidad pr\u00e1ctica\".<\/p>\n\n\n\n<div class=\"wp-block-columns is-layout-flex wp-container-core-columns-is-layout-2 wp-block-columns-is-layout-flex\">\n<div class=\"wp-block-column is-layout-flow wp-block-column-is-layout-flow\">\n<figure class=\"wp-block-image size-full\"><img decoding=\"async\" width=\"1000\" height=\"1000\" src=\"https:\/\/www.yousanusb.com\/wp-content\/uploads\/2021\/06\/engraved-wooden-usb-flash-drive.jpg\" alt=\"unidad flash usb de madera grabada\" class=\"wp-image-9258\" srcset=\"https:\/\/www.yousanusb.com\/wp-content\/uploads\/2021\/06\/engraved-wooden-usb-flash-drive.jpg 1000w, https:\/\/www.yousanusb.com\/wp-content\/uploads\/2021\/06\/engraved-wooden-usb-flash-drive-300x300.jpg 300w, https:\/\/www.yousanusb.com\/wp-content\/uploads\/2021\/06\/engraved-wooden-usb-flash-drive-150x150.jpg 150w, https:\/\/www.yousanusb.com\/wp-content\/uploads\/2021\/06\/engraved-wooden-usb-flash-drive-768x768.jpg 768w, https:\/\/www.yousanusb.com\/wp-content\/uploads\/2021\/06\/engraved-wooden-usb-flash-drive-600x600.jpg 600w, https:\/\/www.yousanusb.com\/wp-content\/uploads\/2021\/06\/engraved-wooden-usb-flash-drive-100x100.jpg 100w\" sizes=\"(max-width: 1000px) 100vw, 1000px\" \/><\/figure>\n<\/div>\n\n\n\n<div class=\"wp-block-column is-layout-flow wp-block-column-is-layout-flow\">\n<figure class=\"wp-block-image size-full\"><img loading=\"lazy\" decoding=\"async\" width=\"800\" height=\"800\" src=\"https:\/\/www.yousanusb.com\/wp-content\/uploads\/2021\/06\/guitar-shape-wood-usb-flash-drive.png\" alt=\"unidad flash usb de madera con forma de guitarra\" class=\"wp-image-9259\" srcset=\"https:\/\/www.yousanusb.com\/wp-content\/uploads\/2021\/06\/guitar-shape-wood-usb-flash-drive.png 800w, https:\/\/www.yousanusb.com\/wp-content\/uploads\/2021\/06\/guitar-shape-wood-usb-flash-drive-300x300.png 300w, https:\/\/www.yousanusb.com\/wp-content\/uploads\/2021\/06\/guitar-shape-wood-usb-flash-drive-150x150.png 150w, https:\/\/www.yousanusb.com\/wp-content\/uploads\/2021\/06\/guitar-shape-wood-usb-flash-drive-768x768.png 768w, https:\/\/www.yousanusb.com\/wp-content\/uploads\/2021\/06\/guitar-shape-wood-usb-flash-drive-600x600.png 600w, https:\/\/www.yousanusb.com\/wp-content\/uploads\/2021\/06\/guitar-shape-wood-usb-flash-drive-100x100.png 100w\" sizes=\"(max-width: 800px) 100vw, 800px\" \/><\/figure>\n<\/div>\n<\/div>","protected":false},"excerpt":{"rendered":"<ul>\n<li>Dise\u00f1o en forma de guitarra<\/li>\n<li>Material de madera<\/li>\n<li>Adecuado para regalo<\/li>\n<li>Mayor velocidad y alta calidad<\/li>\n<li>Fiabilidad y seguridad<\/li>\n<li>Ideal para todos los usos<\/li>\n<\/ul>","protected":false},"featured_media":9262,"comment_status":"open","ping_status":"closed","template":"","meta":{"_seopress_robots_primary_cat":"none","_seopress_titles_title":"Wooden Guitar Shape USB Flash Drive","_seopress_titles_desc":"Usb Flash Drive With Laser Engraved Logo For Guitar\uff0cguitar USB 2.0 External Storage thumb drive 4GB 8GB 16GB 32GB 64GB","_seopress_robots_index":""},"class_list":["post-1396","product","type-product","status-publish","has-post-thumbnail","hentry","product_cat-wooden-usb-flash-drive","product_tag-wood-usb-flash-drive-guitar-shape"],"_links":{"self":[{"href":"https:\/\/www.yousanusb.com\/es\/wp-json\/wp\/v2\/product\/1396"}],"collection":[{"href":"https:\/\/www.yousanusb.com\/es\/wp-json\/wp\/v2\/product"}],"about":[{"href":"https:\/\/www.yousanusb.com\/es\/wp-json\/wp\/v2\/types\/product"}],"replies":[{"embeddable":true,"href":"https:\/\/www.yousanusb.com\/es\/wp-json\/wp\/v2\/comments?post=1396"}],"wp:featuredmedia":[{"embeddable":true,"href":"https:\/\/www.yousanusb.com\/es\/wp-json\/wp\/v2\/media\/9262"}],"wp:attachment":[{"href":"https:\/\/www.yousanusb.com\/es\/wp-json\/wp\/v2\/media?parent=1396"}],"curies":[{"name":"wp","href":"https:\/\/api.w.org\/{rel}","templated":true}]}}