{"id":1419,"date":"2021-06-09T14:53:12","date_gmt":"2021-06-09T14:53:12","guid":{"rendered":"https:\/\/yousanusb.com\/?post_type=product&#038;p=1419"},"modified":"2025-11-10T08:58:10","modified_gmt":"2025-11-10T08:58:10","slug":"wood-customized-swivel-usb-flash-drive","status":"publish","type":"product","link":"https:\/\/www.yousanusb.com\/es\/producto\/wood-customized-swivel-usb-flash-drive\/","title":{"rendered":"Memorias USB de madera con dise\u00f1o giratorio"},"content":{"rendered":"<p>La unidad USB de madera giratoria de 360 grados presenta un dise\u00f1o giratorio cl\u00e1sico. Su construcci\u00f3n sin tapa permite una rotaci\u00f3n completa de 360 grados. Basta con girar el cuerpo de madera maciza para extender suavemente el puerto USB oculto, sin preocuparse de perder la tapa. Despu\u00e9s de transferir los archivos, g\u00edrela hacia atr\u00e1s para retraer el puerto en el cuerpo, ofreciendo protecci\u00f3n contra el polvo y la prevenci\u00f3n de da\u00f1os para mayor tranquilidad.<\/p>\n\n\n\n<div class=\"wp-block-columns is-layout-flex wp-container-core-columns-is-layout-1 wp-block-columns-is-layout-flex\">\n<div class=\"wp-block-column is-layout-flow wp-block-column-is-layout-flow\">\n<figure class=\"wp-block-image size-full\"><img fetchpriority=\"high\" decoding=\"async\" width=\"1000\" height=\"1000\" src=\"https:\/\/www.yousanusb.com\/wp-content\/uploads\/2021\/06\/low-price-Swivel-shape-wooden-usb-flash-drive.jpg\" alt=\"precio bajo Unidad flash usb de madera con forma giratoria\" class=\"wp-image-9358\" srcset=\"https:\/\/www.yousanusb.com\/wp-content\/uploads\/2021\/06\/low-price-Swivel-shape-wooden-usb-flash-drive.jpg 1000w, https:\/\/www.yousanusb.com\/wp-content\/uploads\/2021\/06\/low-price-Swivel-shape-wooden-usb-flash-drive-300x300.jpg 300w, https:\/\/www.yousanusb.com\/wp-content\/uploads\/2021\/06\/low-price-Swivel-shape-wooden-usb-flash-drive-150x150.jpg 150w, https:\/\/www.yousanusb.com\/wp-content\/uploads\/2021\/06\/low-price-Swivel-shape-wooden-usb-flash-drive-768x768.jpg 768w, https:\/\/www.yousanusb.com\/wp-content\/uploads\/2021\/06\/low-price-Swivel-shape-wooden-usb-flash-drive-600x600.jpg 600w, https:\/\/www.yousanusb.com\/wp-content\/uploads\/2021\/06\/low-price-Swivel-shape-wooden-usb-flash-drive-100x100.jpg 100w\" sizes=\"(max-width: 1000px) 100vw, 1000px\" \/><\/figure>\n<\/div>\n\n\n\n<div class=\"wp-block-column is-vertically-aligned-center is-layout-flow wp-block-column-is-layout-flow\">\n<p>Al sostener esta unidad USB giratoria de madera, notar\u00e1 el sutil aroma a madera natural. Cada pieza presenta patrones de veteado \u00fanicos -anillos de crecimiento claros y oscuros entrelazados y texturas formadas de forma natural- que hacen de cada unidad una \"edici\u00f3n exclusiva\" irremplazable. <\/p>\n\n\n\n<p>Un revestimiento de cera ecol\u00f3gica no s\u00f3lo resiste las manchas y los ara\u00f1azos, sino que tambi\u00e9n mantiene el color y la textura naturales de la madera con el paso del tiempo, desarrollando una p\u00e1tina c\u00e1lida y lustrosa con el uso prolongado.<\/p>\n<\/div>\n<\/div>\n\n\n\n<p><\/p>\n\n\n\n<p>Disponible con interfaces USB 2.0 o USB 3.0, cuenta con un chip de transferencia de alta velocidad compatible con Windows, Mac, Linux, etc. Plug and play en ordenadores, tabletas, televisores inteligentes y otros dispositivos para transferir r\u00e1pidamente documentos de oficina, fotos de alta definici\u00f3n, materiales de estudio, v\u00eddeos de ocio y mucho m\u00e1s, satisfaciendo todas sus necesidades diarias de almacenamiento.<\/p>\n\n\n\n<div class=\"wp-block-columns is-layout-flex wp-container-core-columns-is-layout-2 wp-block-columns-is-layout-flex\">\n<div class=\"wp-block-column is-layout-flow wp-block-column-is-layout-flow\">\n<figure class=\"wp-block-image size-full\"><img decoding=\"async\" width=\"1000\" height=\"1000\" src=\"https:\/\/www.yousanusb.com\/wp-content\/uploads\/2021\/06\/Swivel-wooden-usb-flash-drive-supplier.jpg\" alt=\"Unidad flash USB de madera giratoria\" class=\"wp-image-9360\" srcset=\"https:\/\/www.yousanusb.com\/wp-content\/uploads\/2021\/06\/Swivel-wooden-usb-flash-drive-supplier.jpg 1000w, https:\/\/www.yousanusb.com\/wp-content\/uploads\/2021\/06\/Swivel-wooden-usb-flash-drive-supplier-300x300.jpg 300w, https:\/\/www.yousanusb.com\/wp-content\/uploads\/2021\/06\/Swivel-wooden-usb-flash-drive-supplier-150x150.jpg 150w, https:\/\/www.yousanusb.com\/wp-content\/uploads\/2021\/06\/Swivel-wooden-usb-flash-drive-supplier-768x768.jpg 768w, https:\/\/www.yousanusb.com\/wp-content\/uploads\/2021\/06\/Swivel-wooden-usb-flash-drive-supplier-600x600.jpg 600w, https:\/\/www.yousanusb.com\/wp-content\/uploads\/2021\/06\/Swivel-wooden-usb-flash-drive-supplier-100x100.jpg 100w\" sizes=\"(max-width: 1000px) 100vw, 1000px\" \/><\/figure>\n<\/div>\n\n\n\n<div class=\"wp-block-column is-layout-flow wp-block-column-is-layout-flow\">\n<figure class=\"wp-block-image size-full\"><img decoding=\"async\" width=\"1000\" height=\"1000\" src=\"https:\/\/www.yousanusb.com\/wp-content\/uploads\/2021\/06\/low-price-engraved-wooden-usb-flash-drive.jpg\" alt=\"unidad flash usb de madera grabada a bajo precio\" class=\"wp-image-9355\" srcset=\"https:\/\/www.yousanusb.com\/wp-content\/uploads\/2021\/06\/low-price-engraved-wooden-usb-flash-drive.jpg 1000w, https:\/\/www.yousanusb.com\/wp-content\/uploads\/2021\/06\/low-price-engraved-wooden-usb-flash-drive-300x300.jpg 300w, https:\/\/www.yousanusb.com\/wp-content\/uploads\/2021\/06\/low-price-engraved-wooden-usb-flash-drive-150x150.jpg 150w, https:\/\/www.yousanusb.com\/wp-content\/uploads\/2021\/06\/low-price-engraved-wooden-usb-flash-drive-768x768.jpg 768w, https:\/\/www.yousanusb.com\/wp-content\/uploads\/2021\/06\/low-price-engraved-wooden-usb-flash-drive-600x600.jpg 600w, https:\/\/www.yousanusb.com\/wp-content\/uploads\/2021\/06\/low-price-engraved-wooden-usb-flash-drive-100x100.jpg 100w\" sizes=\"(max-width: 1000px) 100vw, 1000px\" \/><\/figure>\n<\/div>\n<\/div>","protected":false},"excerpt":{"rendered":"<ul>\n<li>Dise\u00f1o giratorio<\/li>\n<li>Material de madera<\/li>\n<li>Adecuado para regalo<\/li>\n<li>Mayor velocidad y alta calidad<\/li>\n<li>Fiabilidad y seguridad<\/li>\n<li>Ideal para todos los usos<\/li>\n<\/ul>","protected":false},"featured_media":9359,"comment_status":"open","ping_status":"closed","template":"","meta":{"_seopress_robots_primary_cat":"none","_seopress_titles_title":"Wood Customized Swivel Usb Flash Drive","_seopress_titles_desc":"Eco Wholesale Wood Customized Swivel Usb Flash Drive 1Gb 4Gb 16Gb Engraving Custom Logo 128Gb 256Gb Wooden Usb Stick Pendrive","_seopress_robots_index":""},"class_list":["post-1419","product","type-product","status-publish","has-post-thumbnail","hentry","product_cat-wooden-usb-flash-drive","product_tag-swivel-shape-wooden-usb-flash-drive-manufacturer","product_tag-twist-usb-flash-drive"],"_links":{"self":[{"href":"https:\/\/www.yousanusb.com\/es\/wp-json\/wp\/v2\/product\/1419"}],"collection":[{"href":"https:\/\/www.yousanusb.com\/es\/wp-json\/wp\/v2\/product"}],"about":[{"href":"https:\/\/www.yousanusb.com\/es\/wp-json\/wp\/v2\/types\/product"}],"replies":[{"embeddable":true,"href":"https:\/\/www.yousanusb.com\/es\/wp-json\/wp\/v2\/comments?post=1419"}],"wp:featuredmedia":[{"embeddable":true,"href":"https:\/\/www.yousanusb.com\/es\/wp-json\/wp\/v2\/media\/9359"}],"wp:attachment":[{"href":"https:\/\/www.yousanusb.com\/es\/wp-json\/wp\/v2\/media?parent=1419"}],"curies":[{"name":"wp","href":"https:\/\/api.w.org\/{rel}","templated":true}]}}