{"id":1432,"date":"2021-06-09T14:57:27","date_gmt":"2021-06-09T14:57:27","guid":{"rendered":"https:\/\/yousanusb.com\/?post_type=product&#038;p=1432"},"modified":"2025-10-10T01:45:37","modified_gmt":"2025-10-10T01:45:37","slug":"creative-leather-usb-flash-drive","status":"publish","type":"product","link":"https:\/\/www.yousanusb.com\/es\/producto\/creative-leather-usb-flash-drive\/","title":{"rendered":"Memoria USB de cuero creativa"},"content":{"rendered":"<div class=\"wp-block-columns is-layout-flex wp-container-core-columns-is-layout-1 wp-block-columns-is-layout-flex\">\n<div class=\"wp-block-column is-vertically-aligned-center is-layout-flow wp-block-column-is-layout-flow\">\n<p>La unidad USB Magnetic Flip-Cover Leather presenta un dise\u00f1o centrado en su \"mecanismo de tapa abatible magn\u00e9tica\". Fabricada mediante un proceso integrado de moldeado de aleaci\u00f3n de aluminio y magnesio, se somete a un proceso de chorro de arena y galvanoplastia para conseguir una superficie resistente a los ara\u00f1azos.<\/p>\n\n\n\n<p>Funda de cuero:<br>Detalles artesanales: Los bordes con doble costura mejoran la integridad estructural, eliminan los riesgos de hilos sueltos y elevan el refinamiento visual.<br>Edici\u00f3n b\u00e1sica: Piel de PU de alta densidad de primera calidad (flexible, resistente al desgaste, a prueba de salpicaduras, rentable para pedidos al por mayor);<br>Edici\u00f3n Premium: Piel de vacuno plena flor personalizada (grano natural, textura agradable a la piel, ideal para entornos empresariales de alta gama).<\/p>\n<\/div>\n\n\n\n<div class=\"wp-block-column is-vertically-aligned-center is-layout-flow wp-block-column-is-layout-flow\">\n<figure class=\"wp-block-image size-full\"><img fetchpriority=\"high\" decoding=\"async\" width=\"600\" height=\"600\" src=\"https:\/\/www.yousanusb.com\/wp-content\/uploads\/2021\/06\/creative-leather-usb-flash-drive-1.jpg\" alt=\"\" class=\"wp-image-1435\" srcset=\"https:\/\/www.yousanusb.com\/wp-content\/uploads\/2021\/06\/creative-leather-usb-flash-drive-1.jpg 600w, https:\/\/www.yousanusb.com\/wp-content\/uploads\/2021\/06\/creative-leather-usb-flash-drive-1-100x100.jpg 100w, https:\/\/www.yousanusb.com\/wp-content\/uploads\/2021\/06\/creative-leather-usb-flash-drive-1-300x300.jpg 300w, https:\/\/www.yousanusb.com\/wp-content\/uploads\/2021\/06\/creative-leather-usb-flash-drive-1-150x150.jpg 150w\" sizes=\"(max-width: 600px) 100vw, 600px\" \/><\/figure>\n<\/div>\n<\/div>\n\n\n\n<div class=\"wp-block-columns is-layout-flex wp-container-core-columns-is-layout-2 wp-block-columns-is-layout-flex\">\n<div class=\"wp-block-column is-vertically-aligned-center is-layout-flow wp-block-column-is-layout-flow\">\n<figure class=\"wp-block-image size-full\"><img decoding=\"async\" width=\"750\" height=\"750\" src=\"https:\/\/www.yousanusb.com\/wp-content\/uploads\/2021\/06\/creative-leather-usb-flash-drive-3.jpg\" alt=\"\" class=\"wp-image-1436\" srcset=\"https:\/\/www.yousanusb.com\/wp-content\/uploads\/2021\/06\/creative-leather-usb-flash-drive-3.jpg 750w, https:\/\/www.yousanusb.com\/wp-content\/uploads\/2021\/06\/creative-leather-usb-flash-drive-3-600x600.jpg 600w, https:\/\/www.yousanusb.com\/wp-content\/uploads\/2021\/06\/creative-leather-usb-flash-drive-3-100x100.jpg 100w, https:\/\/www.yousanusb.com\/wp-content\/uploads\/2021\/06\/creative-leather-usb-flash-drive-3-300x300.jpg 300w, https:\/\/www.yousanusb.com\/wp-content\/uploads\/2021\/06\/creative-leather-usb-flash-drive-3-150x150.jpg 150w\" sizes=\"(max-width: 750px) 100vw, 750px\" \/><\/figure>\n<\/div>\n\n\n\n<div class=\"wp-block-column is-vertically-aligned-center is-layout-flow wp-block-column-is-layout-flow\">\n<ul class=\"wp-block-list\">\n<li>Sistema de cierre magn\u00e9tico: La solapa de piel aut\u00e9ntica incorpora imanes incrustados que se alinean con precisi\u00f3n con el cuerpo met\u00e1lico, garantizando un cierre seguro y una apertura\/cierre suave sin aflojamientos ni desmagnetizaciones.<\/li>\n\n\n\n<li>Experiencia sin tapa: El puerto USB est\u00e1 oculto en la solapa de piel. Basta con abrir la tapa para insertar directamente los dispositivos, eliminando la molestia de las tapas perdidas. Cuando est\u00e1 cerrado, el puerto queda totalmente protegido contra el polvo y los ara\u00f1azos.<\/li>\n\n\n\n<li>Dise\u00f1o vers\u00e1til: El exterior de cuero cosido combinado con un acabado met\u00e1lico representa el estilo cl\u00e1sico m\u00e1s aceptado en el mercado entre las unidades USB cubiertas de cuero.<\/li>\n<\/ul>\n<\/div>\n<\/div>\n\n\n\n<h2 class=\"wp-block-heading\"><strong>Servicios personalizables<\/strong><\/h2>\n\n\n\n<div class=\"wp-block-columns is-layout-flex wp-container-core-columns-is-layout-3 wp-block-columns-is-layout-flex\">\n<div class=\"wp-block-column is-layout-flow wp-block-column-is-layout-flow\"><div class=\"wp-block-image\">\n<figure class=\"aligncenter size-full\"><img decoding=\"async\" width=\"600\" height=\"600\" src=\"https:\/\/www.yousanusb.com\/wp-content\/uploads\/2021\/06\/leather-usb-falsh-drive.png\" alt=\"\" class=\"wp-image-20131\" srcset=\"https:\/\/www.yousanusb.com\/wp-content\/uploads\/2021\/06\/leather-usb-falsh-drive.png 600w, https:\/\/www.yousanusb.com\/wp-content\/uploads\/2021\/06\/leather-usb-falsh-drive-300x300.png 300w, https:\/\/www.yousanusb.com\/wp-content\/uploads\/2021\/06\/leather-usb-falsh-drive-150x150.png 150w, https:\/\/www.yousanusb.com\/wp-content\/uploads\/2021\/06\/leather-usb-falsh-drive-12x12.png 12w, https:\/\/www.yousanusb.com\/wp-content\/uploads\/2021\/06\/leather-usb-falsh-drive-100x100.png 100w\" sizes=\"(max-width: 600px) 100vw, 600px\" \/><figcaption class=\"wp-element-caption\">Personalizaci\u00f3n del logotipo en la superficie de cuero<\/figcaption><\/figure><\/div><\/div>\n\n\n\n<div class=\"wp-block-column is-layout-flow wp-block-column-is-layout-flow\"><div class=\"wp-block-image\">\n<figure class=\"aligncenter size-full\"><img decoding=\"async\" width=\"750\" height=\"750\" src=\"https:\/\/www.yousanusb.com\/wp-content\/uploads\/2021\/06\/creative-leather-usb-flash-drive-3.jpg\" alt=\"\" class=\"wp-image-1436\" srcset=\"https:\/\/www.yousanusb.com\/wp-content\/uploads\/2021\/06\/creative-leather-usb-flash-drive-3.jpg 750w, https:\/\/www.yousanusb.com\/wp-content\/uploads\/2021\/06\/creative-leather-usb-flash-drive-3-600x600.jpg 600w, https:\/\/www.yousanusb.com\/wp-content\/uploads\/2021\/06\/creative-leather-usb-flash-drive-3-100x100.jpg 100w, https:\/\/www.yousanusb.com\/wp-content\/uploads\/2021\/06\/creative-leather-usb-flash-drive-3-300x300.jpg 300w, https:\/\/www.yousanusb.com\/wp-content\/uploads\/2021\/06\/creative-leather-usb-flash-drive-3-150x150.jpg 150w\" sizes=\"(max-width: 750px) 100vw, 750px\" \/><figcaption class=\"wp-element-caption\">Personalizaci\u00f3n del color<\/figcaption><\/figure><\/div><\/div>\n\n\n\n<div class=\"wp-block-column is-layout-flow wp-block-column-is-layout-flow\"><div class=\"wp-block-image\">\n<figure class=\"aligncenter size-full\"><img loading=\"lazy\" decoding=\"async\" width=\"600\" height=\"600\" src=\"https:\/\/www.yousanusb.com\/wp-content\/uploads\/2021\/06\/creative-leather-usb-flash-drive-7.jpeg\" alt=\"\" class=\"wp-image-20137\" srcset=\"https:\/\/www.yousanusb.com\/wp-content\/uploads\/2021\/06\/creative-leather-usb-flash-drive-7.jpeg 600w, https:\/\/www.yousanusb.com\/wp-content\/uploads\/2021\/06\/creative-leather-usb-flash-drive-7-300x300.jpeg 300w, https:\/\/www.yousanusb.com\/wp-content\/uploads\/2021\/06\/creative-leather-usb-flash-drive-7-150x150.jpeg 150w, https:\/\/www.yousanusb.com\/wp-content\/uploads\/2021\/06\/creative-leather-usb-flash-drive-7-12x12.jpeg 12w, https:\/\/www.yousanusb.com\/wp-content\/uploads\/2021\/06\/creative-leather-usb-flash-drive-7-100x100.jpeg 100w\" sizes=\"(max-width: 600px) 100vw, 600px\" \/><figcaption class=\"wp-element-caption\">Materiales de cuero<\/figcaption><\/figure><\/div><\/div>\n<\/div>\n\n\n\n<div class=\"wp-block-columns is-layout-flex wp-container-core-columns-is-layout-4 wp-block-columns-is-layout-flex\">\n<div class=\"wp-block-column is-vertically-aligned-center is-layout-flow wp-block-column-is-layout-flow\">\n<p>La memoria USB magn\u00e9tica con tapa abatible de piel ofrece opciones de personalizaci\u00f3n flexibles, que se adaptan a los requisitos de gama alta, media y baja, desde la artesan\u00eda hasta los materiales, para ajustarse a distintos presupuestos y al posicionamiento de la marca. Es el modelo personalizable m\u00e1s solicitado dentro de la categor\u00eda de memorias USB con carcasa de piel, y ha recibido la mayor respuesta del mercado. Ya sirva como regalo de empresa, soporte de marketing de marca o art\u00edculo personalizado, su discreto lujo la convierte en la \"referencia empresarial\" entre las herramientas de almacenamiento, liderando continuamente el mercado de las memorias USB personalizadas con funda de piel.<\/p>\n<\/div>\n\n\n\n<div class=\"wp-block-column is-vertically-aligned-center is-layout-flow wp-block-column-is-layout-flow\">\n<figure class=\"wp-block-image size-full\"><img loading=\"lazy\" decoding=\"async\" width=\"750\" height=\"750\" src=\"https:\/\/www.yousanusb.com\/wp-content\/uploads\/2021\/06\/creative-leather-usb-flash-drive-6.jpg\" alt=\"\" class=\"wp-image-1440\" srcset=\"https:\/\/www.yousanusb.com\/wp-content\/uploads\/2021\/06\/creative-leather-usb-flash-drive-6.jpg 750w, https:\/\/www.yousanusb.com\/wp-content\/uploads\/2021\/06\/creative-leather-usb-flash-drive-6-600x600.jpg 600w, https:\/\/www.yousanusb.com\/wp-content\/uploads\/2021\/06\/creative-leather-usb-flash-drive-6-100x100.jpg 100w, https:\/\/www.yousanusb.com\/wp-content\/uploads\/2021\/06\/creative-leather-usb-flash-drive-6-300x300.jpg 300w, https:\/\/www.yousanusb.com\/wp-content\/uploads\/2021\/06\/creative-leather-usb-flash-drive-6-150x150.jpg 150w\" sizes=\"(max-width: 750px) 100vw, 750px\" \/><\/figure>\n<\/div>\n<\/div>","protected":false},"excerpt":{"rendered":"<ul>\n<li>Solapa magn\u00e9tica<\/li>\n<li>Piel+material met\u00e1lico<\/li>\n<li>Personalizaci\u00f3n de colores y logotipos<\/li>\n<li>Experiencia sin tapas<\/li>\n<li>MOQ:100pcs<\/li>\n<\/ul>","protected":false},"featured_media":1434,"comment_status":"open","ping_status":"closed","template":"","meta":{"_seopress_robots_primary_cat":"none","_seopress_titles_title":"Creative Leather Usb Flash Drive","_seopress_titles_desc":"Custom Photography Wedding Logo Gift Leather USB Flash Drive With Paper Box 8gb 16gb 32gb 128gb Pendrive","_seopress_robots_index":""},"class_list":["post-1432","product","type-product","status-publish","has-post-thumbnail","hentry","product_cat-leather-usb-flash-drive"],"_links":{"self":[{"href":"https:\/\/www.yousanusb.com\/es\/wp-json\/wp\/v2\/product\/1432"}],"collection":[{"href":"https:\/\/www.yousanusb.com\/es\/wp-json\/wp\/v2\/product"}],"about":[{"href":"https:\/\/www.yousanusb.com\/es\/wp-json\/wp\/v2\/types\/product"}],"replies":[{"embeddable":true,"href":"https:\/\/www.yousanusb.com\/es\/wp-json\/wp\/v2\/comments?post=1432"}],"wp:featuredmedia":[{"embeddable":true,"href":"https:\/\/www.yousanusb.com\/es\/wp-json\/wp\/v2\/media\/1434"}],"wp:attachment":[{"href":"https:\/\/www.yousanusb.com\/es\/wp-json\/wp\/v2\/media?parent=1432"}],"curies":[{"name":"wp","href":"https:\/\/api.w.org\/{rel}","templated":true}]}}