{"id":14522,"date":"2025-04-07T04:14:09","date_gmt":"2025-04-07T04:14:09","guid":{"rendered":"https:\/\/yousanusb.com\/?post_type=product&#038;p=14522"},"modified":"2025-04-07T05:39:54","modified_gmt":"2025-04-07T05:39:54","slug":"card-and-teardrop-shaped-leather-keychain","status":"publish","type":"product","link":"https:\/\/www.yousanusb.com\/es\/producto\/card-and-teardrop-shaped-leather-keychain\/","title":{"rendered":"Llavero de piel con forma de tarjeta y l\u00e1grima"},"content":{"rendered":"<p>Eleva tus objetos de uso diario con nuestros 5 dise\u00f1os exclusivos de llaveros de piel, meticulosamente elaborados para combinar sofisticaci\u00f3n, funcionalidad y estilo atemporal. Perfectos para regalar o para uso personal, cada pieza exhibe una artesan\u00eda en piel de primera calidad y una meticulosa atenci\u00f3n al detalle.<\/p>\n<p>1. Estilo de tarjeta cl\u00e1sica compacta<br \/>\nDise\u00f1ado para una elegancia minimalista, este elegante llavero de piel incorpora una ranura compacta para tarjetas, ideal para guardar documentos de identidad, tarjetas de cr\u00e9dito o pases de viaje. Su delgado perfil garantiza una portabilidad sin esfuerzo, mientras que las costuras reforzadas y el exterior de piel resistente garantizan un uso duradero.<\/p>\n<p>2. Dise\u00f1o de tarjeta irregular con textura<br \/>\nLib\u00e9rate de lo ordinario con este vanguardista llavero de piel de forma irregular. La superficie texturizada le aporta un toque moderno y art\u00edstico, convirti\u00e9ndolo en un accesorio destacado tanto para el trabajo como para conjuntos informales.<\/p>\n<p>3. Elegancia en forma de l\u00e1grima<br \/>\nInspirada en las curvas naturales, la forma de l\u00e1grima irradia un lujo discreto. Perfecto para quienes aprecian la est\u00e9tica org\u00e1nica, este dise\u00f1o combina un cuerpo de piel suave y flexible con un cierre a presi\u00f3n seguro para que lleves tus objetos personales siempre a buen recaudo.<\/p>\n<p>4. Minimalista ultrafino<br \/>\nPriorice la practicidad sin sacrificar el estilo. Nuestro llavero ultrafino se ha dise\u00f1ado para que resulte ligero como una pluma, ideal para carteras finas o estilos de vida minimalistas. A pesar de su delgado perfil, cuenta con herrajes reforzados y piel resistente a los ara\u00f1azos.<\/p>\n<p>5. Vers\u00e1til tarjetero plano<br \/>\nH\u00edbrido de funcionalidad y forma, este llavero plano tipo tarjeta incorpora una ranura oculta para dinero o tarjetas, por lo que se integra a la perfecci\u00f3n en cualquier bolso o bolsillo. Las iniciales o monogramas grabados a l\u00e1ser (disponibles bajo pedido) a\u00f1aden un toque personal, transform\u00e1ndolo en un preciado recuerdo.<\/p>\n<p><img fetchpriority=\"high\" decoding=\"async\" class=\"alignnone size-full wp-image-14532 aligncenter\" src=\"https:\/\/yousanusb.com\/wp-content\/uploads\/2025\/04\/Small-Card-Holder-Keyring.jpg\" alt=\"\" width=\"790\" height=\"1217\" srcset=\"https:\/\/www.yousanusb.com\/wp-content\/uploads\/2025\/04\/Small-Card-Holder-Keyring.jpg 790w, https:\/\/www.yousanusb.com\/wp-content\/uploads\/2025\/04\/Small-Card-Holder-Keyring-195x300.jpg 195w, https:\/\/www.yousanusb.com\/wp-content\/uploads\/2025\/04\/Small-Card-Holder-Keyring-665x1024.jpg 665w, https:\/\/www.yousanusb.com\/wp-content\/uploads\/2025\/04\/Small-Card-Holder-Keyring-768x1183.jpg 768w, https:\/\/www.yousanusb.com\/wp-content\/uploads\/2025\/04\/Small-Card-Holder-Keyring-8x12.jpg 8w, https:\/\/www.yousanusb.com\/wp-content\/uploads\/2025\/04\/Small-Card-Holder-Keyring-600x924.jpg 600w\" sizes=\"(max-width: 790px) 100vw, 790px\" \/><\/p>\n<p style=\"text-align: center;\"><img decoding=\"async\" class=\"alignnone size-full wp-image-14529\" src=\"https:\/\/yousanusb.com\/wp-content\/uploads\/2025\/04\/Leather-Keyring-Customised-Style.jpg\" alt=\"\" width=\"790\" height=\"1445\" srcset=\"https:\/\/www.yousanusb.com\/wp-content\/uploads\/2025\/04\/Leather-Keyring-Customised-Style.jpg 790w, https:\/\/www.yousanusb.com\/wp-content\/uploads\/2025\/04\/Leather-Keyring-Customised-Style-164x300.jpg 164w, https:\/\/www.yousanusb.com\/wp-content\/uploads\/2025\/04\/Leather-Keyring-Customised-Style-560x1024.jpg 560w, https:\/\/www.yousanusb.com\/wp-content\/uploads\/2025\/04\/Leather-Keyring-Customised-Style-768x1405.jpg 768w, https:\/\/www.yousanusb.com\/wp-content\/uploads\/2025\/04\/Leather-Keyring-Customised-Style-7x12.jpg 7w, https:\/\/www.yousanusb.com\/wp-content\/uploads\/2025\/04\/Leather-Keyring-Customised-Style-600x1097.jpg 600w\" sizes=\"(max-width: 790px) 100vw, 790px\" \/><img decoding=\"async\" class=\"alignnone size-full wp-image-14530 aligncenter\" src=\"https:\/\/yousanusb.com\/wp-content\/uploads\/2025\/04\/Leather-Keyring-Holder-with-Teardrop-Shape.jpg\" alt=\"\" width=\"790\" height=\"1425\" srcset=\"https:\/\/www.yousanusb.com\/wp-content\/uploads\/2025\/04\/Leather-Keyring-Holder-with-Teardrop-Shape.jpg 790w, https:\/\/www.yousanusb.com\/wp-content\/uploads\/2025\/04\/Leather-Keyring-Holder-with-Teardrop-Shape-166x300.jpg 166w, https:\/\/www.yousanusb.com\/wp-content\/uploads\/2025\/04\/Leather-Keyring-Holder-with-Teardrop-Shape-568x1024.jpg 568w, https:\/\/www.yousanusb.com\/wp-content\/uploads\/2025\/04\/Leather-Keyring-Holder-with-Teardrop-Shape-768x1385.jpg 768w, https:\/\/www.yousanusb.com\/wp-content\/uploads\/2025\/04\/Leather-Keyring-Holder-with-Teardrop-Shape-7x12.jpg 7w, https:\/\/www.yousanusb.com\/wp-content\/uploads\/2025\/04\/Leather-Keyring-Holder-with-Teardrop-Shape-600x1082.jpg 600w\" sizes=\"(max-width: 790px) 100vw, 790px\" \/><\/p>","protected":false},"excerpt":{"rendered":"<p>Este llavero funda tiene 5 estilos, tarjeta peque\u00f1a, tarjeta peque\u00f1a, tarjeta irregular, forma de l\u00e1grima, estilo ultrafino, funda de alta calidad.<\/p>","protected":false},"featured_media":14525,"comment_status":"open","ping_status":"closed","template":"","meta":{"_seopress_robots_primary_cat":"none","_seopress_titles_title":"","_seopress_titles_desc":"","_seopress_robots_index":""},"class_list":["post-14522","product","type-product","status-publish","has-post-thumbnail","hentry","product_cat-leather-key-chain","product_tag-card-shaped-keychain"],"_links":{"self":[{"href":"https:\/\/www.yousanusb.com\/es\/wp-json\/wp\/v2\/product\/14522"}],"collection":[{"href":"https:\/\/www.yousanusb.com\/es\/wp-json\/wp\/v2\/product"}],"about":[{"href":"https:\/\/www.yousanusb.com\/es\/wp-json\/wp\/v2\/types\/product"}],"replies":[{"embeddable":true,"href":"https:\/\/www.yousanusb.com\/es\/wp-json\/wp\/v2\/comments?post=14522"}],"wp:featuredmedia":[{"embeddable":true,"href":"https:\/\/www.yousanusb.com\/es\/wp-json\/wp\/v2\/media\/14525"}],"wp:attachment":[{"href":"https:\/\/www.yousanusb.com\/es\/wp-json\/wp\/v2\/media?parent=14522"}],"curies":[{"name":"wp","href":"https:\/\/api.w.org\/{rel}","templated":true}]}}