{"id":14951,"date":"2025-05-13T08:06:07","date_gmt":"2025-05-13T08:06:07","guid":{"rendered":"https:\/\/yousanusb.com\/?post_type=product&#038;p=14951"},"modified":"2025-05-13T08:50:14","modified_gmt":"2025-05-13T08:50:14","slug":"usb2-0-type-c-udp-flash-chip-mini","status":"publish","type":"product","link":"https:\/\/www.yousanusb.com\/es\/producto\/usb2-0-type-c-udp-flash-chip-mini\/","title":{"rendered":"USB2.0 TIPO-C UDP Flash Chip Mini"},"content":{"rendered":"<p>El USB 2.0 TYPE-C UDP Flash Chip Mini es un controlador host compacto y rentable y una soluci\u00f3n de memoria flash adaptada para dispositivos de almacenamiento USB Type-C. Dise\u00f1ado para aplicaciones que ahorran espacio, este chip miniaturizado integra funciones esenciales como c\u00f3digo de correcci\u00f3n de errores (ECC), compatibilidad con comandos TRIM y gesti\u00f3n adaptativa de la energ\u00eda para optimizar el rendimiento, la longevidad y la eficiencia energ\u00e9tica.<\/p>\r\n\r\n\r\n\r\n<figure class=\"wp-block-table\">\r\n<table class=\"has-fixed-layout\">\r\n<tbody>\r\n<tr>\r\n<td><strong>Capacidad USB 2.0<\/strong><\/td>\r\n<td>4GB\/8GB\/16GB\/32GB\/64GB\/128GB<\/td>\r\n<\/tr>\r\n<tr>\r\n<td><strong>Tama\u00f1o del producto<\/strong><\/td>\r\n<td>26,2*11,3*1,42 mm<\/td>\r\n<\/tr>\r\n<tr>\r\n<td><strong>Peso<\/strong><\/td>\r\n<td>2g<\/td>\r\n<\/tr>\r\n<tr>\r\n<td><strong>Color<\/strong><\/td>\r\n<td>Negro<\/td>\r\n<\/tr>\r\n<tr>\r\n<td><strong>Material<\/strong><\/td>\r\n<td>Pl\u00e1stico<\/td>\r\n<\/tr>\r\n<tr>\r\n<td><strong>Interfaz<\/strong><\/td>\r\n<td>USB 2.0<\/td>\r\n<\/tr>\r\n<tr>\r\n<td><strong>Velocidad de escritura USB 2.0<\/strong><\/td>\r\n<td>4-10MB\/S<\/td>\r\n<\/tr>\r\n<tr>\r\n<td><strong>Velocidad de lectura USB 2.0<\/strong><\/td>\r\n<td>15-18MB\/S<\/td>\r\n<\/tr>\r\n<\/tbody>\r\n<\/table>\r\n<\/figure>\r\n\r\n\r\n\r\n<div class=\"wp-block-columns is-layout-flex wp-container-core-columns-is-layout-1 wp-block-columns-is-layout-flex\">\r\n<div class=\"wp-block-column is-layout-flow wp-block-column-is-layout-flow\">\r\n<figure class=\"wp-block-image size-full\"><img fetchpriority=\"high\" decoding=\"async\" width=\"800\" height=\"800\" class=\"wp-image-14960\" src=\"https:\/\/yousanusb.com\/wp-content\/uploads\/2025\/05\/a.jpg\" alt=\"\" srcset=\"https:\/\/www.yousanusb.com\/wp-content\/uploads\/2025\/05\/a.jpg 800w, https:\/\/www.yousanusb.com\/wp-content\/uploads\/2025\/05\/a-300x300.jpg 300w, https:\/\/www.yousanusb.com\/wp-content\/uploads\/2025\/05\/a-150x150.jpg 150w, https:\/\/www.yousanusb.com\/wp-content\/uploads\/2025\/05\/a-768x768.jpg 768w, https:\/\/www.yousanusb.com\/wp-content\/uploads\/2025\/05\/a-12x12.jpg 12w, https:\/\/www.yousanusb.com\/wp-content\/uploads\/2025\/05\/a-600x600.jpg 600w, https:\/\/www.yousanusb.com\/wp-content\/uploads\/2025\/05\/a-100x100.jpg 100w\" sizes=\"(max-width: 800px) 100vw, 800px\" \/><\/figure>\r\n<\/div>\r\n\r\n\r\n\r\n<div class=\"wp-block-column is-layout-flow wp-block-column-is-layout-flow\">\r\n<figure class=\"wp-block-image size-full\"><img decoding=\"async\" width=\"800\" height=\"800\" class=\"wp-image-14959\" src=\"https:\/\/yousanusb.com\/wp-content\/uploads\/2025\/05\/7855214.jpg\" alt=\"\" srcset=\"https:\/\/www.yousanusb.com\/wp-content\/uploads\/2025\/05\/7855214.jpg 800w, https:\/\/www.yousanusb.com\/wp-content\/uploads\/2025\/05\/7855214-300x300.jpg 300w, https:\/\/www.yousanusb.com\/wp-content\/uploads\/2025\/05\/7855214-150x150.jpg 150w, https:\/\/www.yousanusb.com\/wp-content\/uploads\/2025\/05\/7855214-768x768.jpg 768w, https:\/\/www.yousanusb.com\/wp-content\/uploads\/2025\/05\/7855214-12x12.jpg 12w, https:\/\/www.yousanusb.com\/wp-content\/uploads\/2025\/05\/7855214-600x600.jpg 600w, https:\/\/www.yousanusb.com\/wp-content\/uploads\/2025\/05\/7855214-100x100.jpg 100w\" sizes=\"(max-width: 800px) 100vw, 800px\" \/><\/figure>\r\n<\/div>\r\n\r\n\r\n\r\n<div class=\"wp-block-column is-layout-flow wp-block-column-is-layout-flow\">\r\n<figure class=\"wp-block-image size-full\"><img decoding=\"async\" width=\"800\" height=\"800\" class=\"wp-image-14958\" src=\"https:\/\/yousanusb.com\/wp-content\/uploads\/2025\/05\/7855213.jpg\" alt=\"\" srcset=\"https:\/\/www.yousanusb.com\/wp-content\/uploads\/2025\/05\/7855213.jpg 800w, https:\/\/www.yousanusb.com\/wp-content\/uploads\/2025\/05\/7855213-300x300.jpg 300w, https:\/\/www.yousanusb.com\/wp-content\/uploads\/2025\/05\/7855213-150x150.jpg 150w, https:\/\/www.yousanusb.com\/wp-content\/uploads\/2025\/05\/7855213-768x768.jpg 768w, https:\/\/www.yousanusb.com\/wp-content\/uploads\/2025\/05\/7855213-12x12.jpg 12w, https:\/\/www.yousanusb.com\/wp-content\/uploads\/2025\/05\/7855213-600x600.jpg 600w, https:\/\/www.yousanusb.com\/wp-content\/uploads\/2025\/05\/7855213-100x100.jpg 100w\" sizes=\"(max-width: 800px) 100vw, 800px\" \/><\/figure>\r\n<\/div>\r\n<\/div>\r\n\r\n\r\n\r\n<p>Con un factor de forma compacto de tipo A, estos chips est\u00e1n optimizados para aplicaciones con limitaciones de espacio, como UFD (unidades flash USB) de consumo, m\u00f3dulos IoT industriales, quioscos comerciales y soluciones OEM personalizadas. Su dise\u00f1o robusto incluye protecci\u00f3n contra sobretensiones, estabilizaci\u00f3n t\u00e9rmica y cifrado AES basado en hardware opcional, lo que los hace adecuados para entornos de alta demanda como despliegues empresariales, quioscos minoristas y dispositivos sanitarios. Disponible a trav\u00e9s de programas de compra al por mayor, esta soluci\u00f3n ofrece un importante ahorro de costes, configuraciones personalizables y un rendimiento fiable para escalar los vol\u00famenes de producci\u00f3n de manera eficiente.<\/p>\r\n\r\n\r\n\r\n<p>&nbsp;<\/p>","protected":false},"excerpt":{"rendered":"<p>Capacidad: 8GB\/16GB\/32GB\/64GB\/128GB\/256GB\/512GB Tama\u00f1o del producto:57.5*12*4.5mm Peso:2g Color:Negro Material:Pl\u00e1stico Interfaz:USB 2.0 Velocidad de escritura:4-10MB\/S Velocidad de lectura:15-18MB\/S<\/p>","protected":false},"featured_media":14958,"comment_status":"open","ping_status":"closed","template":"","meta":{"_seopress_robots_primary_cat":"","_seopress_titles_title":"USB2.0 TYPE-C UDP Flash Chip Mini","_seopress_titles_desc":"","_seopress_robots_index":""},"class_list":["post-14951","product","type-product","status-publish","has-post-thumbnail","hentry","product_cat-usb-flash-drive-chips"],"_links":{"self":[{"href":"https:\/\/www.yousanusb.com\/es\/wp-json\/wp\/v2\/product\/14951"}],"collection":[{"href":"https:\/\/www.yousanusb.com\/es\/wp-json\/wp\/v2\/product"}],"about":[{"href":"https:\/\/www.yousanusb.com\/es\/wp-json\/wp\/v2\/types\/product"}],"replies":[{"embeddable":true,"href":"https:\/\/www.yousanusb.com\/es\/wp-json\/wp\/v2\/comments?post=14951"}],"wp:featuredmedia":[{"embeddable":true,"href":"https:\/\/www.yousanusb.com\/es\/wp-json\/wp\/v2\/media\/14958"}],"wp:attachment":[{"href":"https:\/\/www.yousanusb.com\/es\/wp-json\/wp\/v2\/media?parent=14951"}],"curies":[{"name":"wp","href":"https:\/\/api.w.org\/{rel}","templated":true}]}}