{"id":16684,"date":"2025-06-09T07:02:44","date_gmt":"2025-06-09T07:02:44","guid":{"rendered":"https:\/\/yousanusb.com\/?post_type=product&#038;p=16684"},"modified":"2025-10-04T11:36:20","modified_gmt":"2025-10-04T11:36:20","slug":"usb-3-0-metal-card-flash-drive-specifications","status":"publish","type":"product","link":"https:\/\/www.yousanusb.com\/es\/producto\/usb-3-0-metal-card-flash-drive-specifications\/","title":{"rendered":"Memoria USB 3.0 met\u00e1lica personalizada con logotipo"},"content":{"rendered":"<figure class=\"wp-block-table\"><table class=\"has-fixed-layout\"><tbody><tr><td>\u200b<strong>Nombre del producto<\/strong>\uff1a<\/td><td>Memoria USB 3.0 Metal Card<\/td><\/tr><tr><td>\u200b<strong>Material<\/strong>\uff1a<\/td><td>Metal (aleaci\u00f3n de zinc\/acero inoxidable)<\/td><\/tr><tr><td>\u200b<strong>Peso<\/strong>\uff1a<\/td><td>22g<\/td><\/tr><tr><td><strong>Velocidad de transferencia<\/strong>\uff1a<\/td><td>Hasta 8000 MB\/s (interfaz USB 3.0)<\/td><\/tr><tr><td><strong>Dimensiones<\/strong>\uff1a<\/td><td>83 \u00d7 52 mm (tama\u00f1o tarjeta de cr\u00e9dito)<\/td><\/tr><tr><td>\u200b<strong>Opciones de capacidad<\/strong>\uff1a<\/td><td>8GB\/16GB\/32GB\/64GB\/128GB <\/td><\/tr><tr><td>\u200b<strong>Opciones de color<\/strong>\uff1a<\/td><td>Varios colores disponibles<\/td><\/tr><tr><td>\u200b<strong>Interfaz<\/strong>\uff1a<\/td><td>USB 3.0 (tipo A)<\/td><\/tr><tr><td>\u200b<strong>Caracter\u00edsticas especiales<\/strong>\uff1a<\/td><td>A prueba de golpes \/ Resistente al agua \/ Anti-EMI<\/td><\/tr><\/tbody><\/table><\/figure>\n\n\n\n<div class=\"wp-block-columns is-layout-flex wp-container-core-columns-is-layout-1 wp-block-columns-is-layout-flex\">\n<div class=\"wp-block-column is-layout-flow wp-block-column-is-layout-flow\">\n<p>Esta unidad flash USB 3.0 con tarjeta met\u00e1lica est\u00e1 fabricada con una aleaci\u00f3n de aluminio de baja densidad y alta resistencia. Esto confiere a la unidad flash un cuerpo ligero y una excelente resistencia a los impactos. Se ha sometido a procesos de embutici\u00f3n y oxidaci\u00f3n.<\/p>\n\n\n<div class=\"wp-block-image\">\n<figure class=\"aligncenter size-full\"><img fetchpriority=\"high\" decoding=\"async\" width=\"800\" height=\"800\" src=\"https:\/\/yousanusb.com\/wp-content\/uploads\/2025\/06\/oem-metal-card-usb-flash-drive.jpg\" alt=\"oem metal card usb flash drive\" class=\"wp-image-16703\" srcset=\"https:\/\/www.yousanusb.com\/wp-content\/uploads\/2025\/06\/oem-metal-card-usb-flash-drive.jpg 800w, https:\/\/www.yousanusb.com\/wp-content\/uploads\/2025\/06\/oem-metal-card-usb-flash-drive-300x300.jpg 300w, https:\/\/www.yousanusb.com\/wp-content\/uploads\/2025\/06\/oem-metal-card-usb-flash-drive-150x150.jpg 150w, https:\/\/www.yousanusb.com\/wp-content\/uploads\/2025\/06\/oem-metal-card-usb-flash-drive-768x768.jpg 768w, https:\/\/www.yousanusb.com\/wp-content\/uploads\/2025\/06\/oem-metal-card-usb-flash-drive-12x12.jpg 12w, https:\/\/www.yousanusb.com\/wp-content\/uploads\/2025\/06\/oem-metal-card-usb-flash-drive-600x600.jpg 600w, https:\/\/www.yousanusb.com\/wp-content\/uploads\/2025\/06\/oem-metal-card-usb-flash-drive-100x100.jpg 100w\" sizes=\"(max-width: 800px) 100vw, 800px\" \/><figcaption class=\"wp-element-caption\">Oem metal card usb flash drive 3.0 interface<\/figcaption><\/figure><\/div><\/div>\n\n\n\n<div class=\"wp-block-column is-layout-flow wp-block-column-is-layout-flow\">\n<p>Es resistente al desgaste y la corrosi\u00f3n y est\u00e1 disponible en bonitos colores, como gris espacial y oro rosa. Su dise\u00f1o es superfino y s\u00f3lo tiene 1 mm de grosor. Equilibra la portabilidad y una textura de gama alta, lo que lo hace apto para su uso en muchos escenarios.<\/p>\n\n\n<div class=\"wp-block-image\">\n<figure class=\"aligncenter size-full\"><img decoding=\"async\" width=\"800\" height=\"800\" src=\"https:\/\/yousanusb.com\/wp-content\/uploads\/2025\/06\/metal-usb-micro-sd-card-reader.jpg\" alt=\"lector de tarjetas usb micro sd met\u00e1lico\" class=\"wp-image-16701\" srcset=\"https:\/\/www.yousanusb.com\/wp-content\/uploads\/2025\/06\/metal-usb-micro-sd-card-reader.jpg 800w, https:\/\/www.yousanusb.com\/wp-content\/uploads\/2025\/06\/metal-usb-micro-sd-card-reader-300x300.jpg 300w, https:\/\/www.yousanusb.com\/wp-content\/uploads\/2025\/06\/metal-usb-micro-sd-card-reader-150x150.jpg 150w, https:\/\/www.yousanusb.com\/wp-content\/uploads\/2025\/06\/metal-usb-micro-sd-card-reader-768x768.jpg 768w, https:\/\/www.yousanusb.com\/wp-content\/uploads\/2025\/06\/metal-usb-micro-sd-card-reader-12x12.jpg 12w, https:\/\/www.yousanusb.com\/wp-content\/uploads\/2025\/06\/metal-usb-micro-sd-card-reader-600x600.jpg 600w, https:\/\/www.yousanusb.com\/wp-content\/uploads\/2025\/06\/metal-usb-micro-sd-card-reader-100x100.jpg 100w\" sizes=\"(max-width: 800px) 100vw, 800px\" \/><figcaption class=\"wp-element-caption\">Tarjeta de visita usb3.0 de pl\u00e1stico <\/figcaption><\/figure><\/div><\/div>\n\n\n\n<div class=\"wp-block-column is-layout-flow wp-block-column-is-layout-flow\">\n<p>Disponible en<strong>8 GB, 16 GB, 32 GB, 64 GB y 128 GB<\/strong>capacidades para almacenar todas sus fotos, documentos, m\u00fasica y v\u00eddeos. M\u00faltiples y elegantes colores metalizados y un dise\u00f1o de tarjeta ultrafino combinan funcionalidad y atractivo est\u00e9tico.<\/p>\n\n\n<div class=\"wp-block-image\">\n<figure class=\"aligncenter size-full\"><img decoding=\"async\" width=\"800\" height=\"800\" src=\"https:\/\/yousanusb.com\/wp-content\/uploads\/2025\/06\/metal-credit-card-usb.jpg\" alt=\"tarjeta de cr\u00e9dito met\u00e1lica usb\" class=\"wp-image-16698\" srcset=\"https:\/\/www.yousanusb.com\/wp-content\/uploads\/2025\/06\/metal-credit-card-usb.jpg 800w, https:\/\/www.yousanusb.com\/wp-content\/uploads\/2025\/06\/metal-credit-card-usb-300x300.jpg 300w, https:\/\/www.yousanusb.com\/wp-content\/uploads\/2025\/06\/metal-credit-card-usb-150x150.jpg 150w, https:\/\/www.yousanusb.com\/wp-content\/uploads\/2025\/06\/metal-credit-card-usb-768x768.jpg 768w, https:\/\/www.yousanusb.com\/wp-content\/uploads\/2025\/06\/metal-credit-card-usb-12x12.jpg 12w, https:\/\/www.yousanusb.com\/wp-content\/uploads\/2025\/06\/metal-credit-card-usb-600x600.jpg 600w, https:\/\/www.yousanusb.com\/wp-content\/uploads\/2025\/06\/metal-credit-card-usb-100x100.jpg 100w\" sizes=\"(max-width: 800px) 100vw, 800px\" \/><figcaption class=\"wp-element-caption\">ABS 3.0 Tarjeta de cr\u00e9dito USB<\/figcaption><\/figure><\/div><\/div>\n<\/div>\n\n\n\n<h2 class=\"wp-block-heading\">\u00bfCu\u00e1l es la diferencia entre la superficie brillante y cepillada de una memoria USB con tarjeta met\u00e1lica?<\/h2>\n\n\n\n<p>Las principales diferencias entre las superficies brillantes y cepilladas de las memorias USB con tarjeta met\u00e1lica residen en la artesan\u00eda y el rendimiento:<\/p>\n\n\n\n<ul class=\"wp-block-list\">\n<li><strong>Superficie brillante<\/strong>: Conseguido mediante pulido y galvanoplastia, presenta un efecto espejo con un brillo superior a 80\u00b0, colores vibrantes (por ejemplo, reflectividad de oro rosa &gt;90%). Sin embargo, tiene una dureza superficial de s\u00f3lo 2H, es propensa a las huellas dactilares (\u00edndice de residuos de huellas dactilares ~75%), y tiene un \u00edndice de resistencia al desgaste de &lt;300 ciclos de fricci\u00f3n.Suele considerarse m\u00e1s elegante y atractiva, y tiene un aspecto de gama alta. Sin embargo, esta superficie es muy lisa, lo que significa que puede rayarse f\u00e1cilmente o quedar marcada por las huellas dactilares. Para mantener un aspecto limpio, es necesario limpiarla con regularidad.<\/li>\n\n\n\n<li><strong>Superficie cepillada<\/strong>: Formada por chorro de arena o cepillado para crear texturas de 0,02-0,05 mm de profundidad, tiene un acabado mate con brillo &lt;20\u00b0 (por ejemplo, reflectividad gris espacial &lt;15%). Con una dureza superficial de 4H, resiste las huellas dactilares (\u00edndice de residuos 2000 ciclos de fricci\u00f3n. Su fricci\u00f3n de agarre es 40% superior.No se raya ni se mancha f\u00e1cilmente con las huellas dactilares o el polvo. Es f\u00e1cil de limpiar. Es m\u00e1s adecuado para escenarios de uso de alta frecuencia.<\/li>\n<\/ul>\n\n\n\n<h2 class=\"wp-block-heading\">\u00bfQu\u00e9 color de memoria USB de tarjeta USB 3.0 es m\u00e1s popular?<\/h2>\n\n\n\n<p><br>La popularidad de los colores para las memorias USB con tarjeta USB 3.0 var\u00eda seg\u00fan el escenario, pero los tonos neutros cl\u00e1sicos como el gris espacial y el negro mate son actualmente los m\u00e1s favorecidos. Con acabados cepillados\/arenados, estos colores presentan un brillo &lt;20\u00b0, un \u00edndice de resistencia a las huellas dactilares &lt;20% y una resistencia al desgaste superior a 2.000 ciclos de fricci\u00f3n, equilibrando profesionalidad y durabilidad de bajo perfil: representan m\u00e1s del 60% de la personalizaci\u00f3n corporativa y las compras de oficina. <\/p>\n\n\n\n<p>A continuaci\u00f3n, la plata cromada y el oro champ\u00e1n, con alto brillo (&gt;80%) procedente del pulido y la galvanoplastia, dominan unas 35% del mercado de regalos, sobre todo en los mercados asi\u00e1ticos de electr\u00f3nica de consumo. Los colores de moda, como el oro rosa y el bronce de ca\u00f1\u00f3n, impulsados por procesos innovadores (por ejemplo, revestimiento PVD, cepillado fino), han experimentado un aumento interanual de 45% en las b\u00fasquedas de comercio electr\u00f3nico entre los usuarios m\u00e1s j\u00f3venes y en los sectores cultural\/entretenimiento y deportes electr\u00f3nicos, aunque los tonos cl\u00e1sicos siguen siendo la corriente dominante del mercado.<\/p>\n\n\n\n<div class=\"wp-block-columns is-layout-flex wp-container-core-columns-is-layout-2 wp-block-columns-is-layout-flex\">\n<div class=\"wp-block-column is-layout-flow wp-block-column-is-layout-flow\">\n<figure class=\"wp-block-image alignfull size-full\"><img loading=\"lazy\" decoding=\"async\" width=\"800\" height=\"800\" src=\"https:\/\/yousanusb.com\/wp-content\/uploads\/2025\/06\/china-metal-card-usb-flash-drive.jpg\" alt=\"china metal card usb flash drive\" class=\"wp-image-16694\" srcset=\"https:\/\/www.yousanusb.com\/wp-content\/uploads\/2025\/06\/china-metal-card-usb-flash-drive.jpg 800w, https:\/\/www.yousanusb.com\/wp-content\/uploads\/2025\/06\/china-metal-card-usb-flash-drive-300x300.jpg 300w, https:\/\/www.yousanusb.com\/wp-content\/uploads\/2025\/06\/china-metal-card-usb-flash-drive-150x150.jpg 150w, https:\/\/www.yousanusb.com\/wp-content\/uploads\/2025\/06\/china-metal-card-usb-flash-drive-768x768.jpg 768w, https:\/\/www.yousanusb.com\/wp-content\/uploads\/2025\/06\/china-metal-card-usb-flash-drive-12x12.jpg 12w, https:\/\/www.yousanusb.com\/wp-content\/uploads\/2025\/06\/china-metal-card-usb-flash-drive-600x600.jpg 600w, https:\/\/www.yousanusb.com\/wp-content\/uploads\/2025\/06\/china-metal-card-usb-flash-drive-100x100.jpg 100w\" sizes=\"(max-width: 800px) 100vw, 800px\" \/><\/figure>\n<\/div>\n\n\n\n<div class=\"wp-block-column is-layout-flow wp-block-column-is-layout-flow\">\n<figure class=\"wp-block-image alignfull size-full\"><img loading=\"lazy\" decoding=\"async\" width=\"800\" height=\"800\" src=\"https:\/\/yousanusb.com\/wp-content\/uploads\/2025\/06\/china-metal-card-usb-flash-drive-supplier.jpg\" alt=\"\" class=\"wp-image-16693\" srcset=\"https:\/\/www.yousanusb.com\/wp-content\/uploads\/2025\/06\/china-metal-card-usb-flash-drive-supplier.jpg 800w, https:\/\/www.yousanusb.com\/wp-content\/uploads\/2025\/06\/china-metal-card-usb-flash-drive-supplier-300x300.jpg 300w, https:\/\/www.yousanusb.com\/wp-content\/uploads\/2025\/06\/china-metal-card-usb-flash-drive-supplier-150x150.jpg 150w, https:\/\/www.yousanusb.com\/wp-content\/uploads\/2025\/06\/china-metal-card-usb-flash-drive-supplier-768x768.jpg 768w, https:\/\/www.yousanusb.com\/wp-content\/uploads\/2025\/06\/china-metal-card-usb-flash-drive-supplier-12x12.jpg 12w, https:\/\/www.yousanusb.com\/wp-content\/uploads\/2025\/06\/china-metal-card-usb-flash-drive-supplier-600x600.jpg 600w, https:\/\/www.yousanusb.com\/wp-content\/uploads\/2025\/06\/china-metal-card-usb-flash-drive-supplier-100x100.jpg 100w\" sizes=\"(max-width: 800px) 100vw, 800px\" \/><\/figure>\n<\/div>\n\n\n\n<div class=\"wp-block-column is-layout-flow wp-block-column-is-layout-flow\">\n<figure class=\"wp-block-image alignfull size-full\"><img loading=\"lazy\" decoding=\"async\" width=\"800\" height=\"800\" src=\"https:\/\/yousanusb.com\/wp-content\/uploads\/2025\/06\/china-metal-card-usb-flash-drive-factory.jpg\" alt=\"\" class=\"wp-image-16692\" srcset=\"https:\/\/www.yousanusb.com\/wp-content\/uploads\/2025\/06\/china-metal-card-usb-flash-drive-factory.jpg 800w, https:\/\/www.yousanusb.com\/wp-content\/uploads\/2025\/06\/china-metal-card-usb-flash-drive-factory-300x300.jpg 300w, https:\/\/www.yousanusb.com\/wp-content\/uploads\/2025\/06\/china-metal-card-usb-flash-drive-factory-150x150.jpg 150w, https:\/\/www.yousanusb.com\/wp-content\/uploads\/2025\/06\/china-metal-card-usb-flash-drive-factory-768x768.jpg 768w, https:\/\/www.yousanusb.com\/wp-content\/uploads\/2025\/06\/china-metal-card-usb-flash-drive-factory-12x12.jpg 12w, https:\/\/www.yousanusb.com\/wp-content\/uploads\/2025\/06\/china-metal-card-usb-flash-drive-factory-600x600.jpg 600w, https:\/\/www.yousanusb.com\/wp-content\/uploads\/2025\/06\/china-metal-card-usb-flash-drive-factory-100x100.jpg 100w\" sizes=\"(max-width: 800px) 100vw, 800px\" \/><\/figure>\n<\/div>\n<\/div>\n\n\n\n<p>\u200b<\/p>\n\n\n\n<h2 class=\"wp-block-heading\">\u00bfPuedo personalizarlo con el logotipo de mi empresa o mi nombre? <\/h2>\n\n\n\n<p>Tanto el anverso como el reverso de la tarjeta met\u00e1lica pueden personalizarse:<\/p>\n\n\n\n<ul class=\"wp-block-list\">\n<li><strong>Impresi\u00f3n a todo color.<\/strong>Tecnolog\u00eda multicolor avanzada para logotipos vibrantes y fotorrealistas con degradados y dise\u00f1os complejos.<\/li>\n\n\n\n<li><strong>Logotipo grabado con l\u00e1ser:<\/strong>El grabado l\u00e1ser de logotipos en memorias USB para tarjetas de metal utiliza tecnolog\u00eda l\u00e1ser de alta precisi\u00f3n para grabar patrones o texto en la superficie met\u00e1lica, creando marcas permanentes y resistentes al desgaste con finos detalles y un acabado elegante y profesional. Este proceso garantiza que el logotipo permanezca n\u00edtido e intacto incluso despu\u00e9s de un uso prolongado, mejorando el reconocimiento de la marca y el atractivo est\u00e9tico del producto.<\/li>\n<\/ul>\n\n\n\n<div class=\"wp-block-columns is-layout-flex wp-container-core-columns-is-layout-3 wp-block-columns-is-layout-flex\">\n<div class=\"wp-block-column is-layout-flow wp-block-column-is-layout-flow\"><div class=\"wp-block-image\">\n<figure class=\"aligncenter size-full\"><img loading=\"lazy\" decoding=\"async\" width=\"800\" height=\"800\" src=\"https:\/\/yousanusb.com\/wp-content\/uploads\/2025\/06\/oem-metal-card-usb-flash-drive-china-factory.jpg\" alt=\"oem metal card usb flash drive china factory\" class=\"wp-image-16702\" srcset=\"https:\/\/www.yousanusb.com\/wp-content\/uploads\/2025\/06\/oem-metal-card-usb-flash-drive-china-factory.jpg 800w, https:\/\/www.yousanusb.com\/wp-content\/uploads\/2025\/06\/oem-metal-card-usb-flash-drive-china-factory-300x300.jpg 300w, https:\/\/www.yousanusb.com\/wp-content\/uploads\/2025\/06\/oem-metal-card-usb-flash-drive-china-factory-150x150.jpg 150w, https:\/\/www.yousanusb.com\/wp-content\/uploads\/2025\/06\/oem-metal-card-usb-flash-drive-china-factory-768x768.jpg 768w, https:\/\/www.yousanusb.com\/wp-content\/uploads\/2025\/06\/oem-metal-card-usb-flash-drive-china-factory-12x12.jpg 12w, https:\/\/www.yousanusb.com\/wp-content\/uploads\/2025\/06\/oem-metal-card-usb-flash-drive-china-factory-600x600.jpg 600w, https:\/\/www.yousanusb.com\/wp-content\/uploads\/2025\/06\/oem-metal-card-usb-flash-drive-china-factory-100x100.jpg 100w\" sizes=\"(max-width: 800px) 100vw, 800px\" \/><figcaption class=\"wp-element-caption\">Logotipo impreso a todo color<\/figcaption><\/figure><\/div><\/div>\n\n\n\n<div class=\"wp-block-column is-layout-flow wp-block-column-is-layout-flow\"><div class=\"wp-block-image\">\n<figure class=\"aligncenter size-full\"><img loading=\"lazy\" decoding=\"async\" width=\"800\" height=\"800\" src=\"https:\/\/yousanusb.com\/wp-content\/uploads\/2025\/06\/samsung-metal-otg-usb-card.jpg\" alt=\"tarjeta samsung metal otg usb\" class=\"wp-image-16704\" srcset=\"https:\/\/www.yousanusb.com\/wp-content\/uploads\/2025\/06\/samsung-metal-otg-usb-card.jpg 800w, https:\/\/www.yousanusb.com\/wp-content\/uploads\/2025\/06\/samsung-metal-otg-usb-card-300x300.jpg 300w, https:\/\/www.yousanusb.com\/wp-content\/uploads\/2025\/06\/samsung-metal-otg-usb-card-150x150.jpg 150w, https:\/\/www.yousanusb.com\/wp-content\/uploads\/2025\/06\/samsung-metal-otg-usb-card-768x768.jpg 768w, https:\/\/www.yousanusb.com\/wp-content\/uploads\/2025\/06\/samsung-metal-otg-usb-card-12x12.jpg 12w, https:\/\/www.yousanusb.com\/wp-content\/uploads\/2025\/06\/samsung-metal-otg-usb-card-600x600.jpg 600w, https:\/\/www.yousanusb.com\/wp-content\/uploads\/2025\/06\/samsung-metal-otg-usb-card-100x100.jpg 100w\" sizes=\"(max-width: 800px) 100vw, 800px\" \/><figcaption class=\"wp-element-caption\">Logotipo grabado por l\u00e1ser<\/figcaption><\/figure><\/div><\/div>\n<\/div>\n\n\n\n<h2 class=\"wp-block-heading\">Casos pr\u00e1cticos de logotipos personalizados en memorias USB 3.0 Metal Card<\/h2>\n\n\n\n<p>En un evento de lanzamiento de un smartphone, una empresa tecnol\u00f3gica distribuy\u00f3 unidades USB de tarjeta met\u00e1lica con el logotipo de su marca grabado con l\u00e1ser de precisi\u00f3n. Sirvieron como obsequios premium para los medios de comunicaci\u00f3n y los asistentes, reforzando la visibilidad de la marca durante la promoci\u00f3n del producto.<\/p>\n\n\n\n<div class=\"wp-block-columns is-layout-flex wp-container-core-columns-is-layout-4 wp-block-columns-is-layout-flex\">\n<div class=\"wp-block-column is-layout-flow wp-block-column-is-layout-flow\">\n<figure class=\"wp-block-image size-full\"><img loading=\"lazy\" decoding=\"async\" width=\"800\" height=\"800\" src=\"https:\/\/yousanusb.com\/wp-content\/uploads\/2025\/06\/custom-metal-card-usb-flash-drive.jpg\" alt=\"tarjeta met\u00e1lica personalizada unidad flash usb\" class=\"wp-image-16695\" srcset=\"https:\/\/www.yousanusb.com\/wp-content\/uploads\/2025\/06\/custom-metal-card-usb-flash-drive.jpg 800w, https:\/\/www.yousanusb.com\/wp-content\/uploads\/2025\/06\/custom-metal-card-usb-flash-drive-300x300.jpg 300w, https:\/\/www.yousanusb.com\/wp-content\/uploads\/2025\/06\/custom-metal-card-usb-flash-drive-150x150.jpg 150w, https:\/\/www.yousanusb.com\/wp-content\/uploads\/2025\/06\/custom-metal-card-usb-flash-drive-768x768.jpg 768w, https:\/\/www.yousanusb.com\/wp-content\/uploads\/2025\/06\/custom-metal-card-usb-flash-drive-12x12.jpg 12w, https:\/\/www.yousanusb.com\/wp-content\/uploads\/2025\/06\/custom-metal-card-usb-flash-drive-600x600.jpg 600w, https:\/\/www.yousanusb.com\/wp-content\/uploads\/2025\/06\/custom-metal-card-usb-flash-drive-100x100.jpg 100w\" sizes=\"(max-width: 800px) 100vw, 800px\" \/><\/figure>\n<\/div>\n\n\n\n<div class=\"wp-block-column is-layout-flow wp-block-column-is-layout-flow\">\n<figure class=\"wp-block-image size-full\"><img loading=\"lazy\" decoding=\"async\" width=\"800\" height=\"800\" src=\"https:\/\/yousanusb.com\/wp-content\/uploads\/2025\/06\/metal-usb-business-card.jpg\" alt=\"\" class=\"wp-image-16699\" srcset=\"https:\/\/www.yousanusb.com\/wp-content\/uploads\/2025\/06\/metal-usb-business-card.jpg 800w, https:\/\/www.yousanusb.com\/wp-content\/uploads\/2025\/06\/metal-usb-business-card-300x300.jpg 300w, https:\/\/www.yousanusb.com\/wp-content\/uploads\/2025\/06\/metal-usb-business-card-150x150.jpg 150w, https:\/\/www.yousanusb.com\/wp-content\/uploads\/2025\/06\/metal-usb-business-card-768x768.jpg 768w, https:\/\/www.yousanusb.com\/wp-content\/uploads\/2025\/06\/metal-usb-business-card-12x12.jpg 12w, https:\/\/www.yousanusb.com\/wp-content\/uploads\/2025\/06\/metal-usb-business-card-600x600.jpg 600w, https:\/\/www.yousanusb.com\/wp-content\/uploads\/2025\/06\/metal-usb-business-card-100x100.jpg 100w\" sizes=\"(max-width: 800px) 100vw, 800px\" \/><\/figure>\n<\/div>\n\n\n\n<div class=\"wp-block-column is-layout-flow wp-block-column-is-layout-flow\">\n<figure class=\"wp-block-image size-full\"><img loading=\"lazy\" decoding=\"async\" width=\"800\" height=\"800\" src=\"https:\/\/yousanusb.com\/wp-content\/uploads\/2025\/06\/Metal-Card-USB-Flash-Drive-Usage-Diagram.jpg\" alt=\"Diagrama de uso de la memoria USB Metal Card\" class=\"wp-image-16696\" srcset=\"https:\/\/www.yousanusb.com\/wp-content\/uploads\/2025\/06\/Metal-Card-USB-Flash-Drive-Usage-Diagram.jpg 800w, https:\/\/www.yousanusb.com\/wp-content\/uploads\/2025\/06\/Metal-Card-USB-Flash-Drive-Usage-Diagram-300x300.jpg 300w, https:\/\/www.yousanusb.com\/wp-content\/uploads\/2025\/06\/Metal-Card-USB-Flash-Drive-Usage-Diagram-150x150.jpg 150w, https:\/\/www.yousanusb.com\/wp-content\/uploads\/2025\/06\/Metal-Card-USB-Flash-Drive-Usage-Diagram-768x768.jpg 768w, https:\/\/www.yousanusb.com\/wp-content\/uploads\/2025\/06\/Metal-Card-USB-Flash-Drive-Usage-Diagram-12x12.jpg 12w, https:\/\/www.yousanusb.com\/wp-content\/uploads\/2025\/06\/Metal-Card-USB-Flash-Drive-Usage-Diagram-600x600.jpg 600w, https:\/\/www.yousanusb.com\/wp-content\/uploads\/2025\/06\/Metal-Card-USB-Flash-Drive-Usage-Diagram-100x100.jpg 100w\" sizes=\"(max-width: 800px) 100vw, 800px\" \/><\/figure>\n<\/div>\n<\/div>\n\n\n\n<p>En resumen, esta unidad flash USB 3.0 de metal con chip longboard combina velocidades de v\u00e9rtigo (USB 3.0), gran capacidad (8-128 GB), gran durabilidad (construcci\u00f3n met\u00e1lica), colores elegantes y marca personalizable. Ya sea para realizar copias de seguridad de datos, compartir archivos o como regalo de empresa, es una soluci\u00f3n de almacenamiento port\u00e1til fiable y atractiva que tambi\u00e9n puede utilizarse como tarjeta de visita profesional.<\/p>","protected":false},"excerpt":{"rendered":"<ul>\n<li>Aleaci\u00f3n de aluminio<\/li>\n<li>Se pueden elegir casi todos los colores.<\/li>\n<li>Carcasa met\u00e1lica: acabado cepillado y superficie lisa<\/li>\n<li>Admite el grabado por l\u00e1ser<\/li>\n<li>MOQ:100pcs<\/li>\n<\/ul>","protected":false},"featured_media":16697,"comment_status":"open","ping_status":"closed","template":"","meta":{"_seopress_robots_primary_cat":"none","_seopress_titles_title":"","_seopress_titles_desc":"","_seopress_robots_index":""},"class_list":["post-16684","product","type-product","status-publish","has-post-thumbnail","hentry","product_cat-usb30-flash-drive","product_cat-card-usb-flash-drive","product_tag-aluminium-card-usb-flash-drive","product_tag-aluminum-flash-drive","product_tag-metal-card-usb-drive","product_tag-usb3-0-card-shaped-drive"],"_links":{"self":[{"href":"https:\/\/www.yousanusb.com\/es\/wp-json\/wp\/v2\/product\/16684"}],"collection":[{"href":"https:\/\/www.yousanusb.com\/es\/wp-json\/wp\/v2\/product"}],"about":[{"href":"https:\/\/www.yousanusb.com\/es\/wp-json\/wp\/v2\/types\/product"}],"replies":[{"embeddable":true,"href":"https:\/\/www.yousanusb.com\/es\/wp-json\/wp\/v2\/comments?post=16684"}],"wp:featuredmedia":[{"embeddable":true,"href":"https:\/\/www.yousanusb.com\/es\/wp-json\/wp\/v2\/media\/16697"}],"wp:attachment":[{"href":"https:\/\/www.yousanusb.com\/es\/wp-json\/wp\/v2\/media?parent=16684"}],"curies":[{"name":"wp","href":"https:\/\/api.w.org\/{rel}","templated":true}]}}