{"id":16783,"date":"2025-06-10T06:36:45","date_gmt":"2025-06-10T06:36:45","guid":{"rendered":"https:\/\/yousanusb.com\/?post_type=product&#038;p=16783"},"modified":"2025-11-13T12:55:02","modified_gmt":"2025-11-13T12:55:02","slug":"metal-chubby-usb-flash-drive-the-best-metal-usb-drive","status":"publish","type":"product","link":"https:\/\/www.yousanusb.com\/es\/producto\/metal-chubby-usb-flash-drive-the-best-metal-usb-drive\/","title":{"rendered":"Memoria USB Metal Chubby: La mejor memoria USB de metal"},"content":{"rendered":"<p>En el mercado de las unidades flash USB, la unidad flash USB Metal Chubby destaca por su dise\u00f1o redondo y mini giratorio de 360\u00b0 sin tapa, el material totalmente met\u00e1lico de su cuerpo y sus atributos de regalo de alto rendimiento econ\u00f3mico. Se ha convertido en una opci\u00f3n popular para regalos corporativos personalizados y almacenamiento port\u00e1til personal. <\/p>\n\n\n\n<p>Su bonita forma \"gordita\" con textura met\u00e1lica duradera no s\u00f3lo satisface las necesidades diarias de almacenamiento eficiente, sino que tambi\u00e9n puede utilizarse como accesorio de moda o regalo de empresa, \u00a1haciendo que el almacenamiento de datos deje de ser mon\u00f3tono!<\/p>\n\n\n\n<h2 class=\"wp-block-heading\">1 Estilo de dise\u00f1o de la memoria USB Chubby de metal<\/h2>\n\n\n\n<p>La memoria USB Metal Chubby presenta un estilo mini cute. El cuerpo adopta un dise\u00f1o sin tapa que gira 360\u00b0, con un dise\u00f1o giratorio integrado de tapa met\u00e1lica y cuerpo. Permite cambiar libremente de interfaz mediante un cojinete de precisi\u00f3n, eliminando la preocupaci\u00f3n de perder la tapa protectora y protegiendo eficazmente la interfaz USB del polvo y el desgaste. A diferencia de la forma plana de las memorias USB tradicionales, tiene un cuerpo cil\u00edndrico redondo con unas dimensiones de s\u00f3lo 39\u00d716\u00d78 mm y un peso aproximado de 20 g.<\/p>\n\n\n\n<div class=\"wp-block-columns is-layout-flex wp-container-core-columns-is-layout-1 wp-block-columns-is-layout-flex\">\n<div class=\"wp-block-column is-layout-flow wp-block-column-is-layout-flow\">\n<figure class=\"wp-block-image size-full is-resized\"><img fetchpriority=\"high\" decoding=\"async\" width=\"800\" height=\"800\" src=\"https:\/\/www.yousanusb.com\/wp-content\/uploads\/2025\/10\/mini-metal-usb3.0-flash-memory.jpg\" alt=\"\" class=\"wp-image-19949\" style=\"aspect-ratio:1;width:387px;height:auto\" srcset=\"https:\/\/www.yousanusb.com\/wp-content\/uploads\/2025\/10\/mini-metal-usb3.0-flash-memory.jpg 800w, https:\/\/www.yousanusb.com\/wp-content\/uploads\/2025\/10\/mini-metal-usb3.0-flash-memory-300x300.jpg 300w, https:\/\/www.yousanusb.com\/wp-content\/uploads\/2025\/10\/mini-metal-usb3.0-flash-memory-150x150.jpg 150w, https:\/\/www.yousanusb.com\/wp-content\/uploads\/2025\/10\/mini-metal-usb3.0-flash-memory-768x768.jpg 768w, https:\/\/www.yousanusb.com\/wp-content\/uploads\/2025\/10\/mini-metal-usb3.0-flash-memory-12x12.jpg 12w, https:\/\/www.yousanusb.com\/wp-content\/uploads\/2025\/10\/mini-metal-usb3.0-flash-memory-600x600.jpg 600w, https:\/\/www.yousanusb.com\/wp-content\/uploads\/2025\/10\/mini-metal-usb3.0-flash-memory-100x100.jpg 100w\" sizes=\"(max-width: 800px) 100vw, 800px\" \/><\/figure>\n<\/div>\n\n\n\n<div class=\"wp-block-column is-layout-flow wp-block-column-is-layout-flow\">\n<figure class=\"wp-block-image size-full\"><img decoding=\"async\" width=\"800\" height=\"800\" src=\"https:\/\/www.yousanusb.com\/wp-content\/uploads\/2025\/10\/metal-otg-usb3.0-flash-drive.jpg\" alt=\"\" class=\"wp-image-19948\" srcset=\"https:\/\/www.yousanusb.com\/wp-content\/uploads\/2025\/10\/metal-otg-usb3.0-flash-drive.jpg 800w, https:\/\/www.yousanusb.com\/wp-content\/uploads\/2025\/10\/metal-otg-usb3.0-flash-drive-300x300.jpg 300w, https:\/\/www.yousanusb.com\/wp-content\/uploads\/2025\/10\/metal-otg-usb3.0-flash-drive-150x150.jpg 150w, https:\/\/www.yousanusb.com\/wp-content\/uploads\/2025\/10\/metal-otg-usb3.0-flash-drive-768x768.jpg 768w, https:\/\/www.yousanusb.com\/wp-content\/uploads\/2025\/10\/metal-otg-usb3.0-flash-drive-12x12.jpg 12w, https:\/\/www.yousanusb.com\/wp-content\/uploads\/2025\/10\/metal-otg-usb3.0-flash-drive-600x600.jpg 600w, https:\/\/www.yousanusb.com\/wp-content\/uploads\/2025\/10\/metal-otg-usb3.0-flash-drive-100x100.jpg 100w\" sizes=\"(max-width: 800px) 100vw, 800px\" \/><\/figure>\n<\/div>\n\n\n\n<div class=\"wp-block-column is-layout-flow wp-block-column-is-layout-flow\">\n<figure class=\"wp-block-image size-full\"><img decoding=\"async\" width=\"800\" height=\"800\" src=\"https:\/\/www.yousanusb.com\/wp-content\/uploads\/2025\/10\/golden-metal-usb3.0-flash-drive.jpg\" alt=\"\" class=\"wp-image-19947\" srcset=\"https:\/\/www.yousanusb.com\/wp-content\/uploads\/2025\/10\/golden-metal-usb3.0-flash-drive.jpg 800w, https:\/\/www.yousanusb.com\/wp-content\/uploads\/2025\/10\/golden-metal-usb3.0-flash-drive-300x300.jpg 300w, https:\/\/www.yousanusb.com\/wp-content\/uploads\/2025\/10\/golden-metal-usb3.0-flash-drive-150x150.jpg 150w, https:\/\/www.yousanusb.com\/wp-content\/uploads\/2025\/10\/golden-metal-usb3.0-flash-drive-768x768.jpg 768w, https:\/\/www.yousanusb.com\/wp-content\/uploads\/2025\/10\/golden-metal-usb3.0-flash-drive-12x12.jpg 12w, https:\/\/www.yousanusb.com\/wp-content\/uploads\/2025\/10\/golden-metal-usb3.0-flash-drive-600x600.jpg 600w, https:\/\/www.yousanusb.com\/wp-content\/uploads\/2025\/10\/golden-metal-usb3.0-flash-drive-100x100.jpg 100w\" sizes=\"(max-width: 800px) 100vw, 800px\" \/><\/figure>\n<\/div>\n<\/div>\n\n\n\n<p>Material totalmente met\u00e1lico: Carcasa de acero inoxidable\/aleaci\u00f3n de zinc, tratada con esmerilado o galvanoplastia, con textura de alta calidad y duradera, agarre c\u00f3modo, resistencia a la presi\u00f3n y resistencia a las ca\u00eddas. Todav\u00eda puede funcionar normalmente despu\u00e9s de una prueba de ca\u00edda de 1,2 metros, equilibrando la sensaci\u00f3n de la mano y la durabilidad. Tanto si se guarda en un bolsillo como si se cuelga de un llavero, puede convertirse en un llamativo punto de atracci\u00f3n.<\/p>\n\n\n\n<h2 class=\"wp-block-heading\">2\u3001Interfaces y par\u00e1metros de la memoria USB Metal Chubby?<\/h2>\n\n\n\n<p>La memoria USB Metal Chubby ofrece interfaces USB2.0 ordinarias y USB3.0\/USB3.1 de alta velocidad opcionales para adaptarse a las necesidades de transmisi\u00f3n de distintos dispositivos. A continuaci\u00f3n se muestra una tabla de par\u00e1metros detallada:<\/p>\n\n\n\n<figure class=\"wp-block-table\"><table class=\"has-fixed-layout\"><thead><tr><th>Par\u00e1metro Elemento<\/th><th>Versi\u00f3n USB2.0<\/th><th>Versi\u00f3n USB3.0<\/th><th>Versi\u00f3n USB3.1<\/th><\/tr><\/thead><tbody><tr><td>Tasa de transferencia<\/td><td>Lectura\u224835MB\/s, Escritura\u224815MB\/s<\/td><td>Lectura\u2248150MB\/s, Escritura\u224850MB\/s<\/td><td>Lectura\u2248500MB\/s, Escritura\u2248200MB\/s<\/td><\/tr><tr><td>Tama\u00f1o del cuerpo<\/td><td>Di\u00e1metro 28mm\u00d7Altura 45mm<\/td><td>Di\u00e1metro 28mm\u00d7Altura 45mm<\/td><td>Di\u00e1metro 28mm\u00d7Altura 45mm<\/td><\/tr><tr><td>Peso corporal<\/td><td>Aprox. 22 g<\/td><td>Aprox. 22 g<\/td><td>Aprox. 22 g<\/td><\/tr><tr><td>Material de la carcasa<\/td><td>Aleaci\u00f3n de aluminio (anodizado)<\/td><td>Aleaci\u00f3n de aluminio (anodizado)<\/td><td>Aleaci\u00f3n de aluminio (anodizado)<\/td><\/tr><tr><td>Sistemas compatibles<\/td><td>Windows\/macOS\/Linux<\/td><td>Windows\/macOS\/Linux<\/td><td>Windows\/macOS\/Linux<\/td><\/tr><tr><td>Caracter\u00edsticas especiales<\/td><td>Dise\u00f1o sin tapa giratorio 360<\/td><td>Dise\u00f1o sin tapa giratorio 360<\/td><td>Dise\u00f1o sin tapa giratorio 360<\/td><\/tr><\/tbody><\/table><\/figure>\n\n\n\n<div class=\"wp-block-columns is-layout-flex wp-container-core-columns-is-layout-2 wp-block-columns-is-layout-flex\">\n<div class=\"wp-block-column is-layout-flow wp-block-column-is-layout-flow\">\n<figure class=\"wp-block-image size-full\"><img loading=\"lazy\" decoding=\"async\" width=\"800\" height=\"800\" src=\"https:\/\/www.yousanusb.com\/wp-content\/uploads\/2025\/10\/silver-metal-usb-c-usb3.0-flash-drive.jpg\" alt=\"\" class=\"wp-image-19950\" srcset=\"https:\/\/www.yousanusb.com\/wp-content\/uploads\/2025\/10\/silver-metal-usb-c-usb3.0-flash-drive.jpg 800w, https:\/\/www.yousanusb.com\/wp-content\/uploads\/2025\/10\/silver-metal-usb-c-usb3.0-flash-drive-300x300.jpg 300w, https:\/\/www.yousanusb.com\/wp-content\/uploads\/2025\/10\/silver-metal-usb-c-usb3.0-flash-drive-150x150.jpg 150w, https:\/\/www.yousanusb.com\/wp-content\/uploads\/2025\/10\/silver-metal-usb-c-usb3.0-flash-drive-768x768.jpg 768w, https:\/\/www.yousanusb.com\/wp-content\/uploads\/2025\/10\/silver-metal-usb-c-usb3.0-flash-drive-12x12.jpg 12w, https:\/\/www.yousanusb.com\/wp-content\/uploads\/2025\/10\/silver-metal-usb-c-usb3.0-flash-drive-600x600.jpg 600w, https:\/\/www.yousanusb.com\/wp-content\/uploads\/2025\/10\/silver-metal-usb-c-usb3.0-flash-drive-100x100.jpg 100w\" sizes=\"(max-width: 800px) 100vw, 800px\" \/><\/figure>\n<\/div>\n\n\n\n<div class=\"wp-block-column is-layout-flow wp-block-column-is-layout-flow\"><div class=\"wp-block-image\">\n<figure class=\"aligncenter size-full\"><img loading=\"lazy\" decoding=\"async\" width=\"800\" height=\"800\" src=\"https:\/\/yousanusb.com\/wp-content\/uploads\/2025\/06\/Metal-Chubby-USB-Flash-Drive.jpg\" alt=\"Memoria USB Chubby de metal\" class=\"wp-image-16804\" srcset=\"https:\/\/www.yousanusb.com\/wp-content\/uploads\/2025\/06\/Metal-Chubby-USB-Flash-Drive.jpg 800w, https:\/\/www.yousanusb.com\/wp-content\/uploads\/2025\/06\/Metal-Chubby-USB-Flash-Drive-300x300.jpg 300w, https:\/\/www.yousanusb.com\/wp-content\/uploads\/2025\/06\/Metal-Chubby-USB-Flash-Drive-150x150.jpg 150w, https:\/\/www.yousanusb.com\/wp-content\/uploads\/2025\/06\/Metal-Chubby-USB-Flash-Drive-768x768.jpg 768w, https:\/\/www.yousanusb.com\/wp-content\/uploads\/2025\/06\/Metal-Chubby-USB-Flash-Drive-12x12.jpg 12w, https:\/\/www.yousanusb.com\/wp-content\/uploads\/2025\/06\/Metal-Chubby-USB-Flash-Drive-600x600.jpg 600w, https:\/\/www.yousanusb.com\/wp-content\/uploads\/2025\/06\/Metal-Chubby-USB-Flash-Drive-100x100.jpg 100w\" sizes=\"(max-width: 800px) 100vw, 800px\" \/><\/figure><\/div><\/div>\n<\/div>\n\n\n\n<p><\/p>\n\n\n\n<h2 class=\"wp-block-heading\">3. \u00bfColores y capacidades de la memoria USB Metal Chubby?<\/h2>\n\n\n\n<h3 class=\"wp-block-heading\">1. Tres opciones de color, con la plata siendo la primera opci\u00f3n para 80% de los usuarios.<\/h3>\n\n\n\n<p>Ofrece tres opciones de color cl\u00e1sicas: oro, plata y oro rosa. Entre ellos, el plateado acapara 80% de las ventas y se ha convertido en la opci\u00f3n m\u00e1s popular.<\/p>\n\n\n\n<ul class=\"wp-block-list\">\n<li>Plata: Sencillo y elegante, vers\u00e1til para todos los escenarios. El brillo met\u00e1lico es delicado y discreto, resistente a la suciedad y f\u00e1cil de limpiar. Es adecuado para usuarios que buscan una textura discreta, ya sea en reuniones de negocios o en el uso diario.<\/li>\n\n\n\n<li>De oro: Lujoso y llamativo, mejora la calidad de los regalos. Ideal para personalizaciones corporativas de gama alta o regalos navide\u00f1os.<\/li>\n\n\n\n<li>Oro rosa: Suave y a la moda, muy apreciado por las usuarias. Su aspecto es m\u00e1s delicado cuando se combina con tel\u00e9fonos m\u00f3viles y ordenadores port\u00e1tiles.<\/li>\n<\/ul>\n\n\n\n<div class=\"wp-block-columns is-layout-flex wp-container-core-columns-is-layout-3 wp-block-columns-is-layout-flex\">\n<div class=\"wp-block-column is-layout-flow wp-block-column-is-layout-flow\">\n<figure class=\"wp-block-image size-full\"><img loading=\"lazy\" decoding=\"async\" width=\"800\" height=\"800\" src=\"https:\/\/yousanusb.com\/wp-content\/uploads\/2025\/06\/Rose-Gold-Metal-USB-3.0-Chubby-Flash-Drive.jpg\" alt=\"Rose Gold Metal USB 3.0 Chubby Flash Drive\" class=\"wp-image-16805\" srcset=\"https:\/\/www.yousanusb.com\/wp-content\/uploads\/2025\/06\/Rose-Gold-Metal-USB-3.0-Chubby-Flash-Drive.jpg 800w, https:\/\/www.yousanusb.com\/wp-content\/uploads\/2025\/06\/Rose-Gold-Metal-USB-3.0-Chubby-Flash-Drive-300x300.jpg 300w, https:\/\/www.yousanusb.com\/wp-content\/uploads\/2025\/06\/Rose-Gold-Metal-USB-3.0-Chubby-Flash-Drive-150x150.jpg 150w, https:\/\/www.yousanusb.com\/wp-content\/uploads\/2025\/06\/Rose-Gold-Metal-USB-3.0-Chubby-Flash-Drive-768x768.jpg 768w, https:\/\/www.yousanusb.com\/wp-content\/uploads\/2025\/06\/Rose-Gold-Metal-USB-3.0-Chubby-Flash-Drive-12x12.jpg 12w, https:\/\/www.yousanusb.com\/wp-content\/uploads\/2025\/06\/Rose-Gold-Metal-USB-3.0-Chubby-Flash-Drive-600x600.jpg 600w, https:\/\/www.yousanusb.com\/wp-content\/uploads\/2025\/06\/Rose-Gold-Metal-USB-3.0-Chubby-Flash-Drive-100x100.jpg 100w\" sizes=\"(max-width: 800px) 100vw, 800px\" \/><\/figure>\n<\/div>\n\n\n\n<div class=\"wp-block-column is-layout-flow wp-block-column-is-layout-flow\">\n<figure class=\"wp-block-image size-full\"><img loading=\"lazy\" decoding=\"async\" width=\"800\" height=\"800\" src=\"https:\/\/www.yousanusb.com\/wp-content\/uploads\/2025\/06\/Metal-Chubby-USB-Drive-Manufacturer.jpg\" alt=\"Metal Chubby USB Drive Manufacturer\" class=\"wp-image-16802\" srcset=\"https:\/\/www.yousanusb.com\/wp-content\/uploads\/2025\/06\/Metal-Chubby-USB-Drive-Manufacturer.jpg 800w, https:\/\/www.yousanusb.com\/wp-content\/uploads\/2025\/06\/Metal-Chubby-USB-Drive-Manufacturer-300x300.jpg 300w, https:\/\/www.yousanusb.com\/wp-content\/uploads\/2025\/06\/Metal-Chubby-USB-Drive-Manufacturer-150x150.jpg 150w, https:\/\/www.yousanusb.com\/wp-content\/uploads\/2025\/06\/Metal-Chubby-USB-Drive-Manufacturer-768x768.jpg 768w, https:\/\/www.yousanusb.com\/wp-content\/uploads\/2025\/06\/Metal-Chubby-USB-Drive-Manufacturer-12x12.jpg 12w, https:\/\/www.yousanusb.com\/wp-content\/uploads\/2025\/06\/Metal-Chubby-USB-Drive-Manufacturer-600x600.jpg 600w, https:\/\/www.yousanusb.com\/wp-content\/uploads\/2025\/06\/Metal-Chubby-USB-Drive-Manufacturer-100x100.jpg 100w\" sizes=\"(max-width: 800px) 100vw, 800px\" \/><\/figure>\n<\/div>\n\n\n\n<div class=\"wp-block-column is-layout-flow wp-block-column-is-layout-flow\">\n<figure class=\"wp-block-image size-full\"><img loading=\"lazy\" decoding=\"async\" width=\"800\" height=\"800\" src=\"https:\/\/yousanusb.com\/wp-content\/uploads\/2025\/06\/Gold-Metal-USB-3.0-Chubby-Flash-Drive.jpg\" alt=\"Gold Metal USB 3.0 Chubby Flash Drive\" class=\"wp-image-16799\" srcset=\"https:\/\/www.yousanusb.com\/wp-content\/uploads\/2025\/06\/Gold-Metal-USB-3.0-Chubby-Flash-Drive.jpg 800w, https:\/\/www.yousanusb.com\/wp-content\/uploads\/2025\/06\/Gold-Metal-USB-3.0-Chubby-Flash-Drive-300x300.jpg 300w, https:\/\/www.yousanusb.com\/wp-content\/uploads\/2025\/06\/Gold-Metal-USB-3.0-Chubby-Flash-Drive-150x150.jpg 150w, https:\/\/www.yousanusb.com\/wp-content\/uploads\/2025\/06\/Gold-Metal-USB-3.0-Chubby-Flash-Drive-768x768.jpg 768w, https:\/\/www.yousanusb.com\/wp-content\/uploads\/2025\/06\/Gold-Metal-USB-3.0-Chubby-Flash-Drive-12x12.jpg 12w, https:\/\/www.yousanusb.com\/wp-content\/uploads\/2025\/06\/Gold-Metal-USB-3.0-Chubby-Flash-Drive-600x600.jpg 600w, https:\/\/www.yousanusb.com\/wp-content\/uploads\/2025\/06\/Gold-Metal-USB-3.0-Chubby-Flash-Drive-100x100.jpg 100w\" sizes=\"(max-width: 800px) 100vw, 800px\" \/><\/figure>\n<\/div>\n<\/div>\n\n\n\n<h3 class=\"wp-block-heading\">2. Cuatro grados de capacidad para satisfacer diferentes necesidades de almacenamiento<\/h3>\n\n\n\n<p>Ofrece varias capacidades: 1GB, 2GB, 4GB, 8GB, 16GB, 32GB, 64GB, 128GB, 256GB, 512GB.<\/p>\n\n\n\n<ul class=\"wp-block-list\">\n<li>8GB\/16GB: Adecuado para almacenar archivos ligeros como documentos y PPT, la primera opci\u00f3n para estudiantes o transmisi\u00f3n temporal.<\/li>\n\n\n\n<li>32 GB\/64 GB: satisface el almacenamiento de fotos de alta definici\u00f3n y v\u00eddeos cortos, esenciales para el trabajo diario de oficina y la ampliaci\u00f3n del tel\u00e9fono m\u00f3vil.<\/li>\n\n\n\n<li>128GB\/256GB\/512GB: Admite el almacenamiento de v\u00eddeos 4K y archivos de dise\u00f1o de gran tama\u00f1o, un compa\u00f1ero de trabajo eficiente para dise\u00f1adores y fot\u00f3grafos.<\/li>\n<\/ul>\n\n\n\n<h2 class=\"wp-block-heading\">\u00bfSe puede personalizar la memoria USB Metal Chubby con un logotipo?<\/h2>\n\n\n\n<h3 class=\"wp-block-heading\">1. Personalizaci\u00f3n a doble cara, dos procesos opcionales<\/h3>\n\n\n\n<div class=\"wp-block-columns is-layout-flex wp-container-core-columns-is-layout-4 wp-block-columns-is-layout-flex\">\n<div class=\"wp-block-column is-layout-flow wp-block-column-is-layout-flow\">\n<figure class=\"wp-block-image size-full\"><img loading=\"lazy\" decoding=\"async\" width=\"800\" height=\"600\" src=\"https:\/\/www.yousanusb.com\/wp-content\/uploads\/2025\/06\/1\u7ec4-1-1.jpg\" alt=\"1\u7ec4 1 (1)\" class=\"wp-image-16914\" srcset=\"https:\/\/www.yousanusb.com\/wp-content\/uploads\/2025\/06\/1\u7ec4-1-1.jpg 800w, https:\/\/www.yousanusb.com\/wp-content\/uploads\/2025\/06\/1\u7ec4-1-1-300x225.jpg 300w, https:\/\/www.yousanusb.com\/wp-content\/uploads\/2025\/06\/1\u7ec4-1-1-768x576.jpg 768w, https:\/\/www.yousanusb.com\/wp-content\/uploads\/2025\/06\/1\u7ec4-1-1-16x12.jpg 16w, https:\/\/www.yousanusb.com\/wp-content\/uploads\/2025\/06\/1\u7ec4-1-1-600x450.jpg 600w\" sizes=\"(max-width: 800px) 100vw, 800px\" \/><\/figure>\n<\/div>\n\n\n\n<div class=\"wp-block-column is-vertically-aligned-center is-layout-flow wp-block-column-is-layout-flow\">\n<p>Admite la personalizaci\u00f3n del logotipo tanto en el anverso como en el reverso de la memoria USB, con dos procesos de alta precisi\u00f3n disponibles:<\/p>\n\n\n\n<ul class=\"wp-block-list\">\n<li>Grabado por l\u00e1ser: Grabado del logotipo en la superficie met\u00e1lica mediante l\u00e1ser, con una profundidad de 0,05 mm, resistente al desgaste y a la decoloraci\u00f3n, presentando una textura mate discreta, adecuada para logotipos corporativos sencillos y de gama alta o firmas personales.<\/li>\n\n\n\n<li>Serigraf\u00eda en color: Utilizando tecnolog\u00eda de serigraf\u00eda para restaurar patrones coloridos, soportando colores degradados y dise\u00f1os complejos, con colores brillantes y duraderos. La cantidad m\u00ednima de pedido es tan bajo como 50 piezas, adecuado para regalos de eventos y promoci\u00f3n de la marca.<\/li>\n<\/ul>\n<\/div>\n<\/div>\n\n\n\n<h3 class=\"wp-block-heading\">2. Personalizaci\u00f3n del embalaje, opciones est\u00e1ndar y mejoradas<\/h3>\n\n\n\n<div class=\"wp-block-columns is-layout-flex wp-container-core-columns-is-layout-5 wp-block-columns-is-layout-flex\">\n<div class=\"wp-block-column is-layout-flow wp-block-column-is-layout-flow\" style=\"flex-basis:33.33%\">\n<figure class=\"wp-block-image size-full\"><img loading=\"lazy\" decoding=\"async\" width=\"717\" height=\"717\" src=\"https:\/\/www.yousanusb.com\/wp-content\/uploads\/2025\/06\/Carabiner-Clasp-Metal-USB-Flash-Drive-Package-Box.png\" alt=\"Mosquet\u00f3n - Cierre Metal USB Flash Drive Paquete Caja\" class=\"wp-image-17254\" srcset=\"https:\/\/www.yousanusb.com\/wp-content\/uploads\/2025\/06\/Carabiner-Clasp-Metal-USB-Flash-Drive-Package-Box.png 717w, https:\/\/www.yousanusb.com\/wp-content\/uploads\/2025\/06\/Carabiner-Clasp-Metal-USB-Flash-Drive-Package-Box-300x300.png 300w, https:\/\/www.yousanusb.com\/wp-content\/uploads\/2025\/06\/Carabiner-Clasp-Metal-USB-Flash-Drive-Package-Box-150x150.png 150w, https:\/\/www.yousanusb.com\/wp-content\/uploads\/2025\/06\/Carabiner-Clasp-Metal-USB-Flash-Drive-Package-Box-12x12.png 12w, https:\/\/www.yousanusb.com\/wp-content\/uploads\/2025\/06\/Carabiner-Clasp-Metal-USB-Flash-Drive-Package-Box-600x600.png 600w, https:\/\/www.yousanusb.com\/wp-content\/uploads\/2025\/06\/Carabiner-Clasp-Metal-USB-Flash-Drive-Package-Box-100x100.png 100w\" sizes=\"(max-width: 717px) 100vw, 717px\" \/><\/figure>\n<\/div>\n\n\n\n<div class=\"wp-block-column is-vertically-aligned-center is-layout-flow wp-block-column-is-layout-flow\" style=\"flex-basis:66.66%\">\n<ul class=\"wp-block-list\">\n<li>Embalaje est\u00e1ndar: Bolsas transparentes de PP (ecol\u00f3gicas y ligeras, adecuadas para la adquisici\u00f3n a granel) o embalaje en caja de hierro (a prueba de golpes y resistente a la presi\u00f3n, mejora la sensaci\u00f3n de regalo).<\/li>\n\n\n\n<li>Embalaje personalizado: Cajas de regalo, bolsas de terciopelo, cajas de almacenamiento de cuero, etc., que se pueden imprimir con logotipos de marca, satisfaciendo las necesidades de regalos de empresa, regalos de exposici\u00f3n y otros escenarios (ciclo de personalizaci\u00f3n del embalaje: 7-10 d\u00edas laborables).<\/li>\n<\/ul>\n<\/div>\n<\/div>\n\n\n\n<h2 class=\"wp-block-heading\">Preguntas frecuentes sobre la memoria USB Metal Chubby<\/h2>\n\n\n\n<h3 class=\"wp-block-heading\">P1: \u00bfPueden los tel\u00e9fonos m\u00f3viles utilizar directamente esta memoria USB?<\/h3>\n\n\n\n<p>R: Los tel\u00e9fonos Android\/tel\u00e9fonos con interfaz Tipo-C con funci\u00f3n OTG pueden leer directamente los datos con una versi\u00f3n USB3.0\/USB3.1 y un adaptador (algunos dispositivos iOS necesitan usar un adaptador Lightning).<\/p>\n\n\n\n<h3 class=\"wp-block-heading\">P2: \u00bfC\u00f3mo elegir las distintas versiones de la interfaz?<\/h3>\n\n\n\n<p>R: USB2.0 es rentable para el trabajo diario de oficina; para transmitir archivos de gran tama\u00f1o (como v\u00eddeos y archivos fuente de dise\u00f1o), se recomienda elegir las versiones de alta velocidad USB3.0\/USB3.1, cuya velocidad de transmisi\u00f3n se multiplica por m\u00e1s de 10 como m\u00e1ximo.<\/p>\n\n\n\n<div class=\"wp-block-columns is-layout-flex wp-container-core-columns-is-layout-6 wp-block-columns-is-layout-flex\">\n<div class=\"wp-block-column is-layout-flow wp-block-column-is-layout-flow\">\n<figure class=\"wp-block-image size-full\"><img loading=\"lazy\" decoding=\"async\" width=\"800\" height=\"800\" src=\"https:\/\/yousanusb.com\/wp-content\/uploads\/2025\/06\/Metal-Chubby-USB-Drive-sizes.jpg\" alt=\"Metal Chubby USB Drive sizes\" class=\"wp-image-16803\" srcset=\"https:\/\/www.yousanusb.com\/wp-content\/uploads\/2025\/06\/Metal-Chubby-USB-Drive-sizes.jpg 800w, https:\/\/www.yousanusb.com\/wp-content\/uploads\/2025\/06\/Metal-Chubby-USB-Drive-sizes-300x300.jpg 300w, https:\/\/www.yousanusb.com\/wp-content\/uploads\/2025\/06\/Metal-Chubby-USB-Drive-sizes-150x150.jpg 150w, https:\/\/www.yousanusb.com\/wp-content\/uploads\/2025\/06\/Metal-Chubby-USB-Drive-sizes-768x768.jpg 768w, https:\/\/www.yousanusb.com\/wp-content\/uploads\/2025\/06\/Metal-Chubby-USB-Drive-sizes-12x12.jpg 12w, https:\/\/www.yousanusb.com\/wp-content\/uploads\/2025\/06\/Metal-Chubby-USB-Drive-sizes-600x600.jpg 600w, https:\/\/www.yousanusb.com\/wp-content\/uploads\/2025\/06\/Metal-Chubby-USB-Drive-sizes-100x100.jpg 100w\" sizes=\"(max-width: 800px) 100vw, 800px\" \/><\/figure>\n<\/div>\n\n\n\n<div class=\"wp-block-column is-layout-flow wp-block-column-is-layout-flow\">\n<figure class=\"wp-block-image size-full\"><img loading=\"lazy\" decoding=\"async\" width=\"800\" height=\"800\" src=\"https:\/\/yousanusb.com\/wp-content\/uploads\/2025\/06\/Metal-Chubby-USB-Drive-Manufacturer.jpg\" alt=\"Metal Chubby USB Drive Manufacturer\" class=\"wp-image-16802\" srcset=\"https:\/\/www.yousanusb.com\/wp-content\/uploads\/2025\/06\/Metal-Chubby-USB-Drive-Manufacturer.jpg 800w, https:\/\/www.yousanusb.com\/wp-content\/uploads\/2025\/06\/Metal-Chubby-USB-Drive-Manufacturer-300x300.jpg 300w, https:\/\/www.yousanusb.com\/wp-content\/uploads\/2025\/06\/Metal-Chubby-USB-Drive-Manufacturer-150x150.jpg 150w, https:\/\/www.yousanusb.com\/wp-content\/uploads\/2025\/06\/Metal-Chubby-USB-Drive-Manufacturer-768x768.jpg 768w, https:\/\/www.yousanusb.com\/wp-content\/uploads\/2025\/06\/Metal-Chubby-USB-Drive-Manufacturer-12x12.jpg 12w, https:\/\/www.yousanusb.com\/wp-content\/uploads\/2025\/06\/Metal-Chubby-USB-Drive-Manufacturer-600x600.jpg 600w, https:\/\/www.yousanusb.com\/wp-content\/uploads\/2025\/06\/Metal-Chubby-USB-Drive-Manufacturer-100x100.jpg 100w\" sizes=\"(max-width: 800px) 100vw, 800px\" \/><\/figure>\n<\/div>\n\n\n\n<div class=\"wp-block-column is-layout-flow wp-block-column-is-layout-flow\">\n<figure class=\"wp-block-image size-full\"><img loading=\"lazy\" decoding=\"async\" width=\"800\" height=\"800\" src=\"https:\/\/yousanusb.com\/wp-content\/uploads\/2025\/06\/How-to-Use-Metal-Chubby-USB-Drive.jpg\" alt=\"How to Use Metal Chubby USB Drive\" class=\"wp-image-16800\" srcset=\"https:\/\/www.yousanusb.com\/wp-content\/uploads\/2025\/06\/How-to-Use-Metal-Chubby-USB-Drive.jpg 800w, https:\/\/www.yousanusb.com\/wp-content\/uploads\/2025\/06\/How-to-Use-Metal-Chubby-USB-Drive-300x300.jpg 300w, https:\/\/www.yousanusb.com\/wp-content\/uploads\/2025\/06\/How-to-Use-Metal-Chubby-USB-Drive-150x150.jpg 150w, https:\/\/www.yousanusb.com\/wp-content\/uploads\/2025\/06\/How-to-Use-Metal-Chubby-USB-Drive-768x768.jpg 768w, https:\/\/www.yousanusb.com\/wp-content\/uploads\/2025\/06\/How-to-Use-Metal-Chubby-USB-Drive-12x12.jpg 12w, https:\/\/www.yousanusb.com\/wp-content\/uploads\/2025\/06\/How-to-Use-Metal-Chubby-USB-Drive-600x600.jpg 600w, https:\/\/www.yousanusb.com\/wp-content\/uploads\/2025\/06\/How-to-Use-Metal-Chubby-USB-Drive-100x100.jpg 100w\" sizes=\"(max-width: 800px) 100vw, 800px\" \/><\/figure>\n<\/div>\n<\/div>\n\n\n\n<p>La unidad flash USB Metal Chubby resuelve los problemas de las unidades flash USB tradicionales con su dise\u00f1o sin tapa que gira 360\u00b0. El cuerpo totalmente met\u00e1lico equilibra durabilidad y aspecto. Las tres opciones de color y las m\u00faltiples configuraciones de capacidad satisfacen las necesidades personalizadas. Tambi\u00e9n admite la personalizaci\u00f3n del logotipo a doble cara y la mejora del embalaje, lo que la convierte en una herramienta de almacenamiento vers\u00e1til para regalos de empresa, art\u00edculos de papeler\u00eda para estudiantes y necesidades del lugar de trabajo. <\/p>\n\n\n\n<p>Tanto si se utiliza como regalo de empresa para transmitir el valor de la marca como para uso personal para mejorar la eficiencia, puede convertirse en su \"gordito de confianza\" para el almacenamiento de datos gracias a su bonita forma y su rendimiento estable.<\/p>","protected":false},"excerpt":{"rendered":"<ul>\n<li>360\u00b0 Rotating Lidless Design<\/li>\n<li>All-Metal Body<\/li>\n<li>Three Colors Available<\/li>\n<li>Multiple Capacity Options<\/li>\n<li>MOQ:100pcs<\/li>\n<\/ul>","protected":false},"featured_media":16804,"comment_status":"open","ping_status":"closed","template":"","meta":{"_seopress_robots_primary_cat":"none","_seopress_titles_title":"","_seopress_titles_desc":"","_seopress_robots_index":""},"class_list":["post-16783","product","type-product","status-publish","has-post-thumbnail","hentry","product_cat-usb30-flash-drive","product_cat-metal-usb-flash-drive","product_cat-mini-usb-flash-drive","product_cat-rotating-usb-flash-drive","product_tag-chubby-usb-flash-drive","product_tag-rose-gold-usb-flash-drive","product_tag-custom-metal-keychain-usb-flash-drive","product_tag-buy-metal-leather-usb-flash-drive"],"_links":{"self":[{"href":"https:\/\/www.yousanusb.com\/es\/wp-json\/wp\/v2\/product\/16783"}],"collection":[{"href":"https:\/\/www.yousanusb.com\/es\/wp-json\/wp\/v2\/product"}],"about":[{"href":"https:\/\/www.yousanusb.com\/es\/wp-json\/wp\/v2\/types\/product"}],"replies":[{"embeddable":true,"href":"https:\/\/www.yousanusb.com\/es\/wp-json\/wp\/v2\/comments?post=16783"}],"wp:featuredmedia":[{"embeddable":true,"href":"https:\/\/www.yousanusb.com\/es\/wp-json\/wp\/v2\/media\/16804"}],"wp:attachment":[{"href":"https:\/\/www.yousanusb.com\/es\/wp-json\/wp\/v2\/media?parent=16783"}],"curies":[{"name":"wp","href":"https:\/\/api.w.org\/{rel}","templated":true}]}}