{"id":16892,"date":"2025-06-11T03:23:52","date_gmt":"2025-06-11T03:23:52","guid":{"rendered":"https:\/\/yousanusb.com\/?post_type=product&#038;p=16892"},"modified":"2025-11-04T09:06:15","modified_gmt":"2025-11-04T09:06:15","slug":"usb3-0-small-round-wooden-usb-flash-drive","status":"publish","type":"product","link":"https:\/\/www.yousanusb.com\/es\/producto\/usb3-0-small-round-wooden-usb-flash-drive\/","title":{"rendered":"USB3.0 Peque\u00f1a Memoria USB Redonda de Madera"},"content":{"rendered":"<p>La peque\u00f1a memoria USB redonda de madera USB3.0 sigue la tradici\u00f3n del dise\u00f1o minimalista, con un aspecto limpio y suave. La tapa con hebilla magn\u00e9tica permite abrirla y cerrarla en un solo paso, protegiendo la interfaz USB del polvo. Ofrece una variedad de materiales naturales, como madera en bruto, arce, caoba, bamb\u00fa carbonizado y madera de bamb\u00fa. Cada material est\u00e1 hecho de madera natural, con colores y texturas uniformes y naturales, garantizando la singularidad y belleza de cada unidad USB.<\/p>\n\n\n\n<h2 class=\"wp-block-heading\">Interfaz y par\u00e1metros: Transmisi\u00f3n de alta velocidad, estable y fiable<\/h2>\n\n\n\n<p>La peque\u00f1a memoria USB redonda de madera USB3.0 est\u00e1 equipada con interfaces USB3.0 y USB3.1 de alta velocidad, lo que permite una r\u00e1pida transmisi\u00f3n de datos y mejora enormemente la eficacia del trabajo. Tambi\u00e9n es compatible con interfaces USB2.0, lo que elimina los problemas de compatibilidad con dispositivos antiguos. Los par\u00e1metros detallados son los siguientes:<\/p>\n\n\n\n<figure class=\"wp-block-table\"><table class=\"has-fixed-layout\"><thead><tr><th><strong>Nombre del par\u00e1metro<\/strong><\/th><th><strong>Par\u00e1metro Valor<\/strong><\/th><\/tr><\/thead><tbody><tr><td>Tipo de interfaz<\/td><td>USB3.0, USB3.1 (compatible con versiones anteriores de USB2.0)<\/td><\/tr><tr><td>Velocidad de transmisi\u00f3n<\/td><td>Lectura: Hasta 100 MB\/s<br>Escritura: Hasta 60 MB\/s<\/td><\/tr><tr><td>Rango de capacidad<\/td><td>8GB, 16GB, 32GB, 64GB, 128GB<\/td><\/tr><tr><td>Dimensiones<\/td><td>Longitud: 60 mm<br>Di\u00e1metro: 10 mm<\/td><\/tr><tr><td>Peso<\/td><td>Aproximadamente 15 g<\/td><\/tr><tr><td>Material<\/td><td>Madera en bruto, arce, caoba, bamb\u00fa carbonizado, madera de bamb\u00fa<\/td><\/tr><tr><td>Compatibilidad del sistema<\/td><td>Windows XP\/7\/8\/10, Mac OS 10.0 y superior<\/td><\/tr><\/tbody><\/table><\/figure>\n\n\n\n<div class=\"wp-block-columns are-vertically-aligned-center is-layout-flex wp-container-core-columns-is-layout-1 wp-block-columns-is-layout-flex\">\n<div class=\"wp-block-column is-vertically-aligned-center is-layout-flow wp-block-column-is-layout-flow\"><div class=\"wp-block-image\">\n<figure class=\"aligncenter size-full is-resized\"><img fetchpriority=\"high\" decoding=\"async\" width=\"800\" height=\"800\" src=\"https:\/\/www.yousanusb.com\/wp-content\/uploads\/2025\/06\/mini-rotating-usb-flash-drive.png\" alt=\"\" class=\"wp-image-23435\" style=\"width:584px;height:auto\" srcset=\"https:\/\/www.yousanusb.com\/wp-content\/uploads\/2025\/06\/mini-rotating-usb-flash-drive.png 800w, https:\/\/www.yousanusb.com\/wp-content\/uploads\/2025\/06\/mini-rotating-usb-flash-drive-300x300.png 300w, https:\/\/www.yousanusb.com\/wp-content\/uploads\/2025\/06\/mini-rotating-usb-flash-drive-150x150.png 150w, https:\/\/www.yousanusb.com\/wp-content\/uploads\/2025\/06\/mini-rotating-usb-flash-drive-768x768.png 768w, https:\/\/www.yousanusb.com\/wp-content\/uploads\/2025\/06\/mini-rotating-usb-flash-drive-12x12.png 12w, https:\/\/www.yousanusb.com\/wp-content\/uploads\/2025\/06\/mini-rotating-usb-flash-drive-600x600.png 600w, https:\/\/www.yousanusb.com\/wp-content\/uploads\/2025\/06\/mini-rotating-usb-flash-drive-100x100.png 100w\" sizes=\"(max-width: 800px) 100vw, 800px\" \/><figcaption class=\"wp-element-caption\">peque\u00f1a memoria USB redonda de madera<\/figcaption><\/figure><\/div><\/div>\n\n\n\n<div class=\"wp-block-column is-vertically-aligned-center is-layout-flow wp-block-column-is-layout-flow\">\n<h2 class=\"wp-block-heading\">\u00bfQu\u00e9 materiales se utilizan para la peque\u00f1a memoria USB redonda de madera?<br><\/h2>\n\n\n\n<p>a memoria USB USB 3.0 peque\u00f1a redonda de madera est\u00e1 disponible en una gran variedad de materiales, como madera en bruto, arce, caoba, bamb\u00fa carbonizado, madera de bamb\u00fa, etc. Cada material tiene su color y textura \u00fanicos, mostrando diferentes encantos naturales.<\/p>\n<\/div>\n<\/div>\n\n\n\n<div class=\"wp-block-columns are-vertically-aligned-center is-layout-flex wp-container-core-columns-is-layout-2 wp-block-columns-is-layout-flex\">\n<div class=\"wp-block-column is-vertically-aligned-center is-layout-flow wp-block-column-is-layout-flow\"><div class=\"wp-block-image\">\n<figure class=\"aligncenter size-full\"><img decoding=\"async\" width=\"800\" height=\"800\" src=\"https:\/\/www.yousanusb.com\/wp-content\/uploads\/2025\/06\/mini-wood-rotating-usb-flash-drive.png\" alt=\"\" class=\"wp-image-23436\" srcset=\"https:\/\/www.yousanusb.com\/wp-content\/uploads\/2025\/06\/mini-wood-rotating-usb-flash-drive.png 800w, https:\/\/www.yousanusb.com\/wp-content\/uploads\/2025\/06\/mini-wood-rotating-usb-flash-drive-300x300.png 300w, https:\/\/www.yousanusb.com\/wp-content\/uploads\/2025\/06\/mini-wood-rotating-usb-flash-drive-150x150.png 150w, https:\/\/www.yousanusb.com\/wp-content\/uploads\/2025\/06\/mini-wood-rotating-usb-flash-drive-768x768.png 768w, https:\/\/www.yousanusb.com\/wp-content\/uploads\/2025\/06\/mini-wood-rotating-usb-flash-drive-12x12.png 12w, https:\/\/www.yousanusb.com\/wp-content\/uploads\/2025\/06\/mini-wood-rotating-usb-flash-drive-600x600.png 600w, https:\/\/www.yousanusb.com\/wp-content\/uploads\/2025\/06\/mini-wood-rotating-usb-flash-drive-100x100.png 100w\" sizes=\"(max-width: 800px) 100vw, 800px\" \/><figcaption class=\"wp-element-caption\">Raw Wood USB3.0 Peque\u00f1a Memoria USB Redonda de Madera<br><\/figcaption><\/figure><\/div><\/div>\n\n\n\n<div class=\"wp-block-column is-vertically-aligned-center is-layout-flow wp-block-column-is-layout-flow\">\n<h2 class=\"wp-block-heading\">Raw Wood USB3.0 Peque\u00f1a Memoria USB Redonda de Madera<br><\/h2>\n\n\n\n<p>La memoria USB Log USB3.0 Small Round Wood destaca por su encanto r\u00fastico. Est\u00e1 hecha de \u00e1rboles naturales con una textura \u00e1spera y natural. Cada memoria USB tiene un patr\u00f3n de grano de madera \u00fanico en diferentes tonos de un c\u00e1lido tono marr\u00f3n-amarillo que muestra la belleza artesanal de la naturaleza.<\/p>\n\n\n\n<p>El c\u00e1lido color marr\u00f3n es resistente al desgaste y antideslizante. Su material destaca la sostenibilidad medioambiental: la superficie de madera est\u00e1 tratada con aceite y cera, que es impermeable y resistente a las grietas, y resulta m\u00e1s c\u00e1lida (suave y c\u00e1lida) al tacto tras un uso prolongado. Este original estilo es adecuado para usuarios que siguen un estilo de vida minimalista o un entorno de oficina, ya que a\u00f1ade una textura c\u00e1lida a la memoria USB.<\/p>\n<\/div>\n<\/div>\n\n\n\n<div class=\"wp-block-columns is-layout-flex wp-container-core-columns-is-layout-3 wp-block-columns-is-layout-flex\">\n<div class=\"wp-block-column is-layout-flow wp-block-column-is-layout-flow\"><div class=\"wp-block-image\">\n<figure class=\"aligncenter size-full\"><img decoding=\"async\" width=\"800\" height=\"800\" src=\"https:\/\/www.yousanusb.com\/wp-content\/uploads\/2025\/06\/Maple-USB3.0-Small-Round-Wooden-USB-Flash-Drive.jpg\" alt=\"\" class=\"wp-image-23440\" srcset=\"https:\/\/www.yousanusb.com\/wp-content\/uploads\/2025\/06\/Maple-USB3.0-Small-Round-Wooden-USB-Flash-Drive.jpg 800w, https:\/\/www.yousanusb.com\/wp-content\/uploads\/2025\/06\/Maple-USB3.0-Small-Round-Wooden-USB-Flash-Drive-300x300.jpg 300w, https:\/\/www.yousanusb.com\/wp-content\/uploads\/2025\/06\/Maple-USB3.0-Small-Round-Wooden-USB-Flash-Drive-150x150.jpg 150w, https:\/\/www.yousanusb.com\/wp-content\/uploads\/2025\/06\/Maple-USB3.0-Small-Round-Wooden-USB-Flash-Drive-768x768.jpg 768w, https:\/\/www.yousanusb.com\/wp-content\/uploads\/2025\/06\/Maple-USB3.0-Small-Round-Wooden-USB-Flash-Drive-12x12.jpg 12w, https:\/\/www.yousanusb.com\/wp-content\/uploads\/2025\/06\/Maple-USB3.0-Small-Round-Wooden-USB-Flash-Drive-600x600.jpg 600w, https:\/\/www.yousanusb.com\/wp-content\/uploads\/2025\/06\/Maple-USB3.0-Small-Round-Wooden-USB-Flash-Drive-100x100.jpg 100w\" sizes=\"(max-width: 800px) 100vw, 800px\" \/><figcaption class=\"wp-element-caption\">Memoria USB de madera redonda peque\u00f1a USB3.0 de arce<\/figcaption><\/figure><\/div><\/div>\n\n\n\n<div class=\"wp-block-column is-vertically-aligned-center is-layout-flow wp-block-column-is-layout-flow\">\n<h2 class=\"wp-block-heading\">Memoria USB de madera redonda peque\u00f1a USB3.0 de arce<\/h2>\n\n\n\n<p>La peque\u00f1a unidad USB redonda de arce presenta una est\u00e9tica delicada. Presenta texturas finas y suaves, con un ligero color de base blanquecino y rayas de color rosa claro o marr\u00f3n, que crean un aspecto general brillante y fresco, igual que las delicadas venas de las hojas de arce.<\/p>\n\n\n\n<p>En cuanto a las propiedades del material, el arce tiene una dureza moderada, y la superficie est\u00e1 pulida hasta conseguir un acabado de espejo, antideslizante y resistente a los ara\u00f1azos. Este tono claro y su avanzada artesan\u00eda lo convierten en una opci\u00f3n ideal para trabajadores de cuello blanco y para regalar: colocarlo en un escritorio de oficina realza el ambiente de alta gama de todo el entorno.<\/p>\n<\/div>\n<\/div>\n\n\n\n<div class=\"wp-block-columns are-vertically-aligned-center is-layout-flex wp-container-core-columns-is-layout-4 wp-block-columns-is-layout-flex\">\n<div class=\"wp-block-column is-vertically-aligned-center is-layout-flow wp-block-column-is-layout-flow\"><div class=\"wp-block-image\">\n<figure class=\"aligncenter size-full\"><img loading=\"lazy\" decoding=\"async\" width=\"800\" height=\"800\" src=\"https:\/\/www.yousanusb.com\/wp-content\/uploads\/2025\/06\/mahogany-wood-usb-flash-drive.jpg\" alt=\"\" class=\"wp-image-23439\" srcset=\"https:\/\/www.yousanusb.com\/wp-content\/uploads\/2025\/06\/mahogany-wood-usb-flash-drive.jpg 800w, https:\/\/www.yousanusb.com\/wp-content\/uploads\/2025\/06\/mahogany-wood-usb-flash-drive-300x300.jpg 300w, https:\/\/www.yousanusb.com\/wp-content\/uploads\/2025\/06\/mahogany-wood-usb-flash-drive-150x150.jpg 150w, https:\/\/www.yousanusb.com\/wp-content\/uploads\/2025\/06\/mahogany-wood-usb-flash-drive-768x768.jpg 768w, https:\/\/www.yousanusb.com\/wp-content\/uploads\/2025\/06\/mahogany-wood-usb-flash-drive-12x12.jpg 12w, https:\/\/www.yousanusb.com\/wp-content\/uploads\/2025\/06\/mahogany-wood-usb-flash-drive-600x600.jpg 600w, https:\/\/www.yousanusb.com\/wp-content\/uploads\/2025\/06\/mahogany-wood-usb-flash-drive-100x100.jpg 100w\" sizes=\"(max-width: 800px) 100vw, 800px\" \/><figcaption class=\"wp-element-caption\">Memoria USB Caoba USB3.0 Redonda Peque\u00f1a de Madera<\/figcaption><\/figure><\/div><\/div>\n\n\n\n<div class=\"wp-block-column is-vertically-aligned-center is-layout-flow wp-block-column-is-layout-flow\">\n<h2 class=\"wp-block-heading\">Memoria USB Caoba USB3.0 Redonda Peque\u00f1a de Madera<\/h2>\n\n\n\n<p><br>La unidad USB 3.0 peque\u00f1a redonda de caoba emana un aire cl\u00e1sico y profundo. Con texturas profundas y tridimensionales en un tono rojo oscuro, adornadas con l\u00edneas marr\u00f3n dorado, crea un lujoso efecto visual.&nbsp;<\/p>\n\n\n\n<p>El color es estable y no desti\u00f1e. En cuanto a las propiedades del material, la durabilidad es mayor: la caoba tiene una alta densidad, es resistente al agua y a la presi\u00f3n, y su lustre se vuelve m\u00e1s aceitoso y brillante tras un uso prolongado. Este gran estilo hace que la unidad USB no s\u00f3lo sirva para almacenar, sino que tambi\u00e9n a\u00f1ade un valor de colecci\u00f3n, adecuado para reuniones de negocios u ocasiones de alto nivel para resaltar el sentido de estatus del usuario.<\/p>\n<\/div>\n<\/div>\n\n\n\n<div class=\"wp-block-columns are-vertically-aligned-center is-layout-flex wp-container-core-columns-is-layout-5 wp-block-columns-is-layout-flex\">\n<div class=\"wp-block-column is-vertically-aligned-center is-layout-flow wp-block-column-is-layout-flow\"><div class=\"wp-block-image\">\n<figure class=\"aligncenter size-full\"><img loading=\"lazy\" decoding=\"async\" width=\"800\" height=\"800\" src=\"https:\/\/www.yousanusb.com\/wp-content\/uploads\/2025\/06\/01_932e8226-0cfc-4ea2-a1c6-8bc8a0f99756.webp\" alt=\"\" class=\"wp-image-23438\" srcset=\"https:\/\/www.yousanusb.com\/wp-content\/uploads\/2025\/06\/01_932e8226-0cfc-4ea2-a1c6-8bc8a0f99756.webp 800w, https:\/\/www.yousanusb.com\/wp-content\/uploads\/2025\/06\/01_932e8226-0cfc-4ea2-a1c6-8bc8a0f99756-300x300.webp 300w, https:\/\/www.yousanusb.com\/wp-content\/uploads\/2025\/06\/01_932e8226-0cfc-4ea2-a1c6-8bc8a0f99756-150x150.webp 150w, https:\/\/www.yousanusb.com\/wp-content\/uploads\/2025\/06\/01_932e8226-0cfc-4ea2-a1c6-8bc8a0f99756-768x768.webp 768w, https:\/\/www.yousanusb.com\/wp-content\/uploads\/2025\/06\/01_932e8226-0cfc-4ea2-a1c6-8bc8a0f99756-12x12.webp 12w, https:\/\/www.yousanusb.com\/wp-content\/uploads\/2025\/06\/01_932e8226-0cfc-4ea2-a1c6-8bc8a0f99756-600x600.webp 600w, https:\/\/www.yousanusb.com\/wp-content\/uploads\/2025\/06\/01_932e8226-0cfc-4ea2-a1c6-8bc8a0f99756-100x100.webp 100w\" sizes=\"(max-width: 800px) 100vw, 800px\" \/><figcaption class=\"wp-element-caption\">Memoria USB redonda de madera de bamb\u00fa carbonizado USB3.0<\/figcaption><\/figure><\/div><\/div>\n\n\n\n<div class=\"wp-block-column is-vertically-aligned-center is-layout-flow wp-block-column-is-layout-flow\">\n<h2 class=\"wp-block-heading\">Memoria USB redonda peque\u00f1a de madera de bamb\u00fa carbonizado USB3.0<\/h2>\n\n\n\n<p><br>El modelo de bamb\u00fa carbonizado presenta impresiones de grano de bamb\u00fa con profundidades entrelazadas, presentando un color negro intenso o marr\u00f3n carb\u00f3n, uniforme y profundo, que imita el efecto art\u00edstico tras la cocci\u00f3n.<\/p>\n\n\n\n<p>En cuanto a las propiedades del material, se ha seleccionado bamb\u00fa carbonizado de alta resistencia, que es ligero y resistente al desgaste, impermeable e ign\u00edfugo, y cuya superficie permanece lisa como nueva. Esta combinaci\u00f3n de colores negro y marr\u00f3n con un dise\u00f1o moderno atrae a los entusiastas de la tecnolog\u00eda, y la unidad USB equilibra la practicidad con el respeto al medio ambiente, representando un consumo sostenible.<\/p>\n<\/div>\n<\/div>\n\n\n\n<h2 class=\"wp-block-heading\">\u00bfEs compatible la memoria USB USB 3.0 peque\u00f1a redonda de madera con logotipos personalizados?<\/h2>\n\n\n\n<ul class=\"wp-block-list\">\n<li><strong>Grabado por l\u00e1ser<\/strong>: Utilizando la tecnolog\u00eda l\u00e1ser fina, el logotipo est\u00e1 grabado en la superficie de madera, clara y permanente, no se desvanece, y no astillado, adecuado para regalos de empresa.<\/li>\n\n\n\n<li><strong>Proceso de serigraf\u00eda<\/strong>: El logotipo con colores vistosos se superpone mediante serigraf\u00eda, con colores vivos y llamativos, eficiente para la producci\u00f3n en masa.<\/li>\n<\/ul>\n\n\n\n<p>El embalaje tambi\u00e9n admite logotipos personalizados. El embalaje est\u00e1ndar incluye bolsas de PP o cajas de hierro (resistentes al aplastamiento y ecol\u00f3gicas), y puede ampliarse a cajas blancas, cajas de madera o cajas de regalo impresas con elementos de la marca. Para grandes clientes o necesidades al por mayor, ofrecemos servicios OEM\/ODM para responder r\u00e1pidamente a propuestas de dise\u00f1o de logotipos. Ya sea para empresas B2B, regalos promocionales o recuerdos personales, las memorias USB personalizadas pueden resaltar una imagen profesional.<\/p>\n\n\n\n<h2 class=\"wp-block-heading\">Preguntas frecuentes<\/h2>\n\n\n\n<h2 class=\"wp-block-heading\">\u00bfPor qu\u00e9 los fot\u00f3grafos eligen este modelo?<\/h2>\n\n\n\n<p>Los fot\u00f3grafos necesitan transferir y almacenar con frecuencia grandes cantidades de fotos y v\u00eddeos de alta definici\u00f3n, lo que impone unas exigencias extremadamente altas a la velocidad de transmisi\u00f3n y la estabilidad de las unidades USB. La unidad flash USB3.0 de madera peque\u00f1a y redonda presenta un dise\u00f1o minimalista y compacto, gran capacidad (hasta 64 GB) y velocidad r\u00e1pida (120 MB\/s de lectura), que permite almacenar r\u00e1pidamente fotos RAW o v\u00eddeos 4K, cumpliendo con los flujos de trabajo fotogr\u00e1ficos y ahorrando un tiempo considerable.<\/p>\n\n\n\n<p>Adem\u00e1s, los fot\u00f3grafos suelen prestar atenci\u00f3n a la imagen personal y a la exhibici\u00f3n de la marca. Esta unidad USB puede personalizarse con un logotipo exclusivo, resaltando la personalidad del fot\u00f3grafo y las caracter\u00edsticas de su marca, convirti\u00e9ndose as\u00ed en la primera opci\u00f3n para los fot\u00f3grafos.<\/p>\n\n\n\n<h2 class=\"wp-block-heading\">\u00bfCu\u00e1les son las opciones de embalaje de la peque\u00f1a unidad USB redonda?<\/h2>\n\n\n\n<p>La peque\u00f1a unidad USB redonda ofrece diversas opciones de embalaje. Adem\u00e1s de las bolsas est\u00e1ndar de PP y el embalaje en caja de hierro, tambi\u00e9n hay cajas blancas, cajas de madera, cajas de regalo, etc. Todos los embalajes pueden personalizarse con logotipos, lo que hace que su unidad USB sea m\u00e1s elegante para regalos o promociones corporativas.<\/p>\n\n\n\n<ul class=\"wp-block-list\">\n<li>El envasado en bolsas de PP es sencillo y ligero, adecuado para el uso diario y la compra al por mayor.<\/li>\n\n\n\n<li>El embalaje de la caja de hierro es resistente y duradero, y protege bien la unidad USB al tiempo que tiene un cierto atractivo est\u00e9tico.<\/li>\n\n\n\n<li>El embalaje en caja blanca es sencillo y elegante, adecuado para regalar.<\/li>\n\n\n\n<li>El embalaje en caja de madera se hace eco del material de la unidad USB, lleno de aliento natural, resaltando la calidad de gama alta.<\/li>\n\n\n\n<li>El envoltorio de la caja de regalo es m\u00e1s exquisito y bonito, adecuado para ocasiones de regalo importantes, haciendo que su regalo sea m\u00e1s presentable.<\/li>\n\n\n\n<li><\/li>\n<\/ul>\n\n\n\n<p>La unidad flash USB 3.0 peque\u00f1a de madera redonda se ha convertido en l\u00edder del mercado de almacenamiento de datos gracias a su dise\u00f1o minimalista, sus materiales naturales, su rendimiento de transmisi\u00f3n a alta velocidad y sus amplias opciones de personalizaci\u00f3n. Tanto para usuarios particulares como para clientes corporativos, esta unidad USB ofrece funciones destacadas que satisfacen sus necesidades. Para las empresas, su compatibilidad con logotipos y embalajes personalizados la convierte en una excelente opci\u00f3n para mejorar la imagen de marca y llevar a cabo actividades de marketing.<\/p>\n\n\n\n<p>Para mayoristas y fabricantes de USB, esta popular unidad USB de madera tiene amplias perspectivas de mercado. Si busca una unidad USB que combine belleza y practicidad o necesita personalizar un lote de regalos de marca exclusivos, la memoria USB 3.0 peque\u00f1a redonda de madera es sin duda su mejor elecci\u00f3n.<\/p>\n\n\n\n<p><\/p>","protected":false},"excerpt":{"rendered":"<p>USB3.0 Peque\u00f1a tira redonda de madera unidad flash USB, con su dise\u00f1o simple, material original, el rendimiento de transmisi\u00f3n de alta velocidad y ricas opciones de personalizaci\u00f3n, apoyo logotipo personalizado y embalaje<\/p>","protected":false},"featured_media":23436,"comment_status":"open","ping_status":"closed","template":"","meta":{"_seopress_robots_primary_cat":"none","_seopress_titles_title":"","_seopress_titles_desc":"","_seopress_robots_index":""},"class_list":["post-16892","product","type-product","status-publish","has-post-thumbnail","hentry","product_cat-usb30-flash-drive","product_cat-wooden-usb-flash-drive","product_tag-simple-wooden-usb-drive"],"_links":{"self":[{"href":"https:\/\/www.yousanusb.com\/es\/wp-json\/wp\/v2\/product\/16892"}],"collection":[{"href":"https:\/\/www.yousanusb.com\/es\/wp-json\/wp\/v2\/product"}],"about":[{"href":"https:\/\/www.yousanusb.com\/es\/wp-json\/wp\/v2\/types\/product"}],"replies":[{"embeddable":true,"href":"https:\/\/www.yousanusb.com\/es\/wp-json\/wp\/v2\/comments?post=16892"}],"wp:featuredmedia":[{"embeddable":true,"href":"https:\/\/www.yousanusb.com\/es\/wp-json\/wp\/v2\/media\/23436"}],"wp:attachment":[{"href":"https:\/\/www.yousanusb.com\/es\/wp-json\/wp\/v2\/media?parent=16892"}],"curies":[{"name":"wp","href":"https:\/\/api.w.org\/{rel}","templated":true}]}}