{"id":17048,"date":"2025-06-12T09:22:55","date_gmt":"2025-06-12T09:22:55","guid":{"rendered":"https:\/\/yousanusb.com\/?post_type=product&#038;p=17048"},"modified":"2025-11-13T12:58:44","modified_gmt":"2025-11-13T12:58:44","slug":"four-corner-flat-expandable-metal-usb-drive","status":"publish","type":"product","link":"https:\/\/www.yousanusb.com\/es\/producto\/four-corner-flat-expandable-metal-usb-drive\/","title":{"rendered":"Unidad USB met\u00e1lica expansible plana de cuatro esquinas"},"content":{"rendered":"<div class=\"wp-block-columns is-layout-flex wp-container-core-columns-is-layout-1 wp-block-columns-is-layout-flex\">\n<div class=\"wp-block-column is-layout-flow wp-block-column-is-layout-flow\">\n<figure class=\"wp-block-image size-full\"><img fetchpriority=\"high\" decoding=\"async\" width=\"800\" height=\"800\" src=\"https:\/\/yousanusb.com\/wp-content\/uploads\/2025\/06\/Four-Corner-Flat-Expandable-Metal-USB-Drive.jpg\" alt=\"Unidad USB met\u00e1lica expansible plana de cuatro esquinas\" class=\"wp-image-17053\" srcset=\"https:\/\/www.yousanusb.com\/wp-content\/uploads\/2025\/06\/Four-Corner-Flat-Expandable-Metal-USB-Drive.jpg 800w, https:\/\/www.yousanusb.com\/wp-content\/uploads\/2025\/06\/Four-Corner-Flat-Expandable-Metal-USB-Drive-300x300.jpg 300w, https:\/\/www.yousanusb.com\/wp-content\/uploads\/2025\/06\/Four-Corner-Flat-Expandable-Metal-USB-Drive-150x150.jpg 150w, https:\/\/www.yousanusb.com\/wp-content\/uploads\/2025\/06\/Four-Corner-Flat-Expandable-Metal-USB-Drive-768x768.jpg 768w, https:\/\/www.yousanusb.com\/wp-content\/uploads\/2025\/06\/Four-Corner-Flat-Expandable-Metal-USB-Drive-12x12.jpg 12w, https:\/\/www.yousanusb.com\/wp-content\/uploads\/2025\/06\/Four-Corner-Flat-Expandable-Metal-USB-Drive-600x600.jpg 600w, https:\/\/www.yousanusb.com\/wp-content\/uploads\/2025\/06\/Four-Corner-Flat-Expandable-Metal-USB-Drive-100x100.jpg 100w\" sizes=\"(max-width: 800px) 100vw, 800px\" \/><\/figure>\n<\/div>\n\n\n\n<div class=\"wp-block-column is-vertically-aligned-center is-layout-flow wp-block-column-is-layout-flow\">\n<h2 class=\"wp-block-heading\">\u00bfQu\u00e9 es la memoria USB met\u00e1lica plana de cuatro esquinas? <\/h2>\n\n\n\n<p>La unidad USB met\u00e1lica plana de cuatro esquinas es una herramienta de almacenamiento de alta calidad centrada en un estilo minimalista neutro. El cuerpo est\u00e1 fabricado en un material met\u00e1lico suave y delicado, tratado con un acabado brillante para presentar un lustre met\u00e1lico \u00fanico, que combina la resistencia al desgaste y a las ca\u00eddas con la textura visual.<\/p>\n\n\n\n<p>El dise\u00f1o redondeado de la cabeza plana de cuatro esquinas no tiene bordes afilados, lo que no s\u00f3lo hace que las operaciones de enchufado y desenchufado sean m\u00e1s suaves, sino que tambi\u00e9n se adapta a la palma de la mano para escenarios de uso de alta frecuencia. Ya sea para la oficina, la copia de seguridad de datos o la personalizaci\u00f3n de regalos, se convierte en una elecci\u00f3n que equilibra la practicidad y la apariencia con un aspecto discreto pero con clase.<\/p>\n<\/div>\n<\/div>\n\n\n\n<h2 class=\"wp-block-heading\">Metal plano Unidad USB Tipo de interfaz<\/h2>\n\n\n\n<p>Interfaz USB 3.0 de alta velocidad (puerto azul), compatible con plug-and-play, compatible con dispositivos USB 2.0\/1.1, sin necesidad de controladores adicionales, apto para sistemas convencionales como Windows\/macOS\/Linux, y puede ser le\u00eddo directamente por dispositivos como autorradios, televisores inteligentes y proyectores.<\/p>\n\n\n\n<figure class=\"wp-block-table\"><table class=\"has-fixed-layout\"><tbody><tr><td><strong>Categor\u00eda de par\u00e1metros<\/strong><\/td><td><strong>Informaci\u00f3n espec\u00edfica<\/strong><\/td><\/tr><tr><td>Capacidad<\/td><td>B\u00e1sico : 32GB\/64GB\/128GB\/256GB\/512GB\/1TB\/2TB <\/td><\/tr><tr><td>Dimensiones<\/td><td>37MM\u00d712MM\u00d75MM (tama\u00f1o de la palma de la mano, s\u00f3lo 5MM de grosor, f\u00e1cil de guardar en bolsillos\/llaveros)<\/td><\/tr><tr><td>Material<\/td><td>Cuerpo totalmente met\u00e1lico (superficie con acabado brillante, resistente a los ara\u00f1azos y al desgaste)<\/td><\/tr><tr><td>Color <\/td><td>Plata,Gunmetal <\/td><\/tr><tr><td>Velocidad de lectura\/escritura<\/td><td>- Velocidad de lectura: 20 MB\/s (interfaz USB 3.0) - Velocidad de escritura: 10 MB\/s (transmisi\u00f3n estable sin retardos)<\/td><\/tr><tr><td>Peso<\/td><td>20g <\/td><\/tr><\/tbody><\/table><\/figure>\n\n\n\n<h2 class=\"wp-block-heading\">Colores y capacidades de las memorias USB planas de metal<\/h2>\n\n\n\n<p>- <strong>Plata<\/strong>: Como la plata pura apagada a la luz de la ma\u00f1ana, el cuerpo plateado presenta un lustre met\u00e1lico casi impecable con un acabado brillante a nivel de espejo, que exuda un c\u00e1lido tono plateado a la luz natural, ocultando una lujosa textura con un estilo discreto. Este elegante color se adapta perfectamente a escenarios formales como reuniones de negocios, ceremonias de firma y foros de alto nivel, y adquiere un aspecto m\u00e1s refinado con el grabado del logotipo.<\/p>\n\n\n\n<p>- <strong>Gunmetal<\/strong>: El cuerpo gunmetal, un color met\u00e1lico mate profundo y fr\u00edo con una vibraci\u00f3n hardcore tech, utiliza un proceso de metal mate esmerilado, con un color profundo como el revestimiento duro y fr\u00edo de la superficie de un arma de fuego, que ofrece un toque delicado sin perder textura. El color gunmetal crea un ambiente de tecnolog\u00eda hardcore \"distante\" con su tono gris-negro de baja saturaci\u00f3n, destacando en el mont\u00f3n de productos digitales, especialmente adecuado para grupos que persiguen personalidad y funcionalidad, como programadores, dise\u00f1adores y jugadores de e-sports.<\/p>\n\n\n\n<div class=\"wp-block-columns is-layout-flex wp-container-core-columns-is-layout-2 wp-block-columns-is-layout-flex\">\n<div class=\"wp-block-column is-layout-flow wp-block-column-is-layout-flow\"><div class=\"wp-block-image\">\n<figure class=\"aligncenter size-full is-resized\"><img decoding=\"async\" width=\"750\" height=\"750\" src=\"https:\/\/yousanusb.com\/wp-content\/uploads\/2025\/06\/Personalized-Metal-Thumb-Drive.jpg\" alt=\"Pendrive met\u00e1lico personalizado\" class=\"wp-image-17055\" style=\"width:584px;height:auto\" srcset=\"https:\/\/www.yousanusb.com\/wp-content\/uploads\/2025\/06\/Personalized-Metal-Thumb-Drive.jpg 750w, https:\/\/www.yousanusb.com\/wp-content\/uploads\/2025\/06\/Personalized-Metal-Thumb-Drive-300x300.jpg 300w, https:\/\/www.yousanusb.com\/wp-content\/uploads\/2025\/06\/Personalized-Metal-Thumb-Drive-150x150.jpg 150w, https:\/\/www.yousanusb.com\/wp-content\/uploads\/2025\/06\/Personalized-Metal-Thumb-Drive-12x12.jpg 12w, https:\/\/www.yousanusb.com\/wp-content\/uploads\/2025\/06\/Personalized-Metal-Thumb-Drive-600x600.jpg 600w, https:\/\/www.yousanusb.com\/wp-content\/uploads\/2025\/06\/Personalized-Metal-Thumb-Drive-100x100.jpg 100w\" sizes=\"(max-width: 750px) 100vw, 750px\" \/><figcaption class=\"wp-element-caption\">Memoria USB plateada de cuatro esquinas de metal plano<\/figcaption><\/figure><\/div><\/div>\n\n\n\n<div class=\"wp-block-column is-layout-flow wp-block-column-is-layout-flow\"><div class=\"wp-block-image\">\n<figure class=\"aligncenter size-full is-resized\"><img decoding=\"async\" width=\"750\" height=\"750\" src=\"https:\/\/yousanusb.com\/wp-content\/uploads\/2025\/06\/Four-Corner-Flat-Metal-USB-Drive.jpg\" alt=\"Unidad USB met\u00e1lica plana de cuatro esquinas Gunmetal\" class=\"wp-image-17054\" style=\"width:584px;height:auto\" srcset=\"https:\/\/www.yousanusb.com\/wp-content\/uploads\/2025\/06\/Four-Corner-Flat-Metal-USB-Drive.jpg 750w, https:\/\/www.yousanusb.com\/wp-content\/uploads\/2025\/06\/Four-Corner-Flat-Metal-USB-Drive-300x300.jpg 300w, https:\/\/www.yousanusb.com\/wp-content\/uploads\/2025\/06\/Four-Corner-Flat-Metal-USB-Drive-150x150.jpg 150w, https:\/\/www.yousanusb.com\/wp-content\/uploads\/2025\/06\/Four-Corner-Flat-Metal-USB-Drive-12x12.jpg 12w, https:\/\/www.yousanusb.com\/wp-content\/uploads\/2025\/06\/Four-Corner-Flat-Metal-USB-Drive-600x600.jpg 600w, https:\/\/www.yousanusb.com\/wp-content\/uploads\/2025\/06\/Four-Corner-Flat-Metal-USB-Drive-100x100.jpg 100w\" sizes=\"(max-width: 750px) 100vw, 750px\" \/><figcaption class=\"wp-element-caption\">Unidad USB met\u00e1lica plana de cuatro esquinas Gunmetal<\/figcaption><\/figure><\/div><\/div>\n<\/div>\n\n\n\n<h3 class=\"wp-block-heading\">Opciones de ampliaci\u00f3n de gran capacidad <\/h3>\n\n\n\n<p>Desde el b\u00e1sico de 32 GB (adecuado para el almacenamiento diario de documentos) hasta el de 2 TB (puede almacenar m\u00e1s de 500 pel\u00edculas en alta definici\u00f3n o decenas de miles de fotos en formato RAW), admite ampliaciones de capacidad seg\u00fan sea necesario.<\/p>\n\n\n\n<p>Ya sea para la copia de seguridad del material did\u00e1ctico de los estudiantes, el almacenamiento del material de los dise\u00f1adores o el archivo de datos por lotes de la empresa, se puede encontrar una soluci\u00f3n adecuada gracias a la \"tecnolog\u00eda de expansi\u00f3n\", con lo que se dice adi\u00f3s a la molestia de sustituir con frecuencia las unidades USB.<\/p>\n\n\n\n<h2 class=\"wp-block-heading\">Soporte para grabado l\u00e1ser a doble cara LOGO<strong> <\/strong><\/h2>\n\n\n\n<div class=\"wp-block-columns is-layout-flex wp-container-core-columns-is-layout-3 wp-block-columns-is-layout-flex\">\n<div class=\"wp-block-column is-layout-flow wp-block-column-is-layout-flow\">\n<figure class=\"wp-block-image size-full\"><img loading=\"lazy\" decoding=\"async\" width=\"800\" height=\"800\" src=\"https:\/\/yousanusb.com\/wp-content\/uploads\/2025\/06\/Expandable-Metal-USB-Drive.jpg\" alt=\"Unidad USB met\u00e1lica expansible\" class=\"wp-image-17052\" srcset=\"https:\/\/www.yousanusb.com\/wp-content\/uploads\/2025\/06\/Expandable-Metal-USB-Drive.jpg 800w, https:\/\/www.yousanusb.com\/wp-content\/uploads\/2025\/06\/Expandable-Metal-USB-Drive-300x300.jpg 300w, https:\/\/www.yousanusb.com\/wp-content\/uploads\/2025\/06\/Expandable-Metal-USB-Drive-150x150.jpg 150w, https:\/\/www.yousanusb.com\/wp-content\/uploads\/2025\/06\/Expandable-Metal-USB-Drive-768x768.jpg 768w, https:\/\/www.yousanusb.com\/wp-content\/uploads\/2025\/06\/Expandable-Metal-USB-Drive-12x12.jpg 12w, https:\/\/www.yousanusb.com\/wp-content\/uploads\/2025\/06\/Expandable-Metal-USB-Drive-600x600.jpg 600w, https:\/\/www.yousanusb.com\/wp-content\/uploads\/2025\/06\/Expandable-Metal-USB-Drive-100x100.jpg 100w\" sizes=\"(max-width: 800px) 100vw, 800px\" \/><\/figure>\n<\/div>\n\n\n\n<div class=\"wp-block-column is-vertically-aligned-center is-layout-flow wp-block-column-is-layout-flow\">\n<p>- <strong>Personalizaci\u00f3n de la carrocer\u00eda<\/strong>: Tanto el anverso como el reverso pueden imprimirse con logotipos de empresa, esl\u00f3ganes de marca o motivos personalizados mediante tecnolog\u00eda de grabado por l\u00e1ser, con una precisi\u00f3n de 0,1 mm, y la escritura se conserva permanentemente sin decolorarse. El color de la base met\u00e1lica y las l\u00edneas de grabado forman un marcado contraste, mejorando el reconocimiento de la marca.<\/p>\n\n\n\n<p>- <strong>Personalizaci\u00f3n de envases<\/strong>: Est\u00e1ndar: Bolsa de PP (ligera y respetuosa con el medio ambiente, adecuada para la venta al por menor). Opciones de mejora: caja de hierro (a prueba de golpes y resistente a la presi\u00f3n, destacando la textura de gama alta), caja de papel personalizada (puede imprimir historias de marca \/ par\u00e1metros del producto, adecuado para regalos). Ya sea como regalos de aniversario de empresa, regalos de agradecimiento a socios o regalos de promoci\u00f3n de eventos, se pueden crear puntos de recuerdo de marca \u00fanicos mediante la personalizaci\u00f3n dual \"cuerpo + embalaje\".<\/p>\n<\/div>\n<\/div>\n\n\n\n<h2 class=\"wp-block-heading\">P1: \u00bfEs la carcasa de la unidad USB met\u00e1lica plana de cuatro esquinas impermeable y a prueba de humedad?<\/h2>\n\n\n\n<p>A1: Impermeable, a prueba de humedad y a prueba de polvo, \u00a1protecci\u00f3n de tres efectos! El cuerpo adopta un dise\u00f1o sellado totalmente met\u00e1lico, con material duro y resistente a las ca\u00eddas, que puede resistir las salpicaduras diarias, la erosi\u00f3n de la lluvia y los entornos polvorientos. Incluso si se cae accidentalmente en un vaso de agua o se lleva para escalar monta\u00f1as, la seguridad de los datos puede estar garantizada (nota: no apto para inmersi\u00f3n a largo plazo, por favor s\u00e9quelo a tiempo).<\/p>\n\n\n\n<h3 class=\"wp-block-heading\">P2: \u00bfSe puede llevar en un llavero? <\/h3>\n\n\n\n<p>A2: Llavero est\u00e1ndar, pr\u00e1ctico para colgar en cualquier sitio La unidad USB viene con un llavero desmontable, que se puede colgar f\u00e1cilmente en llaves, carteras y cremalleras de mochilas, no s\u00f3lo resolviendo el problema de la f\u00e1cil p\u00e9rdida de unidades USB, sino tambi\u00e9n utilizando el brillo del cuerpo met\u00e1lico como decoraci\u00f3n colgante, combinando practicidad y belleza.<\/p>\n\n\n\n<h3 class=\"wp-block-heading\">P3: \u00bfSon diferentes las velocidades de lectura y escritura seg\u00fan la capacidad?<\/h3>\n\n\n\n<p>A3: Velocidad estable, \u00a1independientemente de la capacidad! Ya sean de 32 GB o de 2 TB, todas utilizan una soluci\u00f3n de chip unificado. Bajo la interfaz USB 3.0, la velocidad de lectura es estable a 20MB\/s, y la velocidad de escritura es de 10MB\/s, sin reducir la eficiencia de transmisi\u00f3n debido al aumento de capacidad.<\/p>","protected":false},"excerpt":{"rendered":"<ul>\n<li>Estilo minimalista neutro<\/li>\n<li>Cuerpo met\u00e1lico<\/li>\n<li>Acabado brillante<\/li>\n<li>Resistente a ara\u00f1azos y golpes<\/li>\n<li>MOQ:100pcs<\/li>\n<\/ul>","protected":false},"featured_media":17053,"comment_status":"open","ping_status":"closed","template":"","meta":{"_seopress_robots_primary_cat":"none","_seopress_titles_title":"Four-Corner Flat Expandable Metal USB Drive","_seopress_titles_desc":"","_seopress_robots_index":""},"class_list":["post-17048","product","type-product","status-publish","has-post-thumbnail","hentry","product_cat-usb30-flash-drive","product_cat-metal-usb-flash-drive","product_cat-mini-usb-flash-drive","product_tag-four-corner-flat-metal-usb-drive","product_tag-custom-metal-keychain-usb-flash-drive","product_tag-buy-metal-leather-usb-flash-drive"],"_links":{"self":[{"href":"https:\/\/www.yousanusb.com\/es\/wp-json\/wp\/v2\/product\/17048"}],"collection":[{"href":"https:\/\/www.yousanusb.com\/es\/wp-json\/wp\/v2\/product"}],"about":[{"href":"https:\/\/www.yousanusb.com\/es\/wp-json\/wp\/v2\/types\/product"}],"replies":[{"embeddable":true,"href":"https:\/\/www.yousanusb.com\/es\/wp-json\/wp\/v2\/comments?post=17048"}],"wp:featuredmedia":[{"embeddable":true,"href":"https:\/\/www.yousanusb.com\/es\/wp-json\/wp\/v2\/media\/17053"}],"wp:attachment":[{"href":"https:\/\/www.yousanusb.com\/es\/wp-json\/wp\/v2\/media?parent=17048"}],"curies":[{"name":"wp","href":"https:\/\/api.w.org\/{rel}","templated":true}]}}