{"id":17058,"date":"2025-06-12T17:19:45","date_gmt":"2025-06-12T17:19:45","guid":{"rendered":"https:\/\/yousanusb.com\/?post_type=product&#038;p=17058"},"modified":"2025-10-06T00:24:20","modified_gmt":"2025-10-06T00:24:20","slug":"metal-usb-flash-drive-with-keyring","status":"publish","type":"product","link":"https:\/\/www.yousanusb.com\/es\/producto\/metal-usb-flash-drive-with-keyring\/","title":{"rendered":"\u00a0Memoria USB met\u00e1lica con llavero"},"content":{"rendered":"<p>La memoria USB met\u00e1lica con llavero es un producto innovador que integra profundamente el dise\u00f1o minimalista con la textura met\u00e1lica. Su ic\u00f3nico dise\u00f1o de hebilla anular perfila una silueta de est\u00e9tica moderna con arcos suaves, emparejada con un cuerpo met\u00e1lico liso pulido mediante 12 procesos precisos. <\/p>\n\n\n\n<p>De este modo, no s\u00f3lo se consigue la funci\u00f3n pr\u00e1ctica de \"colgar en cualquier parte, llevar con facilidad\", sino que tambi\u00e9n se redefine el referente est\u00e9tico de los dispositivos de almacenamiento m\u00f3viles con el exclusivo brillo fr\u00edo y el delicado tacto del metal.<\/p>\n\n\n\n<h2 class=\"wp-block-heading\">Interfaz y par\u00e1metros de la memoria USB de metal<\/h2>\n\n\n\n<p><\/p>\n\n\n\n<figure class=\"wp-block-table\"><table class=\"has-fixed-layout\"><tbody><tr><td><strong>Nombre<\/strong><\/td><td><strong>Especificaciones<\/strong><\/td><\/tr><tr><td>Tipo de interfaz<\/td><td>USB 2.0\/USB3.0<\/td><\/tr><tr><td>Capacidad<\/td><td>4GB\/8GB\/16GB\/32GB\/64GB\/128GB\/256GB\/512GB<\/td><\/tr><tr><td>Tallas<\/td><td>40\u00d712\u00d75mm (L\u00d7A\u00d7H)<\/td><\/tr><tr><td>Peso<\/td><td>18g<\/td><\/tr><tr><td>Velocidad de lectura\/escritura<\/td><td>Velocidad de lectura: \u224860MB\/sVelocidad de escritura: \u224825MB\/s<\/td><\/tr><tr><td>Material y proceso<\/td><td>Aleaci\u00f3n de aluminio de calidad aeron\u00e1utica<\/td><\/tr><tr><td>Nivel de protecci\u00f3n<\/td><td>IP54 (resistente al agua y al polvo)<\/td><\/tr><tr><td>Temperatura de funcionamiento<\/td><td>0\u2103~60\u2103<\/td><\/tr><tr><td>Temperatura de almacenamiento<\/td><td>-20\u2103~85\u2103<\/td><\/tr><\/tbody><\/table><\/figure>\n\n\n\n<div style=\"height:50px\" aria-hidden=\"true\" class=\"wp-block-spacer\"><\/div>\n\n\n\n<h2 class=\"wp-block-heading\">Memorias USB met\u00e1licas Colores<\/h2>\n\n\n\n<p>Tomando como base una aleaci\u00f3n de aluminio de calidad aeron\u00e1utica, esta memoria USB met\u00e1lica presenta tres esquemas de color cl\u00e1sicos mediante precisas t\u00e9cnicas de procesamiento del metal. Cada color interpreta en profundidad el encanto \u00fanico de los materiales met\u00e1licos, transformando la herramienta de almacenamiento en una \"obra de arte met\u00e1lica port\u00e1til\":<\/p>\n\n\n\n<div class=\"wp-block-columns is-layout-flex wp-container-core-columns-is-layout-1 wp-block-columns-is-layout-flex\">\n<div class=\"wp-block-column is-layout-flow wp-block-column-is-layout-flow\"><div class=\"wp-block-image\">\n<figure class=\"aligncenter size-full is-resized\"><img fetchpriority=\"high\" decoding=\"async\" width=\"1000\" height=\"1000\" src=\"https:\/\/yousanusb.com\/wp-content\/uploads\/2025\/06\/Gold-Metal-USB-Flash-Drive.jpg\" alt=\"Memoria USB de metal dorado\" class=\"wp-image-17064\" style=\"width:450px\" srcset=\"https:\/\/www.yousanusb.com\/wp-content\/uploads\/2025\/06\/Gold-Metal-USB-Flash-Drive.jpg 1000w, https:\/\/www.yousanusb.com\/wp-content\/uploads\/2025\/06\/Gold-Metal-USB-Flash-Drive-300x300.jpg 300w, https:\/\/www.yousanusb.com\/wp-content\/uploads\/2025\/06\/Gold-Metal-USB-Flash-Drive-150x150.jpg 150w, https:\/\/www.yousanusb.com\/wp-content\/uploads\/2025\/06\/Gold-Metal-USB-Flash-Drive-768x768.jpg 768w, https:\/\/www.yousanusb.com\/wp-content\/uploads\/2025\/06\/Gold-Metal-USB-Flash-Drive-12x12.jpg 12w, https:\/\/www.yousanusb.com\/wp-content\/uploads\/2025\/06\/Gold-Metal-USB-Flash-Drive-600x600.jpg 600w, https:\/\/www.yousanusb.com\/wp-content\/uploads\/2025\/06\/Gold-Metal-USB-Flash-Drive-100x100.jpg 100w\" sizes=\"(max-width: 1000px) 100vw, 1000px\" \/><\/figure><\/div><\/div>\n\n\n\n<div class=\"wp-block-column is-vertically-aligned-center is-layout-flow wp-block-column-is-layout-flow\">\n<h3 class=\"wp-block-heading\">1. Oro rosa <\/h3>\n\n\n\n<p>A diferencia de los mon\u00f3tonos colores de los materiales pl\u00e1sticos tradicionales, el oro rosa met\u00e1lico presenta sutiles cambios bajo distintas luces: un suave dorado champ\u00e1n con luz natural y un tenue tono rosado con luz c\u00e1lida.<\/p>\n\n\n\n<p>El fr\u00edo tacto met\u00e1lico y el c\u00e1lido brillo crean un adorable contraste, convirti\u00e9ndolo en un accesorio de acabado para conjuntos a la moda. Es adecuado para mujeres de cuello blanco que prestan atenci\u00f3n a la calidad de vida, blogueras de belleza o escenarios de regalos de lujo ligeros.<\/p>\n<\/div>\n<\/div>\n\n\n\n<div class=\"wp-block-columns are-vertically-aligned-center is-layout-flex wp-container-core-columns-is-layout-2 wp-block-columns-is-layout-flex\">\n<div class=\"wp-block-column is-vertically-aligned-center is-layout-flow wp-block-column-is-layout-flow\">\n<h3 class=\"wp-block-heading\">2. Negro obsidiana <\/h3>\n\n\n\n<p>La pel\u00edcula de \u00f3xido negro penetra profundamente en el sustrato met\u00e1lico en lugar de pintar la superficie, lo que elimina la preocupaci\u00f3n de que la pintura se descascarille y mantiene un negro puro intenso tras un uso prolongado. La superficie mate absorbe eficazmente las huellas dactilares, manteniendo el aspecto limpio incluso con frecuentes enchufes y desenchufes.<\/p>\n\n\n\n<p>Las l\u00edneas fr\u00edas y duras del metal son m\u00e1s n\u00edtidas sobre la base negra, con un delicado ingenio oculto en el ambiente de negocios. Es la primera elecci\u00f3n para ocasiones formales, como reuniones de negocios y firmas de contratos. El cuerpo de metal negro combina de forma natural con trajes y maletines, transmitiendo una imagen profesional y fiable.<\/p>\n<\/div>\n\n\n\n<div class=\"wp-block-column is-vertically-aligned-center is-layout-flow wp-block-column-is-layout-flow\">\n<figure class=\"wp-block-image size-full is-resized\"><img decoding=\"async\" width=\"1000\" height=\"1000\" src=\"https:\/\/yousanusb.com\/wp-content\/uploads\/2025\/06\/Black-Metal-USB-Flash-Drive.jpg\" alt=\"Memoria USB met\u00e1lica negra\" class=\"wp-image-17061\" style=\"width:450px\" srcset=\"https:\/\/www.yousanusb.com\/wp-content\/uploads\/2025\/06\/Black-Metal-USB-Flash-Drive.jpg 1000w, https:\/\/www.yousanusb.com\/wp-content\/uploads\/2025\/06\/Black-Metal-USB-Flash-Drive-300x300.jpg 300w, https:\/\/www.yousanusb.com\/wp-content\/uploads\/2025\/06\/Black-Metal-USB-Flash-Drive-150x150.jpg 150w, https:\/\/www.yousanusb.com\/wp-content\/uploads\/2025\/06\/Black-Metal-USB-Flash-Drive-768x768.jpg 768w, https:\/\/www.yousanusb.com\/wp-content\/uploads\/2025\/06\/Black-Metal-USB-Flash-Drive-12x12.jpg 12w, https:\/\/www.yousanusb.com\/wp-content\/uploads\/2025\/06\/Black-Metal-USB-Flash-Drive-600x600.jpg 600w, https:\/\/www.yousanusb.com\/wp-content\/uploads\/2025\/06\/Black-Metal-USB-Flash-Drive-100x100.jpg 100w\" sizes=\"(max-width: 1000px) 100vw, 1000px\" \/><\/figure>\n<\/div>\n<\/div>\n\n\n\n<div class=\"wp-block-columns is-layout-flex wp-container-core-columns-is-layout-3 wp-block-columns-is-layout-flex\">\n<div class=\"wp-block-column is-layout-flow wp-block-column-is-layout-flow\">\n<figure class=\"wp-block-image size-full is-resized\"><img decoding=\"async\" width=\"1000\" height=\"1000\" src=\"https:\/\/yousanusb.com\/wp-content\/uploads\/2025\/06\/Silver-Metal-USB-Flash-Drive.jpg\" alt=\"Memoria USB de metal plateado\" class=\"wp-image-17068\" style=\"width:450px\" srcset=\"https:\/\/www.yousanusb.com\/wp-content\/uploads\/2025\/06\/Silver-Metal-USB-Flash-Drive.jpg 1000w, https:\/\/www.yousanusb.com\/wp-content\/uploads\/2025\/06\/Silver-Metal-USB-Flash-Drive-300x300.jpg 300w, https:\/\/www.yousanusb.com\/wp-content\/uploads\/2025\/06\/Silver-Metal-USB-Flash-Drive-150x150.jpg 150w, https:\/\/www.yousanusb.com\/wp-content\/uploads\/2025\/06\/Silver-Metal-USB-Flash-Drive-768x768.jpg 768w, https:\/\/www.yousanusb.com\/wp-content\/uploads\/2025\/06\/Silver-Metal-USB-Flash-Drive-12x12.jpg 12w, https:\/\/www.yousanusb.com\/wp-content\/uploads\/2025\/06\/Silver-Metal-USB-Flash-Drive-600x600.jpg 600w, https:\/\/www.yousanusb.com\/wp-content\/uploads\/2025\/06\/Silver-Metal-USB-Flash-Drive-100x100.jpg 100w\" sizes=\"(max-width: 1000px) 100vw, 1000px\" \/><\/figure>\n<\/div>\n\n\n\n<div class=\"wp-block-column is-vertically-aligned-center is-layout-flow wp-block-column-is-layout-flow\">\n<h3 class=\"wp-block-heading\">3. Glaciar Plata <\/h3>\n\n\n\n<p>Tras 12 procesos de pulido espejo, forma un efecto reflectante de espejo. La superficie est\u00e1 cubierta con un revestimiento antihuellas a nanoescala, que puede limpiarse f\u00e1cilmente con un pa\u00f1o para mantener durante mucho tiempo un aspecto nuevo \"reci\u00e9n desembalado\".<\/p>\n\n\n\n<p>La plata pura presenta a la perfecci\u00f3n la belleza original del metal, reflejando un brillo fr\u00edo similar al de los glaciares bajo la luz, sencillo pero sofisticado. El cuerpo met\u00e1lico ultraligero de 15 g aporta el equilibrio justo de agarre, con sensaci\u00f3n de peso y sin presi\u00f3n en la mano.<\/p>\n<\/div>\n<\/div>\n\n\n\n<h3 class=\"wp-block-heading\"><\/h3>\n\n\n\n<p><\/p>\n\n\n\n<h2 class=\"wp-block-heading\">Logotipo exclusivo personalizado <\/h2>\n\n\n\n<div class=\"wp-block-columns is-layout-flex wp-container-core-columns-is-layout-4 wp-block-columns-is-layout-flex\">\n<div class=\"wp-block-column is-layout-flow wp-block-column-is-layout-flow\">\n<figure class=\"wp-block-image size-large is-resized\"><img loading=\"lazy\" decoding=\"async\" width=\"1024\" height=\"1024\" src=\"https:\/\/yousanusb.com\/wp-content\/uploads\/2025\/06\/Metal-USB-Flash-Drive-with-Keyring-1024x1024.jpg\" alt=\"Memoria USB met\u00e1lica con llavero\" class=\"wp-image-17065\" style=\"width:450px\" srcset=\"https:\/\/www.yousanusb.com\/wp-content\/uploads\/2025\/06\/Metal-USB-Flash-Drive-with-Keyring-1024x1024.jpg 1024w, https:\/\/www.yousanusb.com\/wp-content\/uploads\/2025\/06\/Metal-USB-Flash-Drive-with-Keyring-300x300.jpg 300w, https:\/\/www.yousanusb.com\/wp-content\/uploads\/2025\/06\/Metal-USB-Flash-Drive-with-Keyring-150x150.jpg 150w, https:\/\/www.yousanusb.com\/wp-content\/uploads\/2025\/06\/Metal-USB-Flash-Drive-with-Keyring-768x768.jpg 768w, https:\/\/www.yousanusb.com\/wp-content\/uploads\/2025\/06\/Metal-USB-Flash-Drive-with-Keyring-12x12.jpg 12w, https:\/\/www.yousanusb.com\/wp-content\/uploads\/2025\/06\/Metal-USB-Flash-Drive-with-Keyring-600x600.jpg 600w, https:\/\/www.yousanusb.com\/wp-content\/uploads\/2025\/06\/Metal-USB-Flash-Drive-with-Keyring-100x100.jpg 100w, https:\/\/www.yousanusb.com\/wp-content\/uploads\/2025\/06\/Metal-USB-Flash-Drive-with-Keyring.jpg 1500w\" sizes=\"(max-width: 1024px) 100vw, 1024px\" \/><\/figure>\n<\/div>\n\n\n\n<div class=\"wp-block-column is-vertically-aligned-center is-layout-flow wp-block-column-is-layout-flow\">\n<p>Admite la personalizaci\u00f3n del logotipo tanto en la parte delantera como en la trasera de la memoria USB, mediante tecnolog\u00eda de grabado por l\u00e1ser con una precisi\u00f3n de hasta 0,1 mm. La profundidad del grabado penetra en la capa de \u00f3xido met\u00e1lico, lo que garantiza que el patr\u00f3n no se decolora ni se desgasta de forma permanente.<\/p>\n\n\n\n<p> El contraste claro-oscuro natural entre el material met\u00e1lico y las l\u00edneas de grabado presenta claramente logotipos corporativos, patrones tem\u00e1ticos de eventos o firmas personales, combinando practicidad y significado conmemorativo.<\/p>\n<\/div>\n<\/div>\n\n\n\n<h2 class=\"wp-block-heading\"><\/h2>\n\n\n\n<h2 class=\"wp-block-heading\">\u00bfEs impermeable la memoria USB con llavero?<\/h2>\n\n\n\n<p>R: \u00a1Admite protecci\u00f3n contra el agua y el polvo de nivel IP54! El cuerpo adopta un dise\u00f1o totalmente met\u00e1lico sellado, que puede resistir las salpicaduras diarias, la erosi\u00f3n de la lluvia o la inmersi\u00f3n en agua a corto plazo (como la ca\u00edda en una taza de agua o fregadero). Se recomienda sacarlo antes de 1 minuto despu\u00e9s de la inmersi\u00f3n en agua y secar la superficie con un pa\u00f1o seco; la seguridad de los datos no se ver\u00e1 afectada. <\/p>\n\n\n\n<p><em>Nota: No admite la inmersi\u00f3n en entornos de aguas profundas, como piscinas o lavadoras, para evitar da\u00f1os en los circuitos internos causados por la presi\u00f3n del agua.<\/em><\/p>\n\n\n\n<h2 class=\"wp-block-heading\">\u00bfEs f\u00e1cil que se rompa el dise\u00f1o del llavero? \u00bfEl transporte diario da\u00f1ar\u00e1 la memoria USB? <\/h2>\n\n\n\n<p>R: \u00a1No hay que preocuparse en absoluto por las roturas! El llavero est\u00e1 fabricado en acero inoxidable de alta resistencia y ha superado m\u00e1s de 10.000 pruebas de carga (colgar objetos pesados de 1 kg durante 24 horas sin que se deformen), con una vida \u00fatil normal de hasta 5 a\u00f1os o m\u00e1s. La conexi\u00f3n entre la memoria USB y la anilla est\u00e1 fundida integralmente en metal, con un \u00e1ngulo de resistencia a la flexi\u00f3n de 180\u00b0 sin romperse. Incluso si se balancea con la bolsa en el llavero, la carcasa met\u00e1lica puede amortiguar eficazmente las fuerzas de impacto externas para proteger el chip interno.<\/p>\n\n\n\n<div class=\"wp-block-columns is-layout-flex wp-container-core-columns-is-layout-5 wp-block-columns-is-layout-flex\">\n<div class=\"wp-block-column is-layout-flow wp-block-column-is-layout-flow\">\n<figure class=\"wp-block-image size-large\"><img loading=\"lazy\" decoding=\"async\" width=\"1024\" height=\"1024\" src=\"https:\/\/yousanusb.com\/wp-content\/uploads\/2025\/06\/Metal-USB-Flash-Drive-1024x1024.jpg\" alt=\"Memoria USB met\u00e1lica\" class=\"wp-image-17066\" srcset=\"https:\/\/www.yousanusb.com\/wp-content\/uploads\/2025\/06\/Metal-USB-Flash-Drive-1024x1024.jpg 1024w, https:\/\/www.yousanusb.com\/wp-content\/uploads\/2025\/06\/Metal-USB-Flash-Drive-300x300.jpg 300w, https:\/\/www.yousanusb.com\/wp-content\/uploads\/2025\/06\/Metal-USB-Flash-Drive-150x150.jpg 150w, https:\/\/www.yousanusb.com\/wp-content\/uploads\/2025\/06\/Metal-USB-Flash-Drive-768x768.jpg 768w, https:\/\/www.yousanusb.com\/wp-content\/uploads\/2025\/06\/Metal-USB-Flash-Drive-12x12.jpg 12w, https:\/\/www.yousanusb.com\/wp-content\/uploads\/2025\/06\/Metal-USB-Flash-Drive-600x600.jpg 600w, https:\/\/www.yousanusb.com\/wp-content\/uploads\/2025\/06\/Metal-USB-Flash-Drive-100x100.jpg 100w, https:\/\/www.yousanusb.com\/wp-content\/uploads\/2025\/06\/Metal-USB-Flash-Drive.jpg 1500w\" sizes=\"(max-width: 1024px) 100vw, 1024px\" \/><\/figure>\n<\/div>\n\n\n\n<div class=\"wp-block-column is-layout-flow wp-block-column-is-layout-flow\">\n<figure class=\"wp-block-image size-large\"><img loading=\"lazy\" decoding=\"async\" width=\"1024\" height=\"1024\" src=\"https:\/\/yousanusb.com\/wp-content\/uploads\/2025\/06\/Car-mounted-Metal-USB-Flash-Drive-1024x1024.jpg\" alt=\"Memoria USB met\u00e1lica para coche\" class=\"wp-image-17062\" srcset=\"https:\/\/www.yousanusb.com\/wp-content\/uploads\/2025\/06\/Car-mounted-Metal-USB-Flash-Drive-1024x1024.jpg 1024w, https:\/\/www.yousanusb.com\/wp-content\/uploads\/2025\/06\/Car-mounted-Metal-USB-Flash-Drive-300x300.jpg 300w, https:\/\/www.yousanusb.com\/wp-content\/uploads\/2025\/06\/Car-mounted-Metal-USB-Flash-Drive-150x150.jpg 150w, https:\/\/www.yousanusb.com\/wp-content\/uploads\/2025\/06\/Car-mounted-Metal-USB-Flash-Drive-768x768.jpg 768w, https:\/\/www.yousanusb.com\/wp-content\/uploads\/2025\/06\/Car-mounted-Metal-USB-Flash-Drive-12x12.jpg 12w, https:\/\/www.yousanusb.com\/wp-content\/uploads\/2025\/06\/Car-mounted-Metal-USB-Flash-Drive-600x600.jpg 600w, https:\/\/www.yousanusb.com\/wp-content\/uploads\/2025\/06\/Car-mounted-Metal-USB-Flash-Drive-100x100.jpg 100w, https:\/\/www.yousanusb.com\/wp-content\/uploads\/2025\/06\/Car-mounted-Metal-USB-Flash-Drive.jpg 1500w\" sizes=\"(max-width: 1024px) 100vw, 1024px\" \/><\/figure>\n<\/div>\n<\/div>\n\n\n\n<p><\/p>\n\n\n\n<h2 class=\"wp-block-heading\">\u00bfPueden personalizarse los logotipos corporativos para los regalos a los clientes? <\/h2>\n\n\n\n<p>R: Se puede personalizar y el efecto es duradero. Gracias a la tecnolog\u00eda de grabado l\u00e1ser de calidad industrial, los logotipos se graban en ambas caras de la memoria USB o alrededor del llavero con una precisi\u00f3n de 0,1 mm (equivalente a 1\/6 del di\u00e1metro de un cabello), y la profundidad del grabado penetra 0,05 mm en la capa de \u00f3xido met\u00e1lico, lo que garantiza que el dibujo no se difumine debido a la fricci\u00f3n diaria.<\/p>\n\n\n\n<p>El brillo natural del metal y el efecto mate de las l\u00edneas de grabado forman un marcado contraste, haciendo que el logotipo sea claro y tridimensional. Tanto si se ve de cerca como de lejos, muestra una textura personalizada de alta gama, lo que lo convierte en una excelente opci\u00f3n para que las empresas mantengan relaciones con los clientes.<\/p>\n\n\n\n<p><\/p>","protected":false},"excerpt":{"rendered":"<ul>\n<li>La carcasa de material met\u00e1lico<\/li>\n<li>Dise\u00f1o sencillo con llavero\u00a0<\/li>\n<li>Tres colores a elegir<\/li>\n<li>Logotipo personalizado<\/li>\n<li>MOQ:100PCS<\/li>\n<li>USB2.0 y USB3.0\u00a0<\/li>\n<\/ul>","protected":false},"featured_media":17065,"comment_status":"open","ping_status":"closed","template":"","meta":{"_seopress_robots_primary_cat":"none","_seopress_titles_title":"Metal USB Flash Drive with Keyring","_seopress_titles_desc":"","_seopress_robots_index":""},"class_list":["post-17058","product","type-product","status-publish","has-post-thumbnail","hentry","product_cat-usb30-flash-drive","product_cat-metal-usb-flash-drive","product_tag-metal-usb-flash-drive-with-keyring","product_tag-custom-metal-keychain-usb-flash-drive","product_tag-buy-metal-leather-usb-flash-drive"],"_links":{"self":[{"href":"https:\/\/www.yousanusb.com\/es\/wp-json\/wp\/v2\/product\/17058"}],"collection":[{"href":"https:\/\/www.yousanusb.com\/es\/wp-json\/wp\/v2\/product"}],"about":[{"href":"https:\/\/www.yousanusb.com\/es\/wp-json\/wp\/v2\/types\/product"}],"replies":[{"embeddable":true,"href":"https:\/\/www.yousanusb.com\/es\/wp-json\/wp\/v2\/comments?post=17058"}],"wp:featuredmedia":[{"embeddable":true,"href":"https:\/\/www.yousanusb.com\/es\/wp-json\/wp\/v2\/media\/17065"}],"wp:attachment":[{"href":"https:\/\/www.yousanusb.com\/es\/wp-json\/wp\/v2\/media?parent=17058"}],"curies":[{"name":"wp","href":"https:\/\/api.w.org\/{rel}","templated":true}]}}