{"id":17186,"date":"2025-06-16T05:26:16","date_gmt":"2025-06-16T05:26:16","guid":{"rendered":"https:\/\/yousanusb.com\/?post_type=product&#038;p=17186"},"modified":"2025-10-06T00:24:13","modified_gmt":"2025-10-06T00:24:13","slug":"whistle-metal-usb-flash-drive","status":"publish","type":"product","link":"https:\/\/www.yousanusb.com\/es\/producto\/whistle-metal-usb-flash-drive\/","title":{"rendered":"Memoria USB Whistle Metal"},"content":{"rendered":"<h2 class=\"wp-block-heading\">\u00bfQu\u00e9 es una memoria USB Whistle Metal? <\/h2>\n\n\n\n<div class=\"wp-block-columns is-layout-flex wp-container-core-columns-is-layout-1 wp-block-columns-is-layout-flex\">\n<div class=\"wp-block-column is-layout-flow wp-block-column-is-layout-flow\"><div class=\"wp-block-image\">\n<figure class=\"aligncenter size-full is-resized\"><img fetchpriority=\"high\" decoding=\"async\" width=\"800\" height=\"800\" src=\"https:\/\/yousanusb.com\/wp-content\/uploads\/2025\/06\/Silver-Whistle-Metal-USB-Flash-Drive.jpg\" alt=\"Silver Whistle Metal USB Flash Drive\" class=\"wp-image-17194\" style=\"width:450px\" srcset=\"https:\/\/www.yousanusb.com\/wp-content\/uploads\/2025\/06\/Silver-Whistle-Metal-USB-Flash-Drive.jpg 800w, https:\/\/www.yousanusb.com\/wp-content\/uploads\/2025\/06\/Silver-Whistle-Metal-USB-Flash-Drive-300x300.jpg 300w, https:\/\/www.yousanusb.com\/wp-content\/uploads\/2025\/06\/Silver-Whistle-Metal-USB-Flash-Drive-150x150.jpg 150w, https:\/\/www.yousanusb.com\/wp-content\/uploads\/2025\/06\/Silver-Whistle-Metal-USB-Flash-Drive-768x768.jpg 768w, https:\/\/www.yousanusb.com\/wp-content\/uploads\/2025\/06\/Silver-Whistle-Metal-USB-Flash-Drive-12x12.jpg 12w, https:\/\/www.yousanusb.com\/wp-content\/uploads\/2025\/06\/Silver-Whistle-Metal-USB-Flash-Drive-600x600.jpg 600w, https:\/\/www.yousanusb.com\/wp-content\/uploads\/2025\/06\/Silver-Whistle-Metal-USB-Flash-Drive-100x100.jpg 100w\" sizes=\"(max-width: 800px) 100vw, 800px\" \/><\/figure><\/div><\/div>\n\n\n\n<div class=\"wp-block-column is-vertically-aligned-center is-layout-flow wp-block-column-is-layout-flow\">\n<p>El nombre de la memoria USB Whistle Metal procede de su \"forma de silbato\": el cuerpo met\u00e1lico aerodin\u00e1mico integrado es como un silbato cuidadosamente pulido, con un anillo de hebilla redondo tridimensional incrustado en un extremo (parecido al orificio del cord\u00f3n de un silbato), que no s\u00f3lo se hace eco de la imagen del \"silbato\", sino que tambi\u00e9n consigue una funci\u00f3n port\u00e1til.<\/p>\n\n\n\n<p>Est\u00e1 forjada \u00edntegramente en aleaci\u00f3n de aluminio de calidad aeron\u00e1utica, y la superficie est\u00e1 tratada con pulido espejo + pasivado, con un tacto tan suave como el hielo, diciendo adi\u00f3s a la \"sensaci\u00f3n barata y quebradiza\" de las memorias USB de pl\u00e1stico, y las propiedades antigoteo y de resistencia al desgaste son plenas. Desde el escritorio de la oficina hasta los viajes de negocios al aire libre, no s\u00f3lo es una eficaz herramienta de almacenamiento, sino tambi\u00e9n un art\u00edculo tecnol\u00f3gico de moda que puede \"meterse en el bolsillo\".<\/p>\n<\/div>\n<\/div>\n\n\n\n<h2 class=\"wp-block-heading\">El estilo de dise\u00f1o de la memoria USB de metal con silbato<\/h2>\n\n\n\n<p>Esta memoria USB implementa el \"estilo industrial minimalista\" en cada detalle. Abandonando los huecos de empalme, todo el metal est\u00e1 formado integralmente, y las l\u00edneas geom\u00e9tricas son tan afiladas como un bistur\u00ed: 40 mm de longitud se ajustan al arco de agarre de los dedos, 12 mm de anchura son adecuados para bolsillos\/llaveros, y 11 mm de grosor equilibran \"delgadez\" y \"sensaci\u00f3n de agarre\";<\/p>\n\n\n\n<p>El orificio para colgar en forma de anillo no es s\u00f3lo un adorno, sino tambi\u00e9n un \"punto de apoyo de uso\": cuando se cuelga con una cuerda, la memoria USB no se desliza f\u00e1cilmente al sujetarla, y cuando se cuelga con un llavero, la ranura del orificio muerde perfectamente con el llavero (antivibraci\u00f3n);<\/p>\n\n\n\n<p>El metal plateado viene con un \"filtro tecnol\u00f3gico de dureza fr\u00eda\". En el entrelazado de luces y sombras mate y espejo, no solo combina con el tono profesional de la oficina, sino que tambi\u00e9n resalta las caracter\u00edsticas \"resistentes\" en escenas al aire libre, interpretando a la perfecci\u00f3n la f\u00f3rmula de \"dise\u00f1o industrial = funci\u00f3n \u00d7 est\u00e9tica\".<\/p>\n\n\n\n<div class=\"wp-block-columns is-layout-flex wp-container-core-columns-is-layout-2 wp-block-columns-is-layout-flex\">\n<div class=\"wp-block-column is-layout-flow wp-block-column-is-layout-flow\"><div class=\"wp-block-image\">\n<figure class=\"aligncenter size-full is-resized\"><img decoding=\"async\" width=\"691\" height=\"691\" src=\"https:\/\/yousanusb.com\/wp-content\/uploads\/2025\/06\/Silver-Metallic-Whistle-Style-USB-Flash-Drive.jpg\" alt=\"Silver Metallic Whistle-Style USB Flash Drive\" class=\"wp-image-17193\" style=\"width:450px\" srcset=\"https:\/\/www.yousanusb.com\/wp-content\/uploads\/2025\/06\/Silver-Metallic-Whistle-Style-USB-Flash-Drive.jpg 691w, https:\/\/www.yousanusb.com\/wp-content\/uploads\/2025\/06\/Silver-Metallic-Whistle-Style-USB-Flash-Drive-300x300.jpg 300w, https:\/\/www.yousanusb.com\/wp-content\/uploads\/2025\/06\/Silver-Metallic-Whistle-Style-USB-Flash-Drive-150x150.jpg 150w, https:\/\/www.yousanusb.com\/wp-content\/uploads\/2025\/06\/Silver-Metallic-Whistle-Style-USB-Flash-Drive-12x12.jpg 12w, https:\/\/www.yousanusb.com\/wp-content\/uploads\/2025\/06\/Silver-Metallic-Whistle-Style-USB-Flash-Drive-600x600.jpg 600w, https:\/\/www.yousanusb.com\/wp-content\/uploads\/2025\/06\/Silver-Metallic-Whistle-Style-USB-Flash-Drive-100x100.jpg 100w\" sizes=\"(max-width: 691px) 100vw, 691px\" \/><\/figure><\/div><\/div>\n\n\n\n<div class=\"wp-block-column is-layout-flow wp-block-column-is-layout-flow\"><div class=\"wp-block-image\">\n<figure class=\"aligncenter size-full\"><img decoding=\"async\" width=\"551\" height=\"454\" src=\"https:\/\/yousanusb.com\/wp-content\/uploads\/2025\/06\/Whistle-Metal-USB-Flash-Drive-Size.jpg\" alt=\"Whistle Metal USB Flash Drive Size\" class=\"wp-image-17195\" srcset=\"https:\/\/www.yousanusb.com\/wp-content\/uploads\/2025\/06\/Whistle-Metal-USB-Flash-Drive-Size.jpg 551w, https:\/\/www.yousanusb.com\/wp-content\/uploads\/2025\/06\/Whistle-Metal-USB-Flash-Drive-Size-300x247.jpg 300w, https:\/\/www.yousanusb.com\/wp-content\/uploads\/2025\/06\/Whistle-Metal-USB-Flash-Drive-Size-15x12.jpg 15w\" sizes=\"(max-width: 551px) 100vw, 551px\" \/><\/figure><\/div><\/div>\n<\/div>\n\n\n\n<div style=\"height:50px\" aria-hidden=\"true\" class=\"wp-block-spacer\"><\/div>\n\n\n\n<h2 class=\"wp-block-heading\">La memoria USB del silbato Interfaz y par\u00e1metros b\u00e1sicos <\/h2>\n\n\n\n<figure class=\"wp-block-table\"><table class=\"has-fixed-layout\"><tbody><tr><td>Art\u00edculo<\/td><td>Detalles<\/td><td>Interpretaci\u00f3n de escenas<\/td><\/tr><tr><td>Capacidad<\/td><td>8GB \/ 16GB \/ 32GB \/ 64GB \/ 128GB<\/td><td>8 GB: Almacenar contratos\/curr\u00edculos (unos 2.000 documentos de Word);32 GB: Instalar material did\u00e1ctico + fotos del m\u00f3vil (unas 8.000 piezas);128 GB: Almacenar v\u00eddeos 4K (unas 20 pel\u00edculas) + datos de copia de seguridad.<\/td><\/tr><tr><td>Talla<\/td><td>40\u00d712\u00d711mm (L\u00d7A\u00d7T)<\/td><td>Longitud\u2248secci\u00f3n media del dedo \u00edndice, anchura\u2248di\u00e1metro de la moneda de 1 yuan, grosor\u2248apilamiento de 2 monedas, carga cero para el transporte.<\/td><\/tr><tr><td>Peso<\/td><td>10g<\/td><td>No se caen las manos al colgar llaveros, no ocupan espacio al meterlos en carteras<\/td><\/tr><tr><td>Tipo de interfaz<\/td><td>USB 3.0 Tipo-A (compatible con dispositivos USB 2.0)<\/td><td>Compatible con ordenadores, tabletas (requiere adaptador OTG), televisores inteligentes, plug and play<\/td><\/tr><tr><td>Velocidad de lectura<\/td><td>Hasta 150 MB\/s<\/td><td>1GB movie\u2248read en 10 segundos, 5 veces m\u00e1s r\u00e1pido que USB 2.0<\/td><\/tr><tr><td>Velocidad de escritura<\/td><td>Hasta 30 MB\/s<\/td><td>Archivo de 500 MB\u2248almacenado en 17 segundos, muy superior a las memorias USB normales (escritura USB 2.0\u224810 MB\/s)<\/td><\/tr><\/tbody><\/table><\/figure>\n\n\n\n<h2 class=\"wp-block-heading\"><strong>&nbsp;<\/strong><\/h2>\n\n\n\n<h2 class=\"wp-block-heading\">El color plata de la memoria USB de metal con silbato <\/h2>\n\n\n\n<div class=\"wp-block-columns is-layout-flex wp-container-core-columns-is-layout-3 wp-block-columns-is-layout-flex\">\n<div class=\"wp-block-column is-layout-flow wp-block-column-is-layout-flow\"><div class=\"wp-block-image\">\n<figure class=\"aligncenter size-full is-resized\"><img loading=\"lazy\" decoding=\"async\" width=\"1000\" height=\"1000\" src=\"https:\/\/yousanusb.com\/wp-content\/uploads\/2025\/06\/Whistle-Metal-USB-Flash-Drive-with-Custom-Logo.jpg\" alt=\"Memoria USB met\u00e1lica con silbato y logotipo personalizado\" class=\"wp-image-17196\" style=\"width:450px\" srcset=\"https:\/\/www.yousanusb.com\/wp-content\/uploads\/2025\/06\/Whistle-Metal-USB-Flash-Drive-with-Custom-Logo.jpg 1000w, https:\/\/www.yousanusb.com\/wp-content\/uploads\/2025\/06\/Whistle-Metal-USB-Flash-Drive-with-Custom-Logo-300x300.jpg 300w, https:\/\/www.yousanusb.com\/wp-content\/uploads\/2025\/06\/Whistle-Metal-USB-Flash-Drive-with-Custom-Logo-150x150.jpg 150w, https:\/\/www.yousanusb.com\/wp-content\/uploads\/2025\/06\/Whistle-Metal-USB-Flash-Drive-with-Custom-Logo-768x768.jpg 768w, https:\/\/www.yousanusb.com\/wp-content\/uploads\/2025\/06\/Whistle-Metal-USB-Flash-Drive-with-Custom-Logo-12x12.jpg 12w, https:\/\/www.yousanusb.com\/wp-content\/uploads\/2025\/06\/Whistle-Metal-USB-Flash-Drive-with-Custom-Logo-600x600.jpg 600w, https:\/\/www.yousanusb.com\/wp-content\/uploads\/2025\/06\/Whistle-Metal-USB-Flash-Drive-with-Custom-Logo-100x100.jpg 100w\" sizes=\"(max-width: 1000px) 100vw, 1000px\" \/><\/figure><\/div><\/div>\n\n\n\n<div class=\"wp-block-column is-vertically-aligned-center is-layout-flow wp-block-column-is-layout-flow\">\n<p>Adoptando el proceso de \"pulido espejo de nueve etapas + capa de sellado de oxidaci\u00f3n an\u00f3dica\", la superficie de la memoria USB de metal es tan transparente como un espejo, pero a trav\u00e9s de la pel\u00edcula de \u00f3xido, resiste la erosi\u00f3n de las huellas dactilares y el sudor, y sigue siendo \"brillante y nueva\" despu\u00e9s de un uso prolongado;<\/p>\n\n\n\n<p>El plateado de tono fr\u00edo viene con un \"filtro futurista\": cuando se ilumina, los bordes reflejan reflejos n\u00edtidos, y la superficie curvada se ti\u00f1e de suaves degradados, como \"luz de luna envuelta en tecnolog\u00eda\", mostrando estilo en ocasiones de negocios y resaltando la personalidad en el uso diario;<\/p>\n\n\n\n<p>La exclusiva \"textura fresca y suave\" del metal forma un punto de memoria: sostenerlo en verano es como tocar seda helada, y aunque en invierno es fresco, se convierte en un compa\u00f1ero fiable en escenas al aire libre gracias a su \"propiedad de resistencia a la congelaci\u00f3n\" .<\/p>\n<\/div>\n<\/div>\n\n\n\n<h2 class=\"wp-block-heading\">La memoria USB de metal con silbato puede personalizar el logotipo <\/h2>\n\n\n\n<p>- LOGO grabado: El logotipo de la unidad flash USB de metal silbato adopta la tecnolog\u00eda de grabado por l\u00e1ser, y la superficie de metal est\u00e1 grabado con textura mate, formando un fuerte contraste con el color base brillante, y el LOGO es clara y tridimensional, nunca se desvanece; la parte delantera y trasera de la unidad flash USB puede ser grabado con logotipos. Las empresas pueden grabar logotipos de marcas, y los particulares pueden grabar nombres\/motodos.<\/p>\n\n\n\n<p>- Personalizaci\u00f3n del embalaje:<\/p>\n\n\n\n<p>\u25e6 Modelo b\u00e1sico: Bolsa de PP (espesor 0,1 mm, a prueba de polvo y resistente al desgaste);<\/p>\n\n\n\n<p>\u25e6 Modelo mejorado: caja de hojalata o caja de papel art\u00edstico (estampado en oro\/impresi\u00f3n UV\/proceso de relieve, adecuado para regalos de gama alta);<\/p>\n\n\n\n<div class=\"wp-block-columns is-layout-flex wp-container-core-columns-is-layout-4 wp-block-columns-is-layout-flex\">\n<div class=\"wp-block-column is-layout-flow wp-block-column-is-layout-flow\"><div class=\"wp-block-image\">\n<figure class=\"aligncenter size-full\"><img loading=\"lazy\" decoding=\"async\" width=\"355\" height=\"355\" src=\"https:\/\/yousanusb.com\/wp-content\/uploads\/2025\/06\/Whistle-Metal-USB-Flash-Drive-with-Logo.jpg\" alt=\"Whistle Metal USB Flash Drive with Logo\" class=\"wp-image-17197\" srcset=\"https:\/\/www.yousanusb.com\/wp-content\/uploads\/2025\/06\/Whistle-Metal-USB-Flash-Drive-with-Logo.jpg 355w, https:\/\/www.yousanusb.com\/wp-content\/uploads\/2025\/06\/Whistle-Metal-USB-Flash-Drive-with-Logo-300x300.jpg 300w, https:\/\/www.yousanusb.com\/wp-content\/uploads\/2025\/06\/Whistle-Metal-USB-Flash-Drive-with-Logo-150x150.jpg 150w, https:\/\/www.yousanusb.com\/wp-content\/uploads\/2025\/06\/Whistle-Metal-USB-Flash-Drive-with-Logo-12x12.jpg 12w, https:\/\/www.yousanusb.com\/wp-content\/uploads\/2025\/06\/Whistle-Metal-USB-Flash-Drive-with-Logo-100x100.jpg 100w\" sizes=\"(max-width: 355px) 100vw, 355px\" \/><\/figure><\/div><\/div>\n\n\n\n<div class=\"wp-block-column is-layout-flow wp-block-column-is-layout-flow\"><div class=\"wp-block-image\">\n<figure class=\"aligncenter size-full is-resized\"><img loading=\"lazy\" decoding=\"async\" width=\"1000\" height=\"667\" src=\"https:\/\/yousanusb.com\/wp-content\/uploads\/2025\/06\/Metallic-Whistle-Style-USB-Flash-Drive.jpg\" alt=\"Metallic Whistle-Style USB Flash Drive\" class=\"wp-image-17192\" style=\"width:500px\" srcset=\"https:\/\/www.yousanusb.com\/wp-content\/uploads\/2025\/06\/Metallic-Whistle-Style-USB-Flash-Drive.jpg 1000w, https:\/\/www.yousanusb.com\/wp-content\/uploads\/2025\/06\/Metallic-Whistle-Style-USB-Flash-Drive-300x200.jpg 300w, https:\/\/www.yousanusb.com\/wp-content\/uploads\/2025\/06\/Metallic-Whistle-Style-USB-Flash-Drive-768x512.jpg 768w, https:\/\/www.yousanusb.com\/wp-content\/uploads\/2025\/06\/Metallic-Whistle-Style-USB-Flash-Drive-18x12.jpg 18w, https:\/\/www.yousanusb.com\/wp-content\/uploads\/2025\/06\/Metallic-Whistle-Style-USB-Flash-Drive-600x400.jpg 600w\" sizes=\"(max-width: 1000px) 100vw, 1000px\" \/><\/figure><\/div><\/div>\n<\/div>\n\n\n\n<h3 class=\"wp-block-heading\">P1: \u00bfEs la carcasa de la memoria USB de metal del silbato impermeable y a prueba de golpes? <\/h3>\n\n\n\n<div class=\"wp-block-columns is-layout-flex wp-container-core-columns-is-layout-5 wp-block-columns-is-layout-flex\">\n<div class=\"wp-block-column is-layout-flow wp-block-column-is-layout-flow\"><div class=\"wp-block-image\">\n<figure class=\"aligncenter size-full is-resized\"><img loading=\"lazy\" decoding=\"async\" width=\"800\" height=\"1000\" src=\"https:\/\/yousanusb.com\/wp-content\/uploads\/2025\/06\/Metallic-Whistle-Style-USB-Flash-Drive-from-Factory.jpg\" alt=\"Metallic Whistle-Style USB Flash Drive from Factory\" class=\"wp-image-17190\" style=\"width:300px\" srcset=\"https:\/\/www.yousanusb.com\/wp-content\/uploads\/2025\/06\/Metallic-Whistle-Style-USB-Flash-Drive-from-Factory.jpg 800w, https:\/\/www.yousanusb.com\/wp-content\/uploads\/2025\/06\/Metallic-Whistle-Style-USB-Flash-Drive-from-Factory-240x300.jpg 240w, https:\/\/www.yousanusb.com\/wp-content\/uploads\/2025\/06\/Metallic-Whistle-Style-USB-Flash-Drive-from-Factory-768x960.jpg 768w, https:\/\/www.yousanusb.com\/wp-content\/uploads\/2025\/06\/Metallic-Whistle-Style-USB-Flash-Drive-from-Factory-10x12.jpg 10w, https:\/\/www.yousanusb.com\/wp-content\/uploads\/2025\/06\/Metallic-Whistle-Style-USB-Flash-Drive-from-Factory-600x750.jpg 600w\" sizes=\"(max-width: 800px) 100vw, 800px\" \/><\/figure><\/div><\/div>\n\n\n\n<div class=\"wp-block-column is-vertically-aligned-center is-layout-flow wp-block-column-is-layout-flow\">\n<p>R: La protecci\u00f3n es mucho mejor que la de las memorias USB normales.<\/p>\n\n\n\n<p>&nbsp;Resistente al agua: Alcanza el nivel IPX4 (a prueba de salpicaduras): puede hacer frente tranquilamente a escenas como salpicaduras de lluvia y salpicaduras de caf\u00e9 (\u00a1pero no empapa!);<\/p>\n\n\n\n<p>A prueba de golpes: La estructura met\u00e1lica integrada puede resistir ca\u00eddas diarias (a menos de 1,2 metros) e impactos de colisi\u00f3n, y tambi\u00e9n puede proteger los datos en entornos exteriores con baches;<\/p>\n\n\n\n<p>Buff adicional: Tambi\u00e9n tiene las caracter\u00edsticas de -20\u2103~60\u2103 de resistencia a la temperatura, antimagn\u00e9tico, y anti-rayos X, y puede funcionar de forma estable en escenas extremas (como mesetas, salas de ordenadores).<\/p>\n<\/div>\n<\/div>\n\n\n\n<div style=\"height:30px\" aria-hidden=\"true\" class=\"wp-block-spacer\"><\/div>\n\n\n\n<h3 class=\"wp-block-heading\">P2: \u00bfSe puede colgar la memoria USB de metal con silbato en un llavero? <\/h3>\n\n\n\n<p>R: El dise\u00f1o del agujero del anillo de la unidad flash USB de metal silbato es adecuado para 99% de llaveros \/ cordones; el borde del agujero es biselado, que no corta las manos cuando se cuelga, y el dise\u00f1o de la ranura hace que el llavero \"estable y no temblar\", completamente decir adi\u00f3s a la verg\u00fcenza de \"la unidad flash USB se pierde en la esquina y recoge el polvo\".<\/p>\n\n\n\n<h3 class=\"wp-block-heading\">P3: \u00bfLa carcasa met\u00e1lica conduce la electricidad y tiene fugas? \u00bfEs seguro? <\/h3>\n\n\n\n<p>R: \u00a1Segura! El circuito interno de la unidad flash USB est\u00e1 aislado y aislado de la carcasa met\u00e1lica, y s\u00f3lo transmite datos \/ energ\u00eda a trav\u00e9s de la interfaz USB (5V de baja tensi\u00f3n, muy por debajo del umbral de seguridad); la carcasa met\u00e1lica tambi\u00e9n oculta un \"dise\u00f1o de liberaci\u00f3n de electricidad est\u00e1tica\" - la electricidad est\u00e1tica humana puede ser conducida lejos a trav\u00e9s de la carcasa, protegiendo la vida del chip, y es en realidad m\u00e1s \"anti-est\u00e1tica\" que las unidades flash USB de pl\u00e1stico.<\/p>\n\n\n\n<p><\/p>","protected":false},"excerpt":{"rendered":"<ul>\n<li>Dise\u00f1o del orificio anular<\/li>\n<li>Material met\u00e1lico<\/li>\n<li>Impermeable y duradero<\/li>\n<li>Mayor velocidad y alta calidad<\/li>\n<li>Fiabilidad y seguridad<\/li>\n<li>Ideal para todos los usos<\/li>\n<\/ul>","protected":false},"featured_media":17196,"comment_status":"open","ping_status":"closed","template":"","meta":{"_seopress_robots_primary_cat":"none","_seopress_titles_title":"Whistle Metal USB Flash Drive","_seopress_titles_desc":"Whistle Metal USB Flash Drive","_seopress_robots_index":""},"class_list":["post-17186","product","type-product","status-publish","has-post-thumbnail","hentry","product_cat-usb30-flash-drive","product_cat-metal-usb-flash-drive","product_tag-custom-metal-keychain-usb-flash-drive","product_tag-buy-metal-leather-usb-flash-drive"],"_links":{"self":[{"href":"https:\/\/www.yousanusb.com\/es\/wp-json\/wp\/v2\/product\/17186"}],"collection":[{"href":"https:\/\/www.yousanusb.com\/es\/wp-json\/wp\/v2\/product"}],"about":[{"href":"https:\/\/www.yousanusb.com\/es\/wp-json\/wp\/v2\/types\/product"}],"replies":[{"embeddable":true,"href":"https:\/\/www.yousanusb.com\/es\/wp-json\/wp\/v2\/comments?post=17186"}],"wp:featuredmedia":[{"embeddable":true,"href":"https:\/\/www.yousanusb.com\/es\/wp-json\/wp\/v2\/media\/17196"}],"wp:attachment":[{"href":"https:\/\/www.yousanusb.com\/es\/wp-json\/wp\/v2\/media?parent=17186"}],"curies":[{"name":"wp","href":"https:\/\/api.w.org\/{rel}","templated":true}]}}