{"id":17245,"date":"2025-06-16T09:13:54","date_gmt":"2025-06-16T09:13:54","guid":{"rendered":"https:\/\/yousanusb.com\/?post_type=product&#038;p=17245"},"modified":"2025-10-06T00:24:06","modified_gmt":"2025-10-06T00:24:06","slug":"metal-carabiner-usb-flash-drive","status":"publish","type":"product","link":"https:\/\/www.yousanusb.com\/es\/producto\/metal-carabiner-usb-flash-drive\/","title":{"rendered":"Memoria USB con mosquet\u00f3n met\u00e1lico"},"content":{"rendered":"<h2 class=\"wp-block-heading\">\u00bfQu\u00e9 es una memoria USB con mosquet\u00f3n met\u00e1lico? <\/h2>\n\n\n\n<div class=\"wp-block-columns is-layout-flex wp-container-core-columns-is-layout-1 wp-block-columns-is-layout-flex\">\n<div class=\"wp-block-column is-layout-flow wp-block-column-is-layout-flow\"><div class=\"wp-block-image\">\n<figure class=\"aligncenter size-full is-resized\"><img fetchpriority=\"high\" decoding=\"async\" width=\"660\" height=\"660\" src=\"https:\/\/yousanusb.com\/wp-content\/uploads\/2025\/06\/Carabiner-Style-Metal-USB-Drive.jpg\" alt=\"Unidad USB met\u00e1lica con mosquet\u00f3n\" class=\"wp-image-17257\" style=\"width:450px\" srcset=\"https:\/\/www.yousanusb.com\/wp-content\/uploads\/2025\/06\/Carabiner-Style-Metal-USB-Drive.jpg 660w, https:\/\/www.yousanusb.com\/wp-content\/uploads\/2025\/06\/Carabiner-Style-Metal-USB-Drive-300x300.jpg 300w, https:\/\/www.yousanusb.com\/wp-content\/uploads\/2025\/06\/Carabiner-Style-Metal-USB-Drive-150x150.jpg 150w, https:\/\/www.yousanusb.com\/wp-content\/uploads\/2025\/06\/Carabiner-Style-Metal-USB-Drive-12x12.jpg 12w, https:\/\/www.yousanusb.com\/wp-content\/uploads\/2025\/06\/Carabiner-Style-Metal-USB-Drive-600x600.jpg 600w, https:\/\/www.yousanusb.com\/wp-content\/uploads\/2025\/06\/Carabiner-Style-Metal-USB-Drive-100x100.jpg 100w\" sizes=\"(max-width: 660px) 100vw, 660px\" \/><\/figure><\/div><\/div>\n\n\n\n<div class=\"wp-block-column is-vertically-aligned-center is-layout-flow wp-block-column-is-layout-flow\">\n<p>La memoria USB con mosquet\u00f3n met\u00e1lico est\u00e1 fabricada \u00edntegramente con aleaci\u00f3n de aluminio de calidad aeron\u00e1utica\/acero inoxidable, pulida mediante tallado de precisi\u00f3n CNC y procesos de oxidaci\u00f3n an\u00f3dica. Su superficie es tan lisa como un espejo, resistente a los ara\u00f1azos y la abrasi\u00f3n.<\/p>\n\n\n\n<p>Un extremo lleva integrada una estructura de mosquet\u00f3n met\u00e1lico. La hebilla se abre y se cierra con suavidad (se presiona con el pulgar para abrirla y se bloquea autom\u00e1ticamente al soltarla), lo que permite engancharla f\u00e1cilmente a llaveros, correas de mochilas o incluso anillas de maletines de negocios.<\/p>\n<\/div>\n<\/div>\n\n\n\n<h2 class=\"wp-block-heading\">Estilo de dise\u00f1o de la memoria USB con mosquet\u00f3n met\u00e1lico <\/h2>\n\n\n\n<div class=\"wp-block-columns is-layout-flex wp-container-core-columns-is-layout-2 wp-block-columns-is-layout-flex\">\n<div class=\"wp-block-column is-vertically-aligned-center is-layout-flow wp-block-column-is-layout-flow\">\n<p>El material met\u00e1lico emana una textura fr\u00eda y elegante, que transmite inherentemente una sensaci\u00f3n de \"autoridad profesional\", en consonancia con la fiabilidad exigida en los escenarios empresariales. Con un peso de 15 g, evita la sensaci\u00f3n de endeblez sin dejar de ser ligero.<\/p>\n\n\n\n<p>De l\u00edneas minimalistas, la combinaci\u00f3n geom\u00e9trica de un cuerpo rectangular y una hebilla ovalada incorpora consideraciones ergon\u00f3micas: los bordes biselados garantizan un agarre c\u00f3modo. Sus reducidas dimensiones se adaptan sin esfuerzo a los estuches de l\u00e1pices o se cuelgan de las llaves sin abultar.&nbsp;<\/p>\n<\/div>\n\n\n\n<div class=\"wp-block-column is-layout-flow wp-block-column-is-layout-flow\"><div class=\"wp-block-image\">\n<figure class=\"aligncenter size-full is-resized\"><img decoding=\"async\" width=\"1000\" height=\"1000\" src=\"https:\/\/yousanusb.com\/wp-content\/uploads\/2025\/06\/Silver-Metallic-Carabiner-USB-Flash-Drive.jpg\" alt=\"Memoria USB con mosquet\u00f3n met\u00e1lico plateado\" class=\"wp-image-17265\" style=\"width:450px\" srcset=\"https:\/\/www.yousanusb.com\/wp-content\/uploads\/2025\/06\/Silver-Metallic-Carabiner-USB-Flash-Drive.jpg 1000w, https:\/\/www.yousanusb.com\/wp-content\/uploads\/2025\/06\/Silver-Metallic-Carabiner-USB-Flash-Drive-300x300.jpg 300w, https:\/\/www.yousanusb.com\/wp-content\/uploads\/2025\/06\/Silver-Metallic-Carabiner-USB-Flash-Drive-150x150.jpg 150w, https:\/\/www.yousanusb.com\/wp-content\/uploads\/2025\/06\/Silver-Metallic-Carabiner-USB-Flash-Drive-768x768.jpg 768w, https:\/\/www.yousanusb.com\/wp-content\/uploads\/2025\/06\/Silver-Metallic-Carabiner-USB-Flash-Drive-12x12.jpg 12w, https:\/\/www.yousanusb.com\/wp-content\/uploads\/2025\/06\/Silver-Metallic-Carabiner-USB-Flash-Drive-600x600.jpg 600w, https:\/\/www.yousanusb.com\/wp-content\/uploads\/2025\/06\/Silver-Metallic-Carabiner-USB-Flash-Drive-100x100.jpg 100w\" sizes=\"(max-width: 1000px) 100vw, 1000px\" \/><\/figure><\/div><\/div>\n<\/div>\n\n\n\n<h2 class=\"wp-block-heading\">Interfaz y par\u00e1metros de la memoria USB con mosquet\u00f3n met\u00e1lico <\/h2>\n\n\n\n<figure class=\"wp-block-table\"><table class=\"has-fixed-layout\"><tbody><tr><td>Art\u00edculo<\/td><td>USB2.0<\/td><td>USB3.0<\/td><\/tr><tr><td>Interfaz est\u00e1ndar<\/td><td>Interfaz USB 2.0 de alta velocidad<\/td><td>Interfaz USB 3.0 de alta velocidad<\/td><\/tr><tr><td>Capacidades disponibles<\/td><td>8G\/16G\/32G\/64G\/128G<\/td><td>8G\/16G\/32G\/64G\/128G<\/td><\/tr><tr><td>Dimensiones<\/td><td>47,7\u00d712,27\u00d74,6 mm<\/td><td>47,7\u00d712,27\u00d74,6 mm<\/td><\/tr><tr><td>Peso<\/td><td>15g<\/td><td>15g<\/td><\/tr><tr><td>Velocidad de lectura<\/td><td>Aprox. 15~25MB\/s (M\u00e1x. 25MB\/s)<\/td><td>Aprox. 80~150MB\/s (M\u00e1x. 150MB\/s)<\/td><\/tr><tr><td>Velocidad de escritura<\/td><td>Aprox. 8~15MB\/s (M\u00e1x. 15MB\/s)<\/td><td>Aprox. 20~60MB\/s (M\u00e1x. 60MB\/s)<\/td><\/tr><\/tbody><\/table><\/figure>\n\n\n\n<div style=\"height:50px\" aria-hidden=\"true\" class=\"wp-block-spacer\"><\/div>\n\n\n\n<h2 class=\"wp-block-heading\">\u00bfDe qu\u00e9 color es la memoria USB con mosquet\u00f3n met\u00e1lico?<\/h2>\n\n\n\n<div class=\"wp-block-columns is-layout-flex wp-container-core-columns-is-layout-3 wp-block-columns-is-layout-flex\">\n<div class=\"wp-block-column is-layout-flow wp-block-column-is-layout-flow\">\n<figure class=\"wp-block-image size-full is-resized\"><img decoding=\"async\" width=\"800\" height=\"800\" src=\"https:\/\/yousanusb.com\/wp-content\/uploads\/2025\/06\/Carabiner-Style-Metal-USB-Drive-from-Factory.png\" alt=\"Unidad USB met\u00e1lica estilo mosquet\u00f3n de f\u00e1brica\" class=\"wp-image-17256\" style=\"width:450px\" srcset=\"https:\/\/www.yousanusb.com\/wp-content\/uploads\/2025\/06\/Carabiner-Style-Metal-USB-Drive-from-Factory.png 800w, https:\/\/www.yousanusb.com\/wp-content\/uploads\/2025\/06\/Carabiner-Style-Metal-USB-Drive-from-Factory-300x300.png 300w, https:\/\/www.yousanusb.com\/wp-content\/uploads\/2025\/06\/Carabiner-Style-Metal-USB-Drive-from-Factory-150x150.png 150w, https:\/\/www.yousanusb.com\/wp-content\/uploads\/2025\/06\/Carabiner-Style-Metal-USB-Drive-from-Factory-768x768.png 768w, https:\/\/www.yousanusb.com\/wp-content\/uploads\/2025\/06\/Carabiner-Style-Metal-USB-Drive-from-Factory-12x12.png 12w, https:\/\/www.yousanusb.com\/wp-content\/uploads\/2025\/06\/Carabiner-Style-Metal-USB-Drive-from-Factory-600x600.png 600w, https:\/\/www.yousanusb.com\/wp-content\/uploads\/2025\/06\/Carabiner-Style-Metal-USB-Drive-from-Factory-100x100.png 100w\" sizes=\"(max-width: 800px) 100vw, 800px\" \/><\/figure>\n<\/div>\n\n\n\n<div class=\"wp-block-column is-vertically-aligned-center is-layout-flow wp-block-column-is-layout-flow\">\n<p>La memoria USB con mosquet\u00f3n met\u00e1lico presenta un dise\u00f1o totalmente plateado, con capas de artesan\u00eda tecnol\u00f3gica detr\u00e1s de este \"plateado\":<\/p>\n\n\n\n<p>La aleaci\u00f3n de aluminio de calidad aeron\u00e1utica ofrece inherentemente un brillo met\u00e1lico, estableciendo un tono \"tecnol\u00f3gico\".<\/p>\n\n\n\n<p>Mediante el proceso de oxidaci\u00f3n an\u00f3dica, la plata presenta un \"acabado de espejo fr\u00edo\", reflejando la luz como un espejo de plata pero evitando el brillo del pl\u00e1stico barato gracias a su textura met\u00e1lica.<\/p>\n\n\n\n<p>La tecnolog\u00eda de revestimiento especial garantiza que no se oxide ni pierda color tras 3-5 a\u00f1os de uso diario.<\/p>\n<\/div>\n<\/div>\n\n\n\n<h2 class=\"wp-block-heading\">\u00bfSe puede personalizar la memoria USB con mosquet\u00f3n met\u00e1lico con un logotipo?<strong> <\/strong><\/h2>\n\n\n\n<p>La memoria USB con mosquet\u00f3n met\u00e1lico permite personalizar el logotipo de principio a fin, tanto en la memoria como en el embalaje, lo que la convierte en una \"baza\" para los regalos de empresa y la promoci\u00f3n de marcas. El anverso y el reverso de la memoria USB pueden personalizarse con logotipos mediante grabado por l\u00e1ser, serigraf\u00eda o impresi\u00f3n en color:<\/p>\n\n\n\n<div class=\"wp-block-columns is-layout-flex wp-container-core-columns-is-layout-4 wp-block-columns-is-layout-flex\">\n<div class=\"wp-block-column is-vertically-aligned-center is-layout-flow wp-block-column-is-layout-flow\">\n<p>Grabado por l\u00e1ser: Adecuado para logotipos\/textos minimalistas, con alta precisi\u00f3n y durabilidad permanente (crea muescas en la superficie met\u00e1lica, ideal para logotipos empresariales).<\/p>\n\n\n\n<p>Serigraf\u00eda: Se adapta a patrones coloridos, con cobertura de tinta uniforme y alta precisi\u00f3n de color (nota: puede desgastarse con la fricci\u00f3n a largo plazo, adecuado para campa\u00f1as a corto plazo).<\/p>\n\n\n\n<p>Impresi\u00f3n en color: Admite degradados y dise\u00f1os complejos, con un gran rendimiento de detalle (similar a la impresi\u00f3n de carcasas de tel\u00e9fono, requiere revestimiento protector para resistir ara\u00f1azos, ideal para marcas creativas).<\/p>\n<\/div>\n\n\n\n<div class=\"wp-block-column is-layout-flow wp-block-column-is-layout-flow\">\n<figure class=\"wp-block-image size-full is-resized\"><img loading=\"lazy\" decoding=\"async\" width=\"800\" height=\"800\" src=\"https:\/\/yousanusb.com\/wp-content\/uploads\/2025\/06\/Metallic-Carabiner-USB-Flash-Drive-with-Logo.png\" alt=\"Memoria USB met\u00e1lica con mosquet\u00f3n y logotipo\" class=\"wp-image-17262\" style=\"width:450px\" srcset=\"https:\/\/www.yousanusb.com\/wp-content\/uploads\/2025\/06\/Metallic-Carabiner-USB-Flash-Drive-with-Logo.png 800w, https:\/\/www.yousanusb.com\/wp-content\/uploads\/2025\/06\/Metallic-Carabiner-USB-Flash-Drive-with-Logo-300x300.png 300w, https:\/\/www.yousanusb.com\/wp-content\/uploads\/2025\/06\/Metallic-Carabiner-USB-Flash-Drive-with-Logo-150x150.png 150w, https:\/\/www.yousanusb.com\/wp-content\/uploads\/2025\/06\/Metallic-Carabiner-USB-Flash-Drive-with-Logo-768x768.png 768w, https:\/\/www.yousanusb.com\/wp-content\/uploads\/2025\/06\/Metallic-Carabiner-USB-Flash-Drive-with-Logo-12x12.png 12w, https:\/\/www.yousanusb.com\/wp-content\/uploads\/2025\/06\/Metallic-Carabiner-USB-Flash-Drive-with-Logo-600x600.png 600w, https:\/\/www.yousanusb.com\/wp-content\/uploads\/2025\/06\/Metallic-Carabiner-USB-Flash-Drive-with-Logo-100x100.png 100w\" sizes=\"(max-width: 800px) 100vw, 800px\" \/><\/figure>\n<\/div>\n<\/div>\n\n\n\n<h2 class=\"wp-block-heading\">\u00bfQu\u00e9 tipo de embalaje puede tener la memoria USB?<\/h2>\n\n\n\n<p>El paquete de la memoria USB incluye bolsas de PP, cajas de hierro o cajas de papel, todas ellas personalizables con logotipos:<\/p>\n\n\n\n<div class=\"wp-block-columns is-layout-flex wp-container-core-columns-is-layout-5 wp-block-columns-is-layout-flex\">\n<div class=\"wp-block-column is-layout-flow wp-block-column-is-layout-flow\">\n<figure class=\"wp-block-image size-full is-resized\"><img loading=\"lazy\" decoding=\"async\" width=\"717\" height=\"717\" src=\"https:\/\/yousanusb.com\/wp-content\/uploads\/2025\/06\/Carabiner-Clasp-Metal-USB-Flash-Drive-Package-Box.png\" alt=\"Mosquet\u00f3n - Cierre Metal USB Flash Drive Paquete Caja\" class=\"wp-image-17254\" style=\"width:450px\" srcset=\"https:\/\/www.yousanusb.com\/wp-content\/uploads\/2025\/06\/Carabiner-Clasp-Metal-USB-Flash-Drive-Package-Box.png 717w, https:\/\/www.yousanusb.com\/wp-content\/uploads\/2025\/06\/Carabiner-Clasp-Metal-USB-Flash-Drive-Package-Box-300x300.png 300w, https:\/\/www.yousanusb.com\/wp-content\/uploads\/2025\/06\/Carabiner-Clasp-Metal-USB-Flash-Drive-Package-Box-150x150.png 150w, https:\/\/www.yousanusb.com\/wp-content\/uploads\/2025\/06\/Carabiner-Clasp-Metal-USB-Flash-Drive-Package-Box-12x12.png 12w, https:\/\/www.yousanusb.com\/wp-content\/uploads\/2025\/06\/Carabiner-Clasp-Metal-USB-Flash-Drive-Package-Box-600x600.png 600w, https:\/\/www.yousanusb.com\/wp-content\/uploads\/2025\/06\/Carabiner-Clasp-Metal-USB-Flash-Drive-Package-Box-100x100.png 100w\" sizes=\"(max-width: 717px) 100vw, 717px\" \/><\/figure>\n<\/div>\n\n\n\n<div class=\"wp-block-column is-vertically-aligned-center is-layout-flow wp-block-column-is-layout-flow\">\n<p>Bolsa de PP transparente: Ligera y econ\u00f3mica (adecuada para uso personal\/peque\u00f1os lotes).<\/p>\n\n\n\n<p>Caja de hierro: A juego con la textura met\u00e1lica de la memoria USB, irradia elegancia (ideal para regalos corporativos VIP o lotes de regalo premium).<\/p>\n\n\n\n<p>Caja de papel: Permite un dise\u00f1o exquisito, con un coste moderado (adecuada para regalos de exposiciones o recuerdos de reuniones anuales, m\u00e1s rentable al por mayor).<\/p>\n<\/div>\n<\/div>\n\n\n\n<div style=\"height:40px\" aria-hidden=\"true\" class=\"wp-block-spacer\"><\/div>\n\n\n\n<h3 class=\"wp-block-heading\">P1: \u00bfLa carcasa de la memoria USB con mosquet\u00f3n met\u00e1lico es resistente al agua y a los golpes? <\/h3>\n\n\n\n<p>R: Su carcasa met\u00e1lica es una \"guerrera hexagonal protectora\":<\/p>\n\n\n\n<p>Resistente al agua: Cumple el nivel IPX4 de impermeabilidad diaria (resiste salpicaduras y gotas de lluvia, pero no lo sumerjas en agua para evitar da\u00f1os).<\/p>\n\n\n\n<p>A prueba de golpes: Supera una prueba de ca\u00edda libre de 1,5 m (simula ca\u00eddas de sobremesa\/bolsillo, con la estructura met\u00e1lica amortiguando eficazmente los impactos).<\/p>\n\n\n\n<p>Resistente a la temperatura: Funciona de forma estable desde -20\u2103 (invierno al aire libre) hasta 60\u2103 (veh\u00edculos a altas temperaturas), garantizando la integridad de los datos.<\/p>\n\n\n\n<p>A prueba de interferencias: La carcasa met\u00e1lica es naturalmente magn\u00e9tica y resistente a los rayos X (segura para los controles de seguridad de los aeropuertos o cerca de imanes).En resumen: soporta los \"peque\u00f1os accidentes\" diarios, pero la inmersi\u00f3n intencionada en agua seguir\u00e1 causando da\u00f1os.<\/p>\n\n\n\n<div class=\"wp-block-columns is-layout-flex wp-container-core-columns-is-layout-6 wp-block-columns-is-layout-flex\">\n<div class=\"wp-block-column is-layout-flow wp-block-column-is-layout-flow\">\n<figure class=\"wp-block-image size-full is-resized\"><img loading=\"lazy\" decoding=\"async\" width=\"800\" height=\"800\" src=\"https:\/\/yousanusb.com\/wp-content\/uploads\/2025\/06\/O1CN01scS8DC1sM0ny3zxeS_2682275751-0-cib.jpg_.webp.jpg\" alt=\"Mini memoria USB con mosquet\u00f3n met\u00e1lico\" class=\"wp-image-17264\" style=\"width:450px\" srcset=\"https:\/\/www.yousanusb.com\/wp-content\/uploads\/2025\/06\/O1CN01scS8DC1sM0ny3zxeS_2682275751-0-cib.jpg_.webp.jpg 800w, https:\/\/www.yousanusb.com\/wp-content\/uploads\/2025\/06\/O1CN01scS8DC1sM0ny3zxeS_2682275751-0-cib.jpg_.webp-300x300.jpg 300w, https:\/\/www.yousanusb.com\/wp-content\/uploads\/2025\/06\/O1CN01scS8DC1sM0ny3zxeS_2682275751-0-cib.jpg_.webp-150x150.jpg 150w, https:\/\/www.yousanusb.com\/wp-content\/uploads\/2025\/06\/O1CN01scS8DC1sM0ny3zxeS_2682275751-0-cib.jpg_.webp-768x768.jpg 768w, https:\/\/www.yousanusb.com\/wp-content\/uploads\/2025\/06\/O1CN01scS8DC1sM0ny3zxeS_2682275751-0-cib.jpg_.webp-12x12.jpg 12w, https:\/\/www.yousanusb.com\/wp-content\/uploads\/2025\/06\/O1CN01scS8DC1sM0ny3zxeS_2682275751-0-cib.jpg_.webp-600x600.jpg 600w, https:\/\/www.yousanusb.com\/wp-content\/uploads\/2025\/06\/O1CN01scS8DC1sM0ny3zxeS_2682275751-0-cib.jpg_.webp-100x100.jpg 100w\" sizes=\"(max-width: 800px) 100vw, 800px\" \/><\/figure>\n<\/div>\n\n\n\n<div class=\"wp-block-column is-layout-flow wp-block-column-is-layout-flow\"><div class=\"wp-block-image\">\n<figure class=\"aligncenter size-full is-resized\"><img loading=\"lazy\" decoding=\"async\" width=\"790\" height=\"825\" src=\"https:\/\/yousanusb.com\/wp-content\/uploads\/2025\/06\/Carabiner-Clasp-Metal-USB-Flash-Drive.png\" alt=\"Mosquet\u00f3n - Cierre Metal Memoria USB\" class=\"wp-image-17255\" style=\"width:400px\" srcset=\"https:\/\/www.yousanusb.com\/wp-content\/uploads\/2025\/06\/Carabiner-Clasp-Metal-USB-Flash-Drive.png 790w, https:\/\/www.yousanusb.com\/wp-content\/uploads\/2025\/06\/Carabiner-Clasp-Metal-USB-Flash-Drive-287x300.png 287w, https:\/\/www.yousanusb.com\/wp-content\/uploads\/2025\/06\/Carabiner-Clasp-Metal-USB-Flash-Drive-768x802.png 768w, https:\/\/www.yousanusb.com\/wp-content\/uploads\/2025\/06\/Carabiner-Clasp-Metal-USB-Flash-Drive-11x12.png 11w, https:\/\/www.yousanusb.com\/wp-content\/uploads\/2025\/06\/Carabiner-Clasp-Metal-USB-Flash-Drive-600x627.png 600w\" sizes=\"(max-width: 790px) 100vw, 790px\" \/><\/figure><\/div><\/div>\n<\/div>\n\n\n\n<div style=\"height:40px\" aria-hidden=\"true\" class=\"wp-block-spacer\"><\/div>\n\n\n\n<h3 class=\"wp-block-heading\">P2: \u00bfSe puede colgar la memoria USB de mosquet\u00f3n met\u00e1lico en un llavero? <\/h3>\n\n\n\n<p>R: \u00a1Definitivamente! El dise\u00f1o del mosquet\u00f3n incorpora tres caracter\u00edsticas inteligentes:<\/p>\n\n\n\n<p>Soporta cargas pesadas: La hebilla puede soportar de forma estable unos 500 g, adecuada para llaveros diarios y peque\u00f1os colgantes.<\/p>\n\n\n\n<p>Funcionamiento suave: Adopta una estructura de hebilla con resorte que permite abrirla y cerrarla con una sola mano, lo que facilita su colocaci\u00f3n y evita que se suelte accidentalmente.<\/p>\n\n\n\n<p>L\u00f3gica anti-perdida: Al vincular la unidad USB a las llaves, la p\u00e9rdida de \u00e9stas se detectar\u00e1 de inmediato, por lo que la unidad USB estar\u00e1 a salvo: \u00a1adi\u00f3s a la tragedia de perder la unidad USB por s\u00ed sola!<\/p>\n\n\n\n<div class=\"wp-block-columns is-layout-flex wp-container-core-columns-is-layout-7 wp-block-columns-is-layout-flex\">\n<div class=\"wp-block-column is-layout-flow wp-block-column-is-layout-flow\"><\/div>\n<\/div>\n\n\n\n<p><\/p>","protected":false},"excerpt":{"rendered":"<ul>\n<li>Estructura del mosquet\u00f3n Dise\u00f1o<\/li>\n<li>Material met\u00e1lico<\/li>\n<li>Impermeable y duradero<\/li>\n<li>Mayor velocidad y alta calidad<\/li>\n<li>Fiabilidad y seguridad<\/li>\n<li>Ideal para todos los usos<\/li>\n<\/ul>","protected":false},"featured_media":17263,"comment_status":"open","ping_status":"closed","template":"","meta":{"_seopress_robots_primary_cat":"","_seopress_titles_title":"Metal Carabiner USB Flash Drive","_seopress_titles_desc":"","_seopress_robots_index":""},"class_list":["post-17245","product","type-product","status-publish","has-post-thumbnail","hentry","product_cat-usb30-flash-drive","product_cat-metal-usb-flash-drive","product_tag-metal-carabiner-usb-flash-drive","product_tag-custom-metal-keychain-usb-flash-drive","product_tag-buy-metal-leather-usb-flash-drive"],"_links":{"self":[{"href":"https:\/\/www.yousanusb.com\/es\/wp-json\/wp\/v2\/product\/17245"}],"collection":[{"href":"https:\/\/www.yousanusb.com\/es\/wp-json\/wp\/v2\/product"}],"about":[{"href":"https:\/\/www.yousanusb.com\/es\/wp-json\/wp\/v2\/types\/product"}],"replies":[{"embeddable":true,"href":"https:\/\/www.yousanusb.com\/es\/wp-json\/wp\/v2\/comments?post=17245"}],"wp:featuredmedia":[{"embeddable":true,"href":"https:\/\/www.yousanusb.com\/es\/wp-json\/wp\/v2\/media\/17263"}],"wp:attachment":[{"href":"https:\/\/www.yousanusb.com\/es\/wp-json\/wp\/v2\/media?parent=17245"}],"curies":[{"name":"wp","href":"https:\/\/api.w.org\/{rel}","templated":true}]}}