{"id":17293,"date":"2025-06-17T07:10:30","date_gmt":"2025-06-17T07:10:30","guid":{"rendered":"https:\/\/yousanusb.com\/?post_type=product&#038;p=17293"},"modified":"2025-10-06T00:23:50","modified_gmt":"2025-10-06T00:23:50","slug":"cute-metal-cat-claw-usb-flash-drive-multi-color-gift-usb-2-0-3-0","status":"publish","type":"product","link":"https:\/\/www.yousanusb.com\/es\/producto\/cute-metal-cat-claw-usb-flash-drive-multi-color-gift-usb-2-0-3-0\/","title":{"rendered":"Bonita memoria USB met\u00e1lica en forma de u\u00f1a de gato - Regalo multicolor USB 2.0\/3.0"},"content":{"rendered":"<div class=\"wp-block-columns is-layout-flex wp-container-core-columns-is-layout-1 wp-block-columns-is-layout-flex\">\n<div class=\"wp-block-column is-layout-flow wp-block-column-is-layout-flow\">\n<figure class=\"wp-block-image size-full\"><img fetchpriority=\"high\" decoding=\"async\" width=\"800\" height=\"800\" src=\"https:\/\/yousanusb.com\/wp-content\/uploads\/2025\/06\/Various-Colors-Showcase-1.jpg\" alt=\"Escaparate de varios colores\" class=\"wp-image-17304\" srcset=\"https:\/\/www.yousanusb.com\/wp-content\/uploads\/2025\/06\/Various-Colors-Showcase-1.jpg 800w, https:\/\/www.yousanusb.com\/wp-content\/uploads\/2025\/06\/Various-Colors-Showcase-1-300x300.jpg 300w, https:\/\/www.yousanusb.com\/wp-content\/uploads\/2025\/06\/Various-Colors-Showcase-1-150x150.jpg 150w, https:\/\/www.yousanusb.com\/wp-content\/uploads\/2025\/06\/Various-Colors-Showcase-1-768x768.jpg 768w, https:\/\/www.yousanusb.com\/wp-content\/uploads\/2025\/06\/Various-Colors-Showcase-1-12x12.jpg 12w, https:\/\/www.yousanusb.com\/wp-content\/uploads\/2025\/06\/Various-Colors-Showcase-1-600x600.jpg 600w, https:\/\/www.yousanusb.com\/wp-content\/uploads\/2025\/06\/Various-Colors-Showcase-1-100x100.jpg 100w\" sizes=\"(max-width: 800px) 100vw, 800px\" \/><\/figure>\n<\/div>\n\n\n\n<div class=\"wp-block-column is-vertically-aligned-center is-layout-flow wp-block-column-is-layout-flow\">\n<p>\u00bfBusca una memoria USB pr\u00e1ctica y llamativa? La memoria USB met\u00e1lica en forma de u\u00f1a de gato es sin duda su mejor elecci\u00f3n.<\/p>\n\n\n\n<p> Inspirado en el simp\u00e1tico y caricaturesco dise\u00f1o de garras de gato, combinado con material totalmente met\u00e1lico, integra a la perfecci\u00f3n la monada y la textura, convirti\u00e9ndose en el estilo de unidad USB de regalo m\u00e1s popular en la actualidad. Ya sea para uso personal o como regalo, \u00a1captar\u00e1 f\u00e1cilmente el coraz\u00f3n de la gente!<\/p>\n<\/div>\n<\/div>\n\n\n\n<h2 class=\"wp-block-heading\"> Estilo de dise\u00f1o<\/h2>\n\n\n\n<p>La unidad USB met\u00e1lica con forma de u\u00f1a de gato adopta un estilo simp\u00e1tico y caricaturesco, tomando ingeniosamente la u\u00f1a de gato animal como prototipo de dise\u00f1o. Su forma peque\u00f1a y exquisita con bordes redondeados es una monada. El material totalmente met\u00e1lico no s\u00f3lo hace que la unidad USB parezca llena de textura, sino que tambi\u00e9n mejora en gran medida su durabilidad, combinando belleza y calidad.<\/p>\n\n\n\n<h2 class=\"wp-block-heading\"> C\u00f3modo de usar<\/h2>\n\n\n\n<p>Esta unidad USB adopta un dise\u00f1o integrado, equipado con un adaptador de tel\u00e9fono m\u00f3vil, la realizaci\u00f3n de doble uso para tel\u00e9fonos m\u00f3viles y ordenadores, y realmente lograr plug-and-play. Tiene una amplia compatibilidad y puede adaptarse f\u00e1cilmente a dispositivos como sistemas Windows, sistemas Mac, tel\u00e9fonos m\u00f3viles Android y tabletas. <\/p>\n\n\n\n<div class=\"wp-block-columns is-layout-flex wp-container-core-columns-is-layout-2 wp-block-columns-is-layout-flex\">\n<div class=\"wp-block-column is-layout-flow wp-block-column-is-layout-flow\">\n<figure class=\"wp-block-image size-full\"><img decoding=\"async\" width=\"800\" height=\"800\" src=\"https:\/\/yousanusb.com\/wp-content\/uploads\/2025\/06\/O1CN017JznPo2C2aLgKnUnL_2218751688416-0-cib.jpg_.webp.jpg\" alt=\"Memoria USB Pata de Gato de Metal\" class=\"wp-image-17308\" srcset=\"https:\/\/www.yousanusb.com\/wp-content\/uploads\/2025\/06\/O1CN017JznPo2C2aLgKnUnL_2218751688416-0-cib.jpg_.webp.jpg 800w, https:\/\/www.yousanusb.com\/wp-content\/uploads\/2025\/06\/O1CN017JznPo2C2aLgKnUnL_2218751688416-0-cib.jpg_.webp-300x300.jpg 300w, https:\/\/www.yousanusb.com\/wp-content\/uploads\/2025\/06\/O1CN017JznPo2C2aLgKnUnL_2218751688416-0-cib.jpg_.webp-150x150.jpg 150w, https:\/\/www.yousanusb.com\/wp-content\/uploads\/2025\/06\/O1CN017JznPo2C2aLgKnUnL_2218751688416-0-cib.jpg_.webp-768x768.jpg 768w, https:\/\/www.yousanusb.com\/wp-content\/uploads\/2025\/06\/O1CN017JznPo2C2aLgKnUnL_2218751688416-0-cib.jpg_.webp-12x12.jpg 12w, https:\/\/www.yousanusb.com\/wp-content\/uploads\/2025\/06\/O1CN017JznPo2C2aLgKnUnL_2218751688416-0-cib.jpg_.webp-600x600.jpg 600w, https:\/\/www.yousanusb.com\/wp-content\/uploads\/2025\/06\/O1CN017JznPo2C2aLgKnUnL_2218751688416-0-cib.jpg_.webp-100x100.jpg 100w\" sizes=\"(max-width: 800px) 100vw, 800px\" \/><\/figure>\n<\/div>\n\n\n\n<div class=\"wp-block-column is-layout-flow wp-block-column-is-layout-flow\">\n<figure class=\"wp-block-image size-full\"><img decoding=\"async\" width=\"800\" height=\"800\" src=\"https:\/\/yousanusb.com\/wp-content\/uploads\/2025\/06\/Waterproof-and-shockproof-display-diagram.jpg\" alt=\"Diagrama de visualizaci\u00f3n resistente al agua y a los golpes\" class=\"wp-image-17311\" srcset=\"https:\/\/www.yousanusb.com\/wp-content\/uploads\/2025\/06\/Waterproof-and-shockproof-display-diagram.jpg 800w, https:\/\/www.yousanusb.com\/wp-content\/uploads\/2025\/06\/Waterproof-and-shockproof-display-diagram-300x300.jpg 300w, https:\/\/www.yousanusb.com\/wp-content\/uploads\/2025\/06\/Waterproof-and-shockproof-display-diagram-150x150.jpg 150w, https:\/\/www.yousanusb.com\/wp-content\/uploads\/2025\/06\/Waterproof-and-shockproof-display-diagram-768x768.jpg 768w, https:\/\/www.yousanusb.com\/wp-content\/uploads\/2025\/06\/Waterproof-and-shockproof-display-diagram-12x12.jpg 12w, https:\/\/www.yousanusb.com\/wp-content\/uploads\/2025\/06\/Waterproof-and-shockproof-display-diagram-600x600.jpg 600w, https:\/\/www.yousanusb.com\/wp-content\/uploads\/2025\/06\/Waterproof-and-shockproof-display-diagram-100x100.jpg 100w\" sizes=\"(max-width: 800px) 100vw, 800px\" \/><\/figure>\n<\/div>\n<\/div>\n\n\n\n<p> Con un chip de alta calidad de grado A+ incorporado, la transmisi\u00f3n de datos es estable y r\u00e1pida. Adem\u00e1s, es resistente al agua, a los golpes y a las ca\u00eddas. Incluso si se cae accidentalmente en el agua o se cae al suelo, no hay necesidad de preocuparse por la p\u00e9rdida de datos, salvaguardando sus materiales importantes.<\/p>\n\n\n\n<div class=\"wp-block-columns is-layout-flex wp-container-core-columns-is-layout-3 wp-block-columns-is-layout-flex\">\n<div class=\"wp-block-column is-vertically-aligned-center is-layout-flow wp-block-column-is-layout-flow\">\n<h2 class=\"wp-block-heading\">Interfaces y par\u00e1metros<\/h2>\n\n\n\n<p>La unidad USB de u\u00f1a de gato met\u00e1lica ofrece dos opciones de interfaz USB 2.0 ordinaria y USB 3.0 de alta velocidad para satisfacer las necesidades de velocidad de transmisi\u00f3n de los distintos usuarios. Los par\u00e1metros espec\u00edficos son los siguientes:<\/p>\n<\/div>\n\n\n\n<div class=\"wp-block-column is-vertically-aligned-center is-layout-flow wp-block-column-is-layout-flow\">\n<figure class=\"wp-block-image size-full\"><img loading=\"lazy\" decoding=\"async\" width=\"800\" height=\"800\" src=\"https:\/\/yousanusb.com\/wp-content\/uploads\/2025\/06\/Parameter-display-diagram-1.jpg\" alt=\"Diagrama de visualizaci\u00f3n de par\u00e1metros\" class=\"wp-image-17320\" srcset=\"https:\/\/www.yousanusb.com\/wp-content\/uploads\/2025\/06\/Parameter-display-diagram-1.jpg 800w, https:\/\/www.yousanusb.com\/wp-content\/uploads\/2025\/06\/Parameter-display-diagram-1-300x300.jpg 300w, https:\/\/www.yousanusb.com\/wp-content\/uploads\/2025\/06\/Parameter-display-diagram-1-150x150.jpg 150w, https:\/\/www.yousanusb.com\/wp-content\/uploads\/2025\/06\/Parameter-display-diagram-1-768x768.jpg 768w, https:\/\/www.yousanusb.com\/wp-content\/uploads\/2025\/06\/Parameter-display-diagram-1-12x12.jpg 12w, https:\/\/www.yousanusb.com\/wp-content\/uploads\/2025\/06\/Parameter-display-diagram-1-600x600.jpg 600w, https:\/\/www.yousanusb.com\/wp-content\/uploads\/2025\/06\/Parameter-display-diagram-1-100x100.jpg 100w\" sizes=\"(max-width: 800px) 100vw, 800px\" \/><\/figure>\n<\/div>\n<\/div>\n\n\n\n<figure class=\"wp-block-table\"><table class=\"has-fixed-layout\"><thead><tr><th>Categor\u00eda de par\u00e1metros<\/th><th>Especificaciones detalladas<\/th><\/tr><\/thead><tbody><tr><td>USB 2.0<\/td><td>60 MB\/s<\/td><\/tr><tr><td>USB 3.0<\/td><td>640 MB\/s<\/td><\/tr><tr><td>Peso<\/td><td>20g<\/td><\/tr><tr><td>Dimensiones<\/td><td>42<em>12<\/em>4 mm<\/td><\/tr><tr><td>Capacidad<\/td><td>16GB \/ 32GB \/ 64GB \/ 128GB<\/td><\/tr><tr><td>Color<\/td><td>Oro, plata, oro rosa, negro<\/td><\/tr><\/tbody><\/table><\/figure>\n\n\n\n<h2 class=\"wp-block-heading\"> Colores y capacidades<\/h2>\n\n\n\n<p>La memoria USB met\u00e1lica en forma de u\u00f1a de gato tiene cuatro colores de moda: dorado, plateado, oro rosa y negro. Entre ellos, el plateado es el m\u00e1s popular, con 80% de usuarios que lo eligen. El modelo plateado tiene un aspecto sencillo y elegante, vers\u00e1til y adecuado para cualquier ocasi\u00f3n. <\/p>\n\n\n\n<div class=\"wp-block-columns is-layout-flex wp-container-core-columns-is-layout-4 wp-block-columns-is-layout-flex\">\n<div class=\"wp-block-column is-layout-flow wp-block-column-is-layout-flow\"><div class=\"wp-block-image\">\n<figure class=\"aligncenter size-full\"><img loading=\"lazy\" decoding=\"async\" width=\"800\" height=\"800\" src=\"https:\/\/yousanusb.com\/wp-content\/uploads\/2025\/06\/Gold-1.jpg\" alt=\"\" class=\"wp-image-17315\" srcset=\"https:\/\/www.yousanusb.com\/wp-content\/uploads\/2025\/06\/Gold-1.jpg 800w, https:\/\/www.yousanusb.com\/wp-content\/uploads\/2025\/06\/Gold-1-300x300.jpg 300w, https:\/\/www.yousanusb.com\/wp-content\/uploads\/2025\/06\/Gold-1-150x150.jpg 150w, https:\/\/www.yousanusb.com\/wp-content\/uploads\/2025\/06\/Gold-1-768x768.jpg 768w, https:\/\/www.yousanusb.com\/wp-content\/uploads\/2025\/06\/Gold-1-12x12.jpg 12w, https:\/\/www.yousanusb.com\/wp-content\/uploads\/2025\/06\/Gold-1-600x600.jpg 600w, https:\/\/www.yousanusb.com\/wp-content\/uploads\/2025\/06\/Gold-1-100x100.jpg 100w\" sizes=\"(max-width: 800px) 100vw, 800px\" \/><figcaption class=\"wp-element-caption\">Oro<\/figcaption><\/figure><\/div><\/div>\n\n\n\n<div class=\"wp-block-column is-layout-flow wp-block-column-is-layout-flow\"><div class=\"wp-block-image\">\n<figure class=\"aligncenter size-full\"><img loading=\"lazy\" decoding=\"async\" width=\"800\" height=\"800\" src=\"https:\/\/yousanusb.com\/wp-content\/uploads\/2025\/06\/Silver-1.jpg\" alt=\"\" class=\"wp-image-17316\" srcset=\"https:\/\/www.yousanusb.com\/wp-content\/uploads\/2025\/06\/Silver-1.jpg 800w, https:\/\/www.yousanusb.com\/wp-content\/uploads\/2025\/06\/Silver-1-300x300.jpg 300w, https:\/\/www.yousanusb.com\/wp-content\/uploads\/2025\/06\/Silver-1-150x150.jpg 150w, https:\/\/www.yousanusb.com\/wp-content\/uploads\/2025\/06\/Silver-1-768x768.jpg 768w, https:\/\/www.yousanusb.com\/wp-content\/uploads\/2025\/06\/Silver-1-12x12.jpg 12w, https:\/\/www.yousanusb.com\/wp-content\/uploads\/2025\/06\/Silver-1-600x600.jpg 600w, https:\/\/www.yousanusb.com\/wp-content\/uploads\/2025\/06\/Silver-1-100x100.jpg 100w\" sizes=\"(max-width: 800px) 100vw, 800px\" \/><figcaption class=\"wp-element-caption\">Plata<\/figcaption><\/figure><\/div><\/div>\n\n\n\n<div class=\"wp-block-column is-layout-flow wp-block-column-is-layout-flow\"><div class=\"wp-block-image\">\n<figure class=\"aligncenter size-full\"><img loading=\"lazy\" decoding=\"async\" width=\"800\" height=\"800\" src=\"https:\/\/yousanusb.com\/wp-content\/uploads\/2025\/06\/Rose-Gold-1.jpg\" alt=\"\" class=\"wp-image-17317\" srcset=\"https:\/\/www.yousanusb.com\/wp-content\/uploads\/2025\/06\/Rose-Gold-1.jpg 800w, https:\/\/www.yousanusb.com\/wp-content\/uploads\/2025\/06\/Rose-Gold-1-300x300.jpg 300w, https:\/\/www.yousanusb.com\/wp-content\/uploads\/2025\/06\/Rose-Gold-1-150x150.jpg 150w, https:\/\/www.yousanusb.com\/wp-content\/uploads\/2025\/06\/Rose-Gold-1-768x768.jpg 768w, https:\/\/www.yousanusb.com\/wp-content\/uploads\/2025\/06\/Rose-Gold-1-12x12.jpg 12w, https:\/\/www.yousanusb.com\/wp-content\/uploads\/2025\/06\/Rose-Gold-1-600x600.jpg 600w, https:\/\/www.yousanusb.com\/wp-content\/uploads\/2025\/06\/Rose-Gold-1-100x100.jpg 100w\" sizes=\"(max-width: 800px) 100vw, 800px\" \/><figcaption class=\"wp-element-caption\">Oro rosa<\/figcaption><\/figure><\/div><\/div>\n\n\n\n<div class=\"wp-block-column is-layout-flow wp-block-column-is-layout-flow\"><div class=\"wp-block-image\">\n<figure class=\"aligncenter size-full\"><img loading=\"lazy\" decoding=\"async\" width=\"800\" height=\"800\" src=\"https:\/\/yousanusb.com\/wp-content\/uploads\/2025\/06\/Black-1.jpg\" alt=\"\" class=\"wp-image-17318\" srcset=\"https:\/\/www.yousanusb.com\/wp-content\/uploads\/2025\/06\/Black-1.jpg 800w, https:\/\/www.yousanusb.com\/wp-content\/uploads\/2025\/06\/Black-1-300x300.jpg 300w, https:\/\/www.yousanusb.com\/wp-content\/uploads\/2025\/06\/Black-1-150x150.jpg 150w, https:\/\/www.yousanusb.com\/wp-content\/uploads\/2025\/06\/Black-1-768x768.jpg 768w, https:\/\/www.yousanusb.com\/wp-content\/uploads\/2025\/06\/Black-1-12x12.jpg 12w, https:\/\/www.yousanusb.com\/wp-content\/uploads\/2025\/06\/Black-1-600x600.jpg 600w, https:\/\/www.yousanusb.com\/wp-content\/uploads\/2025\/06\/Black-1-100x100.jpg 100w\" sizes=\"(max-width: 800px) 100vw, 800px\" \/><figcaption class=\"wp-element-caption\">Negro<\/figcaption><\/figure><\/div><\/div>\n<\/div>\n\n\n\n<p>El brillo met\u00e1lico resplandece al sol, mostrando una sensaci\u00f3n de alta calidad de forma discreta. Tanto para la oficina como para el uso diario, se adapta perfectamente. Las capacidades de las unidades USB est\u00e1n disponibles en varias opciones: 16 GB, 32 GB, 64 GB y 128 GB, para satisfacer las necesidades de almacenamiento de distintos usuarios.<\/p>\n\n\n\n<h2 class=\"wp-block-heading\"> Servicios de personalizaci\u00f3n<\/h2>\n\n\n\n<div class=\"wp-block-columns are-vertically-aligned-center is-layout-flex wp-container-core-columns-is-layout-5 wp-block-columns-is-layout-flex\">\n<div class=\"wp-block-column is-vertically-aligned-center is-layout-flow wp-block-column-is-layout-flow\">\n<figure class=\"wp-block-image size-full\"><img loading=\"lazy\" decoding=\"async\" width=\"800\" height=\"800\" src=\"https:\/\/yousanusb.com\/wp-content\/uploads\/2025\/06\/O1CN010RBl8V2C2aLZ9I4sJ_2218751688416-0-cib.jpg_.webp.jpg\" alt=\"Serigraf\u00eda, logotipo l\u00e1ser\" class=\"wp-image-17307\" srcset=\"https:\/\/www.yousanusb.com\/wp-content\/uploads\/2025\/06\/O1CN010RBl8V2C2aLZ9I4sJ_2218751688416-0-cib.jpg_.webp.jpg 800w, https:\/\/www.yousanusb.com\/wp-content\/uploads\/2025\/06\/O1CN010RBl8V2C2aLZ9I4sJ_2218751688416-0-cib.jpg_.webp-300x300.jpg 300w, https:\/\/www.yousanusb.com\/wp-content\/uploads\/2025\/06\/O1CN010RBl8V2C2aLZ9I4sJ_2218751688416-0-cib.jpg_.webp-150x150.jpg 150w, https:\/\/www.yousanusb.com\/wp-content\/uploads\/2025\/06\/O1CN010RBl8V2C2aLZ9I4sJ_2218751688416-0-cib.jpg_.webp-768x768.jpg 768w, https:\/\/www.yousanusb.com\/wp-content\/uploads\/2025\/06\/O1CN010RBl8V2C2aLZ9I4sJ_2218751688416-0-cib.jpg_.webp-12x12.jpg 12w, https:\/\/www.yousanusb.com\/wp-content\/uploads\/2025\/06\/O1CN010RBl8V2C2aLZ9I4sJ_2218751688416-0-cib.jpg_.webp-600x600.jpg 600w, https:\/\/www.yousanusb.com\/wp-content\/uploads\/2025\/06\/O1CN010RBl8V2C2aLZ9I4sJ_2218751688416-0-cib.jpg_.webp-100x100.jpg 100w\" sizes=\"(max-width: 800px) 100vw, 800px\" \/><\/figure>\n<\/div>\n\n\n\n<div class=\"wp-block-column is-vertically-aligned-center is-layout-flow wp-block-column-is-layout-flow\">\n<p>Si quiere que esta unidad USB sea m\u00e1s exclusiva, \u00a1la unidad USB de u\u00f1a de gato met\u00e1lica admite personalizaci\u00f3n! Tanto la parte delantera como la trasera de la unidad USB se pueden personalizar con logotipos, para lo que se ofrecen dos m\u00e9todos: grabado por l\u00e1ser y serigraf\u00eda. <\/p>\n\n\n\n<p>El logotipo grabado con l\u00e1ser tiene l\u00edneas claras y es duradero y resistente al desgaste; el logotipo serigrafiado es rico en colores y tiene una fuerte expresividad. Adem\u00e1s de la propia unidad USB, el embalaje tambi\u00e9n puede personalizarse con logotipos.<\/p>\n\n\n\n<p>La configuraci\u00f3n est\u00e1ndar suele ser bolsas de PP o embalaje en caja de hierro. Ya sea para promoci\u00f3n corporativa o conmemoraci\u00f3n personal, puede crear una unidad USB exclusiva \u00fanica.<\/p>\n<\/div>\n<\/div>\n\n\n\n<h2 class=\"wp-block-heading\"> Preguntas frecuentes<\/h2>\n\n\n\n<p>P: \u00bfNecesita la unidad USB de u\u00f1a de gato met\u00e1lica descargar software adicional cuando se utiliza en un tel\u00e9fono m\u00f3vil?<\/p>\n\n\n\n<p>R: No. La unidad USB de u\u00f1a de gato met\u00e1lica adopta un dise\u00f1o plug-and-play. Basta con conectar el adaptador de tel\u00e9fono m\u00f3vil e insertarlo en el tel\u00e9fono m\u00f3vil para utilizarlo directamente sin necesidad de descargar ning\u00fan software adicional, lo que resulta muy c\u00f3modo de manejar.<\/p>\n\n\n\n<p>P: \u00bfCu\u00e1nto se tarda en personalizar el logotipo?<\/p>\n\n\n\n<p>R: En circunstancias normales, el ciclo de producci\u00f3n de los logotipos grabados con l\u00e1ser es de 3-5 d\u00edas laborables, y el ciclo de producci\u00f3n de los logotipos serigrafiados es de 5-7 d\u00edas laborables debido al proceso relativamente complejo. El tiempo espec\u00edfico se ajustar\u00e1 en funci\u00f3n de la cantidad del pedido.<\/p>\n\n\n\n<p>Lo anterior ha introducido la u\u00f1a de gato de metal unidad USB de m\u00faltiples dimensiones. Si usted todav\u00eda tiene preguntas acerca de los detalles del producto, procesos de personalizaci\u00f3n, etc., o tiene nuevas necesidades, bienvenido a decirme en cualquier momento.<\/p>\n\n\n\n<p><\/p>","protected":false},"excerpt":{"rendered":"<ul>\n<li>Unidad USB met\u00e1lica en forma de u\u00f1a de gato con interfaces 2.0\/3.0<\/li>\n<li>Doble compatibilidad para tel\u00e9fonos m\u00f3viles y ordenadores, viene con un adaptador para tel\u00e9fonos m\u00f3viles<\/li>\n<li>Resistente al agua, a los golpes y a las ca\u00eddas<\/li>\n<li>Disponible en 4 colores: Oro, Plata, Oro rosa y Negro<\/li>\n<\/ul>","protected":false},"featured_media":17304,"comment_status":"open","ping_status":"closed","template":"","meta":{"_seopress_robots_primary_cat":"","_seopress_titles_title":"","_seopress_titles_desc":"","_seopress_robots_index":""},"class_list":["post-17293","product","type-product","status-publish","has-post-thumbnail","hentry","product_cat-usb30-flash-drive","product_tag-rose-gold-usb-flash-drive","product_tag-custom-metal-keychain-usb-flash-drive","product_tag-buy-metal-leather-usb-flash-drive"],"_links":{"self":[{"href":"https:\/\/www.yousanusb.com\/es\/wp-json\/wp\/v2\/product\/17293"}],"collection":[{"href":"https:\/\/www.yousanusb.com\/es\/wp-json\/wp\/v2\/product"}],"about":[{"href":"https:\/\/www.yousanusb.com\/es\/wp-json\/wp\/v2\/types\/product"}],"replies":[{"embeddable":true,"href":"https:\/\/www.yousanusb.com\/es\/wp-json\/wp\/v2\/comments?post=17293"}],"wp:featuredmedia":[{"embeddable":true,"href":"https:\/\/www.yousanusb.com\/es\/wp-json\/wp\/v2\/media\/17304"}],"wp:attachment":[{"href":"https:\/\/www.yousanusb.com\/es\/wp-json\/wp\/v2\/media?parent=17293"}],"curies":[{"name":"wp","href":"https:\/\/api.w.org\/{rel}","templated":true}]}}