{"id":17343,"date":"2025-06-18T03:08:58","date_gmt":"2025-06-18T03:08:58","guid":{"rendered":"https:\/\/yousanusb.com\/?post_type=product&#038;p=17343"},"modified":"2025-10-06T00:23:43","modified_gmt":"2025-10-06T00:23:43","slug":"kingston-metal-usb-drive","status":"publish","type":"product","link":"https:\/\/www.yousanusb.com\/es\/producto\/kingston-metal-usb-drive\/","title":{"rendered":"Unidad USB Kingston Metal"},"content":{"rendered":"<h2 class=\"wp-block-heading\">\u00bfQu\u00e9 es la unidad USB Kingston Metal? <\/h2>\n\n\n\n<div class=\"wp-block-columns is-layout-flex wp-container-core-columns-is-layout-1 wp-block-columns-is-layout-flex\">\n<div class=\"wp-block-column is-layout-flow wp-block-column-is-layout-flow\">\n<figure class=\"wp-block-image size-full is-resized\"><img fetchpriority=\"high\" decoding=\"async\" width=\"800\" height=\"800\" src=\"https:\/\/yousanusb.com\/wp-content\/uploads\/2025\/06\/Kingston-Metal-USB-Flash-Drive-from-Factory.png\" alt=\"Memoria USB Kingston Metal de F\u00e1brica\" class=\"wp-image-17348\" style=\"width:450px\" srcset=\"https:\/\/www.yousanusb.com\/wp-content\/uploads\/2025\/06\/Kingston-Metal-USB-Flash-Drive-from-Factory.png 800w, https:\/\/www.yousanusb.com\/wp-content\/uploads\/2025\/06\/Kingston-Metal-USB-Flash-Drive-from-Factory-300x300.png 300w, https:\/\/www.yousanusb.com\/wp-content\/uploads\/2025\/06\/Kingston-Metal-USB-Flash-Drive-from-Factory-150x150.png 150w, https:\/\/www.yousanusb.com\/wp-content\/uploads\/2025\/06\/Kingston-Metal-USB-Flash-Drive-from-Factory-768x768.png 768w, https:\/\/www.yousanusb.com\/wp-content\/uploads\/2025\/06\/Kingston-Metal-USB-Flash-Drive-from-Factory-12x12.png 12w, https:\/\/www.yousanusb.com\/wp-content\/uploads\/2025\/06\/Kingston-Metal-USB-Flash-Drive-from-Factory-600x600.png 600w, https:\/\/www.yousanusb.com\/wp-content\/uploads\/2025\/06\/Kingston-Metal-USB-Flash-Drive-from-Factory-100x100.png 100w\" sizes=\"(max-width: 800px) 100vw, 800px\" \/><\/figure>\n<\/div>\n\n\n\n<div class=\"wp-block-column is-vertically-aligned-center is-layout-flow wp-block-column-is-layout-flow\">\n<p>El cuerpo principal de la unidad USB Kingston Metal presenta un dise\u00f1o de tiras met\u00e1licas plateadas, tratadas con un acabado cepillado para presentar una delicada textura met\u00e1lica.&nbsp;<\/p>\n\n\n\n<p>La parte superior incorpora de forma innovadora un bucle abierto de pl\u00e1stico negro en forma de U para colgar, que permite enhebrar f\u00e1cilmente llaveros o cordones sin necesidad de herramientas.<\/p>\n\n\n\n<p>Esto resuelve el problema de las unidades USB tradicionales, que se pierden con facilidad, mientras que el contraste de colores \"plata met\u00e1lica + negro obsidiana\" encarna la filosof\u00eda de dise\u00f1o del \"pragmatismo empresarial\".<\/p>\n<\/div>\n<\/div>\n\n\n\n<div style=\"height:50px\" aria-hidden=\"true\" class=\"wp-block-spacer\"><\/div>\n\n\n\n<h2 class=\"wp-block-heading\">Configuraci\u00f3n y par\u00e1metros de la interfaz de la unidad USB Kingston Metal<\/h2>\n\n\n\n<figure class=\"wp-block-table\"><table class=\"has-fixed-layout\"><tbody><tr><td>Categor\u00eda<\/td><td>USB 2.0<\/td><td>USB 3.0<\/td><\/tr><tr><td>Tipo de interfaz<\/td><td>USB 2.0 (transmisi\u00f3n est\u00e1ndar)<\/td><td>USB 3.0 (velocidad 5 veces superior)<\/td><\/tr><tr><td>Capacidad<\/td><td>8 GB\/16 GB\/32 GB<\/td><td>32GB\/64GB\/128GB<\/td><\/tr><tr><td>Velocidad de lectura\/escritura<\/td><td>Lectura \u224815-25MB\/sEscritura \u22488-15MB\/s<\/td><td>Lectura \u224880-150MB\/sEscritura \u224820-40MB\/s<\/td><\/tr><tr><td>Especificaciones f\u00edsicas<\/td><td>39\u00d712,6\u00d74,9 mm<\/td><td>39\u00d712,6\u00d74,9 mm<\/td><\/tr><tr><td>Peso<\/td><td>15g<\/td><td>15g<\/td><\/tr><tr><td>Material de la carcasa<\/td><td>Aleaci\u00f3n de aluminio + estructura de compuesto pl\u00e1stico de ingenier\u00eda ABS<\/td><td>Aleaci\u00f3n de aluminio + estructura de compuesto pl\u00e1stico de ingenier\u00eda ABS<\/td><\/tr><tr><td>Sistemas compatibles<\/td><td>Windows\/macOS\/Linux\/Android<\/td><td>Windows\/macOS\/Linux\/Android<\/td><\/tr><tr><td>Escenarios t\u00edpicos<\/td><td>Almacenamiento diario de documentos\/adjuntos de correo electr\u00f3nico<\/td><td>Transmisi\u00f3n de v\u00eddeo HD\/copia de seguridad de archivos de dise\u00f1o<\/td><\/tr><\/tbody><\/table><\/figure>\n\n\n\n<div style=\"height:50px\" aria-hidden=\"true\" class=\"wp-block-spacer\"><\/div>\n\n\n\n<h2 class=\"wp-block-heading\">Colores de la memoria USB Kingston Metal <\/h2>\n\n\n\n<div class=\"wp-block-columns is-layout-flex wp-container-core-columns-is-layout-2 wp-block-columns-is-layout-flex\">\n<div class=\"wp-block-column is-vertically-aligned-center is-layout-flow wp-block-column-is-layout-flow\">\n<p>Adoptando el mismo proceso de cepillado anodizado que las carcasas de los port\u00e1tiles, la superficie forma texturas microconvexas de 0,01 mm, lo que evita los residuos de huellas dactilares en la superficie del espejo a la vez que presenta un brillo fluido \"similar al metal l\u00edquido\" bajo la refracci\u00f3n de la luz.&nbsp;<\/p>\n\n\n\n<p>El tono plateado fr\u00edo lleva inherente un atributo empresarial, adapt\u00e1ndose a escenarios serios como conferencias financieras y documentos de bufetes de abogados.<\/p>\n\n\n\n<p>Cuando se combina con maletines u ordenadores port\u00e1tiles, la textura met\u00e1lica se hace eco visualmente de los dispositivos; la capa de \u00f3xido met\u00e1lico tiene un grosor de 5\u03bcm, supera 1.000 pruebas de fricci\u00f3n sin decolorarse y mantiene la calidad \"lista para usar\" tras un uso prolongado.<\/p>\n<\/div>\n\n\n\n<div class=\"wp-block-column is-layout-flow wp-block-column-is-layout-flow\"><div class=\"wp-block-image\">\n<figure class=\"aligncenter size-full is-resized\"><img decoding=\"async\" width=\"800\" height=\"800\" src=\"https:\/\/yousanusb.com\/wp-content\/uploads\/2025\/06\/Kingston-Silver-Metal-USB-Flash-Drive.png\" alt=\"Memoria USB Kingston Silver Metal\" class=\"wp-image-17354\" style=\"width:450px\" srcset=\"https:\/\/www.yousanusb.com\/wp-content\/uploads\/2025\/06\/Kingston-Silver-Metal-USB-Flash-Drive.png 800w, https:\/\/www.yousanusb.com\/wp-content\/uploads\/2025\/06\/Kingston-Silver-Metal-USB-Flash-Drive-300x300.png 300w, https:\/\/www.yousanusb.com\/wp-content\/uploads\/2025\/06\/Kingston-Silver-Metal-USB-Flash-Drive-150x150.png 150w, https:\/\/www.yousanusb.com\/wp-content\/uploads\/2025\/06\/Kingston-Silver-Metal-USB-Flash-Drive-768x768.png 768w, https:\/\/www.yousanusb.com\/wp-content\/uploads\/2025\/06\/Kingston-Silver-Metal-USB-Flash-Drive-12x12.png 12w, https:\/\/www.yousanusb.com\/wp-content\/uploads\/2025\/06\/Kingston-Silver-Metal-USB-Flash-Drive-600x600.png 600w, https:\/\/www.yousanusb.com\/wp-content\/uploads\/2025\/06\/Kingston-Silver-Metal-USB-Flash-Drive-100x100.png 100w\" sizes=\"(max-width: 800px) 100vw, 800px\" \/><\/figure><\/div><\/div>\n<\/div>\n\n\n\n<div style=\"height:50px\" aria-hidden=\"true\" class=\"wp-block-spacer\"><\/div>\n\n\n\n<h2 class=\"wp-block-heading\">\u00bfSe puede personalizar con un logotipo la carcasa met\u00e1lica de la unidad USB de Kingston? <\/h2>\n\n\n\n<div class=\"wp-block-columns is-layout-flex wp-container-core-columns-is-layout-3 wp-block-columns-is-layout-flex\">\n<div class=\"wp-block-column is-layout-flow wp-block-column-is-layout-flow\"><div class=\"wp-block-image\">\n<figure class=\"aligncenter size-full is-resized\"><img decoding=\"async\" width=\"800\" height=\"800\" src=\"https:\/\/yousanusb.com\/wp-content\/uploads\/2025\/06\/Kingston-Metal-USB-Memory-Stick-with-Custom-Logo.png\" alt=\"Memoria USB met\u00e1lica Kingston con logotipo personalizado\" class=\"wp-image-17350\" style=\"width:450px\" srcset=\"https:\/\/www.yousanusb.com\/wp-content\/uploads\/2025\/06\/Kingston-Metal-USB-Memory-Stick-with-Custom-Logo.png 800w, https:\/\/www.yousanusb.com\/wp-content\/uploads\/2025\/06\/Kingston-Metal-USB-Memory-Stick-with-Custom-Logo-300x300.png 300w, https:\/\/www.yousanusb.com\/wp-content\/uploads\/2025\/06\/Kingston-Metal-USB-Memory-Stick-with-Custom-Logo-150x150.png 150w, https:\/\/www.yousanusb.com\/wp-content\/uploads\/2025\/06\/Kingston-Metal-USB-Memory-Stick-with-Custom-Logo-768x768.png 768w, https:\/\/www.yousanusb.com\/wp-content\/uploads\/2025\/06\/Kingston-Metal-USB-Memory-Stick-with-Custom-Logo-12x12.png 12w, https:\/\/www.yousanusb.com\/wp-content\/uploads\/2025\/06\/Kingston-Metal-USB-Memory-Stick-with-Custom-Logo-600x600.png 600w, https:\/\/www.yousanusb.com\/wp-content\/uploads\/2025\/06\/Kingston-Metal-USB-Memory-Stick-with-Custom-Logo-100x100.png 100w\" sizes=\"(max-width: 800px) 100vw, 800px\" \/><\/figure><\/div><\/div>\n\n\n\n<div class=\"wp-block-column is-vertically-aligned-center is-layout-flow wp-block-column-is-layout-flow\">\n<p>Mediante el grabado por l\u00e1ser de fibra de 30 W, forma ranuras de 0,1 mm de profundidad a nivel nanom\u00e9trico en la superficie met\u00e1lica, con bordes del logotipo sin rebabas que crean un contraste natural con el color original del metal;<\/p>\n\n\n\n<p>Las empresas pueden grabar logotipos de marcas, motivos tem\u00e1ticos de eventos, mientras que los particulares pueden grabar abreviaturas de nombres o fechas conmemorativas, que se conservan permanentemente sin decolorarse;<\/p>\n<\/div>\n<\/div>\n\n\n\n<p><\/p>\n\n\n\n<h2 class=\"wp-block-heading\">\u00bfSe puede personalizar con un logotipo el embalaje de la unidad USB met\u00e1lica de Kingston? <\/h2>\n\n\n\n<div class=\"wp-block-columns is-layout-flex wp-container-core-columns-is-layout-4 wp-block-columns-is-layout-flex\">\n<div class=\"wp-block-column is-vertically-aligned-center is-layout-flow wp-block-column-is-layout-flow\">\n<p>Embalaje est\u00e1ndar: Bolsa de PP transparente, adecuada para escenarios de comercio electr\u00f3nico al por menor;<\/p>\n\n\n\n<p>Embalaje mejorado 1: Caja de pl\u00e1stico r\u00edgido con esponja antigolpes incorporada, que permite personalizar con oro los logotipos de la empresa en la superficie de la caja.<\/p>\n\n\n\n<p>Embalaje mejorado 2: Caja de regalo de hojalata, que admite la impresi\u00f3n en cuatricrom\u00eda de esl\u00f3ganes de marca, adecuada para escenarios de gama alta como aniversarios y agradecimientos a socios.<\/p>\n<\/div>\n\n\n\n<div class=\"wp-block-column is-layout-flow wp-block-column-is-layout-flow\"><div class=\"wp-block-image\">\n<figure class=\"aligncenter size-full is-resized\"><img loading=\"lazy\" decoding=\"async\" width=\"800\" height=\"800\" src=\"https:\/\/yousanusb.com\/wp-content\/uploads\/2025\/06\/Kingston-Metallic-USB-Drive-package-box.png\" alt=\"Caja de la unidad USB met\u00e1lica de Kingston\" class=\"wp-image-17352\" style=\"width:450px\" srcset=\"https:\/\/www.yousanusb.com\/wp-content\/uploads\/2025\/06\/Kingston-Metallic-USB-Drive-package-box.png 800w, https:\/\/www.yousanusb.com\/wp-content\/uploads\/2025\/06\/Kingston-Metallic-USB-Drive-package-box-300x300.png 300w, https:\/\/www.yousanusb.com\/wp-content\/uploads\/2025\/06\/Kingston-Metallic-USB-Drive-package-box-150x150.png 150w, https:\/\/www.yousanusb.com\/wp-content\/uploads\/2025\/06\/Kingston-Metallic-USB-Drive-package-box-768x768.png 768w, https:\/\/www.yousanusb.com\/wp-content\/uploads\/2025\/06\/Kingston-Metallic-USB-Drive-package-box-12x12.png 12w, https:\/\/www.yousanusb.com\/wp-content\/uploads\/2025\/06\/Kingston-Metallic-USB-Drive-package-box-600x600.png 600w, https:\/\/www.yousanusb.com\/wp-content\/uploads\/2025\/06\/Kingston-Metallic-USB-Drive-package-box-100x100.png 100w\" sizes=\"(max-width: 800px) 100vw, 800px\" \/><\/figure><\/div><\/div>\n<\/div>\n\n\n\n<p><\/p>\n\n\n\n<div style=\"height:50px\" aria-hidden=\"true\" class=\"wp-block-spacer\"><\/div>\n\n\n\n<h3 class=\"wp-block-heading\">P1: \u00bfEs la carcasa met\u00e1lica realmente impermeable y a prueba de golpes? <\/h3>\n\n\n\n<p>A1: \u00a1S\u00ed! La carcasa utiliza una aleaci\u00f3n de aluminio 6061 + estructura compuesta de ABS, que supera la clasificaci\u00f3n de impermeabilidad IPX4 (resistente a salpicaduras\/inmersi\u00f3n de corta duraci\u00f3n), con la placa de circuitos interna cubierta por un revestimiento nanoimpermeable.<\/p>\n\n\n\n<p>Tambi\u00e9n supera la prueba de ca\u00edda de 1,5 m y tiene resistencia a temperaturas de -25\u2103 a 85\u2103, antimagn\u00e9tica y antirayos X, lo que garantiza datos m\u00e1s seguros durante los viajes de negocios.<\/p>\n\n\n\n<h3 class=\"wp-block-heading\">P2: \u00bfPuede sujetar un llavero el lazo superior para colgar? \u00bfSe romper\u00e1? <\/h3>\n\n\n\n<p>A2: \u00a1Espec\u00edficamente dise\u00f1ado para llaveros! El bucle en forma de U utiliza pl\u00e1stico ABS reforzado, sometido a 5.000 pruebas de carga sin deformaci\u00f3n, manejando f\u00e1cilmente 3-5 llaves en el uso diario.<\/p>\n\n\n\n<p>El dise\u00f1o de la ranura en forma de U aumenta la fricci\u00f3n, lo que evita que las correas se deslicen. Se ha demostrado en pruebas que son 3 veces m\u00e1s duraderas que los orificios para colgar unidades USB normales.<\/p>\n\n\n\n<div class=\"wp-block-columns is-layout-flex wp-container-core-columns-is-layout-5 wp-block-columns-is-layout-flex\">\n<div class=\"wp-block-column is-layout-flow wp-block-column-is-layout-flow\"><div class=\"wp-block-image\">\n<figure class=\"aligncenter size-full is-resized\"><img loading=\"lazy\" decoding=\"async\" width=\"800\" height=\"800\" src=\"https:\/\/yousanusb.com\/wp-content\/uploads\/2025\/06\/Kingston-Metallic-USB-Drive-in-Bulk.png\" alt=\"Unidad USB met\u00e1lica de Kingston a granel\" class=\"wp-image-17351\" style=\"width:450px\" srcset=\"https:\/\/www.yousanusb.com\/wp-content\/uploads\/2025\/06\/Kingston-Metallic-USB-Drive-in-Bulk.png 800w, https:\/\/www.yousanusb.com\/wp-content\/uploads\/2025\/06\/Kingston-Metallic-USB-Drive-in-Bulk-300x300.png 300w, https:\/\/www.yousanusb.com\/wp-content\/uploads\/2025\/06\/Kingston-Metallic-USB-Drive-in-Bulk-150x150.png 150w, https:\/\/www.yousanusb.com\/wp-content\/uploads\/2025\/06\/Kingston-Metallic-USB-Drive-in-Bulk-768x768.png 768w, https:\/\/www.yousanusb.com\/wp-content\/uploads\/2025\/06\/Kingston-Metallic-USB-Drive-in-Bulk-12x12.png 12w, https:\/\/www.yousanusb.com\/wp-content\/uploads\/2025\/06\/Kingston-Metallic-USB-Drive-in-Bulk-600x600.png 600w, https:\/\/www.yousanusb.com\/wp-content\/uploads\/2025\/06\/Kingston-Metallic-USB-Drive-in-Bulk-100x100.png 100w\" sizes=\"(max-width: 800px) 100vw, 800px\" \/><\/figure><\/div><\/div>\n\n\n\n<div class=\"wp-block-column is-layout-flow wp-block-column-is-layout-flow\"><div class=\"wp-block-image\">\n<figure class=\"aligncenter size-full is-resized\"><img loading=\"lazy\" decoding=\"async\" width=\"800\" height=\"800\" src=\"https:\/\/yousanusb.com\/wp-content\/uploads\/2025\/06\/Kingston-All-Metal-USB-Stick.png\" alt=\"Memoria USB All-Metal de Kingston\" class=\"wp-image-17346\" style=\"width:450px\" srcset=\"https:\/\/www.yousanusb.com\/wp-content\/uploads\/2025\/06\/Kingston-All-Metal-USB-Stick.png 800w, https:\/\/www.yousanusb.com\/wp-content\/uploads\/2025\/06\/Kingston-All-Metal-USB-Stick-300x300.png 300w, https:\/\/www.yousanusb.com\/wp-content\/uploads\/2025\/06\/Kingston-All-Metal-USB-Stick-150x150.png 150w, https:\/\/www.yousanusb.com\/wp-content\/uploads\/2025\/06\/Kingston-All-Metal-USB-Stick-768x768.png 768w, https:\/\/www.yousanusb.com\/wp-content\/uploads\/2025\/06\/Kingston-All-Metal-USB-Stick-12x12.png 12w, https:\/\/www.yousanusb.com\/wp-content\/uploads\/2025\/06\/Kingston-All-Metal-USB-Stick-600x600.png 600w, https:\/\/www.yousanusb.com\/wp-content\/uploads\/2025\/06\/Kingston-All-Metal-USB-Stick-100x100.png 100w\" sizes=\"(max-width: 800px) 100vw, 800px\" \/><\/figure><\/div><\/div>\n<\/div>\n\n\n\n<p><\/p>","protected":false},"excerpt":{"rendered":"<ul>\n<li>Dise\u00f1o abierto en forma de U<\/li>\n<li>Material met\u00e1lico<\/li>\n<li>Impermeable y duradero<\/li>\n<li>Mayor velocidad y alta calidad<\/li>\n<li>Fiabilidad y seguridad<\/li>\n<li>Ideal para todos los usos<\/li>\n<\/ul>","protected":false},"featured_media":17349,"comment_status":"open","ping_status":"closed","template":"","meta":{"_seopress_robots_primary_cat":"","_seopress_titles_title":"Kingston Metal USB Drive","_seopress_titles_desc":"Kingston Metal USB Drive","_seopress_robots_index":""},"class_list":["post-17343","product","type-product","status-publish","has-post-thumbnail","hentry","product_cat-usb30-flash-drive","product_cat-metal-usb-flash-drive","product_tag-aluminum-flash-drive","product_tag-kingston-metal-usb-drive","product_tag-custom-metal-keychain-usb-flash-drive"],"_links":{"self":[{"href":"https:\/\/www.yousanusb.com\/es\/wp-json\/wp\/v2\/product\/17343"}],"collection":[{"href":"https:\/\/www.yousanusb.com\/es\/wp-json\/wp\/v2\/product"}],"about":[{"href":"https:\/\/www.yousanusb.com\/es\/wp-json\/wp\/v2\/types\/product"}],"replies":[{"embeddable":true,"href":"https:\/\/www.yousanusb.com\/es\/wp-json\/wp\/v2\/comments?post=17343"}],"wp:featuredmedia":[{"embeddable":true,"href":"https:\/\/www.yousanusb.com\/es\/wp-json\/wp\/v2\/media\/17349"}],"wp:attachment":[{"href":"https:\/\/www.yousanusb.com\/es\/wp-json\/wp\/v2\/media?parent=17343"}],"curies":[{"name":"wp","href":"https:\/\/api.w.org\/{rel}","templated":true}]}}