{"id":17409,"date":"2025-09-19T08:03:23","date_gmt":"2025-09-19T08:03:23","guid":{"rendered":"https:\/\/yousanusb.com\/?post_type=product&#038;p=17409"},"modified":"2025-09-27T14:38:52","modified_gmt":"2025-09-27T14:38:52","slug":"bottle-opener-card-usb-flash-drive","status":"publish","type":"product","link":"https:\/\/www.yousanusb.com\/es\/producto\/bottle-opener-card-usb-flash-drive\/","title":{"rendered":"Abrebotellas Tarjeta Memoria USB"},"content":{"rendered":"<div class=\"wp-block-columns is-layout-flex wp-container-core-columns-is-layout-1 wp-block-columns-is-layout-flex\">\n<div class=\"wp-block-column is-layout-flow wp-block-column-is-layout-flow\">\n<figure class=\"wp-block-image size-full\"><img fetchpriority=\"high\" decoding=\"async\" width=\"800\" height=\"800\" src=\"https:\/\/yousanusb.com\/wp-content\/uploads\/2025\/09\/Usb-Bottle-Opener-Flash-Drive.jpg\" alt=\"\" class=\"wp-image-17417\" srcset=\"https:\/\/www.yousanusb.com\/wp-content\/uploads\/2025\/09\/Usb-Bottle-Opener-Flash-Drive.jpg 800w, https:\/\/www.yousanusb.com\/wp-content\/uploads\/2025\/09\/Usb-Bottle-Opener-Flash-Drive-300x300.jpg 300w, https:\/\/www.yousanusb.com\/wp-content\/uploads\/2025\/09\/Usb-Bottle-Opener-Flash-Drive-150x150.jpg 150w, https:\/\/www.yousanusb.com\/wp-content\/uploads\/2025\/09\/Usb-Bottle-Opener-Flash-Drive-768x768.jpg 768w, https:\/\/www.yousanusb.com\/wp-content\/uploads\/2025\/09\/Usb-Bottle-Opener-Flash-Drive-12x12.jpg 12w, https:\/\/www.yousanusb.com\/wp-content\/uploads\/2025\/09\/Usb-Bottle-Opener-Flash-Drive-600x600.jpg 600w, https:\/\/www.yousanusb.com\/wp-content\/uploads\/2025\/09\/Usb-Bottle-Opener-Flash-Drive-100x100.jpg 100w\" sizes=\"(max-width: 800px) 100vw, 800px\" \/><\/figure>\n<\/div>\n\n\n\n<div class=\"wp-block-column is-vertically-aligned-center is-layout-flow wp-block-column-is-layout-flow\">\n<p>En&nbsp;<strong>Abrebotellas Tarjeta Memoria USB<\/strong>&nbsp;se compone principalmente de&nbsp;<strong>Material de PVC<\/strong>que es duradero, ligero y f\u00e1cil de imprimir. El material de PVC garantiza que la memoria USB no se da\u00f1e f\u00e1cilmente durante el uso diario. Tiene exactamente el mismo tama\u00f1o y forma que una tarjeta bancaria est\u00e1ndar, por lo que es f\u00e1cil de llevar en la cartera, el bolsillo o el bolso.<\/p>\n\n\n\n<p>Detalles:<br>1.M\u00f3dulo abrebotellas: Acero inoxidable 304 incrustado en la parte inferior de la tarjeta, lo que permite una apertura segura del tap\u00f3n de la botella.<br>2.Conector USB: Un conector met\u00e1lico retr\u00e1ctil que queda completamente oculto cuando se retrae, manteniendo la integridad de la tarjeta.<\/p>\n<\/div>\n<\/div>\n\n\n\n<h2 class=\"wp-block-heading\">Especificaciones de la unidad USB<\/h2>\n\n\n\n<figure class=\"wp-block-table\"><table class=\"has-fixed-layout\"><thead><tr><th>Categor\u00eda de especificaciones<\/th><th>Detalles<\/th><\/tr><\/thead><tbody><tr><td>Capacidad<\/td><td>8GB, 16GB, 32GB, 64GB, 128GB<\/td><\/tr><tr><td>Dimensiones (L\u00d7A\u00d7H)<\/td><td>Aproximadamente 86 mm \u00d7 54 mm \u00d7 2 mm<\/td><\/tr><tr><td>Peso<\/td><td>Alrededor de 28 g<\/td><\/tr><tr><td>Tipo de interfaz<\/td><td>USB 2.0 \/ USB 3.0<\/td><\/tr><tr><td>Material del abrebotellas<\/td><td>Formado integralmente con el cuerpo principal, utilizando PVC de alta resistencia combinado con insertos met\u00e1licos para garantizar la capacidad de carga y la durabilidad durante la apertura de la botella.<\/td><\/tr><\/tbody><\/table><\/figure>\n\n\n\n<h2 class=\"wp-block-heading\">Elementos personalizables<\/h2>\n\n\n\n<div class=\"wp-block-columns is-layout-flex wp-container-core-columns-is-layout-2 wp-block-columns-is-layout-flex\">\n<div class=\"wp-block-column is-vertically-aligned-center is-layout-flow wp-block-column-is-layout-flow\">\n<p>En <strong>tarjeta Unidad flash USB<\/strong> con abrebotellas admite la personalizaci\u00f3n de patrones altamente personalizados. Entre las t\u00e9cnicas de impresi\u00f3n habituales se incluyen:<br><strong>Impresi\u00f3n UV<\/strong>: Capaz de crear efectos de impresi\u00f3n m\u00e1s tridimensionales y texturizados. La tinta se cura instant\u00e1neamente con luz ultravioleta, lo que da como resultado impresiones resistentes al desgaste y de larga duraci\u00f3n. Tambi\u00e9n permite obtener texturas especiales, como acabados mates y brillantes.<br><strong>Serigraf\u00eda<\/strong>: Un m\u00e9todo de impresi\u00f3n rentable y ampliamente utilizado, adecuado para motivos sencillos, logotipos y texto. La tinta se exprime a trav\u00e9s de una malla sobre la superficie de PVC, creando impresiones duraderas y v\u00edvidas.<br><strong>Impresi\u00f3n digital<\/strong>: Ideal para dise\u00f1os complejos de alta resoluci\u00f3n. Puede reproducir con precisi\u00f3n im\u00e1genes detalladas, colores degradados y tonos intensos, creando unidades USB promocionales exquisitas a todo color.<\/p>\n<\/div>\n\n\n\n<div class=\"wp-block-column is-vertically-aligned-center is-layout-flow wp-block-column-is-layout-flow\">\n<figure class=\"wp-block-image size-full is-resized\"><img decoding=\"async\" width=\"800\" height=\"800\" src=\"https:\/\/yousanusb.com\/wp-content\/uploads\/2025\/09\/Card-Shape-Bottle-Opener-Flash-Drive.jpg\" alt=\"\" class=\"wp-image-17415\" style=\"width:432px;height:auto\" srcset=\"https:\/\/www.yousanusb.com\/wp-content\/uploads\/2025\/09\/Card-Shape-Bottle-Opener-Flash-Drive.jpg 800w, https:\/\/www.yousanusb.com\/wp-content\/uploads\/2025\/09\/Card-Shape-Bottle-Opener-Flash-Drive-300x300.jpg 300w, https:\/\/www.yousanusb.com\/wp-content\/uploads\/2025\/09\/Card-Shape-Bottle-Opener-Flash-Drive-150x150.jpg 150w, https:\/\/www.yousanusb.com\/wp-content\/uploads\/2025\/09\/Card-Shape-Bottle-Opener-Flash-Drive-768x768.jpg 768w, https:\/\/www.yousanusb.com\/wp-content\/uploads\/2025\/09\/Card-Shape-Bottle-Opener-Flash-Drive-12x12.jpg 12w, https:\/\/www.yousanusb.com\/wp-content\/uploads\/2025\/09\/Card-Shape-Bottle-Opener-Flash-Drive-600x600.jpg 600w, https:\/\/www.yousanusb.com\/wp-content\/uploads\/2025\/09\/Card-Shape-Bottle-Opener-Flash-Drive-100x100.jpg 100w\" sizes=\"(max-width: 800px) 100vw, 800px\" \/><\/figure>\n<\/div>\n<\/div>\n\n\n\n<h2 class=\"wp-block-heading\">Empresas y escenarios adecuados<\/h2>\n\n\n\n<div class=\"wp-block-columns is-layout-flex wp-container-core-columns-is-layout-3 wp-block-columns-is-layout-flex\">\n<div class=\"wp-block-column is-vertically-aligned-center is-layout-flow wp-block-column-is-layout-flow\">\n<h3 class=\"wp-block-heading\">Empresas adecuadas<\/h3>\n\n\n\n<ul class=\"wp-block-list\">\n<li><strong>Empresas de bebidas<\/strong>: Por ejemplo, las empresas cerveceras pueden personalizar memorias USB con la identidad de su marca como regalos promocionales. <\/li>\n\n\n\n<li><strong>Empresas de organizaci\u00f3n de eventos<\/strong>: Durante eventos como festivales de m\u00fasica, fiestas de empresa y lanzamientos de productos, las memorias USB personalizadas con temas del evento pueden utilizarse como recuerdos \u00fanicos, reforzando el recuerdo que los participantes tienen del evento.<\/li>\n\n\n\n<li><strong>Proveedores de regalos de empresa<\/strong>: Estas memorias USB pueden empaquetarse como regalos de empresa de alta gama. Tras personalizar los logotipos, las empresas pueden regalarlas a socios, empleados o clientes.<\/li>\n<\/ul>\n<\/div>\n\n\n\n<div class=\"wp-block-column is-vertically-aligned-center is-layout-flow wp-block-column-is-layout-flow\">\n<figure class=\"wp-block-image size-full\"><img decoding=\"async\" width=\"800\" height=\"800\" src=\"https:\/\/yousanusb.com\/wp-content\/uploads\/2025\/09\/AR619_ACC1_10_5.jpg\" alt=\"\" class=\"wp-image-18202\" srcset=\"https:\/\/www.yousanusb.com\/wp-content\/uploads\/2025\/09\/AR619_ACC1_10_5.jpg 800w, https:\/\/www.yousanusb.com\/wp-content\/uploads\/2025\/09\/AR619_ACC1_10_5-300x300.jpg 300w, https:\/\/www.yousanusb.com\/wp-content\/uploads\/2025\/09\/AR619_ACC1_10_5-150x150.jpg 150w, https:\/\/www.yousanusb.com\/wp-content\/uploads\/2025\/09\/AR619_ACC1_10_5-768x768.jpg 768w, https:\/\/www.yousanusb.com\/wp-content\/uploads\/2025\/09\/AR619_ACC1_10_5-12x12.jpg 12w, https:\/\/www.yousanusb.com\/wp-content\/uploads\/2025\/09\/AR619_ACC1_10_5-600x600.jpg 600w, https:\/\/www.yousanusb.com\/wp-content\/uploads\/2025\/09\/AR619_ACC1_10_5-100x100.jpg 100w\" sizes=\"(max-width: 800px) 100vw, 800px\" \/><\/figure>\n<\/div>\n<\/div>\n\n\n\n<div class=\"wp-block-columns is-layout-flex wp-container-core-columns-is-layout-4 wp-block-columns-is-layout-flex\">\n<div class=\"wp-block-column is-vertically-aligned-center is-layout-flow wp-block-column-is-layout-flow\">\n<h3 class=\"wp-block-heading\">Escenarios adecuados<\/h3>\n\n\n\n<ul class=\"wp-block-list\">\n<li><strong>Reuniones sociales<\/strong>: En fiestas, barbacoas, picnics y otras ocasiones, el abridor de botellas puede utilizarse para abrir bebidas en cualquier momento, mientras que la funci\u00f3n USB permite compartir fotos, v\u00eddeos o m\u00fasica del evento.<\/li>\n\n\n\n<li><strong>Viajes de negocios<\/strong>: Los profesionales de los negocios pueden llevarlo f\u00e1cilmente en la cartera o en el tarjetero para guardar documentos empresariales importantes y diapositivas de presentaciones. La funci\u00f3n de abrebotellas tambi\u00e9n resulta \u00fatil durante las cenas de negocios o los eventos sociales posteriores al trabajo.<\/li>\n\n\n\n<li><strong>Actividades de promoci\u00f3n<\/strong>: En promociones en tiendas, exposiciones o sorteos en l\u00ednea, las memorias USB personalizadas pueden atraer la atenci\u00f3n de los clientes. <\/li>\n<\/ul>\n<\/div>\n\n\n\n<div class=\"wp-block-column is-layout-flow wp-block-column-is-layout-flow\">\n<figure class=\"wp-block-image size-full\"><img loading=\"lazy\" decoding=\"async\" width=\"800\" height=\"800\" src=\"https:\/\/yousanusb.com\/wp-content\/uploads\/2025\/09\/AR619_4CP1_10_5.jpg\" alt=\"\" class=\"wp-image-18204\" srcset=\"https:\/\/www.yousanusb.com\/wp-content\/uploads\/2025\/09\/AR619_4CP1_10_5.jpg 800w, https:\/\/www.yousanusb.com\/wp-content\/uploads\/2025\/09\/AR619_4CP1_10_5-300x300.jpg 300w, https:\/\/www.yousanusb.com\/wp-content\/uploads\/2025\/09\/AR619_4CP1_10_5-150x150.jpg 150w, https:\/\/www.yousanusb.com\/wp-content\/uploads\/2025\/09\/AR619_4CP1_10_5-768x768.jpg 768w, https:\/\/www.yousanusb.com\/wp-content\/uploads\/2025\/09\/AR619_4CP1_10_5-12x12.jpg 12w, https:\/\/www.yousanusb.com\/wp-content\/uploads\/2025\/09\/AR619_4CP1_10_5-600x600.jpg 600w, https:\/\/www.yousanusb.com\/wp-content\/uploads\/2025\/09\/AR619_4CP1_10_5-100x100.jpg 100w\" sizes=\"(max-width: 800px) 100vw, 800px\" \/><\/figure>\n<\/div>\n<\/div>\n\n\n\n<div class=\"wp-block-columns is-layout-flex wp-container-core-columns-is-layout-5 wp-block-columns-is-layout-flex\">\n<div class=\"wp-block-column is-layout-flow wp-block-column-is-layout-flow\">\n<figure class=\"wp-block-image size-full\"><img loading=\"lazy\" decoding=\"async\" width=\"800\" height=\"800\" src=\"https:\/\/yousanusb.com\/wp-content\/uploads\/2025\/09\/AR619_GROUP_10_5.jpg\" alt=\"\" class=\"wp-image-18201\" srcset=\"https:\/\/www.yousanusb.com\/wp-content\/uploads\/2025\/09\/AR619_GROUP_10_5.jpg 800w, https:\/\/www.yousanusb.com\/wp-content\/uploads\/2025\/09\/AR619_GROUP_10_5-300x300.jpg 300w, https:\/\/www.yousanusb.com\/wp-content\/uploads\/2025\/09\/AR619_GROUP_10_5-150x150.jpg 150w, https:\/\/www.yousanusb.com\/wp-content\/uploads\/2025\/09\/AR619_GROUP_10_5-768x768.jpg 768w, https:\/\/www.yousanusb.com\/wp-content\/uploads\/2025\/09\/AR619_GROUP_10_5-12x12.jpg 12w, https:\/\/www.yousanusb.com\/wp-content\/uploads\/2025\/09\/AR619_GROUP_10_5-600x600.jpg 600w, https:\/\/www.yousanusb.com\/wp-content\/uploads\/2025\/09\/AR619_GROUP_10_5-100x100.jpg 100w\" sizes=\"(max-width: 800px) 100vw, 800px\" \/><\/figure>\n<\/div>\n\n\n\n<div class=\"wp-block-column is-vertically-aligned-center is-layout-flow wp-block-column-is-layout-flow\">\n<p>En <strong>tarjeta USB con abrebotellas<\/strong> es un producto realmente innovador y multifuncional. Su dise\u00f1o \u00fanico, que combina un abrebotellas con una unidad USB en forma de tarjeta, hace que destaque en el mercado. Sus numerosas opciones de personalizaci\u00f3n lo convierten en una herramienta promocional ideal para las empresas, mientras que sus diversas opciones de capacidad y portabilidad satisfacen las necesidades de diferentes usuarios. Desempe\u00f1a un papel importante en entornos sociales, viajes de negocios y actividades promocionales.<\/p>\n<\/div>\n<\/div>","protected":false},"excerpt":{"rendered":"<ul>\n<li>MOQ:100pcs<\/li>\n<li>Materiales:PVC<\/li>\n<li>Memoria USB tipo tarjeta<\/li>\n<li>Abrebotellas Unidad USB<\/li>\n<li>Personalizaci\u00f3n de patrones<\/li>\n<\/ul>","protected":false},"featured_media":17414,"comment_status":"open","ping_status":"closed","template":"","meta":{"_seopress_robots_primary_cat":"none","_seopress_titles_title":"","_seopress_titles_desc":"","_seopress_robots_index":""},"class_list":["post-17409","product","type-product","status-publish","has-post-thumbnail","hentry","product_cat-card-usb-flash-drive"],"_links":{"self":[{"href":"https:\/\/www.yousanusb.com\/es\/wp-json\/wp\/v2\/product\/17409"}],"collection":[{"href":"https:\/\/www.yousanusb.com\/es\/wp-json\/wp\/v2\/product"}],"about":[{"href":"https:\/\/www.yousanusb.com\/es\/wp-json\/wp\/v2\/types\/product"}],"replies":[{"embeddable":true,"href":"https:\/\/www.yousanusb.com\/es\/wp-json\/wp\/v2\/comments?post=17409"}],"wp:featuredmedia":[{"embeddable":true,"href":"https:\/\/www.yousanusb.com\/es\/wp-json\/wp\/v2\/media\/17414"}],"wp:attachment":[{"href":"https:\/\/www.yousanusb.com\/es\/wp-json\/wp\/v2\/media?parent=17409"}],"curies":[{"name":"wp","href":"https:\/\/api.w.org\/{rel}","templated":true}]}}