{"id":18189,"date":"2025-09-24T07:41:57","date_gmt":"2025-09-24T07:41:57","guid":{"rendered":"https:\/\/yousanusb.com\/?post_type=product&#038;p=18189"},"modified":"2025-09-27T14:39:59","modified_gmt":"2025-09-27T14:39:59","slug":"environmental-protection-paper-card-usb-flash-drive","status":"publish","type":"product","link":"https:\/\/www.yousanusb.com\/es\/producto\/environmental-protection-paper-card-usb-flash-drive\/","title":{"rendered":"Protecci\u00f3n del medio ambiente Tarjeta de papel Memoria USB"},"content":{"rendered":"<div class=\"wp-block-columns is-layout-flex wp-container-core-columns-is-layout-1 wp-block-columns-is-layout-flex\">\n<div class=\"wp-block-column is-layout-flow wp-block-column-is-layout-flow\">\n<figure class=\"wp-block-image size-full\"><img fetchpriority=\"high\" decoding=\"async\" width=\"800\" height=\"800\" src=\"https:\/\/yousanusb.com\/wp-content\/uploads\/2025\/09\/paper-thin-usb-memory-card.png\" alt=\"\" class=\"wp-image-18194\" srcset=\"https:\/\/www.yousanusb.com\/wp-content\/uploads\/2025\/09\/paper-thin-usb-memory-card.png 800w, https:\/\/www.yousanusb.com\/wp-content\/uploads\/2025\/09\/paper-thin-usb-memory-card-300x300.png 300w, https:\/\/www.yousanusb.com\/wp-content\/uploads\/2025\/09\/paper-thin-usb-memory-card-150x150.png 150w, https:\/\/www.yousanusb.com\/wp-content\/uploads\/2025\/09\/paper-thin-usb-memory-card-768x768.png 768w, https:\/\/www.yousanusb.com\/wp-content\/uploads\/2025\/09\/paper-thin-usb-memory-card-12x12.png 12w, https:\/\/www.yousanusb.com\/wp-content\/uploads\/2025\/09\/paper-thin-usb-memory-card-600x600.png 600w, https:\/\/www.yousanusb.com\/wp-content\/uploads\/2025\/09\/paper-thin-usb-memory-card-100x100.png 100w\" sizes=\"(max-width: 800px) 100vw, 800px\" \/><\/figure>\n<\/div>\n\n\n\n<div class=\"wp-block-column is-vertically-aligned-center is-layout-flow wp-block-column-is-layout-flow\">\n<p>Este <strong>Memoria USB de papel personalizada<\/strong> tiene un dise\u00f1o de tarjeta de cr\u00e9dito. Es peque\u00f1o y ligero. Cabe en la cartera o en un tarjetero. Puedes guardarlo f\u00e1cilmente en el bolsillo. No ocupar\u00e1 mucho espacio. La memoria USB se conecta r\u00e1pidamente a tus dispositivos. La carcasa de la memoria USB es de papel ecol\u00f3gico. Tiene una textura diferente a la de las memorias USB de pl\u00e1stico tradicionales.<\/p>\n<\/div>\n<\/div>\n\n\n\n<h2 class=\"wp-block-heading\">Atributos clave<\/h2>\n\n\n\n<figure class=\"wp-block-table\"><table class=\"has-fixed-layout\"><thead><tr><th>Categor\u00eda de par\u00e1metros<\/th><th>Par\u00e1metros espec\u00edficos<\/th><\/tr><\/thead><tbody><tr><td>Marca <\/td><td>OEM\/ODM<\/td><\/tr><tr><td>Logotipo<\/td><td>Impresi\u00f3n en color, Impresi\u00f3n en seda, Grabado l\u00e1ser<\/td><\/tr><tr><td>Material<\/td><td>Papel (cuerpo principal) + Metal (puerto)<\/td><\/tr><tr><td>Certificado<\/td><td>CE FCC ROHS<\/td><\/tr><\/tbody><\/table><\/figure>\n\n\n\n<h2 class=\"wp-block-heading\">Impresi\u00f3n de logotipos personalizados<\/h2>\n\n\n\n<p>Ofrecemos servicios completos de personalizaci\u00f3n para sus tarjetas USB. <br><strong>Logotipo<\/strong>Logotipo serigrafiado\/impresi\u00f3n a todo color.<br>Puede a\u00f1adir el logotipo de su empresa, una ilustraci\u00f3n o un mensaje mediante impresi\u00f3n o grabado de alta calidad. Este producto es ideal para:<\/p>\n\n\n\n<ul class=\"wp-block-list\">\n<li>Regalos de empresa<\/li>\n\n\n\n<li>Ferias y eventos<\/li>\n\n\n\n<li>Promociones escolares o universitarias<\/li>\n\n\n\n<li>Campa\u00f1as empresariales ecol\u00f3gicas<\/li>\n<\/ul>\n\n\n\n<div class=\"wp-block-columns is-layout-flex wp-container-core-columns-is-layout-2 wp-block-columns-is-layout-flex\">\n<div class=\"wp-block-column is-layout-flow wp-block-column-is-layout-flow\">\n<figure class=\"wp-block-image size-full\"><img decoding=\"async\" width=\"800\" height=\"800\" src=\"https:\/\/yousanusb.com\/wp-content\/uploads\/2025\/09\/paper-usb-flash-drive-card.png\" alt=\"\" class=\"wp-image-18196\" srcset=\"https:\/\/www.yousanusb.com\/wp-content\/uploads\/2025\/09\/paper-usb-flash-drive-card.png 800w, https:\/\/www.yousanusb.com\/wp-content\/uploads\/2025\/09\/paper-usb-flash-drive-card-300x300.png 300w, https:\/\/www.yousanusb.com\/wp-content\/uploads\/2025\/09\/paper-usb-flash-drive-card-150x150.png 150w, https:\/\/www.yousanusb.com\/wp-content\/uploads\/2025\/09\/paper-usb-flash-drive-card-768x768.png 768w, https:\/\/www.yousanusb.com\/wp-content\/uploads\/2025\/09\/paper-usb-flash-drive-card-12x12.png 12w, https:\/\/www.yousanusb.com\/wp-content\/uploads\/2025\/09\/paper-usb-flash-drive-card-600x600.png 600w, https:\/\/www.yousanusb.com\/wp-content\/uploads\/2025\/09\/paper-usb-flash-drive-card-100x100.png 100w\" sizes=\"(max-width: 800px) 100vw, 800px\" \/><\/figure>\n<\/div>\n\n\n\n<div class=\"wp-block-column is-layout-flow wp-block-column-is-layout-flow\">\n<figure class=\"wp-block-image size-full\"><img decoding=\"async\" width=\"800\" height=\"800\" src=\"https:\/\/yousanusb.com\/wp-content\/uploads\/2025\/09\/paper-card.png\" alt=\"\" class=\"wp-image-18193\" srcset=\"https:\/\/www.yousanusb.com\/wp-content\/uploads\/2025\/09\/paper-card.png 800w, https:\/\/www.yousanusb.com\/wp-content\/uploads\/2025\/09\/paper-card-300x300.png 300w, https:\/\/www.yousanusb.com\/wp-content\/uploads\/2025\/09\/paper-card-150x150.png 150w, https:\/\/www.yousanusb.com\/wp-content\/uploads\/2025\/09\/paper-card-768x768.png 768w, https:\/\/www.yousanusb.com\/wp-content\/uploads\/2025\/09\/paper-card-12x12.png 12w, https:\/\/www.yousanusb.com\/wp-content\/uploads\/2025\/09\/paper-card-600x600.png 600w, https:\/\/www.yousanusb.com\/wp-content\/uploads\/2025\/09\/paper-card-100x100.png 100w\" sizes=\"(max-width: 800px) 100vw, 800px\" \/><\/figure>\n<\/div>\n<\/div>\n\n\n\n<div class=\"wp-block-columns is-layout-flex wp-container-core-columns-is-layout-3 wp-block-columns-is-layout-flex\">\n<div class=\"wp-block-column is-layout-flow wp-block-column-is-layout-flow\">\n<figure class=\"wp-block-image size-full\"><img loading=\"lazy\" decoding=\"async\" width=\"800\" height=\"800\" src=\"https:\/\/yousanusb.com\/wp-content\/uploads\/2025\/09\/paper-usb-business-card.png\" alt=\"\" class=\"wp-image-18195\" srcset=\"https:\/\/www.yousanusb.com\/wp-content\/uploads\/2025\/09\/paper-usb-business-card.png 800w, https:\/\/www.yousanusb.com\/wp-content\/uploads\/2025\/09\/paper-usb-business-card-300x300.png 300w, https:\/\/www.yousanusb.com\/wp-content\/uploads\/2025\/09\/paper-usb-business-card-150x150.png 150w, https:\/\/www.yousanusb.com\/wp-content\/uploads\/2025\/09\/paper-usb-business-card-768x768.png 768w, https:\/\/www.yousanusb.com\/wp-content\/uploads\/2025\/09\/paper-usb-business-card-12x12.png 12w, https:\/\/www.yousanusb.com\/wp-content\/uploads\/2025\/09\/paper-usb-business-card-600x600.png 600w, https:\/\/www.yousanusb.com\/wp-content\/uploads\/2025\/09\/paper-usb-business-card-100x100.png 100w\" sizes=\"(max-width: 800px) 100vw, 800px\" \/><\/figure>\n<\/div>\n\n\n\n<div class=\"wp-block-column is-layout-flow wp-block-column-is-layout-flow\">\n<figure class=\"wp-block-image size-full\"><img loading=\"lazy\" decoding=\"async\" width=\"800\" height=\"800\" src=\"https:\/\/yousanusb.com\/wp-content\/uploads\/2025\/09\/paper-card-usb-drive.png\" alt=\"\" class=\"wp-image-18192\" srcset=\"https:\/\/www.yousanusb.com\/wp-content\/uploads\/2025\/09\/paper-card-usb-drive.png 800w, https:\/\/www.yousanusb.com\/wp-content\/uploads\/2025\/09\/paper-card-usb-drive-300x300.png 300w, https:\/\/www.yousanusb.com\/wp-content\/uploads\/2025\/09\/paper-card-usb-drive-150x150.png 150w, https:\/\/www.yousanusb.com\/wp-content\/uploads\/2025\/09\/paper-card-usb-drive-768x768.png 768w, https:\/\/www.yousanusb.com\/wp-content\/uploads\/2025\/09\/paper-card-usb-drive-12x12.png 12w, https:\/\/www.yousanusb.com\/wp-content\/uploads\/2025\/09\/paper-card-usb-drive-600x600.png 600w, https:\/\/www.yousanusb.com\/wp-content\/uploads\/2025\/09\/paper-card-usb-drive-100x100.png 100w\" sizes=\"(max-width: 800px) 100vw, 800px\" \/><\/figure>\n<\/div>\n<\/div>","protected":false},"excerpt":{"rendered":"<ul>\n<li>Papel ecol\u00f3gico<\/li>\n<li>Smaple libre<\/li>\n<li>Precio de f\u00e1brica<\/li>\n<li>Capacidad OEM\/ODM<\/li>\n<li>MOQ:100pcs<\/li>\n<\/ul>","protected":false},"featured_media":18194,"comment_status":"open","ping_status":"closed","template":"","meta":{"_seopress_robots_primary_cat":"none","_seopress_titles_title":"","_seopress_titles_desc":"","_seopress_robots_index":""},"class_list":["post-18189","product","type-product","status-publish","has-post-thumbnail","hentry","product_cat-card-usb-flash-drive"],"_links":{"self":[{"href":"https:\/\/www.yousanusb.com\/es\/wp-json\/wp\/v2\/product\/18189"}],"collection":[{"href":"https:\/\/www.yousanusb.com\/es\/wp-json\/wp\/v2\/product"}],"about":[{"href":"https:\/\/www.yousanusb.com\/es\/wp-json\/wp\/v2\/types\/product"}],"replies":[{"embeddable":true,"href":"https:\/\/www.yousanusb.com\/es\/wp-json\/wp\/v2\/comments?post=18189"}],"wp:featuredmedia":[{"embeddable":true,"href":"https:\/\/www.yousanusb.com\/es\/wp-json\/wp\/v2\/media\/18194"}],"wp:attachment":[{"href":"https:\/\/www.yousanusb.com\/es\/wp-json\/wp\/v2\/media?parent=18189"}],"curies":[{"name":"wp","href":"https:\/\/api.w.org\/{rel}","templated":true}]}}