{"id":18205,"date":"2025-09-24T10:16:48","date_gmt":"2025-09-24T10:16:48","guid":{"rendered":"https:\/\/yousanusb.com\/?post_type=product&#038;p=18205"},"modified":"2025-12-13T13:25:16","modified_gmt":"2025-12-13T13:25:16","slug":"credit-card-type-c-usb-flash-drive","status":"publish","type":"product","link":"https:\/\/www.yousanusb.com\/es\/producto\/credit-card-type-c-usb-flash-drive\/","title":{"rendered":"Tarjeta de cr\u00e9dito Tipo-c Memoria USB"},"content":{"rendered":"<div class=\"wp-block-columns is-layout-flex wp-container-core-columns-is-layout-1 wp-block-columns-is-layout-flex\">\n<div class=\"wp-block-column is-layout-flow wp-block-column-is-layout-flow\">\n<figure class=\"wp-block-image size-full\"><img fetchpriority=\"high\" decoding=\"async\" width=\"800\" height=\"800\" src=\"https:\/\/yousanusb.com\/wp-content\/uploads\/2025\/09\/Credit-Card-Type-c-Flash-Drive.jpg\" alt=\"\" class=\"wp-image-18210\" srcset=\"https:\/\/www.yousanusb.com\/wp-content\/uploads\/2025\/09\/Credit-Card-Type-c-Flash-Drive.jpg 800w, https:\/\/www.yousanusb.com\/wp-content\/uploads\/2025\/09\/Credit-Card-Type-c-Flash-Drive-300x300.jpg 300w, https:\/\/www.yousanusb.com\/wp-content\/uploads\/2025\/09\/Credit-Card-Type-c-Flash-Drive-150x150.jpg 150w, https:\/\/www.yousanusb.com\/wp-content\/uploads\/2025\/09\/Credit-Card-Type-c-Flash-Drive-768x768.jpg 768w, https:\/\/www.yousanusb.com\/wp-content\/uploads\/2025\/09\/Credit-Card-Type-c-Flash-Drive-12x12.jpg 12w, https:\/\/www.yousanusb.com\/wp-content\/uploads\/2025\/09\/Credit-Card-Type-c-Flash-Drive-600x600.jpg 600w, https:\/\/www.yousanusb.com\/wp-content\/uploads\/2025\/09\/Credit-Card-Type-c-Flash-Drive-100x100.jpg 100w\" sizes=\"(max-width: 800px) 100vw, 800px\" \/><\/figure>\n<\/div>\n\n\n\n<div class=\"wp-block-column is-vertically-aligned-center is-layout-flow wp-block-column-is-layout-flow\">\n<p>Este <strong>tarjeta Unidad flash USB<\/strong> presenta una <strong>Tipo-C<\/strong> (algunos modelos son compatibles con interfaces USB tradicionales) y un dise\u00f1o retr\u00e1ctil. Cuando est\u00e1 en uso, la interfaz puede extenderse desde el cuerpo de la tarjeta con un simple movimiento de empujar y tirar para conectarse r\u00e1pidamente a smartphones, ordenadores y otros dispositivos. Cuando no se utiliza, la interfaz puede retraerse dentro del cuerpo de la tarjeta para protegerla del desgaste y mantener limpia la unidad flash.<\/p>\n\n\n\n<p><br>Este <strong>Unidad flash USB Card Type-C<\/strong> se asemeja a una tarjeta de cr\u00e9dito est\u00e1ndar en tama\u00f1o y aspecto, lo que permite guardarla f\u00e1cilmente en una cartera o tarjetero. Tambi\u00e9n admite la personalizaci\u00f3n de motivos y texto.<\/p>\n<\/div>\n<\/div>\n\n\n\n<h2 class=\"wp-block-heading\">Especificaciones de la memoria USB<\/h2>\n\n\n\n<figure class=\"wp-block-table\"><table class=\"has-fixed-layout\"><thead><tr><th>Categor\u00eda de par\u00e1metros<\/th><th>Par\u00e1metros espec\u00edficos<\/th><\/tr><\/thead><tbody><tr><td>Tipo de interfaz<\/td><td>Tipo-C (algunos modelos son compatibles con USB)<\/td><\/tr><tr><td>Material principal<\/td><td>Pl\u00e1stico (cuerpo de la tarjeta) + Metal (componentes de interfaz)<\/td><\/tr><tr><td>Velocidad t\u00edpica de transferencia de datos<\/td><td>Lectura: Aprox. 15-30 MB\/s; <br>Escritura: Aprox. 8-15 MB\/s (var\u00eda seg\u00fan el dispositivo y la capacidad)<\/td><\/tr><tr><td>Compatibilidad del sistema<\/td><td>Windows, Mac OS, Android (compatible con dispositivos Type-C)<\/td><\/tr><\/tbody><\/table><\/figure>\n\n\n\n<h2 class=\"wp-block-heading\">\u00bfQu\u00e9 se puede personalizar?<\/h2>\n\n\n\n<div class=\"wp-block-columns is-layout-flex wp-container-core-columns-is-layout-2 wp-block-columns-is-layout-flex\">\n<div class=\"wp-block-column is-vertically-aligned-center is-layout-flow wp-block-column-is-layout-flow\">\n<ul class=\"wp-block-list\">\n<li><strong>Para las empresas<\/strong>: Los logotipos de las marcas, los nombres de las empresas y los esl\u00f3ganes promocionales se pueden personalizar, lo que lo hace adecuado para situaciones como regalos de empresa y promoci\u00f3n de marcas.<\/li>\n\n\n\n<li><strong>Para particulares<\/strong>: Los dise\u00f1os personalizados (por ejemplo, ilustraciones, gr\u00e1ficos creativos), el texto exclusivo (por ejemplo, firmas, mensajes de bendici\u00f3n) e incluso el color general del cuerpo de la tarjeta pueden ajustarse para crear un estilo \u00fanico.<\/li>\n<\/ul>\n\n\n\n<p>T\u00e9cnicas de personalizaci\u00f3n: Impresi\u00f3n en color de alta definici\u00f3n \/ Grabado l\u00e1ser \/ Serigraf\u00eda<\/p>\n<\/div>\n<\/div>\n\n\n\n<div class=\"wp-block-columns is-layout-flex wp-container-core-columns-is-layout-3 wp-block-columns-is-layout-flex\">\n<div class=\"wp-block-column is-layout-flow wp-block-column-is-layout-flow\">\n<figure class=\"wp-block-image size-full\"><img decoding=\"async\" width=\"800\" height=\"800\" src=\"https:\/\/yousanusb.com\/wp-content\/uploads\/2025\/09\/flash-drive-type-c.jpg\" alt=\"\" class=\"wp-image-18212\" srcset=\"https:\/\/www.yousanusb.com\/wp-content\/uploads\/2025\/09\/flash-drive-type-c.jpg 800w, https:\/\/www.yousanusb.com\/wp-content\/uploads\/2025\/09\/flash-drive-type-c-300x300.jpg 300w, https:\/\/www.yousanusb.com\/wp-content\/uploads\/2025\/09\/flash-drive-type-c-150x150.jpg 150w, https:\/\/www.yousanusb.com\/wp-content\/uploads\/2025\/09\/flash-drive-type-c-768x768.jpg 768w, https:\/\/www.yousanusb.com\/wp-content\/uploads\/2025\/09\/flash-drive-type-c-12x12.jpg 12w, https:\/\/www.yousanusb.com\/wp-content\/uploads\/2025\/09\/flash-drive-type-c-600x600.jpg 600w, https:\/\/www.yousanusb.com\/wp-content\/uploads\/2025\/09\/flash-drive-type-c-100x100.jpg 100w\" sizes=\"(max-width: 800px) 100vw, 800px\" \/><\/figure>\n<\/div>\n\n\n\n<div class=\"wp-block-column is-layout-flow wp-block-column-is-layout-flow\">\n<figure class=\"wp-block-image size-full\"><img decoding=\"async\" width=\"800\" height=\"800\" src=\"https:\/\/yousanusb.com\/wp-content\/uploads\/2025\/09\/credit-card-flash-drive.jpg\" alt=\"\" class=\"wp-image-18209\" srcset=\"https:\/\/www.yousanusb.com\/wp-content\/uploads\/2025\/09\/credit-card-flash-drive.jpg 800w, https:\/\/www.yousanusb.com\/wp-content\/uploads\/2025\/09\/credit-card-flash-drive-300x300.jpg 300w, https:\/\/www.yousanusb.com\/wp-content\/uploads\/2025\/09\/credit-card-flash-drive-150x150.jpg 150w, https:\/\/www.yousanusb.com\/wp-content\/uploads\/2025\/09\/credit-card-flash-drive-768x768.jpg 768w, https:\/\/www.yousanusb.com\/wp-content\/uploads\/2025\/09\/credit-card-flash-drive-12x12.jpg 12w, https:\/\/www.yousanusb.com\/wp-content\/uploads\/2025\/09\/credit-card-flash-drive-600x600.jpg 600w, https:\/\/www.yousanusb.com\/wp-content\/uploads\/2025\/09\/credit-card-flash-drive-100x100.jpg 100w\" sizes=\"(max-width: 800px) 100vw, 800px\" \/><\/figure>\n<\/div>\n\n\n\n<div class=\"wp-block-column is-layout-flow wp-block-column-is-layout-flow\">\n<figure class=\"wp-block-image size-full\"><img loading=\"lazy\" decoding=\"async\" width=\"800\" height=\"800\" src=\"https:\/\/yousanusb.com\/wp-content\/uploads\/2025\/09\/card-type-flash-drives.jpg\" alt=\"\" class=\"wp-image-18208\" srcset=\"https:\/\/www.yousanusb.com\/wp-content\/uploads\/2025\/09\/card-type-flash-drives.jpg 800w, https:\/\/www.yousanusb.com\/wp-content\/uploads\/2025\/09\/card-type-flash-drives-300x300.jpg 300w, https:\/\/www.yousanusb.com\/wp-content\/uploads\/2025\/09\/card-type-flash-drives-150x150.jpg 150w, https:\/\/www.yousanusb.com\/wp-content\/uploads\/2025\/09\/card-type-flash-drives-768x768.jpg 768w, https:\/\/www.yousanusb.com\/wp-content\/uploads\/2025\/09\/card-type-flash-drives-12x12.jpg 12w, https:\/\/www.yousanusb.com\/wp-content\/uploads\/2025\/09\/card-type-flash-drives-600x600.jpg 600w, https:\/\/www.yousanusb.com\/wp-content\/uploads\/2025\/09\/card-type-flash-drives-100x100.jpg 100w\" sizes=\"(max-width: 800px) 100vw, 800px\" \/><\/figure>\n<\/div>\n<\/div>\n\n\n\n<h2 class=\"wp-block-heading\">Cu\u00e1les son las ventajas de una unidad flash USB Type-C?<\/h2>\n\n\n\n<div class=\"wp-block-columns is-layout-flex wp-container-core-columns-is-layout-4 wp-block-columns-is-layout-flex\">\n<div class=\"wp-block-column is-vertically-aligned-center is-layout-flow wp-block-column-is-layout-flow\">\n<figure class=\"wp-block-image size-full\"><img loading=\"lazy\" decoding=\"async\" width=\"800\" height=\"800\" src=\"https:\/\/yousanusb.com\/wp-content\/uploads\/2025\/09\/credit-card-usb-c.jpg\" alt=\"\" class=\"wp-image-18211\" srcset=\"https:\/\/www.yousanusb.com\/wp-content\/uploads\/2025\/09\/credit-card-usb-c.jpg 800w, https:\/\/www.yousanusb.com\/wp-content\/uploads\/2025\/09\/credit-card-usb-c-300x300.jpg 300w, https:\/\/www.yousanusb.com\/wp-content\/uploads\/2025\/09\/credit-card-usb-c-150x150.jpg 150w, https:\/\/www.yousanusb.com\/wp-content\/uploads\/2025\/09\/credit-card-usb-c-768x768.jpg 768w, https:\/\/www.yousanusb.com\/wp-content\/uploads\/2025\/09\/credit-card-usb-c-12x12.jpg 12w, https:\/\/www.yousanusb.com\/wp-content\/uploads\/2025\/09\/credit-card-usb-c-600x600.jpg 600w, https:\/\/www.yousanusb.com\/wp-content\/uploads\/2025\/09\/credit-card-usb-c-100x100.jpg 100w\" sizes=\"(max-width: 800px) 100vw, 800px\" \/><\/figure>\n<\/div>\n\n\n\n<div class=\"wp-block-column is-layout-flow wp-block-column-is-layout-flow\">\n<p><strong>1.Se enchufa c\u00f3modamente en ambos sentidos<\/strong><br>La interfaz Type-C tiene un dise\u00f1o sim\u00e9trico, por lo que no es necesario distinguir entre la parte delantera y la trasera. Incluso en situaciones de poca luz o funcionamiento a ciegas, se puede enchufar f\u00e1cilmente.<br><strong>2.Amplia compatibilidad y transmisi\u00f3n entre dispositivos sin fisuras<\/strong><br>La mayor\u00eda de las unidades flash Type-C tienen un dise\u00f1o de interfaz dual \"Type-C + USB-A\" compatible con smartphones, tabletas, port\u00e1tiles ultrafinos y otros dispositivos Type-C. Tambi\u00e9n pueden conectarse directamente a ordenadores de sobremesa tradicionales, televisores y videoconsolas con puertos USB-A.<br><strong>3.Gran portabilidad para viajar sin preocupaciones<\/strong><br>La propia interfaz Type-C es de tama\u00f1o reducido, lo que permite dise\u00f1ar discos U m\u00e1s delgados y ligeros, para que quepan f\u00e1cilmente en bolsillos o mochilas. Adem\u00e1s, el dise\u00f1o de doble interfaz elimina la necesidad de llevar adaptadores adicionales, lo que permite el \"plug-and-play\" durante los viajes de negocios o los desplazamientos y reduce la carga de cables.<br><strong>4.Alta durabilidad y larga vida \u00fatil<\/strong><br>La vida \u00fatil mec\u00e1nica plug-and-play de la interfaz Type-C es de m\u00e1s de diez mil veces, muy superior a la de las interfaces tradicionales. Esto reduce eficazmente el desgaste de la interfaz causado por los frecuentes enchufes y desenchufes, lo que hace que la unidad flash sea m\u00e1s estable y duradera.<\/p>\n<\/div>\n<\/div>","protected":false},"excerpt":{"rendered":"<ul>\n<li>Material pl\u00e1stico<\/li>\n<li>Serigrafiado o a todo color<\/li>\n<li>Unidad flash USB de tipo C<\/li>\n<li>CE\/FCC\/RoHS<\/li>\n<li>MOQ:100pcs<\/li>\n<\/ul>","protected":false},"featured_media":18210,"comment_status":"open","ping_status":"closed","template":"","meta":{"_seopress_robots_primary_cat":"none","_seopress_titles_title":"","_seopress_titles_desc":"","_seopress_robots_index":""},"class_list":["post-18205","product","type-product","status-publish","has-post-thumbnail","hentry","product_cat-card-usb-flash-drive","product_tag-plastic-card-usb-flash-drive"],"_links":{"self":[{"href":"https:\/\/www.yousanusb.com\/es\/wp-json\/wp\/v2\/product\/18205"}],"collection":[{"href":"https:\/\/www.yousanusb.com\/es\/wp-json\/wp\/v2\/product"}],"about":[{"href":"https:\/\/www.yousanusb.com\/es\/wp-json\/wp\/v2\/types\/product"}],"replies":[{"embeddable":true,"href":"https:\/\/www.yousanusb.com\/es\/wp-json\/wp\/v2\/comments?post=18205"}],"wp:featuredmedia":[{"embeddable":true,"href":"https:\/\/www.yousanusb.com\/es\/wp-json\/wp\/v2\/media\/18210"}],"wp:attachment":[{"href":"https:\/\/www.yousanusb.com\/es\/wp-json\/wp\/v2\/media?parent=18205"}],"curies":[{"name":"wp","href":"https:\/\/api.w.org\/{rel}","templated":true}]}}