{"id":18215,"date":"2025-09-24T11:26:49","date_gmt":"2025-09-24T11:26:49","guid":{"rendered":"https:\/\/yousanusb.com\/?post_type=product&#038;p=18215"},"modified":"2025-12-13T13:25:09","modified_gmt":"2025-12-13T13:25:09","slug":"custom-usb-flash-drive-music-card","status":"publish","type":"product","link":"https:\/\/www.yousanusb.com\/es\/producto\/custom-usb-flash-drive-music-card\/","title":{"rendered":"Memoria USB personalizada Music Card"},"content":{"rendered":"<p>A <strong>Unidad flash USB tarjeta de m\u00fasica<\/strong> es un dispositivo de almacenamiento flash USB de forma similar a una tarjeta (por ejemplo, del tama\u00f1o de una tarjeta de cr\u00e9dito). Est\u00e1 especialmente dise\u00f1ado para almacenar y transferir m\u00fasica y contenidos multimedia relacionados, combinando las funciones de almacenamiento de datos y soporte de m\u00fasica.Una sola unidad flash de 2 GB puede contener m\u00e1s de 700 archivos MP3. <\/p>\n\n\n\n<div class=\"wp-block-columns is-layout-flex wp-container-core-columns-is-layout-1 wp-block-columns-is-layout-flex\">\n<div class=\"wp-block-column is-layout-flow wp-block-column-is-layout-flow\">\n<figure class=\"wp-block-image size-full\"><img fetchpriority=\"high\" decoding=\"async\" width=\"600\" height=\"500\" src=\"https:\/\/yousanusb.com\/wp-content\/uploads\/2025\/09\/corporate.jpg\" alt=\"\" class=\"wp-image-18219\" srcset=\"https:\/\/www.yousanusb.com\/wp-content\/uploads\/2025\/09\/corporate.jpg 600w, https:\/\/www.yousanusb.com\/wp-content\/uploads\/2025\/09\/corporate-300x250.jpg 300w, https:\/\/www.yousanusb.com\/wp-content\/uploads\/2025\/09\/corporate-14x12.jpg 14w\" sizes=\"(max-width: 600px) 100vw, 600px\" \/><\/figure>\n<\/div>\n\n\n\n<div class=\"wp-block-column is-layout-flow wp-block-column-is-layout-flow\">\n<figure class=\"wp-block-image size-full\"><img decoding=\"async\" width=\"600\" height=\"500\" src=\"https:\/\/yousanusb.com\/wp-content\/uploads\/2025\/09\/roxie_usb_merch_954x.jpeg\" alt=\"\" class=\"wp-image-18221\" srcset=\"https:\/\/www.yousanusb.com\/wp-content\/uploads\/2025\/09\/roxie_usb_merch_954x.jpeg 600w, https:\/\/www.yousanusb.com\/wp-content\/uploads\/2025\/09\/roxie_usb_merch_954x-300x250.jpeg 300w, https:\/\/www.yousanusb.com\/wp-content\/uploads\/2025\/09\/roxie_usb_merch_954x-14x12.jpeg 14w\" sizes=\"(max-width: 600px) 100vw, 600px\" \/><\/figure>\n<\/div>\n<\/div>\n\n\n\n<h2 class=\"wp-block-heading\"><\/h2>\n\n\n\n<h2 class=\"wp-block-heading\">\u00bfQu\u00e9 contenidos se pueden precargar en la unidad USB?<\/h2>\n\n\n\n<div class=\"wp-block-columns is-layout-flex wp-container-core-columns-is-layout-2 wp-block-columns-is-layout-flex\">\n<div class=\"wp-block-column is-vertically-aligned-center is-layout-flow wp-block-column-is-layout-flow\">\n<ul class=\"wp-block-list\">\n<li><strong>Archivos de m\u00fasica<\/strong>: Canciones y \u00e1lbumes en formatos como MP3, WAV y FLAC;<\/li>\n\n\n\n<li><strong>Contenidos multimedia<\/strong>: V\u00eddeos musicales, clips de conciertos, v\u00eddeos de entrevistas a artistas, etc;<\/li>\n\n\n\n<li><strong>Material de texto<\/strong>: Letras, presentaciones de \u00e1lbumes, biograf\u00edas de artistas, textos promocionales;<\/li>\n\n\n\n<li><strong>Materiales de marca\/promoci\u00f3n<\/strong>: Logotipos de sellos musicales, carteles de artistas, folletos electr\u00f3nicos, etc.<\/li>\n<\/ul>\n\n\n\n<p>USB Music Card es la nueva generaci\u00f3n de \u00e1lbumes f\u00edsicos para la industria musical (PRNewsfoto\/TVM.Bio Inc.)<\/p>\n<\/div>\n\n\n\n<div class=\"wp-block-column is-layout-flow wp-block-column-is-layout-flow\">\n<figure class=\"wp-block-image size-full\"><img decoding=\"async\" width=\"600\" height=\"500\" src=\"https:\/\/yousanusb.com\/wp-content\/uploads\/2025\/09\/USB_Music_Card_2.jpg\" alt=\"\" class=\"wp-image-18222\" srcset=\"https:\/\/www.yousanusb.com\/wp-content\/uploads\/2025\/09\/USB_Music_Card_2.jpg 600w, https:\/\/www.yousanusb.com\/wp-content\/uploads\/2025\/09\/USB_Music_Card_2-300x250.jpg 300w, https:\/\/www.yousanusb.com\/wp-content\/uploads\/2025\/09\/USB_Music_Card_2-14x12.jpg 14w\" sizes=\"(max-width: 600px) 100vw, 600px\" \/><\/figure>\n<\/div>\n<\/div>\n\n\n\n<h2 class=\"wp-block-heading\">Unidad USB con tarjeta personalizada para m\u00fasicos<\/h2>\n\n\n\n<div class=\"wp-block-columns is-layout-flex wp-container-core-columns-is-layout-3 wp-block-columns-is-layout-flex\">\n<div class=\"wp-block-column is-vertically-aligned-center is-layout-flow wp-block-column-is-layout-flow\">\n<figure class=\"wp-block-image size-full\"><img loading=\"lazy\" decoding=\"async\" width=\"700\" height=\"392\" src=\"https:\/\/yousanusb.com\/wp-content\/uploads\/2025\/09\/Custom-Card-USB-Drive-for-Musicians.jpg\" alt=\"Unidad USB con tarjeta personalizada para m\u00fasicos\" class=\"wp-image-18229\" srcset=\"https:\/\/www.yousanusb.com\/wp-content\/uploads\/2025\/09\/Custom-Card-USB-Drive-for-Musicians.jpg 700w, https:\/\/www.yousanusb.com\/wp-content\/uploads\/2025\/09\/Custom-Card-USB-Drive-for-Musicians-300x168.jpg 300w, https:\/\/www.yousanusb.com\/wp-content\/uploads\/2025\/09\/Custom-Card-USB-Drive-for-Musicians-18x10.jpg 18w, https:\/\/www.yousanusb.com\/wp-content\/uploads\/2025\/09\/Custom-Card-USB-Drive-for-Musicians-600x336.jpg 600w\" sizes=\"(max-width: 700px) 100vw, 700px\" \/><\/figure>\n<\/div>\n\n\n\n<div class=\"wp-block-column is-vertically-aligned-center is-layout-flow wp-block-column-is-layout-flow\">\n<p>Ofrecemos el servicio personalizado de \"Encapsulaci\u00f3n USB de tarjetas de m\u00fasica y v\u00eddeo + Regalo dirigido a fans\": Su m\u00fasica y v\u00eddeos se almacenan en calidad sin p\u00e9rdidas en unidades usb de tarjeta personalizables (que pueden imprimirse con su logotipo, firma, etc.). <\/p>\n\n\n\n<p>Tras una adecuada organizaci\u00f3n y encriptaci\u00f3n del contenido, estas memorias USB con m\u00fasica e historias se entregan a los fans: no son s\u00f3lo soportes de almacenamiento, sino tambi\u00e9n muestras emocionales entre usted y sus fans, que pueden sentir su consideraci\u00f3n. souvenir. Personal\u00edzalo a\u00f1adiendo las notas de tu diario de gira. Los usuarios lo aceptan bien.<\/p>\n<\/div>\n<\/div>\n\n\n\n<p><\/p>","protected":false},"excerpt":{"rendered":"<ul>\n<li>USB personalizados para m\u00fasica<\/li>\n<li>Forma de tarjeta de pl\u00e1stico<\/li>\n<li>Smaple libre<\/li>\n<li>Precio de f\u00e1brica<\/li>\n<li>MOQ:100pcs<\/li>\n<\/ul>","protected":false},"featured_media":18218,"comment_status":"open","ping_status":"closed","template":"","meta":{"_seopress_robots_primary_cat":"","_seopress_titles_title":"","_seopress_titles_desc":"","_seopress_robots_index":""},"class_list":["post-18215","product","type-product","status-publish","has-post-thumbnail","hentry","product_cat-card-usb-flash-drive","product_tag-plastic-card-usb-flash-drive","product_tag-usb-music-cards"],"_links":{"self":[{"href":"https:\/\/www.yousanusb.com\/es\/wp-json\/wp\/v2\/product\/18215"}],"collection":[{"href":"https:\/\/www.yousanusb.com\/es\/wp-json\/wp\/v2\/product"}],"about":[{"href":"https:\/\/www.yousanusb.com\/es\/wp-json\/wp\/v2\/types\/product"}],"replies":[{"embeddable":true,"href":"https:\/\/www.yousanusb.com\/es\/wp-json\/wp\/v2\/comments?post=18215"}],"wp:featuredmedia":[{"embeddable":true,"href":"https:\/\/www.yousanusb.com\/es\/wp-json\/wp\/v2\/media\/18218"}],"wp:attachment":[{"href":"https:\/\/www.yousanusb.com\/es\/wp-json\/wp\/v2\/media?parent=18215"}],"curies":[{"name":"wp","href":"https:\/\/api.w.org\/{rel}","templated":true}]}}