{"id":18231,"date":"2025-09-25T05:46:12","date_gmt":"2025-09-25T05:46:12","guid":{"rendered":"https:\/\/yousanusb.com\/?post_type=product&#038;p=18231"},"modified":"2025-11-12T04:25:51","modified_gmt":"2025-11-12T04:25:51","slug":"custom-cassette-usb-flash-drives","status":"publish","type":"product","link":"https:\/\/www.yousanusb.com\/es\/producto\/custom-cassette-usb-flash-drives\/","title":{"rendered":"Memorias USB de casete personalizadas"},"content":{"rendered":"<p>Este <strong>Cassette Unidad flash USB<\/strong> est\u00e1 dise\u00f1ado para los amantes de la m\u00fasica y los estilos retro. Puede utilizarse para promocionar m\u00fasica y organizar eventos de tem\u00e1tica retro. Tambi\u00e9n puede ser un regalo especial para los entusiastas de la m\u00fasica y utilizarse para guardar su m\u00fasica favorita. Adem\u00e1s, puede imprimir el logotipo de su marca en este estuche retro. <strong>casete unidad flash USB<\/strong> para que sus actividades promocionales sean m\u00e1s llamativas.<\/p>\n\n\n\n<div class=\"wp-block-columns is-layout-flex wp-container-core-columns-is-layout-1 wp-block-columns-is-layout-flex\">\n<div class=\"wp-block-column is-layout-flow wp-block-column-is-layout-flow\">\n<figure class=\"wp-block-image size-full\"><img fetchpriority=\"high\" decoding=\"async\" width=\"800\" height=\"800\" src=\"https:\/\/yousanusb.com\/wp-content\/uploads\/2025\/09\/a5e0e469793ab84c8b979677758049e5.png\" alt=\"\" class=\"wp-image-18234\" srcset=\"https:\/\/www.yousanusb.com\/wp-content\/uploads\/2025\/09\/a5e0e469793ab84c8b979677758049e5.png 800w, https:\/\/www.yousanusb.com\/wp-content\/uploads\/2025\/09\/a5e0e469793ab84c8b979677758049e5-300x300.png 300w, https:\/\/www.yousanusb.com\/wp-content\/uploads\/2025\/09\/a5e0e469793ab84c8b979677758049e5-150x150.png 150w, https:\/\/www.yousanusb.com\/wp-content\/uploads\/2025\/09\/a5e0e469793ab84c8b979677758049e5-768x768.png 768w, https:\/\/www.yousanusb.com\/wp-content\/uploads\/2025\/09\/a5e0e469793ab84c8b979677758049e5-12x12.png 12w, https:\/\/www.yousanusb.com\/wp-content\/uploads\/2025\/09\/a5e0e469793ab84c8b979677758049e5-600x600.png 600w, https:\/\/www.yousanusb.com\/wp-content\/uploads\/2025\/09\/a5e0e469793ab84c8b979677758049e5-100x100.png 100w\" sizes=\"(max-width: 800px) 100vw, 800px\" \/><\/figure>\n<\/div>\n\n\n\n<div class=\"wp-block-column is-layout-flow wp-block-column-is-layout-flow\">\n<figure class=\"wp-block-image size-full\"><img decoding=\"async\" width=\"800\" height=\"800\" src=\"https:\/\/yousanusb.com\/wp-content\/uploads\/2025\/09\/usb-cassette-tape-drive.png\" alt=\"\" class=\"wp-image-18246\" srcset=\"https:\/\/www.yousanusb.com\/wp-content\/uploads\/2025\/09\/usb-cassette-tape-drive.png 800w, https:\/\/www.yousanusb.com\/wp-content\/uploads\/2025\/09\/usb-cassette-tape-drive-300x300.png 300w, https:\/\/www.yousanusb.com\/wp-content\/uploads\/2025\/09\/usb-cassette-tape-drive-150x150.png 150w, https:\/\/www.yousanusb.com\/wp-content\/uploads\/2025\/09\/usb-cassette-tape-drive-768x768.png 768w, https:\/\/www.yousanusb.com\/wp-content\/uploads\/2025\/09\/usb-cassette-tape-drive-12x12.png 12w, https:\/\/www.yousanusb.com\/wp-content\/uploads\/2025\/09\/usb-cassette-tape-drive-600x600.png 600w, https:\/\/www.yousanusb.com\/wp-content\/uploads\/2025\/09\/usb-cassette-tape-drive-100x100.png 100w\" sizes=\"(max-width: 800px) 100vw, 800px\" \/><\/figure>\n<\/div>\n<\/div>\n\n\n\n<h2 class=\"wp-block-heading\"><strong>Creatividad y colores<\/strong><\/h2>\n\n\n\n<div class=\"wp-block-columns is-layout-flex wp-container-core-columns-is-layout-2 wp-block-columns-is-layout-flex\">\n<div class=\"wp-block-column is-vertically-aligned-center is-layout-flow wp-block-column-is-layout-flow\">\n<p>Este <strong>Cassette Unidad flash USB<\/strong> cuenta con un puerto USB retr\u00e1ctil oculto que no requiere una tapa adicional y que se puede exponer empujando y tirando. Su carcasa est\u00e1 hecha de pl\u00e1stico ABS ligero y duradero, que protege el chip interno de memoria flash de alta velocidad. Garantiza un almacenamiento de datos estable y r\u00e1pidas velocidades de lectura y escritura, y es compatible con m\u00faltiples sistemas. A pesar de su aspecto retro, ofrece una experiencia tecnol\u00f3gica moderna.<\/p>\n\n\n\n<p>Este <strong>Cinta de casete Unidad USB<\/strong> est\u00e1 disponible en varios colores, siendo los cinco m\u00e1s vendidos: rojo,verde, negro, blanco y naranja.<\/p>\n<\/div>\n\n\n\n<div class=\"wp-block-column is-layout-flow wp-block-column-is-layout-flow\">\n<figure class=\"wp-block-image size-large\"><img decoding=\"async\" width=\"1024\" height=\"1003\" src=\"https:\/\/yousanusb.com\/wp-content\/uploads\/2025\/09\/cassette-tape-usb-flash-drive-1024x1003.jpg\" alt=\"\" class=\"wp-image-18239\" srcset=\"https:\/\/www.yousanusb.com\/wp-content\/uploads\/2025\/09\/cassette-tape-usb-flash-drive-1024x1003.jpg 1024w, https:\/\/www.yousanusb.com\/wp-content\/uploads\/2025\/09\/cassette-tape-usb-flash-drive-300x294.jpg 300w, https:\/\/www.yousanusb.com\/wp-content\/uploads\/2025\/09\/cassette-tape-usb-flash-drive-768x752.jpg 768w, https:\/\/www.yousanusb.com\/wp-content\/uploads\/2025\/09\/cassette-tape-usb-flash-drive-12x12.jpg 12w, https:\/\/www.yousanusb.com\/wp-content\/uploads\/2025\/09\/cassette-tape-usb-flash-drive-600x588.jpg 600w, https:\/\/www.yousanusb.com\/wp-content\/uploads\/2025\/09\/cassette-tape-usb-flash-drive.jpg 1367w\" sizes=\"(max-width: 1024px) 100vw, 1024px\" \/><\/figure>\n<\/div>\n<\/div>\n\n\n\n<h2 class=\"wp-block-heading\">Casos pr\u00e1cticos y aplicaciones<\/h2>\n\n\n\n<div class=\"wp-block-columns is-layout-flex wp-container-core-columns-is-layout-3 wp-block-columns-is-layout-flex\">\n<div class=\"wp-block-column is-layout-flow wp-block-column-is-layout-flow\">\n<figure class=\"wp-block-image size-full\"><img loading=\"lazy\" decoding=\"async\" width=\"800\" height=\"800\" src=\"https:\/\/yousanusb.com\/wp-content\/uploads\/2025\/09\/cassette-usb-drive.png\" alt=\"\" class=\"wp-image-18241\" srcset=\"https:\/\/www.yousanusb.com\/wp-content\/uploads\/2025\/09\/cassette-usb-drive.png 800w, https:\/\/www.yousanusb.com\/wp-content\/uploads\/2025\/09\/cassette-usb-drive-300x300.png 300w, https:\/\/www.yousanusb.com\/wp-content\/uploads\/2025\/09\/cassette-usb-drive-150x150.png 150w, https:\/\/www.yousanusb.com\/wp-content\/uploads\/2025\/09\/cassette-usb-drive-768x768.png 768w, https:\/\/www.yousanusb.com\/wp-content\/uploads\/2025\/09\/cassette-usb-drive-12x12.png 12w, https:\/\/www.yousanusb.com\/wp-content\/uploads\/2025\/09\/cassette-usb-drive-600x600.png 600w, https:\/\/www.yousanusb.com\/wp-content\/uploads\/2025\/09\/cassette-usb-drive-100x100.png 100w\" sizes=\"(max-width: 800px) 100vw, 800px\" \/><\/figure>\n<\/div>\n\n\n\n<div class=\"wp-block-column is-vertically-aligned-center is-layout-flow wp-block-column-is-layout-flow\">\n<p><strong>Distribuci\u00f3n de m\u00fasica<\/strong>: Los m\u00fasicos independientes o las peque\u00f1as bandas pueden utilizar los USB de casete para dar a conocer su trabajo; por ejemplo, para almacenar audio de alta calidad, contenidos entre bastidores, etc. Tambi\u00e9n pueden convertirse en productos de serie que incluyan merchandising.<br><strong>Regalos de empresa<\/strong>: Las empresas pueden personalizar los envases con el logotipo y el eslogan de su marca para utilizarlos como obsequios en ferias comerciales o regalos de agradecimiento a los clientes.<br><strong>Almacenamiento emocional<\/strong>: En momentos importantes, como bodas y graduaciones, se puede utilizar para almacenar v\u00eddeos, fotos y felicitaciones de amigos y familiares, convirti\u00e9ndose en un contenedor de emociones.<br><strong>Productos culturales y creativos<\/strong>: En mercadillos vintage y exposiciones nost\u00e1lgicas, puede venderse junto a modelos de grabadoras de casete y carteles vintage, atrayendo a j\u00f3venes y turistas.<\/p>\n<\/div>\n<\/div>\n\n\n\n<h2 class=\"wp-block-heading\">Envases y accesorios<\/h2>\n\n\n\n<div class=\"wp-block-columns is-layout-flex wp-container-core-columns-is-layout-4 wp-block-columns-is-layout-flex\">\n<div class=\"wp-block-column is-vertically-aligned-center is-layout-flow wp-block-column-is-layout-flow\">\n<p>El embalaje utiliza una caja de pl\u00e1stico transparente que muestra claramente el dise\u00f1o de casete de la unidad USB y tiene una sencilla est\u00e9tica industrial. La caja puede ir acompa\u00f1ada de una tarjeta plegable. La versi\u00f3n de \u00e1lbum musical puede imprimirse con una lista de canciones y las notas del artista. La versi\u00f3n de personalizaci\u00f3n corporativa puede imprimirse con una historia de marca o un resumen del cat\u00e1logo de productos. La versi\u00f3n de recuerdo personal puede utilizarse para colocar tarjetas de felicitaci\u00f3n escritas a mano y pegatinas conmemorativas, haciendo que la experiencia de \"unboxing\" sea especial.<\/p>\n<\/div>\n\n\n\n<div class=\"wp-block-column is-layout-flow wp-block-column-is-layout-flow\">\n<figure class=\"wp-block-image size-full\"><img loading=\"lazy\" decoding=\"async\" width=\"800\" height=\"800\" src=\"https:\/\/yousanusb.com\/wp-content\/uploads\/2025\/09\/cassette-tape-usb-drive-bulk.png\" alt=\"\" class=\"wp-image-18237\" srcset=\"https:\/\/www.yousanusb.com\/wp-content\/uploads\/2025\/09\/cassette-tape-usb-drive-bulk.png 800w, https:\/\/www.yousanusb.com\/wp-content\/uploads\/2025\/09\/cassette-tape-usb-drive-bulk-300x300.png 300w, https:\/\/www.yousanusb.com\/wp-content\/uploads\/2025\/09\/cassette-tape-usb-drive-bulk-150x150.png 150w, https:\/\/www.yousanusb.com\/wp-content\/uploads\/2025\/09\/cassette-tape-usb-drive-bulk-768x768.png 768w, https:\/\/www.yousanusb.com\/wp-content\/uploads\/2025\/09\/cassette-tape-usb-drive-bulk-12x12.png 12w, https:\/\/www.yousanusb.com\/wp-content\/uploads\/2025\/09\/cassette-tape-usb-drive-bulk-600x600.png 600w, https:\/\/www.yousanusb.com\/wp-content\/uploads\/2025\/09\/cassette-tape-usb-drive-bulk-100x100.png 100w\" sizes=\"(max-width: 800px) 100vw, 800px\" \/><\/figure>\n<\/div>\n<\/div>\n\n\n\n<h2 class=\"wp-block-heading\">Impresi\u00f3n de patrones<\/h2>\n\n\n\n<p>Ofrecemos servicios de patronaje personalizado, principalmente mediante serigraf\u00eda e impresi\u00f3n por transferencia t\u00e9rmica. Puede enviar sus peticiones o dise\u00f1os a nuestro personal con antelaci\u00f3n. A continuaci\u00f3n, nuestros dise\u00f1adores se comunicar\u00e1n con usted para confirmar el patr\u00f3n antes de iniciar la producci\u00f3n.<\/p>\n\n\n\n<div class=\"wp-block-columns is-layout-flex wp-container-core-columns-is-layout-5 wp-block-columns-is-layout-flex\">\n<div class=\"wp-block-column is-layout-flow wp-block-column-is-layout-flow\">\n<figure class=\"wp-block-image size-full\"><img loading=\"lazy\" decoding=\"async\" width=\"800\" height=\"800\" src=\"https:\/\/yousanusb.com\/wp-content\/uploads\/2025\/09\/fea9f364edab75104c365653a4863a87.png\" alt=\"\" class=\"wp-image-18245\" srcset=\"https:\/\/www.yousanusb.com\/wp-content\/uploads\/2025\/09\/fea9f364edab75104c365653a4863a87.png 800w, https:\/\/www.yousanusb.com\/wp-content\/uploads\/2025\/09\/fea9f364edab75104c365653a4863a87-300x300.png 300w, https:\/\/www.yousanusb.com\/wp-content\/uploads\/2025\/09\/fea9f364edab75104c365653a4863a87-150x150.png 150w, https:\/\/www.yousanusb.com\/wp-content\/uploads\/2025\/09\/fea9f364edab75104c365653a4863a87-768x768.png 768w, https:\/\/www.yousanusb.com\/wp-content\/uploads\/2025\/09\/fea9f364edab75104c365653a4863a87-12x12.png 12w, https:\/\/www.yousanusb.com\/wp-content\/uploads\/2025\/09\/fea9f364edab75104c365653a4863a87-600x600.png 600w, https:\/\/www.yousanusb.com\/wp-content\/uploads\/2025\/09\/fea9f364edab75104c365653a4863a87-100x100.png 100w\" sizes=\"(max-width: 800px) 100vw, 800px\" \/><\/figure>\n<\/div>\n\n\n\n<div class=\"wp-block-column is-layout-flow wp-block-column-is-layout-flow\">\n<figure class=\"wp-block-image size-full\"><img loading=\"lazy\" decoding=\"async\" width=\"800\" height=\"800\" src=\"https:\/\/yousanusb.com\/wp-content\/uploads\/2025\/09\/cassette-shaped-usb-drive-packaging.png\" alt=\"\" class=\"wp-image-18236\" srcset=\"https:\/\/www.yousanusb.com\/wp-content\/uploads\/2025\/09\/cassette-shaped-usb-drive-packaging.png 800w, https:\/\/www.yousanusb.com\/wp-content\/uploads\/2025\/09\/cassette-shaped-usb-drive-packaging-300x300.png 300w, https:\/\/www.yousanusb.com\/wp-content\/uploads\/2025\/09\/cassette-shaped-usb-drive-packaging-150x150.png 150w, https:\/\/www.yousanusb.com\/wp-content\/uploads\/2025\/09\/cassette-shaped-usb-drive-packaging-768x768.png 768w, https:\/\/www.yousanusb.com\/wp-content\/uploads\/2025\/09\/cassette-shaped-usb-drive-packaging-12x12.png 12w, https:\/\/www.yousanusb.com\/wp-content\/uploads\/2025\/09\/cassette-shaped-usb-drive-packaging-600x600.png 600w, https:\/\/www.yousanusb.com\/wp-content\/uploads\/2025\/09\/cassette-shaped-usb-drive-packaging-100x100.png 100w\" sizes=\"(max-width: 800px) 100vw, 800px\" \/><\/figure>\n<\/div>\n\n\n\n<div class=\"wp-block-column is-layout-flow wp-block-column-is-layout-flow\">\n<figure class=\"wp-block-image size-full\"><img loading=\"lazy\" decoding=\"async\" width=\"800\" height=\"800\" src=\"https:\/\/yousanusb.com\/wp-content\/uploads\/2025\/09\/audio-cassette-usb-drive.png\" alt=\"\" class=\"wp-image-18235\" srcset=\"https:\/\/www.yousanusb.com\/wp-content\/uploads\/2025\/09\/audio-cassette-usb-drive.png 800w, https:\/\/www.yousanusb.com\/wp-content\/uploads\/2025\/09\/audio-cassette-usb-drive-300x300.png 300w, https:\/\/www.yousanusb.com\/wp-content\/uploads\/2025\/09\/audio-cassette-usb-drive-150x150.png 150w, https:\/\/www.yousanusb.com\/wp-content\/uploads\/2025\/09\/audio-cassette-usb-drive-768x768.png 768w, https:\/\/www.yousanusb.com\/wp-content\/uploads\/2025\/09\/audio-cassette-usb-drive-12x12.png 12w, https:\/\/www.yousanusb.com\/wp-content\/uploads\/2025\/09\/audio-cassette-usb-drive-600x600.png 600w, https:\/\/www.yousanusb.com\/wp-content\/uploads\/2025\/09\/audio-cassette-usb-drive-100x100.png 100w\" sizes=\"(max-width: 800px) 100vw, 800px\" \/><\/figure>\n<\/div>\n<\/div>","protected":false},"excerpt":{"rendered":"<ul>\n<li>Cinta de casete personalizada Memoria USB<\/li>\n<li>Materiales pl\u00e1sticos ABS<\/li>\n<li>Impresi\u00f3n a todo color en anverso y reverso<\/li>\n<li>Cassettes transparentes<\/li>\n<li>MOQ:100pcs<\/li>\n<\/ul>","protected":false},"featured_media":18243,"comment_status":"open","ping_status":"closed","template":"","meta":{"_seopress_robots_primary_cat":"none","_seopress_titles_title":"","_seopress_titles_desc":"","_seopress_robots_index":""},"class_list":["post-18231","product","type-product","status-publish","has-post-thumbnail","hentry","product_cat-usb-flash-drive","product_tag-usb-music-cards"],"_links":{"self":[{"href":"https:\/\/www.yousanusb.com\/es\/wp-json\/wp\/v2\/product\/18231"}],"collection":[{"href":"https:\/\/www.yousanusb.com\/es\/wp-json\/wp\/v2\/product"}],"about":[{"href":"https:\/\/www.yousanusb.com\/es\/wp-json\/wp\/v2\/types\/product"}],"replies":[{"embeddable":true,"href":"https:\/\/www.yousanusb.com\/es\/wp-json\/wp\/v2\/comments?post=18231"}],"wp:featuredmedia":[{"embeddable":true,"href":"https:\/\/www.yousanusb.com\/es\/wp-json\/wp\/v2\/media\/18243"}],"wp:attachment":[{"href":"https:\/\/www.yousanusb.com\/es\/wp-json\/wp\/v2\/media?parent=18231"}],"curies":[{"name":"wp","href":"https:\/\/api.w.org\/{rel}","templated":true}]}}