{"id":18309,"date":"2025-09-25T09:14:34","date_gmt":"2025-09-25T09:14:34","guid":{"rendered":"https:\/\/yousanusb.com\/?post_type=product&#038;p=18309"},"modified":"2025-10-16T01:42:56","modified_gmt":"2025-10-16T01:42:56","slug":"custom-round-card-flip-usb-flash-drive","status":"publish","type":"product","link":"https:\/\/www.yousanusb.com\/es\/producto\/custom-round-card-flip-usb-flash-drive\/","title":{"rendered":"Tarjeta redonda de metal Memoria USB"},"content":{"rendered":"<p>\u00bfEsto <strong>Tarjeta redonda Unidad flash USB<\/strong> \u00bfLe llama la atenci\u00f3n? Con su textura suave, su dise\u00f1o redondeado y su exclusivo acabado en metal cepillado, se ha convertido en un \"favorito de la moda\" en el mundo del almacenamiento m\u00f3vil.<\/p>\n\n\n\n<div class=\"wp-block-columns is-layout-flex wp-container-core-columns-is-layout-1 wp-block-columns-is-layout-flex\">\n<div class=\"wp-block-column is-layout-flow wp-block-column-is-layout-flow\">\n<figure class=\"wp-block-image size-full\"><img fetchpriority=\"high\" decoding=\"async\" width=\"800\" height=\"800\" src=\"https:\/\/yousanusb.com\/wp-content\/uploads\/2025\/09\/odm-round-card-usb-flash-drive-china-customized\u200b.jpg\" alt=\"\" class=\"wp-image-18319\" srcset=\"https:\/\/www.yousanusb.com\/wp-content\/uploads\/2025\/09\/odm-round-card-usb-flash-drive-china-customized\u200b.jpg 800w, https:\/\/www.yousanusb.com\/wp-content\/uploads\/2025\/09\/odm-round-card-usb-flash-drive-china-customized\u200b-300x300.jpg 300w, https:\/\/www.yousanusb.com\/wp-content\/uploads\/2025\/09\/odm-round-card-usb-flash-drive-china-customized\u200b-150x150.jpg 150w, https:\/\/www.yousanusb.com\/wp-content\/uploads\/2025\/09\/odm-round-card-usb-flash-drive-china-customized\u200b-768x768.jpg 768w, https:\/\/www.yousanusb.com\/wp-content\/uploads\/2025\/09\/odm-round-card-usb-flash-drive-china-customized\u200b-12x12.jpg 12w, https:\/\/www.yousanusb.com\/wp-content\/uploads\/2025\/09\/odm-round-card-usb-flash-drive-china-customized\u200b-600x600.jpg 600w, https:\/\/www.yousanusb.com\/wp-content\/uploads\/2025\/09\/odm-round-card-usb-flash-drive-china-customized\u200b-100x100.jpg 100w\" sizes=\"(max-width: 800px) 100vw, 800px\" \/><\/figure>\n<\/div>\n\n\n\n<div class=\"wp-block-column is-layout-flow wp-block-column-is-layout-flow\">\n<figure class=\"wp-block-image size-full\"><img decoding=\"async\" width=\"800\" height=\"800\" src=\"https:\/\/yousanusb.com\/wp-content\/uploads\/2025\/09\/low-price-round-card-usb-flash-drive.jpg\" alt=\"\" class=\"wp-image-18318\" srcset=\"https:\/\/www.yousanusb.com\/wp-content\/uploads\/2025\/09\/low-price-round-card-usb-flash-drive.jpg 800w, https:\/\/www.yousanusb.com\/wp-content\/uploads\/2025\/09\/low-price-round-card-usb-flash-drive-300x300.jpg 300w, https:\/\/www.yousanusb.com\/wp-content\/uploads\/2025\/09\/low-price-round-card-usb-flash-drive-150x150.jpg 150w, https:\/\/www.yousanusb.com\/wp-content\/uploads\/2025\/09\/low-price-round-card-usb-flash-drive-768x768.jpg 768w, https:\/\/www.yousanusb.com\/wp-content\/uploads\/2025\/09\/low-price-round-card-usb-flash-drive-12x12.jpg 12w, https:\/\/www.yousanusb.com\/wp-content\/uploads\/2025\/09\/low-price-round-card-usb-flash-drive-600x600.jpg 600w, https:\/\/www.yousanusb.com\/wp-content\/uploads\/2025\/09\/low-price-round-card-usb-flash-drive-100x100.jpg 100w\" sizes=\"(max-width: 800px) 100vw, 800px\" \/><\/figure>\n<\/div>\n<\/div>\n\n\n\n<h2 class=\"wp-block-heading\">Detalles del producto<\/h2>\n\n\n\n<div class=\"wp-block-columns is-layout-flex wp-container-core-columns-is-layout-2 wp-block-columns-is-layout-flex\">\n<div class=\"wp-block-column is-layout-flow wp-block-column-is-layout-flow\">\n<figure class=\"wp-block-image size-full\"><img decoding=\"async\" width=\"800\" height=\"529\" src=\"https:\/\/yousanusb.com\/wp-content\/uploads\/2025\/09\/china-round-card-usb-flash-drive-factory.jpg\" alt=\"\" class=\"wp-image-18313\" srcset=\"https:\/\/www.yousanusb.com\/wp-content\/uploads\/2025\/09\/china-round-card-usb-flash-drive-factory.jpg 800w, https:\/\/www.yousanusb.com\/wp-content\/uploads\/2025\/09\/china-round-card-usb-flash-drive-factory-300x198.jpg 300w, https:\/\/www.yousanusb.com\/wp-content\/uploads\/2025\/09\/china-round-card-usb-flash-drive-factory-768x508.jpg 768w, https:\/\/www.yousanusb.com\/wp-content\/uploads\/2025\/09\/china-round-card-usb-flash-drive-factory-18x12.jpg 18w, https:\/\/www.yousanusb.com\/wp-content\/uploads\/2025\/09\/china-round-card-usb-flash-drive-factory-600x397.jpg 600w\" sizes=\"(max-width: 800px) 100vw, 800px\" \/><\/figure>\n<\/div>\n\n\n\n<div class=\"wp-block-column is-vertically-aligned-center is-layout-flow wp-block-column-is-layout-flow\">\n<p>Este <strong>Unidad flash USB<\/strong> cuenta con un <strong>aleaci\u00f3n de aluminio<\/strong> Aunque lo tires con las llaves, las monedas y otras cosas, seguir\u00e1 teniendo buen aspecto y durar\u00e1 mucho tiempo. Adem\u00e1s, s\u00f3lo mide 42 mm de di\u00e1metro y unos 2,5 mm de grosor, por lo que cabe perfectamente en la palma de la mano. Cuando lo guardas en el bolsillo o en el bolso, no a\u00f1ade nada de volumen.<\/p>\n<\/div>\n<\/div>\n\n\n\n<div class=\"wp-block-columns is-layout-flex wp-container-core-columns-is-layout-3 wp-block-columns-is-layout-flex\">\n<div class=\"wp-block-column is-vertically-aligned-center is-layout-flow wp-block-column-is-layout-flow\">\n<p>Tambi\u00e9n incluye un <strong>llavero<\/strong> que se puede enganchar a un llavero. Esto facilita su transporte y reduce el riesgo de perderlo, para que pueda acceder a \u00e9l siempre que lo necesite.<\/p>\n\n\n\n<p>El chip de almacenamiento del USB est\u00e1 dise\u00f1ado con una estructura push-pull, lo que elimina la necesidad de una tapa adicional. Este dise\u00f1o evita la p\u00e9rdida de la tapa y protege eficazmente la interfaz del polvo y los ara\u00f1azos, garantizando que el aspecto del USB permanezca limpio e intacto.<\/p>\n<\/div>\n\n\n\n<div class=\"wp-block-column is-layout-flow wp-block-column-is-layout-flow\">\n<figure class=\"wp-block-image size-full\"><img loading=\"lazy\" decoding=\"async\" width=\"800\" height=\"529\" src=\"https:\/\/yousanusb.com\/wp-content\/uploads\/2025\/09\/bulk-round-card-usb-flash-drive.jpg\" alt=\"\" class=\"wp-image-18312\" srcset=\"https:\/\/www.yousanusb.com\/wp-content\/uploads\/2025\/09\/bulk-round-card-usb-flash-drive.jpg 800w, https:\/\/www.yousanusb.com\/wp-content\/uploads\/2025\/09\/bulk-round-card-usb-flash-drive-300x198.jpg 300w, https:\/\/www.yousanusb.com\/wp-content\/uploads\/2025\/09\/bulk-round-card-usb-flash-drive-768x508.jpg 768w, https:\/\/www.yousanusb.com\/wp-content\/uploads\/2025\/09\/bulk-round-card-usb-flash-drive-18x12.jpg 18w, https:\/\/www.yousanusb.com\/wp-content\/uploads\/2025\/09\/bulk-round-card-usb-flash-drive-600x397.jpg 600w\" sizes=\"(max-width: 800px) 100vw, 800px\" \/><\/figure>\n<\/div>\n<\/div>\n\n\n\n<h2 class=\"wp-block-heading\">Custom&amp;Packing<\/h2>\n\n\n\n<div class=\"wp-block-columns is-layout-flex wp-container-core-columns-is-layout-4 wp-block-columns-is-layout-flex\">\n<div class=\"wp-block-column is-layout-flow wp-block-column-is-layout-flow\">\n<figure class=\"wp-block-image size-full\"><img loading=\"lazy\" decoding=\"async\" width=\"800\" height=\"800\" src=\"https:\/\/yousanusb.com\/wp-content\/uploads\/2025\/09\/china-round-card-usb-flash-drive-manufacturer.jpg\" alt=\"\" class=\"wp-image-18314\" srcset=\"https:\/\/www.yousanusb.com\/wp-content\/uploads\/2025\/09\/china-round-card-usb-flash-drive-manufacturer.jpg 800w, https:\/\/www.yousanusb.com\/wp-content\/uploads\/2025\/09\/china-round-card-usb-flash-drive-manufacturer-300x300.jpg 300w, https:\/\/www.yousanusb.com\/wp-content\/uploads\/2025\/09\/china-round-card-usb-flash-drive-manufacturer-150x150.jpg 150w, https:\/\/www.yousanusb.com\/wp-content\/uploads\/2025\/09\/china-round-card-usb-flash-drive-manufacturer-768x768.jpg 768w, https:\/\/www.yousanusb.com\/wp-content\/uploads\/2025\/09\/china-round-card-usb-flash-drive-manufacturer-12x12.jpg 12w, https:\/\/www.yousanusb.com\/wp-content\/uploads\/2025\/09\/china-round-card-usb-flash-drive-manufacturer-600x600.jpg 600w, https:\/\/www.yousanusb.com\/wp-content\/uploads\/2025\/09\/china-round-card-usb-flash-drive-manufacturer-100x100.jpg 100w\" sizes=\"(max-width: 800px) 100vw, 800px\" \/><\/figure>\n<\/div>\n\n\n\n<div class=\"wp-block-column is-layout-flow wp-block-column-is-layout-flow\">\n<p>Este <strong>Tarjeta redonda Unidad USB<\/strong> es compatible con <strong>Logotipo<\/strong> servicios. <\/p>\n\n\n\n<p>Esta caja de embalaje para la memoria USB circular es impresionante. Es una elegante caja negra r\u00edgida, con un aspecto elegante y de alta gama. En su interior, un suave forro negro flocado sujeta la unidad USB de forma segura y la protege de ara\u00f1azos. Como regalo (para clientes o amigos), esta lujosa caja hace que parezca especial y de primera calidad, a\u00f1adiendo un sentido de ceremonia.<\/p>\n\n\n\n<p>YOUSAN es un profesional <strong>china tarjeta redonda usb flash drive factory<\/strong> con m\u00e1s de 14 a\u00f1os de experiencia en producci\u00f3n. La empresa ofrece servicios gratuitos de dise\u00f1o y muestras y vende directamente de f\u00e1brica, lo que supone importantes ventajas de precio. Si desea m\u00e1s informaci\u00f3n o ver otros estilos, p\u00f3ngase en contacto con nosotros.<\/p>\n<\/div>\n<\/div>","protected":false},"excerpt":{"rendered":"<ul>\n<li>Tarjeta redonda a granel Memoria USB<\/li>\n<li>Material de aleaci\u00f3n de aluminio<\/li>\n<li>Con llavero<\/li>\n<li>ODM\/OEM, LOGO personalizado<\/li>\n<li>MOQ:100pcs<\/li>\n<\/ul>","protected":false},"featured_media":18318,"comment_status":"open","ping_status":"closed","template":"","meta":{"_seopress_robots_primary_cat":"none","_seopress_titles_title":"","_seopress_titles_desc":"","_seopress_robots_index":""},"class_list":["post-18309","product","type-product","status-publish","has-post-thumbnail","hentry","product_cat-card-usb-flash-drive","product_tag-aluminium-card-usb-flash-drive","product_tag-aluminum-flash-drive","product_tag-metal-card-usb-drive","product_tag-round-card-usb-flash-drive","product_tag-custom-metal-keychain-usb-flash-drive"],"_links":{"self":[{"href":"https:\/\/www.yousanusb.com\/es\/wp-json\/wp\/v2\/product\/18309"}],"collection":[{"href":"https:\/\/www.yousanusb.com\/es\/wp-json\/wp\/v2\/product"}],"about":[{"href":"https:\/\/www.yousanusb.com\/es\/wp-json\/wp\/v2\/types\/product"}],"replies":[{"embeddable":true,"href":"https:\/\/www.yousanusb.com\/es\/wp-json\/wp\/v2\/comments?post=18309"}],"wp:featuredmedia":[{"embeddable":true,"href":"https:\/\/www.yousanusb.com\/es\/wp-json\/wp\/v2\/media\/18318"}],"wp:attachment":[{"href":"https:\/\/www.yousanusb.com\/es\/wp-json\/wp\/v2\/media?parent=18309"}],"curies":[{"name":"wp","href":"https:\/\/api.w.org\/{rel}","templated":true}]}}