{"id":18456,"date":"2025-09-27T15:11:00","date_gmt":"2025-09-27T15:11:00","guid":{"rendered":"https:\/\/www.yousanusb.com\/?post_type=product&#038;p=18456"},"modified":"2025-12-13T13:24:34","modified_gmt":"2025-12-13T13:24:34","slug":"transparent-card-usb-flash-drive","status":"publish","type":"product","link":"https:\/\/www.yousanusb.com\/es\/producto\/transparent-card-usb-flash-drive\/","title":{"rendered":"Tarjeta transparente Memoria USB"},"content":{"rendered":"<p>Esta unidad flash USB de tarjeta transparente est\u00e1 fabricada con material de PC de alta calidad, lo que le confiere un aspecto claro y transparente y un acabado suave y duradero. A trav\u00e9s de la carcasa, se puede ver el chip de precisi\u00f3n interno, lo que le confiere una sensaci\u00f3n de tecnolog\u00eda y elegancia. Su dise\u00f1o de tarjeta de cr\u00e9dito es fino y compacto, y cabe f\u00e1cilmente en una cartera o tarjetero para llevarlo c\u00f3modamente. La interfaz de la unidad USB tiene un dise\u00f1o f\u00e1cil de usar, que permite conectarla a dispositivos empuj\u00e1ndola hacia fuera o abri\u00e9ndola. Cuando no se utiliza, la interfaz se puede guardar de forma ordenada para evitar el polvo y los da\u00f1os. Su dise\u00f1o sencillo y transparente es adecuado para diversas ocasiones.<\/p>\n\n\n\n<div class=\"wp-block-columns is-layout-flex wp-container-core-columns-is-layout-1 wp-block-columns-is-layout-flex\">\n<div class=\"wp-block-column is-layout-flow wp-block-column-is-layout-flow\"><div class=\"wp-block-image\">\n<figure class=\"aligncenter size-full is-resized\"><img fetchpriority=\"high\" decoding=\"async\" width=\"800\" height=\"800\" src=\"https:\/\/www.yousanusb.com\/wp-content\/uploads\/2025\/09\/card-usb-flash-drives.jpg\" alt=\"\" class=\"wp-image-18461\" style=\"width:558px;height:auto\" srcset=\"https:\/\/www.yousanusb.com\/wp-content\/uploads\/2025\/09\/card-usb-flash-drives.jpg 800w, https:\/\/www.yousanusb.com\/wp-content\/uploads\/2025\/09\/card-usb-flash-drives-300x300.jpg 300w, https:\/\/www.yousanusb.com\/wp-content\/uploads\/2025\/09\/card-usb-flash-drives-150x150.jpg 150w, https:\/\/www.yousanusb.com\/wp-content\/uploads\/2025\/09\/card-usb-flash-drives-768x768.jpg 768w, https:\/\/www.yousanusb.com\/wp-content\/uploads\/2025\/09\/card-usb-flash-drives-12x12.jpg 12w, https:\/\/www.yousanusb.com\/wp-content\/uploads\/2025\/09\/card-usb-flash-drives-600x600.jpg 600w, https:\/\/www.yousanusb.com\/wp-content\/uploads\/2025\/09\/card-usb-flash-drives-100x100.jpg 100w\" sizes=\"(max-width: 800px) 100vw, 800px\" \/><figcaption class=\"wp-element-caption\">Memoria USB transparente para tarjetas Pull and Push<\/figcaption><\/figure><\/div><\/div>\n\n\n\n<div class=\"wp-block-column is-layout-flow wp-block-column-is-layout-flow\"><div class=\"wp-block-image\">\n<figure class=\"aligncenter size-full\"><img decoding=\"async\" width=\"800\" height=\"800\" src=\"https:\/\/www.yousanusb.com\/wp-content\/uploads\/2025\/09\/usb-flash-card.jpg\" alt=\"\" class=\"wp-image-18464\" srcset=\"https:\/\/www.yousanusb.com\/wp-content\/uploads\/2025\/09\/usb-flash-card.jpg 800w, https:\/\/www.yousanusb.com\/wp-content\/uploads\/2025\/09\/usb-flash-card-300x300.jpg 300w, https:\/\/www.yousanusb.com\/wp-content\/uploads\/2025\/09\/usb-flash-card-150x150.jpg 150w, https:\/\/www.yousanusb.com\/wp-content\/uploads\/2025\/09\/usb-flash-card-768x768.jpg 768w, https:\/\/www.yousanusb.com\/wp-content\/uploads\/2025\/09\/usb-flash-card-12x12.jpg 12w, https:\/\/www.yousanusb.com\/wp-content\/uploads\/2025\/09\/usb-flash-card-600x600.jpg 600w, https:\/\/www.yousanusb.com\/wp-content\/uploads\/2025\/09\/usb-flash-card-100x100.jpg 100w\" sizes=\"(max-width: 800px) 100vw, 800px\" \/><figcaption class=\"wp-element-caption\">Tarjeta plegable transparente Memoria USB<\/figcaption><\/figure><\/div><\/div>\n<\/div>\n\n\n\n<h2 class=\"wp-block-heading\">\u00bfQu\u00e9 contenidos se pueden personalizar en la tarjeta transparente usb?<\/h2>\n\n\n\n<p>Las empresas pueden personalizarlo e imprimir en \u00e9l su logotipo para actividades promocionales y exposiciones comerciales, entregarlo a los clientes como regalo \u00fatil y aumentar la exposici\u00f3n de la marca mediante el uso cotidiano. Las escuelas y centros de formaci\u00f3n pueden utilizarla para distribuir material did\u00e1ctico y contenidos de cursos. Los particulares pueden utilizarla para organizar y almacenar archivos importantes, convirti\u00e9ndola en una pr\u00e1ctica , marca y valor promocional.<\/p>\n\n\n\n<div class=\"wp-block-columns is-layout-flex wp-container-core-columns-is-layout-2 wp-block-columns-is-layout-flex\">\n<div class=\"wp-block-column is-layout-flow wp-block-column-is-layout-flow\"><div class=\"wp-block-image\">\n<figure class=\"aligncenter size-full\"><img decoding=\"async\" width=\"800\" height=\"800\" src=\"https:\/\/www.yousanusb.com\/wp-content\/uploads\/2025\/09\/card-pendrive.jpg\" alt=\"\" class=\"wp-image-18459\" srcset=\"https:\/\/www.yousanusb.com\/wp-content\/uploads\/2025\/09\/card-pendrive.jpg 800w, https:\/\/www.yousanusb.com\/wp-content\/uploads\/2025\/09\/card-pendrive-300x300.jpg 300w, https:\/\/www.yousanusb.com\/wp-content\/uploads\/2025\/09\/card-pendrive-150x150.jpg 150w, https:\/\/www.yousanusb.com\/wp-content\/uploads\/2025\/09\/card-pendrive-768x768.jpg 768w, https:\/\/www.yousanusb.com\/wp-content\/uploads\/2025\/09\/card-pendrive-12x12.jpg 12w, https:\/\/www.yousanusb.com\/wp-content\/uploads\/2025\/09\/card-pendrive-600x600.jpg 600w, https:\/\/www.yousanusb.com\/wp-content\/uploads\/2025\/09\/card-pendrive-100x100.jpg 100w\" sizes=\"(max-width: 800px) 100vw, 800px\" \/><figcaption class=\"wp-element-caption\">Memoria USB cl\u00e1sica en forma de tarjeta transparente<\/figcaption><\/figure><\/div><\/div>\n\n\n\n<div class=\"wp-block-column is-layout-flow wp-block-column-is-layout-flow\"><div class=\"wp-block-image\">\n<figure class=\"aligncenter size-full\"><img loading=\"lazy\" decoding=\"async\" width=\"800\" height=\"800\" src=\"https:\/\/www.yousanusb.com\/wp-content\/uploads\/2025\/09\/card-type-pen-drive.jpg\" alt=\"\" class=\"wp-image-18460\" srcset=\"https:\/\/www.yousanusb.com\/wp-content\/uploads\/2025\/09\/card-type-pen-drive.jpg 800w, https:\/\/www.yousanusb.com\/wp-content\/uploads\/2025\/09\/card-type-pen-drive-300x300.jpg 300w, https:\/\/www.yousanusb.com\/wp-content\/uploads\/2025\/09\/card-type-pen-drive-150x150.jpg 150w, https:\/\/www.yousanusb.com\/wp-content\/uploads\/2025\/09\/card-type-pen-drive-768x768.jpg 768w, https:\/\/www.yousanusb.com\/wp-content\/uploads\/2025\/09\/card-type-pen-drive-12x12.jpg 12w, https:\/\/www.yousanusb.com\/wp-content\/uploads\/2025\/09\/card-type-pen-drive-600x600.jpg 600w, https:\/\/www.yousanusb.com\/wp-content\/uploads\/2025\/09\/card-type-pen-drive-100x100.jpg 100w\" sizes=\"(max-width: 800px) 100vw, 800px\" \/><figcaption class=\"wp-element-caption\">Unidad flash USB transparente OTG Card<\/figcaption><\/figure><\/div><\/div>\n<\/div>\n\n\n\n<p>Ofrecemos un servicio integral, desde el dise\u00f1o hasta la exportaci\u00f3n. Podemos ofrecer muestras gratuitas, y la cantidad m\u00ednima de pedido es de 100 unidades (este es tambi\u00e9n el precio al por mayor). Disponemos de miles de estilos de memorias USB. Si necesita memorias USB con tarjeta transparente, puede elegir entre estos estilos.<\/p>\n\n\n\n<div class=\"wp-block-columns is-layout-flex wp-container-core-columns-is-layout-3 wp-block-columns-is-layout-flex\">\n<div class=\"wp-block-column is-layout-flow wp-block-column-is-layout-flow\"><div class=\"wp-block-image\">\n<figure class=\"aligncenter size-full\"><img loading=\"lazy\" decoding=\"async\" width=\"800\" height=\"800\" src=\"https:\/\/www.yousanusb.com\/wp-content\/uploads\/2025\/09\/usb-stick-card.jpg\" alt=\"\" class=\"wp-image-18465\" srcset=\"https:\/\/www.yousanusb.com\/wp-content\/uploads\/2025\/09\/usb-stick-card.jpg 800w, https:\/\/www.yousanusb.com\/wp-content\/uploads\/2025\/09\/usb-stick-card-300x300.jpg 300w, https:\/\/www.yousanusb.com\/wp-content\/uploads\/2025\/09\/usb-stick-card-150x150.jpg 150w, https:\/\/www.yousanusb.com\/wp-content\/uploads\/2025\/09\/usb-stick-card-768x768.jpg 768w, https:\/\/www.yousanusb.com\/wp-content\/uploads\/2025\/09\/usb-stick-card-12x12.jpg 12w, https:\/\/www.yousanusb.com\/wp-content\/uploads\/2025\/09\/usb-stick-card-600x600.jpg 600w, https:\/\/www.yousanusb.com\/wp-content\/uploads\/2025\/09\/usb-stick-card-100x100.jpg 100w\" sizes=\"(max-width: 800px) 100vw, 800px\" \/><figcaption class=\"wp-element-caption\">Pliegue Tarjeta Transparente Disco Flash<\/figcaption><\/figure><\/div><\/div>\n\n\n\n<div class=\"wp-block-column is-layout-flow wp-block-column-is-layout-flow\"><div class=\"wp-block-image\">\n<figure class=\"aligncenter size-full\"><img loading=\"lazy\" decoding=\"async\" width=\"800\" height=\"800\" src=\"https:\/\/www.yousanusb.com\/wp-content\/uploads\/2025\/09\/flash-drive-card.jpg\" alt=\"\" class=\"wp-image-18463\" srcset=\"https:\/\/www.yousanusb.com\/wp-content\/uploads\/2025\/09\/flash-drive-card.jpg 800w, https:\/\/www.yousanusb.com\/wp-content\/uploads\/2025\/09\/flash-drive-card-300x300.jpg 300w, https:\/\/www.yousanusb.com\/wp-content\/uploads\/2025\/09\/flash-drive-card-150x150.jpg 150w, https:\/\/www.yousanusb.com\/wp-content\/uploads\/2025\/09\/flash-drive-card-768x768.jpg 768w, https:\/\/www.yousanusb.com\/wp-content\/uploads\/2025\/09\/flash-drive-card-12x12.jpg 12w, https:\/\/www.yousanusb.com\/wp-content\/uploads\/2025\/09\/flash-drive-card-600x600.jpg 600w, https:\/\/www.yousanusb.com\/wp-content\/uploads\/2025\/09\/flash-drive-card-100x100.jpg 100w\" sizes=\"(max-width: 800px) 100vw, 800px\" \/><figcaption class=\"wp-element-caption\">Memoria USB Mini Transparent Card<\/figcaption><\/figure><\/div><\/div>\n<\/div>","protected":false},"excerpt":{"rendered":"<ul>\n<li>Metarelas de ABS transparente<\/li>\n<li>Ligero y compacto<\/li>\n<li>Almacenamiento tipo push-pull o flip-top<\/li>\n<li>Impresi\u00f3n de logotipos personalizados<\/li>\n<li>MOQ:100pcs<\/li>\n<\/ul>","protected":false},"featured_media":18462,"comment_status":"open","ping_status":"closed","template":"","meta":{"_seopress_robots_primary_cat":"none","_seopress_titles_title":"","_seopress_titles_desc":"","_seopress_robots_index":""},"class_list":["post-18456","product","type-product","status-publish","has-post-thumbnail","hentry","product_cat-card-usb-flash-drive","product_tag-plastic-card-usb-flash-drive"],"_links":{"self":[{"href":"https:\/\/www.yousanusb.com\/es\/wp-json\/wp\/v2\/product\/18456"}],"collection":[{"href":"https:\/\/www.yousanusb.com\/es\/wp-json\/wp\/v2\/product"}],"about":[{"href":"https:\/\/www.yousanusb.com\/es\/wp-json\/wp\/v2\/types\/product"}],"replies":[{"embeddable":true,"href":"https:\/\/www.yousanusb.com\/es\/wp-json\/wp\/v2\/comments?post=18456"}],"wp:featuredmedia":[{"embeddable":true,"href":"https:\/\/www.yousanusb.com\/es\/wp-json\/wp\/v2\/media\/18462"}],"wp:attachment":[{"href":"https:\/\/www.yousanusb.com\/es\/wp-json\/wp\/v2\/media?parent=18456"}],"curies":[{"name":"wp","href":"https:\/\/api.w.org\/{rel}","templated":true}]}}