{"id":18466,"date":"2025-09-27T15:11:04","date_gmt":"2025-09-27T15:11:04","guid":{"rendered":"https:\/\/www.yousanusb.com\/?post_type=product&#038;p=18466"},"modified":"2025-10-06T13:30:02","modified_gmt":"2025-10-06T13:30:02","slug":"eco-usb-card-flash-drive-for-juice-promotional-gifts","status":"publish","type":"product","link":"https:\/\/www.yousanusb.com\/es\/producto\/eco-usb-card-flash-drive-for-juice-promotional-gifts\/","title":{"rendered":"Memoria USB ecol\u00f3gica para zumo Regalos promocionales"},"content":{"rendered":"<p>Tropicana Tarjeta ecol\u00f3gica personalizada Memoria USB Promoci\u00f3n<\/p>\n\n\n\n<p>Para impulsar las ventas de sus zumos y reforzar su imagen de marca respetuosa con el medio ambiente y totalmente natural, Tropicana ha personalizado esta memoria USB con tarjeta ecol\u00f3gica como regalo promocional.<\/p>\n\n\n\n<p>Esta memoria USB est\u00e1 fabricada con paja de trigo, un material degradable y respetuoso con el medio ambiente. Desde la selecci\u00f3n de la materia prima hasta el proceso de producci\u00f3n, se siguen estrictamente normas de bajas emisiones de carbono, lo que concuerda con el posicionamiento \"sano y natural\" de la marca. Con un dise\u00f1o de tarjeta ultrafina de s\u00f3lo 3 mm de grosor, puede introducirse f\u00e1cilmente en una cartera o tarjetero. La superficie est\u00e1 impresa con el ic\u00f3nico color naranja de Tropicana y el logotipo de la marca, lo que refuerza visualmente el reconocimiento de la marca.<\/p>\n\n\n\n<div class=\"wp-block-columns is-layout-flex wp-container-core-columns-is-layout-1 wp-block-columns-is-layout-flex\">\n<div class=\"wp-block-column is-layout-flow wp-block-column-is-layout-flow\">\n<figure class=\"wp-block-image size-full\"><img fetchpriority=\"high\" decoding=\"async\" width=\"800\" height=\"800\" src=\"https:\/\/www.yousanusb.com\/wp-content\/uploads\/2025\/09\/Eco-USB-Card-Flash-Drive-For-Juice-Promotional-Gifts.jpg\" alt=\"Memoria USB ecol\u00f3gica para zumo Regalos promocionales\" class=\"wp-image-18469\" srcset=\"https:\/\/www.yousanusb.com\/wp-content\/uploads\/2025\/09\/Eco-USB-Card-Flash-Drive-For-Juice-Promotional-Gifts.jpg 800w, https:\/\/www.yousanusb.com\/wp-content\/uploads\/2025\/09\/Eco-USB-Card-Flash-Drive-For-Juice-Promotional-Gifts-300x300.jpg 300w, https:\/\/www.yousanusb.com\/wp-content\/uploads\/2025\/09\/Eco-USB-Card-Flash-Drive-For-Juice-Promotional-Gifts-150x150.jpg 150w, https:\/\/www.yousanusb.com\/wp-content\/uploads\/2025\/09\/Eco-USB-Card-Flash-Drive-For-Juice-Promotional-Gifts-768x768.jpg 768w, https:\/\/www.yousanusb.com\/wp-content\/uploads\/2025\/09\/Eco-USB-Card-Flash-Drive-For-Juice-Promotional-Gifts-12x12.jpg 12w, https:\/\/www.yousanusb.com\/wp-content\/uploads\/2025\/09\/Eco-USB-Card-Flash-Drive-For-Juice-Promotional-Gifts-600x600.jpg 600w, https:\/\/www.yousanusb.com\/wp-content\/uploads\/2025\/09\/Eco-USB-Card-Flash-Drive-For-Juice-Promotional-Gifts-100x100.jpg 100w\" sizes=\"(max-width: 800px) 100vw, 800px\" \/><\/figure>\n<\/div>\n\n\n\n<div class=\"wp-block-column is-layout-flow wp-block-column-is-layout-flow\">\n<figure class=\"wp-block-image size-full\"><img decoding=\"async\" width=\"800\" height=\"800\" src=\"https:\/\/www.yousanusb.com\/wp-content\/uploads\/2025\/09\/Eco-USB-Card-Flash-Drive.jpg\" alt=\"\" class=\"wp-image-18470\" srcset=\"https:\/\/www.yousanusb.com\/wp-content\/uploads\/2025\/09\/Eco-USB-Card-Flash-Drive.jpg 800w, https:\/\/www.yousanusb.com\/wp-content\/uploads\/2025\/09\/Eco-USB-Card-Flash-Drive-300x300.jpg 300w, https:\/\/www.yousanusb.com\/wp-content\/uploads\/2025\/09\/Eco-USB-Card-Flash-Drive-150x150.jpg 150w, https:\/\/www.yousanusb.com\/wp-content\/uploads\/2025\/09\/Eco-USB-Card-Flash-Drive-768x768.jpg 768w, https:\/\/www.yousanusb.com\/wp-content\/uploads\/2025\/09\/Eco-USB-Card-Flash-Drive-12x12.jpg 12w, https:\/\/www.yousanusb.com\/wp-content\/uploads\/2025\/09\/Eco-USB-Card-Flash-Drive-600x600.jpg 600w, https:\/\/www.yousanusb.com\/wp-content\/uploads\/2025\/09\/Eco-USB-Card-Flash-Drive-100x100.jpg 100w\" sizes=\"(max-width: 800px) 100vw, 800px\" \/><\/figure>\n<\/div>\n<\/div>\n\n\n\n<p>Los consumidores que compren dos o m\u00e1s cajas de zumo Tropicana en las especificaciones designadas recibir\u00e1n gratis esta memoria USB de tarjeta ecol\u00f3gica. La practicidad de la memoria USB es su principal atractivo: con una capacidad de almacenamiento de 8 GB, satisface las necesidades de almacenamiento diario de archivos y copia de seguridad de datos.<\/p>\n\n\n\n<div class=\"wp-block-columns is-layout-flex wp-container-core-columns-is-layout-2 wp-block-columns-is-layout-flex\">\n<div class=\"wp-block-column is-layout-flow wp-block-column-is-layout-flow\">\n<figure class=\"wp-block-image size-full\"><img decoding=\"async\" width=\"800\" height=\"800\" src=\"https:\/\/www.yousanusb.com\/wp-content\/uploads\/2025\/09\/topicana-orange-juice-gift-eco-usb-card-drive.jpg\" alt=\"topicana zumo de naranja regalo eco usb card drive\" class=\"wp-image-18473\" srcset=\"https:\/\/www.yousanusb.com\/wp-content\/uploads\/2025\/09\/topicana-orange-juice-gift-eco-usb-card-drive.jpg 800w, https:\/\/www.yousanusb.com\/wp-content\/uploads\/2025\/09\/topicana-orange-juice-gift-eco-usb-card-drive-300x300.jpg 300w, https:\/\/www.yousanusb.com\/wp-content\/uploads\/2025\/09\/topicana-orange-juice-gift-eco-usb-card-drive-150x150.jpg 150w, https:\/\/www.yousanusb.com\/wp-content\/uploads\/2025\/09\/topicana-orange-juice-gift-eco-usb-card-drive-768x768.jpg 768w, https:\/\/www.yousanusb.com\/wp-content\/uploads\/2025\/09\/topicana-orange-juice-gift-eco-usb-card-drive-12x12.jpg 12w, https:\/\/www.yousanusb.com\/wp-content\/uploads\/2025\/09\/topicana-orange-juice-gift-eco-usb-card-drive-600x600.jpg 600w, https:\/\/www.yousanusb.com\/wp-content\/uploads\/2025\/09\/topicana-orange-juice-gift-eco-usb-card-drive-100x100.jpg 100w\" sizes=\"(max-width: 800px) 100vw, 800px\" \/><\/figure>\n<\/div>\n\n\n\n<div class=\"wp-block-column is-layout-flow wp-block-column-is-layout-flow\">\n<figure class=\"wp-block-image size-full\"><img loading=\"lazy\" decoding=\"async\" width=\"800\" height=\"800\" src=\"https:\/\/www.yousanusb.com\/wp-content\/uploads\/2025\/09\/orange-juice-gift-eco-usb-card-drive-custom.jpg\" alt=\"zumo de naranja regalo eco usb card drive custom\" class=\"wp-image-18471\" srcset=\"https:\/\/www.yousanusb.com\/wp-content\/uploads\/2025\/09\/orange-juice-gift-eco-usb-card-drive-custom.jpg 800w, https:\/\/www.yousanusb.com\/wp-content\/uploads\/2025\/09\/orange-juice-gift-eco-usb-card-drive-custom-300x300.jpg 300w, https:\/\/www.yousanusb.com\/wp-content\/uploads\/2025\/09\/orange-juice-gift-eco-usb-card-drive-custom-150x150.jpg 150w, https:\/\/www.yousanusb.com\/wp-content\/uploads\/2025\/09\/orange-juice-gift-eco-usb-card-drive-custom-768x768.jpg 768w, https:\/\/www.yousanusb.com\/wp-content\/uploads\/2025\/09\/orange-juice-gift-eco-usb-card-drive-custom-12x12.jpg 12w, https:\/\/www.yousanusb.com\/wp-content\/uploads\/2025\/09\/orange-juice-gift-eco-usb-card-drive-custom-600x600.jpg 600w, https:\/\/www.yousanusb.com\/wp-content\/uploads\/2025\/09\/orange-juice-gift-eco-usb-card-drive-custom-100x100.jpg 100w\" sizes=\"(max-width: 800px) 100vw, 800px\" \/><\/figure>\n<\/div>\n<\/div>\n\n\n\n<p>Es \u00fatil tanto para los estudiantes que organizan el material de estudio como para los oficinistas que guardan copias de seguridad de los documentos de trabajo, y anima eficazmente a los consumidores a aumentar su volumen de compra o la frecuencia de recompra. Durante el periodo de promoci\u00f3n, las ventas de los productos de zumo designados experimentaron un aumento intermensual del 23%.<\/p>\n\n\n\n<h2 class=\"wp-block-heading\">Estuches de personalizaci\u00f3n y opciones de interfaz USB<\/h2>\n\n\n\n<p>YOUSAN Company es un fabricante profesional especializado en la fabricaci\u00f3n a medida de<strong> Memorias USB<\/strong>. Con m\u00e1s de 14 a\u00f1os de experiencia en producci\u00f3n, ofrecemos un servicio integral desde el dise\u00f1o hasta la exportaci\u00f3n. Podemos ofrecer muestras gratuitas, y la cantidad m\u00ednima de pedido es de 100 piezas (este es tambi\u00e9n el precio al por mayor). Disponemos de miles de modelos de memorias USB. Si necesita <strong>Memorias USB con forma de tarjeta ecol\u00f3gica<\/strong>puede elegir entre estos estilos.<\/p>","protected":false},"excerpt":{"rendered":"<ul>\n<li>Material ecol\u00f3gico<\/li>\n<li>Dise\u00f1o en forma de tarjeta<\/li>\n<li>Como regalo promocional<\/li>\n<li>64 GB de capacidad<\/li>\n<li>Logotipo de pringting a todo color<\/li>\n<\/ul>","protected":false},"featured_media":18471,"comment_status":"open","ping_status":"closed","template":"","meta":{"_seopress_robots_primary_cat":"none","_seopress_titles_title":"","_seopress_titles_desc":"","_seopress_robots_index":""},"class_list":["post-18466","product","type-product","status-publish","has-post-thumbnail","hentry","product_cat-usb-flash-drive-customer","product_cat-wooden-usb-flash-drive"],"_links":{"self":[{"href":"https:\/\/www.yousanusb.com\/es\/wp-json\/wp\/v2\/product\/18466"}],"collection":[{"href":"https:\/\/www.yousanusb.com\/es\/wp-json\/wp\/v2\/product"}],"about":[{"href":"https:\/\/www.yousanusb.com\/es\/wp-json\/wp\/v2\/types\/product"}],"replies":[{"embeddable":true,"href":"https:\/\/www.yousanusb.com\/es\/wp-json\/wp\/v2\/comments?post=18466"}],"wp:featuredmedia":[{"embeddable":true,"href":"https:\/\/www.yousanusb.com\/es\/wp-json\/wp\/v2\/media\/18471"}],"wp:attachment":[{"href":"https:\/\/www.yousanusb.com\/es\/wp-json\/wp\/v2\/media?parent=18466"}],"curies":[{"name":"wp","href":"https:\/\/api.w.org\/{rel}","templated":true}]}}