{"id":18999,"date":"2025-10-03T13:47:32","date_gmt":"2025-10-03T13:47:32","guid":{"rendered":"https:\/\/www.yousanusb.com\/?post_type=product&#038;p=18999"},"modified":"2025-10-06T13:27:37","modified_gmt":"2025-10-06T13:27:37","slug":"wooden-rotating-usb-flash-drive","status":"publish","type":"product","link":"https:\/\/www.yousanusb.com\/es\/producto\/wooden-rotating-usb-flash-drive\/","title":{"rendered":"Memoria USB giratoria de madera"},"content":{"rendered":"<div class=\"wp-block-columns is-layout-flex wp-container-core-columns-is-layout-1 wp-block-columns-is-layout-flex\">\n<div class=\"wp-block-column is-layout-flow wp-block-column-is-layout-flow\">\n<figure class=\"wp-block-image size-full\"><img fetchpriority=\"high\" decoding=\"async\" width=\"800\" height=\"800\" src=\"https:\/\/www.yousanusb.com\/wp-content\/uploads\/2025\/10\/wooden-Rotating-USB-Drives.jpg\" alt=\"\" class=\"wp-image-19005\" srcset=\"https:\/\/www.yousanusb.com\/wp-content\/uploads\/2025\/10\/wooden-Rotating-USB-Drives.jpg 800w, https:\/\/www.yousanusb.com\/wp-content\/uploads\/2025\/10\/wooden-Rotating-USB-Drives-300x300.jpg 300w, https:\/\/www.yousanusb.com\/wp-content\/uploads\/2025\/10\/wooden-Rotating-USB-Drives-150x150.jpg 150w, https:\/\/www.yousanusb.com\/wp-content\/uploads\/2025\/10\/wooden-Rotating-USB-Drives-768x768.jpg 768w, https:\/\/www.yousanusb.com\/wp-content\/uploads\/2025\/10\/wooden-Rotating-USB-Drives-12x12.jpg 12w, https:\/\/www.yousanusb.com\/wp-content\/uploads\/2025\/10\/wooden-Rotating-USB-Drives-600x600.jpg 600w, https:\/\/www.yousanusb.com\/wp-content\/uploads\/2025\/10\/wooden-Rotating-USB-Drives-100x100.jpg 100w\" sizes=\"(max-width: 800px) 100vw, 800px\" \/><\/figure>\n<\/div>\n\n\n\n<div class=\"wp-block-column is-vertically-aligned-center is-layout-flow wp-block-column-is-layout-flow\">\n<p>Esta memoria USB giratoria de doble interfaz de madera rompe con las memorias USB tradicionales. Est\u00e1 dise\u00f1ada con madera natural como elemento central. Los colores profundos y claros de la madera (como el nogal marr\u00f3n oscuro y el arce claro c\u00e1lido) y la textura de las vetas de madera natural hacen que cada una sea \u00fanica.<\/p>\n\n\n\n<p>Esta memoria USB presenta un dise\u00f1o \"giratorio\" que elimina la necesidad de una tapa adicional. Basta con girar el exterior de madera para cambiar entre los puertos USB-A y Type-C. Este dise\u00f1o no solo resuelve el problema de perder f\u00e1cilmente la tapa, sino que tambi\u00e9n oculta los puertos dentro de la carcasa de madera cuando no se utilizan, evitando eficazmente el polvo y los ara\u00f1azos.<\/p>\n<\/div>\n<\/div>\n\n\n\n<p>Compatibilidad con dos puertos: Se puede utilizar con los puertos USB-A tradicionales de ordenadores y port\u00e1tiles, as\u00ed como con los puertos Type-C de tel\u00e9fonos y tabletas, lo que permite almacenar y transferir archivos entre dispositivos f\u00e1cilmente.<br>La superficie de esta unidad USB de madera suele poder personalizarse con un logotipo. El material de madera es ideal para presentar texto o patrones personalizados mediante grabado por l\u00e1ser o marca, conservando la textura natural de la madera e incorporando un identificador \u00fanico. Por ello, se utiliza a menudo para la personalizaci\u00f3n de regalos de empresa y la promoci\u00f3n de marcas.<\/p>\n\n\n\n<div class=\"wp-block-columns is-layout-flex wp-container-core-columns-is-layout-2 wp-block-columns-is-layout-flex\">\n<div class=\"wp-block-column is-layout-flow wp-block-column-is-layout-flow\">\n<figure class=\"wp-block-image size-full\"><img decoding=\"async\" width=\"800\" height=\"800\" src=\"https:\/\/www.yousanusb.com\/wp-content\/uploads\/2025\/10\/Rotating-USB-Drives.jpg\" alt=\"\" class=\"wp-image-19003\" srcset=\"https:\/\/www.yousanusb.com\/wp-content\/uploads\/2025\/10\/Rotating-USB-Drives.jpg 800w, https:\/\/www.yousanusb.com\/wp-content\/uploads\/2025\/10\/Rotating-USB-Drives-300x300.jpg 300w, https:\/\/www.yousanusb.com\/wp-content\/uploads\/2025\/10\/Rotating-USB-Drives-150x150.jpg 150w, https:\/\/www.yousanusb.com\/wp-content\/uploads\/2025\/10\/Rotating-USB-Drives-768x768.jpg 768w, https:\/\/www.yousanusb.com\/wp-content\/uploads\/2025\/10\/Rotating-USB-Drives-12x12.jpg 12w, https:\/\/www.yousanusb.com\/wp-content\/uploads\/2025\/10\/Rotating-USB-Drives-600x600.jpg 600w, https:\/\/www.yousanusb.com\/wp-content\/uploads\/2025\/10\/Rotating-USB-Drives-100x100.jpg 100w\" sizes=\"(max-width: 800px) 100vw, 800px\" \/><\/figure>\n<\/div>\n\n\n\n<div class=\"wp-block-column is-layout-flow wp-block-column-is-layout-flow\">\n<figure class=\"wp-block-image size-full\"><img decoding=\"async\" width=\"800\" height=\"800\" src=\"https:\/\/www.yousanusb.com\/wp-content\/uploads\/2025\/10\/rotating-flash-drive.jpg\" alt=\"\" class=\"wp-image-19002\" srcset=\"https:\/\/www.yousanusb.com\/wp-content\/uploads\/2025\/10\/rotating-flash-drive.jpg 800w, https:\/\/www.yousanusb.com\/wp-content\/uploads\/2025\/10\/rotating-flash-drive-300x300.jpg 300w, https:\/\/www.yousanusb.com\/wp-content\/uploads\/2025\/10\/rotating-flash-drive-150x150.jpg 150w, https:\/\/www.yousanusb.com\/wp-content\/uploads\/2025\/10\/rotating-flash-drive-768x768.jpg 768w, https:\/\/www.yousanusb.com\/wp-content\/uploads\/2025\/10\/rotating-flash-drive-12x12.jpg 12w, https:\/\/www.yousanusb.com\/wp-content\/uploads\/2025\/10\/rotating-flash-drive-600x600.jpg 600w, https:\/\/www.yousanusb.com\/wp-content\/uploads\/2025\/10\/rotating-flash-drive-100x100.jpg 100w\" sizes=\"(max-width: 800px) 100vw, 800px\" \/><\/figure>\n<\/div>\n<\/div>\n\n\n\n<p><\/p>","protected":false},"excerpt":{"rendered":"<ul>\n<li>Material de madera<\/li>\n<li>Dise\u00f1o giratorio<\/li>\n<li>Dise\u00f1o gratuito\uff0cMuestra gratuita<\/li>\n<li>Memoria USB ecol\u00f3gica<\/li>\n<li>MOQ:100pcs<\/li>\n<\/ul>","protected":false},"featured_media":19004,"comment_status":"open","ping_status":"closed","template":"","meta":{"_seopress_robots_primary_cat":"","_seopress_titles_title":"","_seopress_titles_desc":"","_seopress_robots_index":""},"class_list":["post-18999","product","type-product","status-publish","has-post-thumbnail","hentry","product_cat-otg-usb-flash-drive","product_cat-wooden-usb-flash-drive","product_tag-otg-usb-flash-drive"],"_links":{"self":[{"href":"https:\/\/www.yousanusb.com\/es\/wp-json\/wp\/v2\/product\/18999"}],"collection":[{"href":"https:\/\/www.yousanusb.com\/es\/wp-json\/wp\/v2\/product"}],"about":[{"href":"https:\/\/www.yousanusb.com\/es\/wp-json\/wp\/v2\/types\/product"}],"replies":[{"embeddable":true,"href":"https:\/\/www.yousanusb.com\/es\/wp-json\/wp\/v2\/comments?post=18999"}],"wp:featuredmedia":[{"embeddable":true,"href":"https:\/\/www.yousanusb.com\/es\/wp-json\/wp\/v2\/media\/19004"}],"wp:attachment":[{"href":"https:\/\/www.yousanusb.com\/es\/wp-json\/wp\/v2\/media?parent=18999"}],"curies":[{"name":"wp","href":"https:\/\/api.w.org\/{rel}","templated":true}]}}