{"id":19739,"date":"2025-10-08T09:53:01","date_gmt":"2025-10-08T09:53:01","guid":{"rendered":"https:\/\/www.yousanusb.com\/?post_type=product&#038;p=19739"},"modified":"2025-10-08T09:55:47","modified_gmt":"2025-10-08T09:55:47","slug":"metal-gold-bar-usb-flash-drive","status":"publish","type":"product","link":"https:\/\/www.yousanusb.com\/es\/producto\/metal-gold-bar-usb-flash-drive\/","title":{"rendered":"Memoria USB Metal Gold Bar"},"content":{"rendered":"<p>Esta unidad USB en forma de lingote de oro logra una fusi\u00f3n innovadora de la funcionalidad USB con el ic\u00f3nico dise\u00f1o del lingote de oro. Su forma reproduce a la perfecci\u00f3n la silueta cl\u00e1sica de un lingote de oro, de bordes afilados pero con un c\u00e1lido brillo met\u00e1lico. Aunque no es de oro aut\u00e9ntico, su exquisita t\u00e9cnica de galvanoplastia proporciona un deslumbrante acabado de metal precioso. Adem\u00e1s, la construcci\u00f3n met\u00e1lica ofrece una durabilidad superior, con una resistencia a las ca\u00eddas y al desgaste muy superior a la de las unidades USB de pl\u00e1stico est\u00e1ndar. Este robusto dise\u00f1o protege eficazmente el chip de almacenamiento interno, alargando significativamente la vida \u00fatil del dispositivo.<\/p>\n\n\n\n<div class=\"wp-block-columns is-layout-flex wp-container-core-columns-is-layout-1 wp-block-columns-is-layout-flex\">\n<div class=\"wp-block-column is-layout-flow wp-block-column-is-layout-flow\">\n<figure class=\"wp-block-image size-full\"><img fetchpriority=\"high\" decoding=\"async\" width=\"800\" height=\"801\" src=\"https:\/\/www.yousanusb.com\/wp-content\/uploads\/2025\/10\/metal-usb-flash-drive.jpg\" alt=\"\" class=\"wp-image-19746\" srcset=\"https:\/\/www.yousanusb.com\/wp-content\/uploads\/2025\/10\/metal-usb-flash-drive.jpg 800w, https:\/\/www.yousanusb.com\/wp-content\/uploads\/2025\/10\/metal-usb-flash-drive-300x300.jpg 300w, https:\/\/www.yousanusb.com\/wp-content\/uploads\/2025\/10\/metal-usb-flash-drive-150x150.jpg 150w, https:\/\/www.yousanusb.com\/wp-content\/uploads\/2025\/10\/metal-usb-flash-drive-768x769.jpg 768w, https:\/\/www.yousanusb.com\/wp-content\/uploads\/2025\/10\/metal-usb-flash-drive-12x12.jpg 12w, https:\/\/www.yousanusb.com\/wp-content\/uploads\/2025\/10\/metal-usb-flash-drive-600x601.jpg 600w, https:\/\/www.yousanusb.com\/wp-content\/uploads\/2025\/10\/metal-usb-flash-drive-100x100.jpg 100w\" sizes=\"(max-width: 800px) 100vw, 800px\" \/><\/figure>\n<\/div>\n\n\n\n<div class=\"wp-block-column is-layout-flow wp-block-column-is-layout-flow\">\n<figure class=\"wp-block-image size-full\"><img decoding=\"async\" width=\"800\" height=\"800\" src=\"https:\/\/www.yousanusb.com\/wp-content\/uploads\/2025\/10\/custom-gold-bar-flash-drive.jpg\" alt=\"\" class=\"wp-image-19742\" srcset=\"https:\/\/www.yousanusb.com\/wp-content\/uploads\/2025\/10\/custom-gold-bar-flash-drive.jpg 800w, https:\/\/www.yousanusb.com\/wp-content\/uploads\/2025\/10\/custom-gold-bar-flash-drive-300x300.jpg 300w, https:\/\/www.yousanusb.com\/wp-content\/uploads\/2025\/10\/custom-gold-bar-flash-drive-150x150.jpg 150w, https:\/\/www.yousanusb.com\/wp-content\/uploads\/2025\/10\/custom-gold-bar-flash-drive-768x768.jpg 768w, https:\/\/www.yousanusb.com\/wp-content\/uploads\/2025\/10\/custom-gold-bar-flash-drive-12x12.jpg 12w, https:\/\/www.yousanusb.com\/wp-content\/uploads\/2025\/10\/custom-gold-bar-flash-drive-600x600.jpg 600w, https:\/\/www.yousanusb.com\/wp-content\/uploads\/2025\/10\/custom-gold-bar-flash-drive-100x100.jpg 100w\" sizes=\"(max-width: 800px) 100vw, 800px\" \/><\/figure>\n<\/div>\n<\/div>\n\n\n\n<p>Esta memoria USB personalizada con lingote dorado ofrece funciones de transferencia de datos a alta velocidad, perfectas para almacenar y acceder a archivos importantes. Est\u00e1 disponible en varias capacidades, lo que la hace adecuada para cualquier tipo de proyecto. La memoria USB con lingote dorado es una forma estupenda de dejar huella en clientes, compa\u00f1eros o proveedores. Tanto si desea que su marca brille y genere m\u00e1s notoriedad como si desea causar una impresi\u00f3n memorable entre sus clientes o en ferias comerciales, la unidad flash USB con lingote de oro es la elecci\u00f3n promocional perfecta. Este USB no est\u00e1 hecho de oro aut\u00e9ntico.<\/p>\n\n\n\n<p>Cuenta con un mecanismo de empujar y tirar. En comparaci\u00f3n con las unidades USB con tapa tradicionales, este dise\u00f1o deslizante elimina por completo la molestia de perder la tapa: para utilizarla, basta con empujar suavemente el cuerpo de la unidad, y el puerto USB se deslizar\u00e1 suavemente hacia fuera; para guardarla, basta con volver a empujar el puerto hacia dentro. Este dise\u00f1o protege el puerto del polvo y los ara\u00f1azos. Es una magn\u00edfica herramienta de marketing para empresas aur\u00edferas, joyer\u00edas o compa\u00f1\u00edas mineras y de exploraci\u00f3n.\u00a0<\/p>\n\n\n\n<div class=\"wp-block-columns is-layout-flex wp-container-core-columns-is-layout-2 wp-block-columns-is-layout-flex\">\n<div class=\"wp-block-column is-layout-flow wp-block-column-is-layout-flow\">\n<figure class=\"wp-block-image size-full\"><img decoding=\"async\" width=\"800\" height=\"800\" src=\"https:\/\/www.yousanusb.com\/wp-content\/uploads\/2025\/10\/gold-bar-flash-drive.jpg\" alt=\"\" class=\"wp-image-19743\" srcset=\"https:\/\/www.yousanusb.com\/wp-content\/uploads\/2025\/10\/gold-bar-flash-drive.jpg 800w, https:\/\/www.yousanusb.com\/wp-content\/uploads\/2025\/10\/gold-bar-flash-drive-300x300.jpg 300w, https:\/\/www.yousanusb.com\/wp-content\/uploads\/2025\/10\/gold-bar-flash-drive-150x150.jpg 150w, https:\/\/www.yousanusb.com\/wp-content\/uploads\/2025\/10\/gold-bar-flash-drive-768x768.jpg 768w, https:\/\/www.yousanusb.com\/wp-content\/uploads\/2025\/10\/gold-bar-flash-drive-12x12.jpg 12w, https:\/\/www.yousanusb.com\/wp-content\/uploads\/2025\/10\/gold-bar-flash-drive-600x600.jpg 600w, https:\/\/www.yousanusb.com\/wp-content\/uploads\/2025\/10\/gold-bar-flash-drive-100x100.jpg 100w\" sizes=\"(max-width: 800px) 100vw, 800px\" \/><\/figure>\n<\/div>\n\n\n\n<div class=\"wp-block-column is-layout-flow wp-block-column-is-layout-flow\">\n<figure class=\"wp-block-image size-full\"><img loading=\"lazy\" decoding=\"async\" width=\"800\" height=\"800\" src=\"https:\/\/www.yousanusb.com\/wp-content\/uploads\/2025\/10\/Gold-Bar-USB-Flash-Drive-Dual-Metal.jpg\" alt=\"\" class=\"wp-image-19744\" srcset=\"https:\/\/www.yousanusb.com\/wp-content\/uploads\/2025\/10\/Gold-Bar-USB-Flash-Drive-Dual-Metal.jpg 800w, https:\/\/www.yousanusb.com\/wp-content\/uploads\/2025\/10\/Gold-Bar-USB-Flash-Drive-Dual-Metal-300x300.jpg 300w, https:\/\/www.yousanusb.com\/wp-content\/uploads\/2025\/10\/Gold-Bar-USB-Flash-Drive-Dual-Metal-150x150.jpg 150w, https:\/\/www.yousanusb.com\/wp-content\/uploads\/2025\/10\/Gold-Bar-USB-Flash-Drive-Dual-Metal-768x768.jpg 768w, https:\/\/www.yousanusb.com\/wp-content\/uploads\/2025\/10\/Gold-Bar-USB-Flash-Drive-Dual-Metal-12x12.jpg 12w, https:\/\/www.yousanusb.com\/wp-content\/uploads\/2025\/10\/Gold-Bar-USB-Flash-Drive-Dual-Metal-600x600.jpg 600w, https:\/\/www.yousanusb.com\/wp-content\/uploads\/2025\/10\/Gold-Bar-USB-Flash-Drive-Dual-Metal-100x100.jpg 100w\" sizes=\"(max-width: 800px) 100vw, 800px\" \/><\/figure>\n<\/div>\n<\/div>\n\n\n\n<p><\/p>","protected":false},"excerpt":{"rendered":"<ul>\n<li>Forma \u00fanica de lingote de oro<\/li>\n<li>A\u00f1ada el logotipo de su empresa<\/li>\n<li>Logotipo grabado con l\u00e1ser o impreso<\/li>\n<li>Plug and play en caliente<\/li>\n<li>MOQ:100pcs<\/li>\n<\/ul>","protected":false},"featured_media":19745,"comment_status":"open","ping_status":"closed","template":"","meta":{"_seopress_robots_primary_cat":"","_seopress_titles_title":"","_seopress_titles_desc":"","_seopress_robots_index":""},"class_list":["post-19739","product","type-product","status-publish","has-post-thumbnail","hentry","product_cat-metal-usb-flash-drive"],"_links":{"self":[{"href":"https:\/\/www.yousanusb.com\/es\/wp-json\/wp\/v2\/product\/19739"}],"collection":[{"href":"https:\/\/www.yousanusb.com\/es\/wp-json\/wp\/v2\/product"}],"about":[{"href":"https:\/\/www.yousanusb.com\/es\/wp-json\/wp\/v2\/types\/product"}],"replies":[{"embeddable":true,"href":"https:\/\/www.yousanusb.com\/es\/wp-json\/wp\/v2\/comments?post=19739"}],"wp:featuredmedia":[{"embeddable":true,"href":"https:\/\/www.yousanusb.com\/es\/wp-json\/wp\/v2\/media\/19745"}],"wp:attachment":[{"href":"https:\/\/www.yousanusb.com\/es\/wp-json\/wp\/v2\/media?parent=19739"}],"curies":[{"name":"wp","href":"https:\/\/api.w.org\/{rel}","templated":true}]}}