{"id":20313,"date":"2025-10-10T08:51:01","date_gmt":"2025-10-10T08:51:01","guid":{"rendered":"https:\/\/www.yousanusb.com\/?post_type=product&#038;p=20313"},"modified":"2025-10-11T03:07:06","modified_gmt":"2025-10-11T03:07:06","slug":"leather-wristband-usb-flash-drive","status":"publish","type":"product","link":"https:\/\/www.yousanusb.com\/es\/producto\/leather-wristband-usb-flash-drive\/","title":{"rendered":"Pulsera de cuero Memoria USB"},"content":{"rendered":"<div class=\"wp-block-columns is-layout-flex wp-container-core-columns-is-layout-1 wp-block-columns-is-layout-flex\">\n<div class=\"wp-block-column is-layout-flow wp-block-column-is-layout-flow\">\n<figure class=\"wp-block-image size-full\"><img fetchpriority=\"high\" decoding=\"async\" width=\"800\" height=\"800\" src=\"https:\/\/www.yousanusb.com\/wp-content\/uploads\/2025\/10\/leather-wristband-usb-flash-drive.webp\" alt=\"\" class=\"wp-image-20318\" srcset=\"https:\/\/www.yousanusb.com\/wp-content\/uploads\/2025\/10\/leather-wristband-usb-flash-drive.webp 800w, https:\/\/www.yousanusb.com\/wp-content\/uploads\/2025\/10\/leather-wristband-usb-flash-drive-300x300.webp 300w, https:\/\/www.yousanusb.com\/wp-content\/uploads\/2025\/10\/leather-wristband-usb-flash-drive-150x150.webp 150w, https:\/\/www.yousanusb.com\/wp-content\/uploads\/2025\/10\/leather-wristband-usb-flash-drive-768x768.webp 768w, https:\/\/www.yousanusb.com\/wp-content\/uploads\/2025\/10\/leather-wristband-usb-flash-drive-12x12.webp 12w, https:\/\/www.yousanusb.com\/wp-content\/uploads\/2025\/10\/leather-wristband-usb-flash-drive-600x600.webp 600w, https:\/\/www.yousanusb.com\/wp-content\/uploads\/2025\/10\/leather-wristband-usb-flash-drive-100x100.webp 100w\" sizes=\"(max-width: 800px) 100vw, 800px\" \/><\/figure>\n<\/div>\n\n\n\n<div class=\"wp-block-column is-vertically-aligned-center is-layout-flow wp-block-column-is-layout-flow\">\n<p>Esta unidad flash USB con pulsera de cuero combina la elegancia del metal con la calidez del cuero, en forma de reloj. El cuerpo del USB est\u00e1 fabricado en metal finamente cepillado, que ofrece resistencia a los ara\u00f1azos, a las huellas dactilares y una larga durabilidad. La correa es de piel suave de primera calidad, disponible en dos elegantes colores: burdeos vibrante y negro cl\u00e1sico. El moderno burdeos y el elegante negro se han convertido en las opciones m\u00e1s vendidas.<br><\/p>\n<\/div>\n<\/div>\n\n\n\n<div class=\"wp-block-columns is-layout-flex wp-container-core-columns-is-layout-2 wp-block-columns-is-layout-flex\">\n<div class=\"wp-block-column is-vertically-aligned-center is-layout-flow wp-block-column-is-layout-flow\">\n<p>Esta unidad USB con pulsera de piel presenta un dise\u00f1o de puerto USB met\u00e1lico oculto con un aspecto elegante y sofisticado. Sirve tanto de accesorio elegante como de c\u00f3moda herramienta de almacenamiento de datos. Disponible en capacidades de 8 GB, 16 GB, 32 GB, 64 GB y 128 GB, admite interfaces USB 2.0 o 3.0 y es compatible con sistemas Windows, macOS y Linux. Es una opci\u00f3n ideal para regalos de empresa, obsequios promocionales o art\u00edculos de marca. <\/p>\n\n\n\n<p>Adem\u00e1s, la parte de la pulsera de cuero puede personalizarse con logotipos en relieve o estampados, lo que permite a las empresas mantener la exposici\u00f3n de su marca.<br><\/p>\n<\/div>\n\n\n\n<div class=\"wp-block-column is-layout-flow wp-block-column-is-layout-flow\">\n<figure class=\"wp-block-image size-full\"><img decoding=\"async\" width=\"800\" height=\"800\" src=\"https:\/\/www.yousanusb.com\/wp-content\/uploads\/2025\/10\/Wristband-USB-Flash-Drive-leather-shell.webp\" alt=\"\" class=\"wp-image-20319\" srcset=\"https:\/\/www.yousanusb.com\/wp-content\/uploads\/2025\/10\/Wristband-USB-Flash-Drive-leather-shell.webp 800w, https:\/\/www.yousanusb.com\/wp-content\/uploads\/2025\/10\/Wristband-USB-Flash-Drive-leather-shell-300x300.webp 300w, https:\/\/www.yousanusb.com\/wp-content\/uploads\/2025\/10\/Wristband-USB-Flash-Drive-leather-shell-150x150.webp 150w, https:\/\/www.yousanusb.com\/wp-content\/uploads\/2025\/10\/Wristband-USB-Flash-Drive-leather-shell-768x768.webp 768w, https:\/\/www.yousanusb.com\/wp-content\/uploads\/2025\/10\/Wristband-USB-Flash-Drive-leather-shell-12x12.webp 12w, https:\/\/www.yousanusb.com\/wp-content\/uploads\/2025\/10\/Wristband-USB-Flash-Drive-leather-shell-600x600.webp 600w, https:\/\/www.yousanusb.com\/wp-content\/uploads\/2025\/10\/Wristband-USB-Flash-Drive-leather-shell-100x100.webp 100w\" sizes=\"(max-width: 800px) 100vw, 800px\" \/><\/figure>\n<\/div>\n<\/div>","protected":false},"excerpt":{"rendered":"<ul>\n<li>Cuero + Metal<\/li>\n<li>Memoria USB de pulsera<\/li>\n<li>Pulsera reloj<\/li>\n<li>LOGOTIPO personalizado<\/li>\n<li>MOQ:100pcs<\/li>\n<\/ul>","protected":false},"featured_media":20317,"comment_status":"open","ping_status":"closed","template":"","meta":{"_seopress_robots_primary_cat":"","_seopress_titles_title":"","_seopress_titles_desc":"","_seopress_robots_index":""},"class_list":["post-20313","product","type-product","status-publish","has-post-thumbnail","hentry","product_cat-bracelet-pen-drive","product_cat-leather-usb-flash-drive","product_tag-leather-bracelet-usb-drive"],"_links":{"self":[{"href":"https:\/\/www.yousanusb.com\/es\/wp-json\/wp\/v2\/product\/20313"}],"collection":[{"href":"https:\/\/www.yousanusb.com\/es\/wp-json\/wp\/v2\/product"}],"about":[{"href":"https:\/\/www.yousanusb.com\/es\/wp-json\/wp\/v2\/types\/product"}],"replies":[{"embeddable":true,"href":"https:\/\/www.yousanusb.com\/es\/wp-json\/wp\/v2\/comments?post=20313"}],"wp:featuredmedia":[{"embeddable":true,"href":"https:\/\/www.yousanusb.com\/es\/wp-json\/wp\/v2\/media\/20317"}],"wp:attachment":[{"href":"https:\/\/www.yousanusb.com\/es\/wp-json\/wp\/v2\/media?parent=20313"}],"curies":[{"name":"wp","href":"https:\/\/api.w.org\/{rel}","templated":true}]}}