{"id":20346,"date":"2025-10-11T03:29:00","date_gmt":"2025-10-11T03:29:00","guid":{"rendered":"https:\/\/www.yousanusb.com\/?post_type=product&#038;p=20346"},"modified":"2025-10-12T04:18:21","modified_gmt":"2025-10-12T04:18:21","slug":"bracelet-usb-flash-drive-with-led-light","status":"publish","type":"product","link":"https:\/\/www.yousanusb.com\/es\/producto\/bracelet-usb-flash-drive-with-led-light\/","title":{"rendered":"Pulsera Memoria USB con luz LED"},"content":{"rendered":"<p>Mu\u00f1equera + Logotipo iluminado:<\/p>\n\n\n\n<p>Mejorada con respecto a las pulseras tradicionales, la nueva pulsera USB personalizada incorpora un logotipo iluminado. Fabricada en silicona suave y respetuosa con la piel, es c\u00f3moda de llevar y no aprieta. Ll\u00e9vela en la mu\u00f1eca mientras entrena o se desplaza al trabajo, sin preocuparse de perder su unidad USB en un rinc\u00f3n de la mochila o en una mesa de conferencias. Cuando se inserta en un dispositivo, el logotipo de la parte frontal de la pulsera se ilumina autom\u00e1ticamente con un suave resplandor. Esto hace que la unidad USB sea f\u00e1cil de localizar en entornos con poca luz, al tiempo que llama la atenci\u00f3n al instante sobre la identidad de su marca, combinando practicidad con alta visibilidad.<\/p>\n\n\n\n<div class=\"wp-block-columns is-layout-flex wp-container-core-columns-is-layout-1 wp-block-columns-is-layout-flex\">\n<div class=\"wp-block-column is-layout-flow wp-block-column-is-layout-flow\">\n<figure class=\"wp-block-image size-full\"><img fetchpriority=\"high\" decoding=\"async\" width=\"800\" height=\"800\" src=\"https:\/\/www.yousanusb.com\/wp-content\/uploads\/2025\/10\/Wrist-Strap-USB-Flash-Drive-with-LED-Logo.webp\" alt=\"\" class=\"wp-image-20353\" srcset=\"https:\/\/www.yousanusb.com\/wp-content\/uploads\/2025\/10\/Wrist-Strap-USB-Flash-Drive-with-LED-Logo.webp 800w, https:\/\/www.yousanusb.com\/wp-content\/uploads\/2025\/10\/Wrist-Strap-USB-Flash-Drive-with-LED-Logo-300x300.webp 300w, https:\/\/www.yousanusb.com\/wp-content\/uploads\/2025\/10\/Wrist-Strap-USB-Flash-Drive-with-LED-Logo-150x150.webp 150w, https:\/\/www.yousanusb.com\/wp-content\/uploads\/2025\/10\/Wrist-Strap-USB-Flash-Drive-with-LED-Logo-768x768.webp 768w, https:\/\/www.yousanusb.com\/wp-content\/uploads\/2025\/10\/Wrist-Strap-USB-Flash-Drive-with-LED-Logo-12x12.webp 12w, https:\/\/www.yousanusb.com\/wp-content\/uploads\/2025\/10\/Wrist-Strap-USB-Flash-Drive-with-LED-Logo-600x600.webp 600w, https:\/\/www.yousanusb.com\/wp-content\/uploads\/2025\/10\/Wrist-Strap-USB-Flash-Drive-with-LED-Logo-100x100.webp 100w\" sizes=\"(max-width: 800px) 100vw, 800px\" \/><\/figure>\n<\/div>\n\n\n\n<div class=\"wp-block-column is-layout-flow wp-block-column-is-layout-flow\">\n<figure class=\"wp-block-image size-full\"><img decoding=\"async\" width=\"800\" height=\"800\" src=\"https:\/\/www.yousanusb.com\/wp-content\/uploads\/2025\/10\/green-Wrist-Strap-USB-Flash-Drive-with-LED-Logo.webp\" alt=\"\" class=\"wp-image-20350\" srcset=\"https:\/\/www.yousanusb.com\/wp-content\/uploads\/2025\/10\/green-Wrist-Strap-USB-Flash-Drive-with-LED-Logo.webp 800w, https:\/\/www.yousanusb.com\/wp-content\/uploads\/2025\/10\/green-Wrist-Strap-USB-Flash-Drive-with-LED-Logo-300x300.webp 300w, https:\/\/www.yousanusb.com\/wp-content\/uploads\/2025\/10\/green-Wrist-Strap-USB-Flash-Drive-with-LED-Logo-150x150.webp 150w, https:\/\/www.yousanusb.com\/wp-content\/uploads\/2025\/10\/green-Wrist-Strap-USB-Flash-Drive-with-LED-Logo-768x768.webp 768w, https:\/\/www.yousanusb.com\/wp-content\/uploads\/2025\/10\/green-Wrist-Strap-USB-Flash-Drive-with-LED-Logo-12x12.webp 12w, https:\/\/www.yousanusb.com\/wp-content\/uploads\/2025\/10\/green-Wrist-Strap-USB-Flash-Drive-with-LED-Logo-600x600.webp 600w, https:\/\/www.yousanusb.com\/wp-content\/uploads\/2025\/10\/green-Wrist-Strap-USB-Flash-Drive-with-LED-Logo-100x100.webp 100w\" sizes=\"(max-width: 800px) 100vw, 800px\" \/><\/figure>\n<\/div>\n<\/div>\n\n\n\n<p>Almacenamiento de alta velocidad<\/p>\n\n\n\n<p>Equipado con un chip UDP de alta velocidad y compatible con interfaces duales USB 3.0\/Tipo-C opcionales, transfiere v\u00eddeos HD y documentos de gran tama\u00f1o en cuesti\u00f3n de segundos. Perfecto para copias de seguridad de archivos de oficina, almacenamiento de datos de estudiantes y exportaci\u00f3n de medios al aire libre. La secci\u00f3n de pulsera ha superado las pruebas de resistencia al agua y a las ca\u00eddas, por lo que las salpicaduras cotidianas y los peque\u00f1os golpes no causar\u00e1n da\u00f1os. El m\u00f3dulo emisor de luz emplea un dise\u00f1o de bajo consumo, que se alimenta directamente al insertarlo en un dispositivo. No necesita pilas adicionales, por lo que su uso a largo plazo es muy sencillo.<\/p>\n\n\n\n<div class=\"wp-block-columns is-layout-flex wp-container-core-columns-is-layout-2 wp-block-columns-is-layout-flex\">\n<div class=\"wp-block-column is-layout-flow wp-block-column-is-layout-flow\">\n<figure class=\"wp-block-image size-full\"><img decoding=\"async\" width=\"800\" height=\"800\" src=\"https:\/\/www.yousanusb.com\/wp-content\/uploads\/2025\/10\/red-Wrist-Strap-USB-Flash-Drive-with-LED-Logo.webp\" alt=\"\" class=\"wp-image-20351\" srcset=\"https:\/\/www.yousanusb.com\/wp-content\/uploads\/2025\/10\/red-Wrist-Strap-USB-Flash-Drive-with-LED-Logo.webp 800w, https:\/\/www.yousanusb.com\/wp-content\/uploads\/2025\/10\/red-Wrist-Strap-USB-Flash-Drive-with-LED-Logo-300x300.webp 300w, https:\/\/www.yousanusb.com\/wp-content\/uploads\/2025\/10\/red-Wrist-Strap-USB-Flash-Drive-with-LED-Logo-150x150.webp 150w, https:\/\/www.yousanusb.com\/wp-content\/uploads\/2025\/10\/red-Wrist-Strap-USB-Flash-Drive-with-LED-Logo-768x768.webp 768w, https:\/\/www.yousanusb.com\/wp-content\/uploads\/2025\/10\/red-Wrist-Strap-USB-Flash-Drive-with-LED-Logo-12x12.webp 12w, https:\/\/www.yousanusb.com\/wp-content\/uploads\/2025\/10\/red-Wrist-Strap-USB-Flash-Drive-with-LED-Logo-600x600.webp 600w, https:\/\/www.yousanusb.com\/wp-content\/uploads\/2025\/10\/red-Wrist-Strap-USB-Flash-Drive-with-LED-Logo-100x100.webp 100w\" sizes=\"(max-width: 800px) 100vw, 800px\" \/><\/figure>\n<\/div>\n\n\n\n<div class=\"wp-block-column is-layout-flow wp-block-column-is-layout-flow\">\n<figure class=\"wp-block-image size-full\"><img loading=\"lazy\" decoding=\"async\" width=\"800\" height=\"800\" src=\"https:\/\/www.yousanusb.com\/wp-content\/uploads\/2025\/10\/black-Wrist-Strap-USB-Flash-Drive-with-LED-Logo.webp\" alt=\"\" class=\"wp-image-20349\" srcset=\"https:\/\/www.yousanusb.com\/wp-content\/uploads\/2025\/10\/black-Wrist-Strap-USB-Flash-Drive-with-LED-Logo.webp 800w, https:\/\/www.yousanusb.com\/wp-content\/uploads\/2025\/10\/black-Wrist-Strap-USB-Flash-Drive-with-LED-Logo-300x300.webp 300w, https:\/\/www.yousanusb.com\/wp-content\/uploads\/2025\/10\/black-Wrist-Strap-USB-Flash-Drive-with-LED-Logo-150x150.webp 150w, https:\/\/www.yousanusb.com\/wp-content\/uploads\/2025\/10\/black-Wrist-Strap-USB-Flash-Drive-with-LED-Logo-768x768.webp 768w, https:\/\/www.yousanusb.com\/wp-content\/uploads\/2025\/10\/black-Wrist-Strap-USB-Flash-Drive-with-LED-Logo-12x12.webp 12w, https:\/\/www.yousanusb.com\/wp-content\/uploads\/2025\/10\/black-Wrist-Strap-USB-Flash-Drive-with-LED-Logo-600x600.webp 600w, https:\/\/www.yousanusb.com\/wp-content\/uploads\/2025\/10\/black-Wrist-Strap-USB-Flash-Drive-with-LED-Logo-100x100.webp 100w\" sizes=\"(max-width: 800px) 100vw, 800px\" \/><\/figure>\n<\/div>\n<\/div>\n\n\n\n<p>Personalizaci\u00f3n flexible<\/p>\n\n\n\n<p>Personalice el color de la pulsera (varias opciones disponibles: negro, blanco, azul, rosa, etc.), el color de la luz del logotipo (un solo color \/ efecto degradado) y la capacidad de almacenamiento de la unidad USB (8 GB-256 GB) seg\u00fan sus necesidades.<\/p>\n\n\n\n<div class=\"wp-block-columns is-layout-flex wp-container-core-columns-is-layout-3 wp-block-columns-is-layout-flex\">\n<div class=\"wp-block-column is-layout-flow wp-block-column-is-layout-flow\">\n<figure class=\"wp-block-image size-full\"><img loading=\"lazy\" decoding=\"async\" width=\"800\" height=\"800\" src=\"https:\/\/www.yousanusb.com\/wp-content\/uploads\/2025\/10\/Wearable-USB-Drive-with-LED-Light.webp\" alt=\"\" class=\"wp-image-20352\" srcset=\"https:\/\/www.yousanusb.com\/wp-content\/uploads\/2025\/10\/Wearable-USB-Drive-with-LED-Light.webp 800w, https:\/\/www.yousanusb.com\/wp-content\/uploads\/2025\/10\/Wearable-USB-Drive-with-LED-Light-300x300.webp 300w, https:\/\/www.yousanusb.com\/wp-content\/uploads\/2025\/10\/Wearable-USB-Drive-with-LED-Light-150x150.webp 150w, https:\/\/www.yousanusb.com\/wp-content\/uploads\/2025\/10\/Wearable-USB-Drive-with-LED-Light-768x768.webp 768w, https:\/\/www.yousanusb.com\/wp-content\/uploads\/2025\/10\/Wearable-USB-Drive-with-LED-Light-12x12.webp 12w, https:\/\/www.yousanusb.com\/wp-content\/uploads\/2025\/10\/Wearable-USB-Drive-with-LED-Light-600x600.webp 600w, https:\/\/www.yousanusb.com\/wp-content\/uploads\/2025\/10\/Wearable-USB-Drive-with-LED-Light-100x100.webp 100w\" sizes=\"(max-width: 800px) 100vw, 800px\" \/><\/figure>\n<\/div>\n\n\n\n<div class=\"wp-block-column is-layout-flow wp-block-column-is-layout-flow\">\n<figure class=\"wp-block-image size-full\"><img loading=\"lazy\" decoding=\"async\" width=\"800\" height=\"800\" src=\"https:\/\/www.yousanusb.com\/wp-content\/uploads\/2025\/10\/Wrist-Strap-USB-Flash-Drive-with-no-LED-Logo.webp\" alt=\"\" class=\"wp-image-20354\" srcset=\"https:\/\/www.yousanusb.com\/wp-content\/uploads\/2025\/10\/Wrist-Strap-USB-Flash-Drive-with-no-LED-Logo.webp 800w, https:\/\/www.yousanusb.com\/wp-content\/uploads\/2025\/10\/Wrist-Strap-USB-Flash-Drive-with-no-LED-Logo-300x300.webp 300w, https:\/\/www.yousanusb.com\/wp-content\/uploads\/2025\/10\/Wrist-Strap-USB-Flash-Drive-with-no-LED-Logo-150x150.webp 150w, https:\/\/www.yousanusb.com\/wp-content\/uploads\/2025\/10\/Wrist-Strap-USB-Flash-Drive-with-no-LED-Logo-768x768.webp 768w, https:\/\/www.yousanusb.com\/wp-content\/uploads\/2025\/10\/Wrist-Strap-USB-Flash-Drive-with-no-LED-Logo-12x12.webp 12w, https:\/\/www.yousanusb.com\/wp-content\/uploads\/2025\/10\/Wrist-Strap-USB-Flash-Drive-with-no-LED-Logo-600x600.webp 600w, https:\/\/www.yousanusb.com\/wp-content\/uploads\/2025\/10\/Wrist-Strap-USB-Flash-Drive-with-no-LED-Logo-100x100.webp 100w\" sizes=\"(max-width: 800px) 100vw, 800px\" \/><\/figure>\n<\/div>\n<\/div>","protected":false},"excerpt":{"rendered":"<ul>\n<li>Pulsera Memoria USB<\/li>\n<li>con luz LED<\/li>\n<li>Rojo,verde,morado,blanco,negro<\/li>\n<li>Logotipo y color personalizados<\/li>\n<li>USB2.0 y USB3.0<\/li>\n<\/ul>","protected":false},"featured_media":20350,"comment_status":"open","ping_status":"closed","template":"","meta":{"_seopress_robots_primary_cat":"","_seopress_titles_title":"","_seopress_titles_desc":"","_seopress_robots_index":""},"class_list":["post-20346","product","type-product","status-publish","has-post-thumbnail","hentry","product_cat-bracelet-pen-drive","product_tag-silicone-bracelet-usb"],"_links":{"self":[{"href":"https:\/\/www.yousanusb.com\/es\/wp-json\/wp\/v2\/product\/20346"}],"collection":[{"href":"https:\/\/www.yousanusb.com\/es\/wp-json\/wp\/v2\/product"}],"about":[{"href":"https:\/\/www.yousanusb.com\/es\/wp-json\/wp\/v2\/types\/product"}],"replies":[{"embeddable":true,"href":"https:\/\/www.yousanusb.com\/es\/wp-json\/wp\/v2\/comments?post=20346"}],"wp:featuredmedia":[{"embeddable":true,"href":"https:\/\/www.yousanusb.com\/es\/wp-json\/wp\/v2\/media\/20350"}],"wp:attachment":[{"href":"https:\/\/www.yousanusb.com\/es\/wp-json\/wp\/v2\/media?parent=20346"}],"curies":[{"name":"wp","href":"https:\/\/api.w.org\/{rel}","templated":true}]}}