{"id":20462,"date":"2025-10-12T11:48:07","date_gmt":"2025-10-12T11:48:07","guid":{"rendered":"https:\/\/www.yousanusb.com\/?post_type=product&#038;p=20462"},"modified":"2025-10-14T05:48:04","modified_gmt":"2025-10-14T05:48:04","slug":"usb-3-0-retro-heart-key-metal-flash-drive","status":"publish","type":"product","link":"https:\/\/www.yousanusb.com\/es\/producto\/usb-3-0-retro-heart-key-metal-flash-drive\/","title":{"rendered":"Memoria USB 3.0 Retro Heart Key de metal"},"content":{"rendered":"<p>El estilo retro siempre ha gustado a la gente. Esta llave USB met\u00e1lica adopta el dise\u00f1o vintage, combinando elementos en forma de coraz\u00f3n con est\u00e9tica retro para crear esta llave USB en forma de coraz\u00f3n. La unidad USB llave retro presenta un acabado en bronce con un tratamiento de p\u00e1tina vintage. Sobre su base dorada bronceada o plateada mate, se perciben sutiles texturas met\u00e1licas. Evita los brillos llamativos y, en su lugar, desarrolla un tacto c\u00e1lido y suave con el uso: ni siquiera el roce prolongado con monedas o llaves dejar\u00e1 ara\u00f1azos con facilidad.<\/p>\n\n\n\n<div class=\"wp-block-columns is-layout-flex wp-container-core-columns-is-layout-1 wp-block-columns-is-layout-flex\">\n<div class=\"wp-block-column is-layout-flow wp-block-column-is-layout-flow\">\n<figure class=\"wp-block-image size-full\"><img fetchpriority=\"high\" decoding=\"async\" width=\"800\" height=\"800\" src=\"https:\/\/www.yousanusb.com\/wp-content\/uploads\/2025\/10\/bulk-key-shape-metal-usb-flash-drive.webp\" alt=\"bulk-key-shape-metal-usb-flash-drive\" class=\"wp-image-20465\" srcset=\"https:\/\/www.yousanusb.com\/wp-content\/uploads\/2025\/10\/bulk-key-shape-metal-usb-flash-drive.webp 800w, https:\/\/www.yousanusb.com\/wp-content\/uploads\/2025\/10\/bulk-key-shape-metal-usb-flash-drive-300x300.webp 300w, https:\/\/www.yousanusb.com\/wp-content\/uploads\/2025\/10\/bulk-key-shape-metal-usb-flash-drive-150x150.webp 150w, https:\/\/www.yousanusb.com\/wp-content\/uploads\/2025\/10\/bulk-key-shape-metal-usb-flash-drive-768x768.webp 768w, https:\/\/www.yousanusb.com\/wp-content\/uploads\/2025\/10\/bulk-key-shape-metal-usb-flash-drive-12x12.webp 12w, https:\/\/www.yousanusb.com\/wp-content\/uploads\/2025\/10\/bulk-key-shape-metal-usb-flash-drive-600x600.webp 600w, https:\/\/www.yousanusb.com\/wp-content\/uploads\/2025\/10\/bulk-key-shape-metal-usb-flash-drive-100x100.webp 100w\" sizes=\"(max-width: 800px) 100vw, 800px\" \/><\/figure>\n<\/div>\n\n\n\n<div class=\"wp-block-column is-layout-flow wp-block-column-is-layout-flow\">\n<figure class=\"wp-block-image size-full\"><img decoding=\"async\" width=\"800\" height=\"800\" src=\"https:\/\/www.yousanusb.com\/wp-content\/uploads\/2025\/10\/key-shape-metal-usb-flash-drive.webp\" alt=\"\" class=\"wp-image-20467\" srcset=\"https:\/\/www.yousanusb.com\/wp-content\/uploads\/2025\/10\/key-shape-metal-usb-flash-drive.webp 800w, https:\/\/www.yousanusb.com\/wp-content\/uploads\/2025\/10\/key-shape-metal-usb-flash-drive-300x300.webp 300w, https:\/\/www.yousanusb.com\/wp-content\/uploads\/2025\/10\/key-shape-metal-usb-flash-drive-150x150.webp 150w, https:\/\/www.yousanusb.com\/wp-content\/uploads\/2025\/10\/key-shape-metal-usb-flash-drive-768x768.webp 768w, https:\/\/www.yousanusb.com\/wp-content\/uploads\/2025\/10\/key-shape-metal-usb-flash-drive-12x12.webp 12w, https:\/\/www.yousanusb.com\/wp-content\/uploads\/2025\/10\/key-shape-metal-usb-flash-drive-600x600.webp 600w, https:\/\/www.yousanusb.com\/wp-content\/uploads\/2025\/10\/key-shape-metal-usb-flash-drive-100x100.webp 100w\" sizes=\"(max-width: 800px) 100vw, 800px\" \/><\/figure>\n<\/div>\n<\/div>\n\n\n\n<p>Fabricado en una sola pieza, el contorno en forma de coraz\u00f3n est\u00e1 suavemente redondeado en lugar de ser muy anguloso, como un accesorio de \u00e9poca suavemente desgastado por el tiempo. La interfaz cuenta con un embellecedor met\u00e1lico a juego que permite introducirlo y extraerlo con suavidad y sin que se tambalee. Debajo del coraz\u00f3n hay un peque\u00f1o orificio para llavero, perfecto para su llavero. No necesita ning\u00fan cord\u00f3n adicional: llevar las llaves significa llevar la unidad USB. Se acabaron las b\u00fasquedas fren\u00e9ticas en el bolso.<\/p>\n\n\n\n<div class=\"wp-block-columns is-layout-flex wp-container-core-columns-is-layout-2 wp-block-columns-is-layout-flex\">\n<div class=\"wp-block-column is-layout-flow wp-block-column-is-layout-flow\">\n<figure class=\"wp-block-image size-full\"><img decoding=\"async\" width=\"800\" height=\"800\" src=\"https:\/\/www.yousanusb.com\/wp-content\/uploads\/2025\/10\/Retro-Key-Metal-USB-Drive.webp\" alt=\"\" class=\"wp-image-20468\" srcset=\"https:\/\/www.yousanusb.com\/wp-content\/uploads\/2025\/10\/Retro-Key-Metal-USB-Drive.webp 800w, https:\/\/www.yousanusb.com\/wp-content\/uploads\/2025\/10\/Retro-Key-Metal-USB-Drive-300x300.webp 300w, https:\/\/www.yousanusb.com\/wp-content\/uploads\/2025\/10\/Retro-Key-Metal-USB-Drive-150x150.webp 150w, https:\/\/www.yousanusb.com\/wp-content\/uploads\/2025\/10\/Retro-Key-Metal-USB-Drive-768x768.webp 768w, https:\/\/www.yousanusb.com\/wp-content\/uploads\/2025\/10\/Retro-Key-Metal-USB-Drive-12x12.webp 12w, https:\/\/www.yousanusb.com\/wp-content\/uploads\/2025\/10\/Retro-Key-Metal-USB-Drive-600x600.webp 600w, https:\/\/www.yousanusb.com\/wp-content\/uploads\/2025\/10\/Retro-Key-Metal-USB-Drive-100x100.webp 100w\" sizes=\"(max-width: 800px) 100vw, 800px\" \/><\/figure>\n<\/div>\n\n\n\n<div class=\"wp-block-column is-layout-flow wp-block-column-is-layout-flow\">\n<figure class=\"wp-block-image size-full\"><img loading=\"lazy\" decoding=\"async\" width=\"800\" height=\"800\" src=\"https:\/\/www.yousanusb.com\/wp-content\/uploads\/2025\/10\/China-key-shape-metal-usb-flash-drive-supplier.webp\" alt=\"\" class=\"wp-image-20466\" srcset=\"https:\/\/www.yousanusb.com\/wp-content\/uploads\/2025\/10\/China-key-shape-metal-usb-flash-drive-supplier.webp 800w, https:\/\/www.yousanusb.com\/wp-content\/uploads\/2025\/10\/China-key-shape-metal-usb-flash-drive-supplier-300x300.webp 300w, https:\/\/www.yousanusb.com\/wp-content\/uploads\/2025\/10\/China-key-shape-metal-usb-flash-drive-supplier-150x150.webp 150w, https:\/\/www.yousanusb.com\/wp-content\/uploads\/2025\/10\/China-key-shape-metal-usb-flash-drive-supplier-768x768.webp 768w, https:\/\/www.yousanusb.com\/wp-content\/uploads\/2025\/10\/China-key-shape-metal-usb-flash-drive-supplier-12x12.webp 12w, https:\/\/www.yousanusb.com\/wp-content\/uploads\/2025\/10\/China-key-shape-metal-usb-flash-drive-supplier-600x600.webp 600w, https:\/\/www.yousanusb.com\/wp-content\/uploads\/2025\/10\/China-key-shape-metal-usb-flash-drive-supplier-100x100.webp 100w\" sizes=\"(max-width: 800px) 100vw, 800px\" \/><\/figure>\n<\/div>\n<\/div>\n\n\n\n<p><\/p>","protected":false},"excerpt":{"rendered":"<ul>\n<li>Coraz\u00f3n retro USB 3.0<\/li>\n<li>Estilo retro<\/li>\n<li>Elementos en forma de coraz\u00f3n<\/li>\n<li>Llave met\u00e1lica<\/li>\n<li>Color bronce<\/li>\n<\/ul>","protected":false},"featured_media":20465,"comment_status":"open","ping_status":"closed","template":"","meta":{"_seopress_robots_primary_cat":"","_seopress_titles_title":"USB 3.0 Retro Heart Key Metal Flash Drive manufacturer -custom","_seopress_titles_desc":"Retro styles have always been beloved by people. This metal key USB drive embraces vintage design, combining heart-shaped elements with retro aesthetics to create this heart-shaped key USB drive.","_seopress_robots_index":""},"class_list":["post-20462","product","type-product","status-publish","has-post-thumbnail","hentry","product_cat-retractable-usb-flash-drive","product_tag-key-usb-flash-drive"],"_links":{"self":[{"href":"https:\/\/www.yousanusb.com\/es\/wp-json\/wp\/v2\/product\/20462"}],"collection":[{"href":"https:\/\/www.yousanusb.com\/es\/wp-json\/wp\/v2\/product"}],"about":[{"href":"https:\/\/www.yousanusb.com\/es\/wp-json\/wp\/v2\/types\/product"}],"replies":[{"embeddable":true,"href":"https:\/\/www.yousanusb.com\/es\/wp-json\/wp\/v2\/comments?post=20462"}],"wp:featuredmedia":[{"embeddable":true,"href":"https:\/\/www.yousanusb.com\/es\/wp-json\/wp\/v2\/media\/20465"}],"wp:attachment":[{"href":"https:\/\/www.yousanusb.com\/es\/wp-json\/wp\/v2\/media?parent=20462"}],"curies":[{"name":"wp","href":"https:\/\/api.w.org\/{rel}","templated":true}]}}