{"id":20472,"date":"2025-10-12T12:38:41","date_gmt":"2025-10-12T12:38:41","guid":{"rendered":"https:\/\/www.yousanusb.com\/?post_type=product&#038;p=20472"},"modified":"2025-10-12T12:44:25","modified_gmt":"2025-10-12T12:44:25","slug":"new-sportswristband-usb-flash-drive","status":"publish","type":"product","link":"https:\/\/www.yousanusb.com\/es\/producto\/new-sportswristband-usb-flash-drive\/","title":{"rendered":"Nueva memoria USB pulsera deportiva"},"content":{"rendered":"<p>En la era digital, las memorias USB son herramientas esenciales para transferir y almacenar datos. Sin embargo, las unidades USB tradicionales han sido criticadas durante mucho tiempo por ser \"peque\u00f1as y f\u00e1ciles de extraviar\" y estar \"atrapadas en una rutina de dise\u00f1o\". Ahora, la aparici\u00f3n de las memorias USB tipo rastreador de fitness ha roto por completo la percepci\u00f3n convencional del almacenamiento USB. Estos innovadores dispositivos combinan a la perfecci\u00f3n la tecnolog\u00eda con los accesorios de moda, haciendo que la portabilidad de datos sea m\u00e1s elegante que nunca.<\/p>\n\n\n\n<div class=\"wp-block-columns is-layout-flex wp-container-core-columns-is-layout-1 wp-block-columns-is-layout-flex\">\n<div class=\"wp-block-column is-layout-flow wp-block-column-is-layout-flow\">\n<figure class=\"wp-block-image size-full\"><img fetchpriority=\"high\" decoding=\"async\" width=\"800\" height=\"800\" src=\"https:\/\/www.yousanusb.com\/wp-content\/uploads\/2025\/10\/wristband-usb-flash-drive.jpg\" alt=\"\" class=\"wp-image-20482\" srcset=\"https:\/\/www.yousanusb.com\/wp-content\/uploads\/2025\/10\/wristband-usb-flash-drive.jpg 800w, https:\/\/www.yousanusb.com\/wp-content\/uploads\/2025\/10\/wristband-usb-flash-drive-300x300.jpg 300w, https:\/\/www.yousanusb.com\/wp-content\/uploads\/2025\/10\/wristband-usb-flash-drive-150x150.jpg 150w, https:\/\/www.yousanusb.com\/wp-content\/uploads\/2025\/10\/wristband-usb-flash-drive-768x768.jpg 768w, https:\/\/www.yousanusb.com\/wp-content\/uploads\/2025\/10\/wristband-usb-flash-drive-12x12.jpg 12w, https:\/\/www.yousanusb.com\/wp-content\/uploads\/2025\/10\/wristband-usb-flash-drive-600x600.jpg 600w, https:\/\/www.yousanusb.com\/wp-content\/uploads\/2025\/10\/wristband-usb-flash-drive-100x100.jpg 100w\" sizes=\"(max-width: 800px) 100vw, 800px\" \/><\/figure>\n<\/div>\n\n\n\n<div class=\"wp-block-column is-vertically-aligned-center is-layout-flow wp-block-column-is-layout-flow\">\n<p>La unidad flash USB con pulsera deportiva presenta un dise\u00f1o integrado que combina una pulsera de silicona con el cuerpo de la unidad USB. El suave material de silicona se adapta c\u00f3modamente a la mu\u00f1eca, ofreciendo una comodidad similar a la de una pulsera de fitness. El material de silicona es resistente al agua y a los golpes, por lo que protege eficazmente el chip de almacenamiento interno de salpicaduras o ca\u00eddas accidentales durante el uso diario. <\/p>\n\n\n\n<p>Adem\u00e1s, el dise\u00f1o cerrado de la pulsera minimiza la fricci\u00f3n directa entre la interfaz y las superficies externas, lo que prolonga a\u00fan m\u00e1s la vida \u00fatil de la unidad USB y garantiza un almacenamiento de datos m\u00e1s fiable.<\/p>\n<\/div>\n<\/div>\n\n\n\n<div class=\"wp-block-columns is-layout-flex wp-container-core-columns-is-layout-3 wp-block-columns-is-layout-flex\">\n<div class=\"wp-block-column is-vertically-aligned-center is-layout-flow wp-block-column-is-layout-flow\">\n<div class=\"wp-block-columns is-layout-flex wp-container-core-columns-is-layout-2 wp-block-columns-is-layout-flex\">\n<div class=\"wp-block-column is-vertically-aligned-center is-layout-flow wp-block-column-is-layout-flow\">\n<p>Disponible en capacidades de 4 GB a 128 GB, ofrece almacenamiento de sobra para que los estudiantes guarden los materiales y trabajos del curso, mientras que los profesionales pueden transferir sin esfuerzo dise\u00f1os de alta definici\u00f3n, archivos de v\u00eddeo y hacer copias de seguridad de fotos y m\u00fasica del m\u00f3vil.<\/p>\n\n\n\n<p>Lectura\/escritura de alta velocidad: Con una interfaz compatible con USB 2.0\/3.0, garantiza velocidades de lectura\/escritura estables y eficientes. La transferencia de archivos de gran tama\u00f1o ya no requiere largas esperas, lo que aumenta significativamente la productividad en el trabajo diario y el estudio.<\/p>\n<\/div>\n\n\n\n<div class=\"wp-block-column is-vertically-aligned-center is-layout-flow wp-block-column-is-layout-flow\">\n<figure class=\"wp-block-image size-full\"><img decoding=\"async\" width=\"800\" height=\"800\" src=\"https:\/\/www.yousanusb.com\/wp-content\/uploads\/2025\/10\/Wristband-USB-Drive-PVC-bracelet-style-USB-flash-drive.webp\" alt=\"\" class=\"wp-image-20479\" srcset=\"https:\/\/www.yousanusb.com\/wp-content\/uploads\/2025\/10\/Wristband-USB-Drive-PVC-bracelet-style-USB-flash-drive.webp 800w, https:\/\/www.yousanusb.com\/wp-content\/uploads\/2025\/10\/Wristband-USB-Drive-PVC-bracelet-style-USB-flash-drive-300x300.webp 300w, https:\/\/www.yousanusb.com\/wp-content\/uploads\/2025\/10\/Wristband-USB-Drive-PVC-bracelet-style-USB-flash-drive-150x150.webp 150w, https:\/\/www.yousanusb.com\/wp-content\/uploads\/2025\/10\/Wristband-USB-Drive-PVC-bracelet-style-USB-flash-drive-768x768.webp 768w, https:\/\/www.yousanusb.com\/wp-content\/uploads\/2025\/10\/Wristband-USB-Drive-PVC-bracelet-style-USB-flash-drive-12x12.webp 12w, https:\/\/www.yousanusb.com\/wp-content\/uploads\/2025\/10\/Wristband-USB-Drive-PVC-bracelet-style-USB-flash-drive-600x600.webp 600w, https:\/\/www.yousanusb.com\/wp-content\/uploads\/2025\/10\/Wristband-USB-Drive-PVC-bracelet-style-USB-flash-drive-100x100.webp 100w\" sizes=\"(max-width: 800px) 100vw, 800px\" \/><\/figure>\n<\/div>\n<\/div>\n<\/div>\n<\/div>\n\n\n\n<p>Dos combinaciones de colores cl\u00e1sicas -azul y negro, y rojo y negro- ofrecen contrastes vibrantes que atraen la sensibilidad de la moda juvenil, al tiempo que mantienen un aspecto profesional para los entornos de negocios. Con un dise\u00f1o ingenioso, la unidad USB se integra a la perfecci\u00f3n con la pulsera: un suave empuj\u00f3n revela el puerto USB para su uso, y se vuelve a guardar en la pulsera cuando no se utiliza.<\/p>\n\n\n\n<div class=\"wp-block-columns is-layout-flex wp-container-core-columns-is-layout-4 wp-block-columns-is-layout-flex\">\n<div class=\"wp-block-column is-layout-flow wp-block-column-is-layout-flow\">\n<figure class=\"wp-block-image size-full\"><img decoding=\"async\" width=\"800\" height=\"800\" src=\"https:\/\/www.yousanusb.com\/wp-content\/uploads\/2025\/10\/Custom-Usb-Slap-Wrap-Wristbands.webp\" alt=\"\" class=\"wp-image-20476\" srcset=\"https:\/\/www.yousanusb.com\/wp-content\/uploads\/2025\/10\/Custom-Usb-Slap-Wrap-Wristbands.webp 800w, https:\/\/www.yousanusb.com\/wp-content\/uploads\/2025\/10\/Custom-Usb-Slap-Wrap-Wristbands-300x300.webp 300w, https:\/\/www.yousanusb.com\/wp-content\/uploads\/2025\/10\/Custom-Usb-Slap-Wrap-Wristbands-150x150.webp 150w, https:\/\/www.yousanusb.com\/wp-content\/uploads\/2025\/10\/Custom-Usb-Slap-Wrap-Wristbands-768x768.webp 768w, https:\/\/www.yousanusb.com\/wp-content\/uploads\/2025\/10\/Custom-Usb-Slap-Wrap-Wristbands-12x12.webp 12w, https:\/\/www.yousanusb.com\/wp-content\/uploads\/2025\/10\/Custom-Usb-Slap-Wrap-Wristbands-600x600.webp 600w, https:\/\/www.yousanusb.com\/wp-content\/uploads\/2025\/10\/Custom-Usb-Slap-Wrap-Wristbands-100x100.webp 100w\" sizes=\"(max-width: 800px) 100vw, 800px\" \/><\/figure>\n<\/div>\n\n\n\n<div class=\"wp-block-column is-layout-flow wp-block-column-is-layout-flow\">\n<figure class=\"wp-block-image size-full\"><img loading=\"lazy\" decoding=\"async\" width=\"800\" height=\"800\" src=\"https:\/\/www.yousanusb.com\/wp-content\/uploads\/2025\/10\/Silicone-USB-Flash-Drive-Wristband-Bracelet.webp\" alt=\"\" class=\"wp-image-20477\" srcset=\"https:\/\/www.yousanusb.com\/wp-content\/uploads\/2025\/10\/Silicone-USB-Flash-Drive-Wristband-Bracelet.webp 800w, https:\/\/www.yousanusb.com\/wp-content\/uploads\/2025\/10\/Silicone-USB-Flash-Drive-Wristband-Bracelet-300x300.webp 300w, https:\/\/www.yousanusb.com\/wp-content\/uploads\/2025\/10\/Silicone-USB-Flash-Drive-Wristband-Bracelet-150x150.webp 150w, https:\/\/www.yousanusb.com\/wp-content\/uploads\/2025\/10\/Silicone-USB-Flash-Drive-Wristband-Bracelet-768x768.webp 768w, https:\/\/www.yousanusb.com\/wp-content\/uploads\/2025\/10\/Silicone-USB-Flash-Drive-Wristband-Bracelet-12x12.webp 12w, https:\/\/www.yousanusb.com\/wp-content\/uploads\/2025\/10\/Silicone-USB-Flash-Drive-Wristband-Bracelet-600x600.webp 600w, https:\/\/www.yousanusb.com\/wp-content\/uploads\/2025\/10\/Silicone-USB-Flash-Drive-Wristband-Bracelet-100x100.webp 100w\" sizes=\"(max-width: 800px) 100vw, 800px\" \/><\/figure>\n<\/div>\n<\/div>\n\n\n\n<div class=\"wp-block-columns is-layout-flex wp-container-core-columns-is-layout-5 wp-block-columns-is-layout-flex\">\n<div class=\"wp-block-column is-layout-flow wp-block-column-is-layout-flow\">\n<figure class=\"wp-block-image size-full\"><img loading=\"lazy\" decoding=\"async\" width=\"880\" height=\"800\" src=\"https:\/\/www.yousanusb.com\/wp-content\/uploads\/2025\/10\/custom-usb-flash-drive.jpg\" alt=\"\" class=\"wp-image-20475\" srcset=\"https:\/\/www.yousanusb.com\/wp-content\/uploads\/2025\/10\/custom-usb-flash-drive.jpg 880w, https:\/\/www.yousanusb.com\/wp-content\/uploads\/2025\/10\/custom-usb-flash-drive-300x273.jpg 300w, https:\/\/www.yousanusb.com\/wp-content\/uploads\/2025\/10\/custom-usb-flash-drive-768x698.jpg 768w, https:\/\/www.yousanusb.com\/wp-content\/uploads\/2025\/10\/custom-usb-flash-drive-13x12.jpg 13w, https:\/\/www.yousanusb.com\/wp-content\/uploads\/2025\/10\/custom-usb-flash-drive-600x545.jpg 600w\" sizes=\"(max-width: 880px) 100vw, 880px\" \/><\/figure>\n<\/div>\n\n\n\n<div class=\"wp-block-column is-vertically-aligned-center is-layout-flow wp-block-column-is-layout-flow\">\n<p>El valor de las memorias USB de pulsera reside en la versatilidad de sus aplicaciones:<\/p>\n\n\n\n<p>Uso diario: Ll\u00e9vela en la mu\u00f1eca para acceder a ella al instante durante los desplazamientos al trabajo, las clases o los viajes de negocios: se acab\u00f3 rebuscar en las bolsas. La ligera pulsera de silicona hace que sea mucho menos inc\u00f3moda que las unidades USB de llavero tradicionales.<\/p>\n\n\n\n<p>Regalos de empresa: Las empresas pueden personalizar el logotipo de su marca en el cuerpo de la unidad USB y utilizarla como regalo corporativo o premio en un evento. En comparaci\u00f3n con los regalos ordinarios, es pr\u00e1ctico y mejora la exposici\u00f3n de la marca a trav\u00e9s del \"wearable branding\".<\/p>\n\n\n\n<p>Somos f\u00e1brica, no empresa comercial, por lo que podemos ofrecer un precio muy competitivo<\/p>\n<\/div>\n<\/div>","protected":false},"excerpt":{"rendered":"<ul>\n<li>Pulsera 2 en 1<\/li>\n<li>Apto para todos los smartphones\/tablet pc y productos digitales<\/li>\n<li>Para carga USB y transferencia de datos y regalo de promoci\u00f3n<\/li>\n<li>Soporte OEM, entrega r\u00e1pida y alta calidad<\/li>\n<li>MOQ:100pcs<\/li>\n<\/ul>","protected":false},"featured_media":20476,"comment_status":"open","ping_status":"closed","template":"","meta":{"_seopress_robots_primary_cat":"","_seopress_titles_title":"","_seopress_titles_desc":"","_seopress_robots_index":""},"class_list":["post-20472","product","type-product","status-publish","has-post-thumbnail","hentry","product_cat-bracelet-pen-drive"],"_links":{"self":[{"href":"https:\/\/www.yousanusb.com\/es\/wp-json\/wp\/v2\/product\/20472"}],"collection":[{"href":"https:\/\/www.yousanusb.com\/es\/wp-json\/wp\/v2\/product"}],"about":[{"href":"https:\/\/www.yousanusb.com\/es\/wp-json\/wp\/v2\/types\/product"}],"replies":[{"embeddable":true,"href":"https:\/\/www.yousanusb.com\/es\/wp-json\/wp\/v2\/comments?post=20472"}],"wp:featuredmedia":[{"embeddable":true,"href":"https:\/\/www.yousanusb.com\/es\/wp-json\/wp\/v2\/media\/20476"}],"wp:attachment":[{"href":"https:\/\/www.yousanusb.com\/es\/wp-json\/wp\/v2\/media?parent=20472"}],"curies":[{"name":"wp","href":"https:\/\/api.w.org\/{rel}","templated":true}]}}