{"id":20483,"date":"2025-10-12T13:29:53","date_gmt":"2025-10-12T13:29:53","guid":{"rendered":"https:\/\/www.yousanusb.com\/?post_type=product&#038;p=20483"},"modified":"2025-10-12T13:45:18","modified_gmt":"2025-10-12T13:45:18","slug":"pvc-bracelet-style-usb-flash-drive","status":"publish","type":"product","link":"https:\/\/www.yousanusb.com\/es\/producto\/pvc-bracelet-style-usb-flash-drive\/","title":{"rendered":"Memoria USB estilo pulsera de PVC"},"content":{"rendered":"<p>En una era en la que los dispositivos de almacenamiento y los accesorios de moda siguen convergiendo, las memorias USB con pulsera de PVC se han convertido en uno de los art\u00edculos promocionales favoritos de las empresas gracias a su dise\u00f1o exclusivo y su precio asequible.<\/p>\n\n\n\n<p>Fabricada en material de PVC, esta memoria USB es famosa por su \"durabilidad flexible\". Por un lado, se adapta sin esfuerzo al contorno de la mu\u00f1eca, ofreciendo una sensaci\u00f3n totalmente libre durante su uso y garantizando la comodidad incluso durante un uso prolongado. Por otro lado, es excepcionalmente impermeable y resistente a los golpes. Ya se trate de derrames accidentales, peque\u00f1os golpes o flexiones frecuentes, protege eficazmente el chip de almacenamiento interno, prolongando su vida \u00fatil y haci\u00e9ndolo apto para diversos escenarios.<\/p>\n\n\n\n<div class=\"wp-block-columns is-layout-flex wp-container-core-columns-is-layout-1 wp-block-columns-is-layout-flex\">\n<div class=\"wp-block-column is-layout-flow wp-block-column-is-layout-flow\">\n<figure class=\"wp-block-image size-full\"><img fetchpriority=\"high\" decoding=\"async\" width=\"800\" height=\"800\" src=\"https:\/\/www.yousanusb.com\/wp-content\/uploads\/2025\/10\/Wristband-USB-Drive.png\" alt=\"\" class=\"wp-image-20492\" srcset=\"https:\/\/www.yousanusb.com\/wp-content\/uploads\/2025\/10\/Wristband-USB-Drive.png 800w, https:\/\/www.yousanusb.com\/wp-content\/uploads\/2025\/10\/Wristband-USB-Drive-300x300.png 300w, https:\/\/www.yousanusb.com\/wp-content\/uploads\/2025\/10\/Wristband-USB-Drive-150x150.png 150w, https:\/\/www.yousanusb.com\/wp-content\/uploads\/2025\/10\/Wristband-USB-Drive-768x768.png 768w, https:\/\/www.yousanusb.com\/wp-content\/uploads\/2025\/10\/Wristband-USB-Drive-12x12.png 12w, https:\/\/www.yousanusb.com\/wp-content\/uploads\/2025\/10\/Wristband-USB-Drive-600x600.png 600w, https:\/\/www.yousanusb.com\/wp-content\/uploads\/2025\/10\/Wristband-USB-Drive-100x100.png 100w\" sizes=\"(max-width: 800px) 100vw, 800px\" \/><\/figure>\n<\/div>\n\n\n\n<div class=\"wp-block-column is-layout-flow wp-block-column-is-layout-flow\">\n<figure class=\"wp-block-image size-full\"><img decoding=\"async\" width=\"800\" height=\"800\" src=\"https:\/\/www.yousanusb.com\/wp-content\/uploads\/2025\/10\/Custom-Promotional-USB-flash-drive.png\" alt=\"\" class=\"wp-image-20486\" srcset=\"https:\/\/www.yousanusb.com\/wp-content\/uploads\/2025\/10\/Custom-Promotional-USB-flash-drive.png 800w, https:\/\/www.yousanusb.com\/wp-content\/uploads\/2025\/10\/Custom-Promotional-USB-flash-drive-300x300.png 300w, https:\/\/www.yousanusb.com\/wp-content\/uploads\/2025\/10\/Custom-Promotional-USB-flash-drive-150x150.png 150w, https:\/\/www.yousanusb.com\/wp-content\/uploads\/2025\/10\/Custom-Promotional-USB-flash-drive-768x768.png 768w, https:\/\/www.yousanusb.com\/wp-content\/uploads\/2025\/10\/Custom-Promotional-USB-flash-drive-12x12.png 12w, https:\/\/www.yousanusb.com\/wp-content\/uploads\/2025\/10\/Custom-Promotional-USB-flash-drive-600x600.png 600w, https:\/\/www.yousanusb.com\/wp-content\/uploads\/2025\/10\/Custom-Promotional-USB-flash-drive-100x100.png 100w\" sizes=\"(max-width: 800px) 100vw, 800px\" \/><\/figure>\n<\/div>\n<\/div>\n\n\n\n<p>Presenta un dise\u00f1o integrado que combina a la perfecci\u00f3n una unidad USB con una pulsera: cuando necesite almacenar o transferir datos, s\u00f3lo tiene que abrir la cubierta protectora de la pulsera para descubrir el puerto USB. Cuando no se utiliza, basta con cerrar la cubierta protectora y se transforma en una elegante pulsera. Llevada en la mu\u00f1eca, ofrece una c\u00f3moda portabilidad (solucionando por completo el problema habitual de la p\u00e9rdida de las unidades USB tradicionales) a la vez que se convierte en un accesorio de moda que complementa tu vestimenta, ofreci\u00e9ndote b\u00e1sicamente \"una unidad USB y una elegante pulsera por el precio de una\".<br><\/p>\n\n\n\n<div class=\"wp-block-columns is-layout-flex wp-container-core-columns-is-layout-2 wp-block-columns-is-layout-flex\">\n<div class=\"wp-block-column is-layout-flow wp-block-column-is-layout-flow\">\n<figure class=\"wp-block-image size-full\"><img decoding=\"async\" width=\"800\" height=\"800\" src=\"https:\/\/www.yousanusb.com\/wp-content\/uploads\/2025\/10\/PVC-bracelet-style-USB-flash-drive.png\" alt=\"\" class=\"wp-image-20489\" srcset=\"https:\/\/www.yousanusb.com\/wp-content\/uploads\/2025\/10\/PVC-bracelet-style-USB-flash-drive.png 800w, https:\/\/www.yousanusb.com\/wp-content\/uploads\/2025\/10\/PVC-bracelet-style-USB-flash-drive-300x300.png 300w, https:\/\/www.yousanusb.com\/wp-content\/uploads\/2025\/10\/PVC-bracelet-style-USB-flash-drive-150x150.png 150w, https:\/\/www.yousanusb.com\/wp-content\/uploads\/2025\/10\/PVC-bracelet-style-USB-flash-drive-768x768.png 768w, https:\/\/www.yousanusb.com\/wp-content\/uploads\/2025\/10\/PVC-bracelet-style-USB-flash-drive-12x12.png 12w, https:\/\/www.yousanusb.com\/wp-content\/uploads\/2025\/10\/PVC-bracelet-style-USB-flash-drive-600x600.png 600w, https:\/\/www.yousanusb.com\/wp-content\/uploads\/2025\/10\/PVC-bracelet-style-USB-flash-drive-100x100.png 100w\" sizes=\"(max-width: 800px) 100vw, 800px\" \/><\/figure>\n<\/div>\n\n\n\n<div class=\"wp-block-column is-layout-flow wp-block-column-is-layout-flow\">\n<figure class=\"wp-block-image size-full\"><img loading=\"lazy\" decoding=\"async\" width=\"800\" height=\"800\" src=\"https:\/\/www.yousanusb.com\/wp-content\/uploads\/2025\/10\/PVC-Wristband-USB-Drive.png\" alt=\"\" class=\"wp-image-20490\" srcset=\"https:\/\/www.yousanusb.com\/wp-content\/uploads\/2025\/10\/PVC-Wristband-USB-Drive.png 800w, https:\/\/www.yousanusb.com\/wp-content\/uploads\/2025\/10\/PVC-Wristband-USB-Drive-300x300.png 300w, https:\/\/www.yousanusb.com\/wp-content\/uploads\/2025\/10\/PVC-Wristband-USB-Drive-150x150.png 150w, https:\/\/www.yousanusb.com\/wp-content\/uploads\/2025\/10\/PVC-Wristband-USB-Drive-768x768.png 768w, https:\/\/www.yousanusb.com\/wp-content\/uploads\/2025\/10\/PVC-Wristband-USB-Drive-12x12.png 12w, https:\/\/www.yousanusb.com\/wp-content\/uploads\/2025\/10\/PVC-Wristband-USB-Drive-600x600.png 600w, https:\/\/www.yousanusb.com\/wp-content\/uploads\/2025\/10\/PVC-Wristband-USB-Drive-100x100.png 100w\" sizes=\"(max-width: 800px) 100vw, 800px\" \/><\/figure>\n<\/div>\n<\/div>\n\n\n\n<p>Est\u00e1 disponible en varios colores: negro, rojo, azul, verde, amarillo brillante y blanco, entre otros. Tambi\u00e9n se ofrecen servicios de personalizaci\u00f3n de logotipos: Para las empresas, la impresi\u00f3n de logotipos de marca en unidades USB de pulsera como regalos promocionales o regalos corporativos ofrece un valor pr\u00e1ctico a la vez que aumenta la visibilidad de la marca, convirti\u00e9ndolas en \"embajadoras m\u00f3viles de la marca\". Para los particulares, la personalizaci\u00f3n de logotipos o dise\u00f1os exclusivos crea herramientas de almacenamiento \u00fanicas en su especie, que hacen que cada transferencia de datos sea personal.<br><\/p>\n\n\n\n<div class=\"wp-block-columns is-layout-flex wp-container-core-columns-is-layout-3 wp-block-columns-is-layout-flex\">\n<div class=\"wp-block-column is-layout-flow wp-block-column-is-layout-flow\">\n<figure class=\"wp-block-image size-full\"><img loading=\"lazy\" decoding=\"async\" width=\"800\" height=\"800\" src=\"https:\/\/www.yousanusb.com\/wp-content\/uploads\/2025\/10\/Wristband-USB-Flash-Drive-1.png\" alt=\"\" class=\"wp-image-20493\" srcset=\"https:\/\/www.yousanusb.com\/wp-content\/uploads\/2025\/10\/Wristband-USB-Flash-Drive-1.png 800w, https:\/\/www.yousanusb.com\/wp-content\/uploads\/2025\/10\/Wristband-USB-Flash-Drive-1-300x300.png 300w, https:\/\/www.yousanusb.com\/wp-content\/uploads\/2025\/10\/Wristband-USB-Flash-Drive-1-150x150.png 150w, https:\/\/www.yousanusb.com\/wp-content\/uploads\/2025\/10\/Wristband-USB-Flash-Drive-1-768x768.png 768w, https:\/\/www.yousanusb.com\/wp-content\/uploads\/2025\/10\/Wristband-USB-Flash-Drive-1-12x12.png 12w, https:\/\/www.yousanusb.com\/wp-content\/uploads\/2025\/10\/Wristband-USB-Flash-Drive-1-600x600.png 600w, https:\/\/www.yousanusb.com\/wp-content\/uploads\/2025\/10\/Wristband-USB-Flash-Drive-1-100x100.png 100w\" sizes=\"(max-width: 800px) 100vw, 800px\" \/><\/figure>\n<\/div>\n\n\n\n<div class=\"wp-block-column is-layout-flow wp-block-column-is-layout-flow\">\n<figure class=\"wp-block-image size-full\"><img loading=\"lazy\" decoding=\"async\" width=\"800\" height=\"800\" src=\"https:\/\/www.yousanusb.com\/wp-content\/uploads\/2025\/10\/Promotional-Wristband-USB-Drive.png\" alt=\"\" class=\"wp-image-20488\" srcset=\"https:\/\/www.yousanusb.com\/wp-content\/uploads\/2025\/10\/Promotional-Wristband-USB-Drive.png 800w, https:\/\/www.yousanusb.com\/wp-content\/uploads\/2025\/10\/Promotional-Wristband-USB-Drive-300x300.png 300w, https:\/\/www.yousanusb.com\/wp-content\/uploads\/2025\/10\/Promotional-Wristband-USB-Drive-150x150.png 150w, https:\/\/www.yousanusb.com\/wp-content\/uploads\/2025\/10\/Promotional-Wristband-USB-Drive-768x768.png 768w, https:\/\/www.yousanusb.com\/wp-content\/uploads\/2025\/10\/Promotional-Wristband-USB-Drive-12x12.png 12w, https:\/\/www.yousanusb.com\/wp-content\/uploads\/2025\/10\/Promotional-Wristband-USB-Drive-600x600.png 600w, https:\/\/www.yousanusb.com\/wp-content\/uploads\/2025\/10\/Promotional-Wristband-USB-Drive-100x100.png 100w\" sizes=\"(max-width: 800px) 100vw, 800px\" \/><\/figure>\n<\/div>\n<\/div>\n\n\n\n<p>Esta unidad flash USB de estilo brazalete cuenta con una interfaz USB est\u00e1ndar, compatible con la mayor\u00eda de ordenadores y dispositivos para coche del mercado, que garantiza una transferencia de datos estable y eficaz. Ya sea para almacenar fotos de alta definici\u00f3n, documentos de gran tama\u00f1o o transferir archivos de v\u00eddeo, completa las tareas r\u00e1pidamente, proporcionando un almacenamiento y transferencia de datos fiables.<\/p>\n\n\n\n<div class=\"wp-block-columns is-layout-flex wp-container-core-columns-is-layout-4 wp-block-columns-is-layout-flex\">\n<div class=\"wp-block-column is-layout-flow wp-block-column-is-layout-flow\">\n<figure class=\"wp-block-image size-full\"><img loading=\"lazy\" decoding=\"async\" width=\"800\" height=\"800\" src=\"https:\/\/www.yousanusb.com\/wp-content\/uploads\/2025\/10\/usb-wristband-flash-drives.png\" alt=\"\" class=\"wp-image-20491\" srcset=\"https:\/\/www.yousanusb.com\/wp-content\/uploads\/2025\/10\/usb-wristband-flash-drives.png 800w, https:\/\/www.yousanusb.com\/wp-content\/uploads\/2025\/10\/usb-wristband-flash-drives-300x300.png 300w, https:\/\/www.yousanusb.com\/wp-content\/uploads\/2025\/10\/usb-wristband-flash-drives-150x150.png 150w, https:\/\/www.yousanusb.com\/wp-content\/uploads\/2025\/10\/usb-wristband-flash-drives-768x768.png 768w, https:\/\/www.yousanusb.com\/wp-content\/uploads\/2025\/10\/usb-wristband-flash-drives-12x12.png 12w, https:\/\/www.yousanusb.com\/wp-content\/uploads\/2025\/10\/usb-wristband-flash-drives-600x600.png 600w, https:\/\/www.yousanusb.com\/wp-content\/uploads\/2025\/10\/usb-wristband-flash-drives-100x100.png 100w\" sizes=\"(max-width: 800px) 100vw, 800px\" \/><\/figure>\n<\/div>\n\n\n\n<div class=\"wp-block-column is-layout-flow wp-block-column-is-layout-flow\">\n<figure class=\"wp-block-image size-full\"><img loading=\"lazy\" decoding=\"async\" width=\"800\" height=\"800\" src=\"https:\/\/www.yousanusb.com\/wp-content\/uploads\/2025\/10\/custom-usb-wristband-flash-drive.png\" alt=\"\" class=\"wp-image-20487\" srcset=\"https:\/\/www.yousanusb.com\/wp-content\/uploads\/2025\/10\/custom-usb-wristband-flash-drive.png 800w, https:\/\/www.yousanusb.com\/wp-content\/uploads\/2025\/10\/custom-usb-wristband-flash-drive-300x300.png 300w, https:\/\/www.yousanusb.com\/wp-content\/uploads\/2025\/10\/custom-usb-wristband-flash-drive-150x150.png 150w, https:\/\/www.yousanusb.com\/wp-content\/uploads\/2025\/10\/custom-usb-wristband-flash-drive-768x768.png 768w, https:\/\/www.yousanusb.com\/wp-content\/uploads\/2025\/10\/custom-usb-wristband-flash-drive-12x12.png 12w, https:\/\/www.yousanusb.com\/wp-content\/uploads\/2025\/10\/custom-usb-wristband-flash-drive-600x600.png 600w, https:\/\/www.yousanusb.com\/wp-content\/uploads\/2025\/10\/custom-usb-wristband-flash-drive-100x100.png 100w\" sizes=\"(max-width: 800px) 100vw, 800px\" \/><\/figure>\n<\/div>\n<\/div>\n\n\n\n<p><\/p>","protected":false},"excerpt":{"rendered":"<ul>\n<li>Material de silicona<\/li>\n<li>pulsera usb drive<\/li>\n<li>CE,RoHS,FCC<\/li>\n<li>6 opciones de color<\/li>\n<li>MOQ:100pcs<\/li>\n<\/ul>","protected":false},"featured_media":20492,"comment_status":"open","ping_status":"closed","template":"","meta":{"_seopress_robots_primary_cat":"","_seopress_titles_title":"","_seopress_titles_desc":"","_seopress_robots_index":""},"class_list":["post-20483","product","type-product","status-publish","has-post-thumbnail","hentry","product_cat-bracelet-pen-drive"],"_links":{"self":[{"href":"https:\/\/www.yousanusb.com\/es\/wp-json\/wp\/v2\/product\/20483"}],"collection":[{"href":"https:\/\/www.yousanusb.com\/es\/wp-json\/wp\/v2\/product"}],"about":[{"href":"https:\/\/www.yousanusb.com\/es\/wp-json\/wp\/v2\/types\/product"}],"replies":[{"embeddable":true,"href":"https:\/\/www.yousanusb.com\/es\/wp-json\/wp\/v2\/comments?post=20483"}],"wp:featuredmedia":[{"embeddable":true,"href":"https:\/\/www.yousanusb.com\/es\/wp-json\/wp\/v2\/media\/20492"}],"wp:attachment":[{"href":"https:\/\/www.yousanusb.com\/es\/wp-json\/wp\/v2\/media?parent=20483"}],"curies":[{"name":"wp","href":"https:\/\/api.w.org\/{rel}","templated":true}]}}