{"id":20504,"date":"2025-10-12T15:33:09","date_gmt":"2025-10-12T15:33:09","guid":{"rendered":"https:\/\/www.yousanusb.com\/?post_type=product&#038;p=20504"},"modified":"2025-10-12T15:34:44","modified_gmt":"2025-10-12T15:34:44","slug":"usb-c-wristband-cable-usb-flash-drive","status":"publish","type":"product","link":"https:\/\/www.yousanusb.com\/es\/producto\/usb-c-wristband-cable-usb-flash-drive\/","title":{"rendered":"Cable de pulsera USB-C Memoria USB"},"content":{"rendered":"<p>En una era en la que los accesorios digitales suelen tacharse de \"pr\u00e1cticos pero aburridos\", un producto rompe ingeniosamente los l\u00edmites. Integra a la perfecci\u00f3n las funciones b\u00e1sicas de un cable de datos USB-C y un lector de tarjetas Micro SD con el elegante dise\u00f1o de una pulsera: se trata de la USB-C Wristband Cable USB Flash Drive.<\/p>\n\n\n\n<div class=\"wp-block-columns is-layout-flex wp-container-core-columns-is-layout-1 wp-block-columns-is-layout-flex\">\n<div class=\"wp-block-column is-layout-flow wp-block-column-is-layout-flow\">\n<figure class=\"wp-block-image size-full\"><img fetchpriority=\"high\" decoding=\"async\" width=\"800\" height=\"800\" src=\"https:\/\/www.yousanusb.com\/wp-content\/uploads\/2025\/10\/usb-c-charging-cable-bracelet.png\" alt=\"\" class=\"wp-image-20510\" srcset=\"https:\/\/www.yousanusb.com\/wp-content\/uploads\/2025\/10\/usb-c-charging-cable-bracelet.png 800w, https:\/\/www.yousanusb.com\/wp-content\/uploads\/2025\/10\/usb-c-charging-cable-bracelet-300x300.png 300w, https:\/\/www.yousanusb.com\/wp-content\/uploads\/2025\/10\/usb-c-charging-cable-bracelet-150x150.png 150w, https:\/\/www.yousanusb.com\/wp-content\/uploads\/2025\/10\/usb-c-charging-cable-bracelet-768x768.png 768w, https:\/\/www.yousanusb.com\/wp-content\/uploads\/2025\/10\/usb-c-charging-cable-bracelet-12x12.png 12w, https:\/\/www.yousanusb.com\/wp-content\/uploads\/2025\/10\/usb-c-charging-cable-bracelet-600x600.png 600w, https:\/\/www.yousanusb.com\/wp-content\/uploads\/2025\/10\/usb-c-charging-cable-bracelet-100x100.png 100w\" sizes=\"(max-width: 800px) 100vw, 800px\" \/><\/figure>\n<\/div>\n\n\n\n<div class=\"wp-block-column is-layout-flow wp-block-column-is-layout-flow\">\n<figure class=\"wp-block-image size-full\"><img decoding=\"async\" width=\"800\" height=\"800\" src=\"https:\/\/www.yousanusb.com\/wp-content\/uploads\/2025\/10\/charging-bracelet-type-c.png\" alt=\"\" class=\"wp-image-20508\" srcset=\"https:\/\/www.yousanusb.com\/wp-content\/uploads\/2025\/10\/charging-bracelet-type-c.png 800w, https:\/\/www.yousanusb.com\/wp-content\/uploads\/2025\/10\/charging-bracelet-type-c-300x300.png 300w, https:\/\/www.yousanusb.com\/wp-content\/uploads\/2025\/10\/charging-bracelet-type-c-150x150.png 150w, https:\/\/www.yousanusb.com\/wp-content\/uploads\/2025\/10\/charging-bracelet-type-c-768x768.png 768w, https:\/\/www.yousanusb.com\/wp-content\/uploads\/2025\/10\/charging-bracelet-type-c-12x12.png 12w, https:\/\/www.yousanusb.com\/wp-content\/uploads\/2025\/10\/charging-bracelet-type-c-600x600.png 600w, https:\/\/www.yousanusb.com\/wp-content\/uploads\/2025\/10\/charging-bracelet-type-c-100x100.png 100w\" sizes=\"(max-width: 800px) 100vw, 800px\" \/><\/figure>\n<\/div>\n<\/div>\n\n\n\n<div class=\"wp-block-columns is-layout-flex wp-container-core-columns-is-layout-2 wp-block-columns-is-layout-flex\">\n<div class=\"wp-block-column is-layout-flow wp-block-column-is-layout-flow\">\n<figure class=\"wp-block-image size-full\"><img decoding=\"async\" width=\"800\" height=\"800\" src=\"https:\/\/www.yousanusb.com\/wp-content\/uploads\/2025\/10\/USB-Type-C-Cable.png\" alt=\"\" class=\"wp-image-20511\" srcset=\"https:\/\/www.yousanusb.com\/wp-content\/uploads\/2025\/10\/USB-Type-C-Cable.png 800w, https:\/\/www.yousanusb.com\/wp-content\/uploads\/2025\/10\/USB-Type-C-Cable-300x300.png 300w, https:\/\/www.yousanusb.com\/wp-content\/uploads\/2025\/10\/USB-Type-C-Cable-150x150.png 150w, https:\/\/www.yousanusb.com\/wp-content\/uploads\/2025\/10\/USB-Type-C-Cable-768x768.png 768w, https:\/\/www.yousanusb.com\/wp-content\/uploads\/2025\/10\/USB-Type-C-Cable-12x12.png 12w, https:\/\/www.yousanusb.com\/wp-content\/uploads\/2025\/10\/USB-Type-C-Cable-600x600.png 600w, https:\/\/www.yousanusb.com\/wp-content\/uploads\/2025\/10\/USB-Type-C-Cable-100x100.png 100w\" sizes=\"(max-width: 800px) 100vw, 800px\" \/><\/figure>\n<\/div>\n\n\n\n<div class=\"wp-block-column is-layout-flow wp-block-column-is-layout-flow\">\n<figure class=\"wp-block-image size-full\"><img loading=\"lazy\" decoding=\"async\" width=\"800\" height=\"800\" src=\"https:\/\/www.yousanusb.com\/wp-content\/uploads\/2025\/10\/USB-C-cable-bracelet.png\" alt=\"\" class=\"wp-image-20509\" srcset=\"https:\/\/www.yousanusb.com\/wp-content\/uploads\/2025\/10\/USB-C-cable-bracelet.png 800w, https:\/\/www.yousanusb.com\/wp-content\/uploads\/2025\/10\/USB-C-cable-bracelet-300x300.png 300w, https:\/\/www.yousanusb.com\/wp-content\/uploads\/2025\/10\/USB-C-cable-bracelet-150x150.png 150w, https:\/\/www.yousanusb.com\/wp-content\/uploads\/2025\/10\/USB-C-cable-bracelet-768x768.png 768w, https:\/\/www.yousanusb.com\/wp-content\/uploads\/2025\/10\/USB-C-cable-bracelet-12x12.png 12w, https:\/\/www.yousanusb.com\/wp-content\/uploads\/2025\/10\/USB-C-cable-bracelet-600x600.png 600w, https:\/\/www.yousanusb.com\/wp-content\/uploads\/2025\/10\/USB-C-cable-bracelet-100x100.png 100w\" sizes=\"(max-width: 800px) 100vw, 800px\" \/><\/figure>\n<\/div>\n<\/div>\n\n\n\n<p>Esta unidad USB presenta un dise\u00f1o de cord\u00f3n tejido que combina el tacto suave y agradable al tacto de la tela con una mayor durabilidad conseguida mediante t\u00e9cnicas de tejido de precisi\u00f3n. Cuando se lleva a diario, se convierte en un elegante accesorio para la mu\u00f1eca. El conector met\u00e1lico complementa el anillo decorativo, creando una est\u00e9tica minimalista pero sofisticada.<br><\/p>\n\n\n\n<div class=\"wp-block-columns is-layout-flex wp-container-core-columns-is-layout-3 wp-block-columns-is-layout-flex\">\n<div class=\"wp-block-column is-layout-flow wp-block-column-is-layout-flow\">\n<figure class=\"wp-block-image size-full\"><img loading=\"lazy\" decoding=\"async\" width=\"800\" height=\"800\" src=\"https:\/\/www.yousanusb.com\/wp-content\/uploads\/2025\/10\/bracelet-usb-cable.jpg\" alt=\"\" class=\"wp-image-20507\" srcset=\"https:\/\/www.yousanusb.com\/wp-content\/uploads\/2025\/10\/bracelet-usb-cable.jpg 800w, https:\/\/www.yousanusb.com\/wp-content\/uploads\/2025\/10\/bracelet-usb-cable-300x300.jpg 300w, https:\/\/www.yousanusb.com\/wp-content\/uploads\/2025\/10\/bracelet-usb-cable-150x150.jpg 150w, https:\/\/www.yousanusb.com\/wp-content\/uploads\/2025\/10\/bracelet-usb-cable-768x768.jpg 768w, https:\/\/www.yousanusb.com\/wp-content\/uploads\/2025\/10\/bracelet-usb-cable-12x12.jpg 12w, https:\/\/www.yousanusb.com\/wp-content\/uploads\/2025\/10\/bracelet-usb-cable-600x600.jpg 600w, https:\/\/www.yousanusb.com\/wp-content\/uploads\/2025\/10\/bracelet-usb-cable-100x100.jpg 100w\" sizes=\"(max-width: 800px) 100vw, 800px\" \/><\/figure>\n<\/div>\n\n\n\n<div class=\"wp-block-column is-vertically-aligned-center is-layout-flow wp-block-column-is-layout-flow\">\n<p>Combina \"transferencia\/carga de datos USB-C\" con \"lectura de tarjetas Micro SD\" en un solo dispositivo, abordando con precisi\u00f3n los problemas digitales modernos. Uno de los extremos cuenta con un puerto USB-C que se conecta sin problemas a tel\u00e9fonos, tabletas, port\u00e1tiles y otros dispositivos, y que permite desde la carga de emergencia de tel\u00e9fonos hasta la transferencia r\u00e1pida de archivos de trabajo. El otro extremo cuenta con una ranura para tarjetas Micro SD: Para los usuarios que se enfrentan a la escasez de almacenamiento en sus tel\u00e9fonos, no hay necesidad de depender de un ordenador. Basta con utilizar el cable de datos de la pulsera para acceder directamente a las fotos, v\u00eddeos y documentos almacenados en la tarjeta, \"ampliando\" al instante la capacidad de almacenamiento del dispositivo. Cuando est\u00e9 grabando sobre la marcha, tambi\u00e9n puede transferir r\u00e1pidamente im\u00e1genes de la tarjeta de memoria de su c\u00e1mara a su tel\u00e9fono, lo que le permitir\u00e1 compartir sus creaciones en el momento oportuno. De esta forma se eliminan a la vez la \"ansiedad por el almacenamiento\" y las \"molestias de la transferencia\".<\/p>\n<\/div>\n<\/div>","protected":false},"excerpt":{"rendered":"<ul>\n<li>Unidad flash USB-C<\/li>\n<li>banda trenzada de alta calidad<\/li>\n<li>Dise\u00f1o gratuito,Muestras gratuitas<\/li>\n<li>Tecnolog\u00eda de carga r\u00e1pida<\/li>\n<li>MOQ:100pcs<\/li>\n<\/ul>","protected":false},"featured_media":20510,"comment_status":"open","ping_status":"closed","template":"","meta":{"_seopress_robots_primary_cat":"","_seopress_titles_title":"","_seopress_titles_desc":"","_seopress_robots_index":""},"class_list":["post-20504","product","type-product","status-publish","has-post-thumbnail","hentry","product_cat-bracelet-pen-drive"],"_links":{"self":[{"href":"https:\/\/www.yousanusb.com\/es\/wp-json\/wp\/v2\/product\/20504"}],"collection":[{"href":"https:\/\/www.yousanusb.com\/es\/wp-json\/wp\/v2\/product"}],"about":[{"href":"https:\/\/www.yousanusb.com\/es\/wp-json\/wp\/v2\/types\/product"}],"replies":[{"embeddable":true,"href":"https:\/\/www.yousanusb.com\/es\/wp-json\/wp\/v2\/comments?post=20504"}],"wp:featuredmedia":[{"embeddable":true,"href":"https:\/\/www.yousanusb.com\/es\/wp-json\/wp\/v2\/media\/20510"}],"wp:attachment":[{"href":"https:\/\/www.yousanusb.com\/es\/wp-json\/wp\/v2\/media?parent=20504"}],"curies":[{"name":"wp","href":"https:\/\/api.w.org\/{rel}","templated":true}]}}