{"id":20606,"date":"2025-10-13T05:12:13","date_gmt":"2025-10-13T05:12:13","guid":{"rendered":"https:\/\/www.yousanusb.com\/?post_type=product&#038;p=20606"},"modified":"2025-10-16T06:47:53","modified_gmt":"2025-10-16T06:47:53","slug":"pvc-gradient-color-wristband-usb-flash-drive","status":"publish","type":"product","link":"https:\/\/www.yousanusb.com\/es\/producto\/pvc-gradient-color-wristband-usb-flash-drive\/","title":{"rendered":"Pulsera de PVC de color degradado Memoria USB"},"content":{"rendered":"<p>En esta era de auge de la informaci\u00f3n digital, las herramientas de almacenamiento han superado hace tiempo el estereotipo de mero \"almacenamiento de datos\", convirti\u00e9ndose en soportes que combinan la utilidad pr\u00e1ctica con la expresi\u00f3n est\u00e9tica. Esta unidad USB de PVC degradado combina magistralmente la suave textura del PVC con fluidas transiciones de color, dando paso a una nueva experiencia de almacenamiento en la que la tecnolog\u00eda y la est\u00e9tica se entrelazan.<\/p>\n\n\n\n<p>El dise\u00f1o de esta unidad USB se inspira en una exploraci\u00f3n art\u00edstica de la \"fluidez del color\". La paleta de colores captura la fluidez on\u00edrica dentro de un espacio compacto, y cada dise\u00f1o oculta una narrativa visual \u00fanica. La c\u00e1lida textura del PVC proporciona una \"base suave\" para los tonos degradados. Conserva la vibrante saturaci\u00f3n del color, mientras que la suavidad inherente al material garantiza transiciones naturales, haciendo que cada pieza parezca una instalaci\u00f3n art\u00edstica port\u00e1til en miniatura.<\/p>\n\n\n\n<div class=\"wp-block-columns is-layout-flex wp-container-core-columns-is-layout-1 wp-block-columns-is-layout-flex\">\n<div class=\"wp-block-column is-layout-flow wp-block-column-is-layout-flow\">\n<figure class=\"wp-block-image size-full is-resized\"><img fetchpriority=\"high\" decoding=\"async\" width=\"600\" height=\"600\" src=\"https:\/\/www.yousanusb.com\/wp-content\/uploads\/2025\/10\/SunblastClosed_grande.webp\" alt=\"\" class=\"wp-image-20628\" style=\"aspect-ratio:1;width:278px;height:auto\" srcset=\"https:\/\/www.yousanusb.com\/wp-content\/uploads\/2025\/10\/SunblastClosed_grande.webp 600w, https:\/\/www.yousanusb.com\/wp-content\/uploads\/2025\/10\/SunblastClosed_grande-300x300.webp 300w, https:\/\/www.yousanusb.com\/wp-content\/uploads\/2025\/10\/SunblastClosed_grande-150x150.webp 150w, https:\/\/www.yousanusb.com\/wp-content\/uploads\/2025\/10\/SunblastClosed_grande-12x12.webp 12w, https:\/\/www.yousanusb.com\/wp-content\/uploads\/2025\/10\/SunblastClosed_grande-100x100.webp 100w\" sizes=\"(max-width: 600px) 100vw, 600px\" \/><\/figure>\n<\/div>\n\n\n\n<div class=\"wp-block-column is-layout-flow wp-block-column-is-layout-flow\">\n<figure class=\"wp-block-image size-full\"><img decoding=\"async\" width=\"600\" height=\"600\" src=\"https:\/\/www.yousanusb.com\/wp-content\/uploads\/2025\/10\/RainforestClosed_grande.webp\" alt=\"\" class=\"wp-image-20627\" srcset=\"https:\/\/www.yousanusb.com\/wp-content\/uploads\/2025\/10\/RainforestClosed_grande.webp 600w, https:\/\/www.yousanusb.com\/wp-content\/uploads\/2025\/10\/RainforestClosed_grande-300x300.webp 300w, https:\/\/www.yousanusb.com\/wp-content\/uploads\/2025\/10\/RainforestClosed_grande-150x150.webp 150w, https:\/\/www.yousanusb.com\/wp-content\/uploads\/2025\/10\/RainforestClosed_grande-12x12.webp 12w, https:\/\/www.yousanusb.com\/wp-content\/uploads\/2025\/10\/RainforestClosed_grande-100x100.webp 100w\" sizes=\"(max-width: 600px) 100vw, 600px\" \/><\/figure>\n<\/div>\n\n\n\n<div class=\"wp-block-column is-layout-flow wp-block-column-is-layout-flow\">\n<figure class=\"wp-block-image size-full\"><img decoding=\"async\" width=\"600\" height=\"600\" src=\"https:\/\/www.yousanusb.com\/wp-content\/uploads\/2025\/10\/PurpleBlazeClosed_grande.webp\" alt=\"\" class=\"wp-image-20626\" srcset=\"https:\/\/www.yousanusb.com\/wp-content\/uploads\/2025\/10\/PurpleBlazeClosed_grande.webp 600w, https:\/\/www.yousanusb.com\/wp-content\/uploads\/2025\/10\/PurpleBlazeClosed_grande-300x300.webp 300w, https:\/\/www.yousanusb.com\/wp-content\/uploads\/2025\/10\/PurpleBlazeClosed_grande-150x150.webp 150w, https:\/\/www.yousanusb.com\/wp-content\/uploads\/2025\/10\/PurpleBlazeClosed_grande-12x12.webp 12w, https:\/\/www.yousanusb.com\/wp-content\/uploads\/2025\/10\/PurpleBlazeClosed_grande-100x100.webp 100w\" sizes=\"(max-width: 600px) 100vw, 600px\" \/><\/figure>\n<\/div>\n<\/div>\n\n\n\n<div class=\"wp-block-columns is-layout-flex wp-container-core-columns-is-layout-2 wp-block-columns-is-layout-flex\">\n<div class=\"wp-block-column is-layout-flow wp-block-column-is-layout-flow\">\n<figure class=\"wp-block-image size-full\"><img loading=\"lazy\" decoding=\"async\" width=\"600\" height=\"600\" src=\"https:\/\/www.yousanusb.com\/wp-content\/uploads\/2025\/10\/MilkyWayPeaceClosed_grande.webp\" alt=\"\" class=\"wp-image-20625\" srcset=\"https:\/\/www.yousanusb.com\/wp-content\/uploads\/2025\/10\/MilkyWayPeaceClosed_grande.webp 600w, https:\/\/www.yousanusb.com\/wp-content\/uploads\/2025\/10\/MilkyWayPeaceClosed_grande-300x300.webp 300w, https:\/\/www.yousanusb.com\/wp-content\/uploads\/2025\/10\/MilkyWayPeaceClosed_grande-150x150.webp 150w, https:\/\/www.yousanusb.com\/wp-content\/uploads\/2025\/10\/MilkyWayPeaceClosed_grande-12x12.webp 12w, https:\/\/www.yousanusb.com\/wp-content\/uploads\/2025\/10\/MilkyWayPeaceClosed_grande-100x100.webp 100w\" sizes=\"(max-width: 600px) 100vw, 600px\" \/><\/figure>\n<\/div>\n\n\n\n<div class=\"wp-block-column is-layout-flow wp-block-column-is-layout-flow\">\n<figure class=\"wp-block-image size-full\"><img loading=\"lazy\" decoding=\"async\" width=\"600\" height=\"600\" src=\"https:\/\/www.yousanusb.com\/wp-content\/uploads\/2025\/10\/MilkyWayClosed_grande.webp\" alt=\"\" class=\"wp-image-20624\" srcset=\"https:\/\/www.yousanusb.com\/wp-content\/uploads\/2025\/10\/MilkyWayClosed_grande.webp 600w, https:\/\/www.yousanusb.com\/wp-content\/uploads\/2025\/10\/MilkyWayClosed_grande-300x300.webp 300w, https:\/\/www.yousanusb.com\/wp-content\/uploads\/2025\/10\/MilkyWayClosed_grande-150x150.webp 150w, https:\/\/www.yousanusb.com\/wp-content\/uploads\/2025\/10\/MilkyWayClosed_grande-12x12.webp 12w, https:\/\/www.yousanusb.com\/wp-content\/uploads\/2025\/10\/MilkyWayClosed_grande-100x100.webp 100w\" sizes=\"(max-width: 600px) 100vw, 600px\" \/><\/figure>\n<\/div>\n\n\n\n<div class=\"wp-block-column is-layout-flow wp-block-column-is-layout-flow\">\n<figure class=\"wp-block-image size-full\"><img loading=\"lazy\" decoding=\"async\" width=\"600\" height=\"600\" src=\"https:\/\/www.yousanusb.com\/wp-content\/uploads\/2025\/10\/JadeTurquoiseClosed_grande.webp\" alt=\"\" class=\"wp-image-20623\" srcset=\"https:\/\/www.yousanusb.com\/wp-content\/uploads\/2025\/10\/JadeTurquoiseClosed_grande.webp 600w, https:\/\/www.yousanusb.com\/wp-content\/uploads\/2025\/10\/JadeTurquoiseClosed_grande-300x300.webp 300w, https:\/\/www.yousanusb.com\/wp-content\/uploads\/2025\/10\/JadeTurquoiseClosed_grande-150x150.webp 150w, https:\/\/www.yousanusb.com\/wp-content\/uploads\/2025\/10\/JadeTurquoiseClosed_grande-12x12.webp 12w, https:\/\/www.yousanusb.com\/wp-content\/uploads\/2025\/10\/JadeTurquoiseClosed_grande-100x100.webp 100w\" sizes=\"(max-width: 600px) 100vw, 600px\" \/><\/figure>\n<\/div>\n<\/div>\n\n\n\n<div class=\"wp-block-columns is-layout-flex wp-container-core-columns-is-layout-3 wp-block-columns-is-layout-flex\">\n<div class=\"wp-block-column is-layout-flow wp-block-column-is-layout-flow\">\n<figure class=\"wp-block-image size-full\"><img loading=\"lazy\" decoding=\"async\" width=\"600\" height=\"600\" src=\"https:\/\/www.yousanusb.com\/wp-content\/uploads\/2025\/10\/HornetClosed_grande.webp\" alt=\"\" class=\"wp-image-20622\" srcset=\"https:\/\/www.yousanusb.com\/wp-content\/uploads\/2025\/10\/HornetClosed_grande.webp 600w, https:\/\/www.yousanusb.com\/wp-content\/uploads\/2025\/10\/HornetClosed_grande-300x300.webp 300w, https:\/\/www.yousanusb.com\/wp-content\/uploads\/2025\/10\/HornetClosed_grande-150x150.webp 150w, https:\/\/www.yousanusb.com\/wp-content\/uploads\/2025\/10\/HornetClosed_grande-12x12.webp 12w, https:\/\/www.yousanusb.com\/wp-content\/uploads\/2025\/10\/HornetClosed_grande-100x100.webp 100w\" sizes=\"(max-width: 600px) 100vw, 600px\" \/><\/figure>\n<\/div>\n\n\n\n<div class=\"wp-block-column is-layout-flow wp-block-column-is-layout-flow\">\n<figure class=\"wp-block-image size-full\"><img loading=\"lazy\" decoding=\"async\" width=\"600\" height=\"600\" src=\"https:\/\/www.yousanusb.com\/wp-content\/uploads\/2025\/10\/GrapeDrinkClosed_grande.webp\" alt=\"\" class=\"wp-image-20621\" srcset=\"https:\/\/www.yousanusb.com\/wp-content\/uploads\/2025\/10\/GrapeDrinkClosed_grande.webp 600w, https:\/\/www.yousanusb.com\/wp-content\/uploads\/2025\/10\/GrapeDrinkClosed_grande-300x300.webp 300w, https:\/\/www.yousanusb.com\/wp-content\/uploads\/2025\/10\/GrapeDrinkClosed_grande-150x150.webp 150w, https:\/\/www.yousanusb.com\/wp-content\/uploads\/2025\/10\/GrapeDrinkClosed_grande-12x12.webp 12w, https:\/\/www.yousanusb.com\/wp-content\/uploads\/2025\/10\/GrapeDrinkClosed_grande-100x100.webp 100w\" sizes=\"(max-width: 600px) 100vw, 600px\" \/><\/figure>\n<\/div>\n\n\n\n<div class=\"wp-block-column is-layout-flow wp-block-column-is-layout-flow\">\n<figure class=\"wp-block-image size-full\"><img loading=\"lazy\" decoding=\"async\" width=\"600\" height=\"600\" src=\"https:\/\/www.yousanusb.com\/wp-content\/uploads\/2025\/10\/CottonCandyClosed_grande.webp\" alt=\"\" class=\"wp-image-20620\" srcset=\"https:\/\/www.yousanusb.com\/wp-content\/uploads\/2025\/10\/CottonCandyClosed_grande.webp 600w, https:\/\/www.yousanusb.com\/wp-content\/uploads\/2025\/10\/CottonCandyClosed_grande-300x300.webp 300w, https:\/\/www.yousanusb.com\/wp-content\/uploads\/2025\/10\/CottonCandyClosed_grande-150x150.webp 150w, https:\/\/www.yousanusb.com\/wp-content\/uploads\/2025\/10\/CottonCandyClosed_grande-12x12.webp 12w, https:\/\/www.yousanusb.com\/wp-content\/uploads\/2025\/10\/CottonCandyClosed_grande-100x100.webp 100w\" sizes=\"(max-width: 600px) 100vw, 600px\" \/><\/figure>\n<\/div>\n<\/div>\n\n\n\n<div class=\"wp-block-columns is-layout-flex wp-container-core-columns-is-layout-4 wp-block-columns-is-layout-flex\">\n<div class=\"wp-block-column is-layout-flow wp-block-column-is-layout-flow\">\n<figure class=\"wp-block-image size-full\"><img loading=\"lazy\" decoding=\"async\" width=\"600\" height=\"600\" src=\"https:\/\/www.yousanusb.com\/wp-content\/uploads\/2025\/10\/CosmicRaveClosed_grande.webp\" alt=\"\" class=\"wp-image-20619\" srcset=\"https:\/\/www.yousanusb.com\/wp-content\/uploads\/2025\/10\/CosmicRaveClosed_grande.webp 600w, https:\/\/www.yousanusb.com\/wp-content\/uploads\/2025\/10\/CosmicRaveClosed_grande-300x300.webp 300w, https:\/\/www.yousanusb.com\/wp-content\/uploads\/2025\/10\/CosmicRaveClosed_grande-150x150.webp 150w, https:\/\/www.yousanusb.com\/wp-content\/uploads\/2025\/10\/CosmicRaveClosed_grande-12x12.webp 12w, https:\/\/www.yousanusb.com\/wp-content\/uploads\/2025\/10\/CosmicRaveClosed_grande-100x100.webp 100w\" sizes=\"(max-width: 600px) 100vw, 600px\" \/><\/figure>\n<\/div>\n\n\n\n<div class=\"wp-block-column is-layout-flow wp-block-column-is-layout-flow\">\n<figure class=\"wp-block-image size-full\"><img loading=\"lazy\" decoding=\"async\" width=\"600\" height=\"600\" src=\"https:\/\/www.yousanusb.com\/wp-content\/uploads\/2025\/10\/CamoClosed_grande.webp\" alt=\"\" class=\"wp-image-20618\" srcset=\"https:\/\/www.yousanusb.com\/wp-content\/uploads\/2025\/10\/CamoClosed_grande.webp 600w, https:\/\/www.yousanusb.com\/wp-content\/uploads\/2025\/10\/CamoClosed_grande-300x300.webp 300w, https:\/\/www.yousanusb.com\/wp-content\/uploads\/2025\/10\/CamoClosed_grande-150x150.webp 150w, https:\/\/www.yousanusb.com\/wp-content\/uploads\/2025\/10\/CamoClosed_grande-12x12.webp 12w, https:\/\/www.yousanusb.com\/wp-content\/uploads\/2025\/10\/CamoClosed_grande-100x100.webp 100w\" sizes=\"(max-width: 600px) 100vw, 600px\" \/><\/figure>\n<\/div>\n\n\n\n<div class=\"wp-block-column is-layout-flow wp-block-column-is-layout-flow\">\n<figure class=\"wp-block-image size-full\"><img loading=\"lazy\" decoding=\"async\" width=\"600\" height=\"600\" src=\"https:\/\/www.yousanusb.com\/wp-content\/uploads\/2025\/10\/BlackMagic_grande.webp\" alt=\"\" class=\"wp-image-20617\" srcset=\"https:\/\/www.yousanusb.com\/wp-content\/uploads\/2025\/10\/BlackMagic_grande.webp 600w, https:\/\/www.yousanusb.com\/wp-content\/uploads\/2025\/10\/BlackMagic_grande-300x300.webp 300w, https:\/\/www.yousanusb.com\/wp-content\/uploads\/2025\/10\/BlackMagic_grande-150x150.webp 150w, https:\/\/www.yousanusb.com\/wp-content\/uploads\/2025\/10\/BlackMagic_grande-12x12.webp 12w, https:\/\/www.yousanusb.com\/wp-content\/uploads\/2025\/10\/BlackMagic_grande-100x100.webp 100w\" sizes=\"(max-width: 600px) 100vw, 600px\" \/><\/figure>\n<\/div>\n<\/div>\n\n\n\n<p>Esta serie de unidades USB cuenta con chips de almacenamiento estables y de alta velocidad y ofrece m\u00faltiples opciones de capacidad: 16 GB, 32 GB, 64 GB y 128 GB. Desde documentos cotidianos hasta v\u00eddeos de alta definici\u00f3n y planos de dise\u00f1o, lo gestiona todo con facilidad.<\/p>\n\n\n\n<p>La interfaz USB ofrece una gran compatibilidad, lo que permite la funcionalidad plug-and-play con ordenadores, impresoras y otros dispositivos sin necesidad de controladores adicionales. Las transferencias de archivos son r\u00e1pidas y estables. Tanto si eres un profesional que necesita una soluci\u00f3n de transferencia fiable como si eres un estudiante que copia materiales y tareas de un curso, esta unidad USB ofrece una experiencia perfecta, combinando eficacia y atractivo est\u00e9tico.<\/p>","protected":false},"excerpt":{"rendered":"<ul>\n<li>Materiales de PVC, impermeables y resistentes a los ara\u00f1azos<\/li>\n<li>Memorias USB de pulsera<\/li>\n<li>M\u00faltiples colores degradados<\/li>\n<li>Logotipo personalizado<\/li>\n<li>MOQ:100pcs<\/li>\n<\/ul>","protected":false},"featured_media":20620,"comment_status":"open","ping_status":"closed","template":"","meta":{"_seopress_robots_primary_cat":"","_seopress_titles_title":"","_seopress_titles_desc":"","_seopress_robots_index":""},"class_list":["post-20606","product","type-product","status-publish","has-post-thumbnail","hentry","product_cat-bracelet-pen-drive","product_cat-custom-usb-drive"],"_links":{"self":[{"href":"https:\/\/www.yousanusb.com\/es\/wp-json\/wp\/v2\/product\/20606"}],"collection":[{"href":"https:\/\/www.yousanusb.com\/es\/wp-json\/wp\/v2\/product"}],"about":[{"href":"https:\/\/www.yousanusb.com\/es\/wp-json\/wp\/v2\/types\/product"}],"replies":[{"embeddable":true,"href":"https:\/\/www.yousanusb.com\/es\/wp-json\/wp\/v2\/comments?post=20606"}],"wp:featuredmedia":[{"embeddable":true,"href":"https:\/\/www.yousanusb.com\/es\/wp-json\/wp\/v2\/media\/20620"}],"wp:attachment":[{"href":"https:\/\/www.yousanusb.com\/es\/wp-json\/wp\/v2\/media?parent=20606"}],"curies":[{"name":"wp","href":"https:\/\/api.w.org\/{rel}","templated":true}]}}