{"id":20632,"date":"2025-10-13T06:19:36","date_gmt":"2025-10-13T06:19:36","guid":{"rendered":"https:\/\/www.yousanusb.com\/?post_type=product&#038;p=20632"},"modified":"2025-11-13T13:01:23","modified_gmt":"2025-11-13T13:01:23","slug":"the-smallest-usb-flash-drive","status":"publish","type":"product","link":"https:\/\/www.yousanusb.com\/es\/producto\/the-smallest-usb-flash-drive\/","title":{"rendered":"la unidad flash usb m\u00e1s peque\u00f1a"},"content":{"rendered":"<div class=\"wp-block-columns is-layout-flex wp-container-core-columns-is-layout-1 wp-block-columns-is-layout-flex\">\n<div class=\"wp-block-column is-layout-flow wp-block-column-is-layout-flow\">\n<figure class=\"wp-block-image size-full\"><img fetchpriority=\"high\" decoding=\"async\" width=\"1024\" height=\"1024\" src=\"https:\/\/www.yousanusb.com\/wp-content\/uploads\/2025\/10\/the-smallest-usb-flash-drive.jpg\" alt=\"the-smallest-usb-flash-drive\" class=\"wp-image-20637\" srcset=\"https:\/\/www.yousanusb.com\/wp-content\/uploads\/2025\/10\/the-smallest-usb-flash-drive.jpg 1024w, https:\/\/www.yousanusb.com\/wp-content\/uploads\/2025\/10\/the-smallest-usb-flash-drive-300x300.jpg 300w, https:\/\/www.yousanusb.com\/wp-content\/uploads\/2025\/10\/the-smallest-usb-flash-drive-150x150.jpg 150w, https:\/\/www.yousanusb.com\/wp-content\/uploads\/2025\/10\/the-smallest-usb-flash-drive-768x768.jpg 768w, https:\/\/www.yousanusb.com\/wp-content\/uploads\/2025\/10\/the-smallest-usb-flash-drive-12x12.jpg 12w, https:\/\/www.yousanusb.com\/wp-content\/uploads\/2025\/10\/the-smallest-usb-flash-drive-600x600.jpg 600w, https:\/\/www.yousanusb.com\/wp-content\/uploads\/2025\/10\/the-smallest-usb-flash-drive-100x100.jpg 100w\" sizes=\"(max-width: 1024px) 100vw, 1024px\" \/><\/figure>\n<\/div>\n\n\n\n<div class=\"wp-block-column is-vertically-aligned-center is-layout-flow wp-block-column-is-layout-flow\">\n<p>Esta unidad USB negra, tambi\u00e9n conocida como \"Mosquito USB\", afirma ser la unidad flash USB-C m\u00e1s peque\u00f1a del mundo, con solo 10,6\u00d720\u00d713,5 mm -aproximadamente el tama\u00f1o de dos monedas de 1 yuan apiladas- y un peso de tan solo 2,8 gramos. Su carcasa de pl\u00e1stico suele ser negra.<\/p>\n<\/div>\n<\/div>\n\n\n\n<p>Esta unidad en miniatura cuenta con una carcasa de metal fundido a presi\u00f3n integrada con un acabado arenado mate que resiste las huellas dactilares y los ara\u00f1azos. Su mecanismo deslizante sin tapa (similar al dise\u00f1o de la Kioxia U365) elimina la molestia de perder las tapas. Algunos modelos incorporan un orificio oculto para llavero (como la unidad USB Vector Bid), lo que permite engancharlo a un llavero sin que apenas ocupe espacio, eliminando la frustraci\u00f3n de \"llevarlo pero olvidarlo\".<\/p>\n\n\n\n<div class=\"wp-block-columns is-layout-flex wp-container-core-columns-is-layout-2 wp-block-columns-is-layout-flex\">\n<div class=\"wp-block-column is-layout-flow wp-block-column-is-layout-flow\">\n<figure class=\"wp-block-image size-full\"><img decoding=\"async\" width=\"800\" height=\"800\" src=\"https:\/\/www.yousanusb.com\/wp-content\/uploads\/2025\/10\/the-black-smallest-usb-flash-drive.jpg\" alt=\"the-black-smallest-usb-flash-drive\" class=\"wp-image-20636\" srcset=\"https:\/\/www.yousanusb.com\/wp-content\/uploads\/2025\/10\/the-black-smallest-usb-flash-drive.jpg 800w, https:\/\/www.yousanusb.com\/wp-content\/uploads\/2025\/10\/the-black-smallest-usb-flash-drive-300x300.jpg 300w, https:\/\/www.yousanusb.com\/wp-content\/uploads\/2025\/10\/the-black-smallest-usb-flash-drive-150x150.jpg 150w, https:\/\/www.yousanusb.com\/wp-content\/uploads\/2025\/10\/the-black-smallest-usb-flash-drive-768x768.jpg 768w, https:\/\/www.yousanusb.com\/wp-content\/uploads\/2025\/10\/the-black-smallest-usb-flash-drive-12x12.jpg 12w, https:\/\/www.yousanusb.com\/wp-content\/uploads\/2025\/10\/the-black-smallest-usb-flash-drive-600x600.jpg 600w, https:\/\/www.yousanusb.com\/wp-content\/uploads\/2025\/10\/the-black-smallest-usb-flash-drive-100x100.jpg 100w\" sizes=\"(max-width: 800px) 100vw, 800px\" \/><\/figure>\n<\/div>\n\n\n\n<div class=\"wp-block-column is-layout-flow wp-block-column-is-layout-flow\">\n<figure class=\"wp-block-image size-full\"><img decoding=\"async\" width=\"800\" height=\"800\" src=\"https:\/\/www.yousanusb.com\/wp-content\/uploads\/2025\/10\/mini-usb-flash-drive.jpg\" alt=\"unidad flash mini-usb\" class=\"wp-image-20635\" srcset=\"https:\/\/www.yousanusb.com\/wp-content\/uploads\/2025\/10\/mini-usb-flash-drive.jpg 800w, https:\/\/www.yousanusb.com\/wp-content\/uploads\/2025\/10\/mini-usb-flash-drive-300x300.jpg 300w, https:\/\/www.yousanusb.com\/wp-content\/uploads\/2025\/10\/mini-usb-flash-drive-150x150.jpg 150w, https:\/\/www.yousanusb.com\/wp-content\/uploads\/2025\/10\/mini-usb-flash-drive-768x768.jpg 768w, https:\/\/www.yousanusb.com\/wp-content\/uploads\/2025\/10\/mini-usb-flash-drive-12x12.jpg 12w, https:\/\/www.yousanusb.com\/wp-content\/uploads\/2025\/10\/mini-usb-flash-drive-600x600.jpg 600w, https:\/\/www.yousanusb.com\/wp-content\/uploads\/2025\/10\/mini-usb-flash-drive-100x100.jpg 100w\" sizes=\"(max-width: 800px) 100vw, 800px\" \/><\/figure>\n<\/div>\n<\/div>\n\n\n\n<p>Las capacidades van de 1 GB a 512 GB: - Los modelos compactos de 1 a 8 GB son ideales para almacenar documentos de puja o archivos de audio del coche. - Los modelos de alta capacidad de 128-512 GB pueden almacenar miles de fotos RAW o docenas de horas de v\u00eddeo HD.<\/p>","protected":false},"excerpt":{"rendered":"<ul>\n<li>estilo mini<\/li>\n<li>la unidad flash usb m\u00e1s peque\u00f1a<\/li>\n<li>negro y rojo<\/li>\n<li>logo cutom<\/li>\n<li>para coche musci usb drive<\/li>\n<\/ul>","protected":false},"featured_media":20637,"comment_status":"open","ping_status":"closed","template":"","meta":{"_seopress_robots_primary_cat":"none","_seopress_titles_title":"the smallest usb flash drive manufacturer in China- custom mini usb","_seopress_titles_desc":"This black USB drive, also known as the \u201cMosquito USB,\u201d claims to be the world's smallest USB-C flash drive at just 10.6\u00d720\u00d713.5 mm\u2014roughly the size of two stacked 1-yuan coins\u2014and weighs only 2.8 grams. Its plastic casing typically comes in black.","_seopress_robots_index":""},"class_list":["post-20632","product","type-product","status-publish","has-post-thumbnail","hentry","product_cat-mini-usb-flash-drive"],"_links":{"self":[{"href":"https:\/\/www.yousanusb.com\/es\/wp-json\/wp\/v2\/product\/20632"}],"collection":[{"href":"https:\/\/www.yousanusb.com\/es\/wp-json\/wp\/v2\/product"}],"about":[{"href":"https:\/\/www.yousanusb.com\/es\/wp-json\/wp\/v2\/types\/product"}],"replies":[{"embeddable":true,"href":"https:\/\/www.yousanusb.com\/es\/wp-json\/wp\/v2\/comments?post=20632"}],"wp:featuredmedia":[{"embeddable":true,"href":"https:\/\/www.yousanusb.com\/es\/wp-json\/wp\/v2\/media\/20637"}],"wp:attachment":[{"href":"https:\/\/www.yousanusb.com\/es\/wp-json\/wp\/v2\/media?parent=20632"}],"curies":[{"name":"wp","href":"https:\/\/api.w.org\/{rel}","templated":true}]}}