{"id":20638,"date":"2025-10-13T10:07:00","date_gmt":"2025-10-13T10:07:00","guid":{"rendered":"https:\/\/www.yousanusb.com\/?post_type=product&#038;p=20638"},"modified":"2025-10-13T11:00:25","modified_gmt":"2025-10-13T11:00:25","slug":"silicone-wristband-usb-flah-drive","status":"publish","type":"product","link":"https:\/\/www.yousanusb.com\/es\/producto\/silicone-wristband-usb-flah-drive\/","title":{"rendered":"Pulsera de silicona usb flah drive"},"content":{"rendered":"<p>Esta unidad USB con pulsera de silicona rompe con los fr\u00edos dise\u00f1os met\u00e1licos o de pl\u00e1stico liso de las unidades USB tradicionales. Incorpora el chip de almacenamiento en una suave pulsera de silicona. Con un precio asequible y un tacto de primera calidad, es un obsequio promocional ideal para que las empresas lo presenten a sus clientes.<br><\/p>\n\n\n\n<div class=\"wp-block-columns is-layout-flex wp-container-core-columns-is-layout-1 wp-block-columns-is-layout-flex\">\n<div class=\"wp-block-column is-layout-flow wp-block-column-is-layout-flow\">\n<figure class=\"wp-block-image size-full\"><img fetchpriority=\"high\" decoding=\"async\" width=\"800\" height=\"800\" src=\"https:\/\/www.yousanusb.com\/wp-content\/uploads\/2025\/10\/Silicone-Wristband-USB-Flash-Drive.png\" alt=\"\" class=\"wp-image-20645\" srcset=\"https:\/\/www.yousanusb.com\/wp-content\/uploads\/2025\/10\/Silicone-Wristband-USB-Flash-Drive.png 800w, https:\/\/www.yousanusb.com\/wp-content\/uploads\/2025\/10\/Silicone-Wristband-USB-Flash-Drive-300x300.png 300w, https:\/\/www.yousanusb.com\/wp-content\/uploads\/2025\/10\/Silicone-Wristband-USB-Flash-Drive-150x150.png 150w, https:\/\/www.yousanusb.com\/wp-content\/uploads\/2025\/10\/Silicone-Wristband-USB-Flash-Drive-768x768.png 768w, https:\/\/www.yousanusb.com\/wp-content\/uploads\/2025\/10\/Silicone-Wristband-USB-Flash-Drive-12x12.png 12w, https:\/\/www.yousanusb.com\/wp-content\/uploads\/2025\/10\/Silicone-Wristband-USB-Flash-Drive-600x600.png 600w, https:\/\/www.yousanusb.com\/wp-content\/uploads\/2025\/10\/Silicone-Wristband-USB-Flash-Drive-100x100.png 100w\" sizes=\"(max-width: 800px) 100vw, 800px\" \/><\/figure>\n<\/div>\n\n\n\n<div class=\"wp-block-column is-layout-flow wp-block-column-is-layout-flow\">\n<p>La unidad USB con pulsera de silicona rompe con los fr\u00edos dise\u00f1os met\u00e1licos o de pl\u00e1stico liso de las unidades USB tradicionales. Incorpora el chip de almacenamiento en una suave pulsera de silicona, con un aspecto que recuerda al de un monitor de fitness minimalista:<br>Disponible en una amplia gama de colores, cada uno con una saturaci\u00f3n perfectamente equilibrada. El material de silicona presenta un acabado \"mate suave al tacto\" que conserva los tonos vivos sin parecer barato;<\/p>\n\n\n\n<p>La pulsera es de silicona el\u00e1stica, resistente al agua, a los ara\u00f1azos y a la flexi\u00f3n. Se ajusta perfectamente sin apretar, lo que hace que la unidad USB sea pr\u00e1cticamente \"invisible\" durante el uso diario, sin molestos bultos. Cuando la necesites, s\u00f3lo tienes que tirar suavemente de ella para descubrir el puerto USB y disfrutar de un funcionamiento suave y satisfactorio.<\/p>\n<\/div>\n<\/div>\n\n\n\n<div class=\"wp-block-columns is-layout-flex wp-container-core-columns-is-layout-2 wp-block-columns-is-layout-flex\">\n<div class=\"wp-block-column is-vertically-aligned-center is-layout-flow wp-block-column-is-layout-flow\">\n<p>Este dise\u00f1o \"ponible\" transforma por completo la unidad USB, que pasa de ser una mera herramienta a un elegante accesorio que tambi\u00e9n sirve como almacenamiento.<\/p>\n\n\n\n<p>Esta unidad USB de pulsera de silicona incorpora chips de memoria flash de alta velocidad y ofrece m\u00faltiples opciones de capacidad, desde 8 GB hasta 128 GB. Ya sea para almacenar documentos de trabajo, presentaciones de clase, fotos de alta definici\u00f3n o v\u00eddeos cortos, puede albergarlo todo con un solo clic. Su interfaz USB es compatible con los principales dispositivos (ordenadores, impresoras e incluso algunos televisores inteligentes), lo que permite la funcionalidad plug-and-play. Con velocidades de transferencia estables, gestiona archivos de gran tama\u00f1o con rapidez, equilibrando estilo y sustancia.<\/p>\n<\/div>\n\n\n\n<div class=\"wp-block-column is-vertically-aligned-center is-layout-flow wp-block-column-is-layout-flow\">\n<figure class=\"wp-block-image size-full is-resized\"><img decoding=\"async\" width=\"800\" height=\"800\" src=\"https:\/\/www.yousanusb.com\/wp-content\/uploads\/2025\/10\/china-silicone-wristband-usb-flash-drive-factory.png\" alt=\"\" class=\"wp-image-20643\" style=\"width:441px;height:auto\" srcset=\"https:\/\/www.yousanusb.com\/wp-content\/uploads\/2025\/10\/china-silicone-wristband-usb-flash-drive-factory.png 800w, https:\/\/www.yousanusb.com\/wp-content\/uploads\/2025\/10\/china-silicone-wristband-usb-flash-drive-factory-300x300.png 300w, https:\/\/www.yousanusb.com\/wp-content\/uploads\/2025\/10\/china-silicone-wristband-usb-flash-drive-factory-150x150.png 150w, https:\/\/www.yousanusb.com\/wp-content\/uploads\/2025\/10\/china-silicone-wristband-usb-flash-drive-factory-768x768.png 768w, https:\/\/www.yousanusb.com\/wp-content\/uploads\/2025\/10\/china-silicone-wristband-usb-flash-drive-factory-12x12.png 12w, https:\/\/www.yousanusb.com\/wp-content\/uploads\/2025\/10\/china-silicone-wristband-usb-flash-drive-factory-600x600.png 600w, https:\/\/www.yousanusb.com\/wp-content\/uploads\/2025\/10\/china-silicone-wristband-usb-flash-drive-factory-100x100.png 100w\" sizes=\"(max-width: 800px) 100vw, 800px\" \/><\/figure>\n<\/div>\n<\/div>\n\n\n\n<h2 class=\"wp-block-heading\">Dise\u00f1o de dos conectores distintos<\/h2>\n\n\n\n<p>Esta unidad USB presenta dos dise\u00f1os de conector distintos: ovalado y rectangular. Env\u00ede un mensaje a nuestro equipo de atenci\u00f3n al cliente para especificar su estilo preferido.<br><\/p>\n\n\n\n<div class=\"wp-block-columns is-layout-flex wp-container-core-columns-is-layout-3 wp-block-columns-is-layout-flex\">\n<div class=\"wp-block-column is-layout-flow wp-block-column-is-layout-flow\"><div class=\"wp-block-image\">\n<figure class=\"aligncenter size-full\"><img decoding=\"async\" width=\"800\" height=\"800\" src=\"https:\/\/www.yousanusb.com\/wp-content\/uploads\/2025\/10\/bulk-silicone-wristband-usb-flash-drive.png\" alt=\"\" class=\"wp-image-20641\" srcset=\"https:\/\/www.yousanusb.com\/wp-content\/uploads\/2025\/10\/bulk-silicone-wristband-usb-flash-drive.png 800w, https:\/\/www.yousanusb.com\/wp-content\/uploads\/2025\/10\/bulk-silicone-wristband-usb-flash-drive-300x300.png 300w, https:\/\/www.yousanusb.com\/wp-content\/uploads\/2025\/10\/bulk-silicone-wristband-usb-flash-drive-150x150.png 150w, https:\/\/www.yousanusb.com\/wp-content\/uploads\/2025\/10\/bulk-silicone-wristband-usb-flash-drive-768x768.png 768w, https:\/\/www.yousanusb.com\/wp-content\/uploads\/2025\/10\/bulk-silicone-wristband-usb-flash-drive-12x12.png 12w, https:\/\/www.yousanusb.com\/wp-content\/uploads\/2025\/10\/bulk-silicone-wristband-usb-flash-drive-600x600.png 600w, https:\/\/www.yousanusb.com\/wp-content\/uploads\/2025\/10\/bulk-silicone-wristband-usb-flash-drive-100x100.png 100w\" sizes=\"(max-width: 800px) 100vw, 800px\" \/><figcaption class=\"wp-element-caption\">Pulsera de silicona rectangular usb flash drive<\/figcaption><\/figure><\/div><\/div>\n\n\n\n<div class=\"wp-block-column is-layout-flow wp-block-column-is-layout-flow\"><div class=\"wp-block-image\">\n<figure class=\"aligncenter size-full\"><img loading=\"lazy\" decoding=\"async\" width=\"800\" height=\"800\" src=\"https:\/\/www.yousanusb.com\/wp-content\/uploads\/2025\/10\/china-silicone-wristband-usb-flash-drive.png\" alt=\"\" class=\"wp-image-20644\" srcset=\"https:\/\/www.yousanusb.com\/wp-content\/uploads\/2025\/10\/china-silicone-wristband-usb-flash-drive.png 800w, https:\/\/www.yousanusb.com\/wp-content\/uploads\/2025\/10\/china-silicone-wristband-usb-flash-drive-300x300.png 300w, https:\/\/www.yousanusb.com\/wp-content\/uploads\/2025\/10\/china-silicone-wristband-usb-flash-drive-150x150.png 150w, https:\/\/www.yousanusb.com\/wp-content\/uploads\/2025\/10\/china-silicone-wristband-usb-flash-drive-768x768.png 768w, https:\/\/www.yousanusb.com\/wp-content\/uploads\/2025\/10\/china-silicone-wristband-usb-flash-drive-12x12.png 12w, https:\/\/www.yousanusb.com\/wp-content\/uploads\/2025\/10\/china-silicone-wristband-usb-flash-drive-600x600.png 600w, https:\/\/www.yousanusb.com\/wp-content\/uploads\/2025\/10\/china-silicone-wristband-usb-flash-drive-100x100.png 100w\" sizes=\"(max-width: 800px) 100vw, 800px\" \/><figcaption class=\"wp-element-caption\">Pulsera de silicona ovalada unidad flash USB<\/figcaption><\/figure><\/div><\/div>\n<\/div>","protected":false},"excerpt":{"rendered":"<ul>\n<li>Materiales de silicona<\/li>\n<li>Memoria USB con forma de pulsera<\/li>\n<li>Mu\u00f1equera fina<\/li>\n<li>Logotipo personalizado<\/li>\n<li>MOQ:100pcs<\/li>\n<\/ul>","protected":false},"featured_media":20641,"comment_status":"open","ping_status":"closed","template":"","meta":{"_seopress_robots_primary_cat":"","_seopress_titles_title":"","_seopress_titles_desc":"","_seopress_robots_index":""},"class_list":["post-20638","product","type-product","status-publish","has-post-thumbnail","hentry","product_cat-bracelet-pen-drive"],"_links":{"self":[{"href":"https:\/\/www.yousanusb.com\/es\/wp-json\/wp\/v2\/product\/20638"}],"collection":[{"href":"https:\/\/www.yousanusb.com\/es\/wp-json\/wp\/v2\/product"}],"about":[{"href":"https:\/\/www.yousanusb.com\/es\/wp-json\/wp\/v2\/types\/product"}],"replies":[{"embeddable":true,"href":"https:\/\/www.yousanusb.com\/es\/wp-json\/wp\/v2\/comments?post=20638"}],"wp:featuredmedia":[{"embeddable":true,"href":"https:\/\/www.yousanusb.com\/es\/wp-json\/wp\/v2\/media\/20641"}],"wp:attachment":[{"href":"https:\/\/www.yousanusb.com\/es\/wp-json\/wp\/v2\/media?parent=20638"}],"curies":[{"name":"wp","href":"https:\/\/api.w.org\/{rel}","templated":true}]}}