{"id":20646,"date":"2025-10-13T10:58:13","date_gmt":"2025-10-13T10:58:13","guid":{"rendered":"https:\/\/www.yousanusb.com\/?post_type=product&#038;p=20646"},"modified":"2025-10-13T10:59:49","modified_gmt":"2025-10-13T10:59:49","slug":"ladys-silicone-wristband-usb-flash-drive","status":"publish","type":"product","link":"https:\/\/www.yousanusb.com\/es\/producto\/ladys-silicone-wristband-usb-flash-drive\/","title":{"rendered":"pulsera de silicona para mujer usb flash drive"},"content":{"rendered":"<div class=\"wp-block-columns is-layout-flex wp-container-core-columns-is-layout-1 wp-block-columns-is-layout-flex\">\n<div class=\"wp-block-column is-layout-flow wp-block-column-is-layout-flow\">\n<figure class=\"wp-block-image size-full\"><img fetchpriority=\"high\" decoding=\"async\" width=\"800\" height=\"800\" src=\"https:\/\/www.yousanusb.com\/wp-content\/uploads\/2025\/10\/silicone-wristband-usb-flash-drive-1.png\" alt=\"\" class=\"wp-image-20650\" srcset=\"https:\/\/www.yousanusb.com\/wp-content\/uploads\/2025\/10\/silicone-wristband-usb-flash-drive-1.png 800w, https:\/\/www.yousanusb.com\/wp-content\/uploads\/2025\/10\/silicone-wristband-usb-flash-drive-1-300x300.png 300w, https:\/\/www.yousanusb.com\/wp-content\/uploads\/2025\/10\/silicone-wristband-usb-flash-drive-1-150x150.png 150w, https:\/\/www.yousanusb.com\/wp-content\/uploads\/2025\/10\/silicone-wristband-usb-flash-drive-1-768x768.png 768w, https:\/\/www.yousanusb.com\/wp-content\/uploads\/2025\/10\/silicone-wristband-usb-flash-drive-1-12x12.png 12w, https:\/\/www.yousanusb.com\/wp-content\/uploads\/2025\/10\/silicone-wristband-usb-flash-drive-1-600x600.png 600w, https:\/\/www.yousanusb.com\/wp-content\/uploads\/2025\/10\/silicone-wristband-usb-flash-drive-1-100x100.png 100w\" sizes=\"(max-width: 800px) 100vw, 800px\" \/><\/figure>\n<\/div>\n\n\n\n<div class=\"wp-block-column is-vertically-aligned-center is-layout-flow wp-block-column-is-layout-flow\">\n<p>Esta unidad USB con pulsera de silicona est\u00e1 dise\u00f1ada espec\u00edficamente para mujeres y combina la funcionalidad digital con un estilo moderno. Fabricada en silicona suave y respetuosa con la piel, la pulsera se ajusta perfectamente como un delicado brazalete, ofreciendo un uso c\u00f3modo y sin restricciones. Resuelve el problema habitual de la p\u00e9rdida de memorias USB y, al mismo tiempo, se convierte en un accesorio elegante que complementa tu vestimenta. Ll\u00e9vela en la mu\u00f1eca para ir al trabajo o al trabajo, y acceda a ella c\u00f3modamente siempre que lo necesite. Cuando salga de compras, le servir\u00e1 como pieza decorativa, a\u00f1adiendo un toque de juguetona sofisticaci\u00f3n a su look y mostrando una refinada elegancia.<\/p>\n<\/div>\n<\/div>\n\n\n\n<p>El dise\u00f1o impreso en el puerto USB es igualmente ingenioso, con colores vibrantes y patrones distintivos, ya sea adornado con s\u00edmbolos personalizados o infundido con elementos creativos, transformando instant\u00e1neamente el dispositivo digital una vez mon\u00f3tono en una pieza de declaraci\u00f3n, al igual que un accesorio compacto y personalizado. Mientras tanto, su funcionalidad de almacenamiento sigue siendo estable y fiable, salvaguardando de forma segura y c\u00f3moda todo tipo de datos. Esta combinaci\u00f3n perfecta de elegancia y almacenamiento eficaz lo convierte en una elecci\u00f3n muy meditada para la vida digital de las mujeres, una fusi\u00f3n perfecta de est\u00e9tica y funcionalidad.<\/p>\n\n\n\n<div class=\"wp-block-columns is-layout-flex wp-container-core-columns-is-layout-2 wp-block-columns-is-layout-flex\">\n<div class=\"wp-block-column is-layout-flow wp-block-column-is-layout-flow\">\n<figure class=\"wp-block-image size-full\"><img decoding=\"async\" width=\"800\" height=\"800\" src=\"https:\/\/www.yousanusb.com\/wp-content\/uploads\/2025\/10\/custom-silicone-wristband-usb-drive.png\" alt=\"\" class=\"wp-image-20649\" srcset=\"https:\/\/www.yousanusb.com\/wp-content\/uploads\/2025\/10\/custom-silicone-wristband-usb-drive.png 800w, https:\/\/www.yousanusb.com\/wp-content\/uploads\/2025\/10\/custom-silicone-wristband-usb-drive-300x300.png 300w, https:\/\/www.yousanusb.com\/wp-content\/uploads\/2025\/10\/custom-silicone-wristband-usb-drive-150x150.png 150w, https:\/\/www.yousanusb.com\/wp-content\/uploads\/2025\/10\/custom-silicone-wristband-usb-drive-768x768.png 768w, https:\/\/www.yousanusb.com\/wp-content\/uploads\/2025\/10\/custom-silicone-wristband-usb-drive-12x12.png 12w, https:\/\/www.yousanusb.com\/wp-content\/uploads\/2025\/10\/custom-silicone-wristband-usb-drive-600x600.png 600w, https:\/\/www.yousanusb.com\/wp-content\/uploads\/2025\/10\/custom-silicone-wristband-usb-drive-100x100.png 100w\" sizes=\"(max-width: 800px) 100vw, 800px\" \/><\/figure>\n<\/div>\n\n\n\n<div class=\"wp-block-column is-layout-flow wp-block-column-is-layout-flow\">\n<figure class=\"wp-block-image size-full\"><img decoding=\"async\" width=\"800\" height=\"800\" src=\"https:\/\/www.yousanusb.com\/wp-content\/uploads\/2025\/10\/wristband-usb-drive-1.png\" alt=\"\" class=\"wp-image-20651\" srcset=\"https:\/\/www.yousanusb.com\/wp-content\/uploads\/2025\/10\/wristband-usb-drive-1.png 800w, https:\/\/www.yousanusb.com\/wp-content\/uploads\/2025\/10\/wristband-usb-drive-1-300x300.png 300w, https:\/\/www.yousanusb.com\/wp-content\/uploads\/2025\/10\/wristband-usb-drive-1-150x150.png 150w, https:\/\/www.yousanusb.com\/wp-content\/uploads\/2025\/10\/wristband-usb-drive-1-768x768.png 768w, https:\/\/www.yousanusb.com\/wp-content\/uploads\/2025\/10\/wristband-usb-drive-1-12x12.png 12w, https:\/\/www.yousanusb.com\/wp-content\/uploads\/2025\/10\/wristband-usb-drive-1-600x600.png 600w, https:\/\/www.yousanusb.com\/wp-content\/uploads\/2025\/10\/wristband-usb-drive-1-100x100.png 100w\" sizes=\"(max-width: 800px) 100vw, 800px\" \/><\/figure>\n<\/div>\n<\/div>","protected":false},"excerpt":{"rendered":"<ul>\n<li>Mujeres usb<\/li>\n<li>Mu\u00f1equera de silicona<\/li>\n<li>Logotipo personalizado<\/li>\n<li>OEM<\/li>\n<li>MOQ:100pcs<\/li>\n<\/ul>","protected":false},"featured_media":20650,"comment_status":"open","ping_status":"closed","template":"","meta":{"_seopress_robots_primary_cat":"","_seopress_titles_title":"","_seopress_titles_desc":"","_seopress_robots_index":""},"class_list":["post-20646","product","type-product","status-publish","has-post-thumbnail","hentry","product_cat-bracelet-pen-drive"],"_links":{"self":[{"href":"https:\/\/www.yousanusb.com\/es\/wp-json\/wp\/v2\/product\/20646"}],"collection":[{"href":"https:\/\/www.yousanusb.com\/es\/wp-json\/wp\/v2\/product"}],"about":[{"href":"https:\/\/www.yousanusb.com\/es\/wp-json\/wp\/v2\/types\/product"}],"replies":[{"embeddable":true,"href":"https:\/\/www.yousanusb.com\/es\/wp-json\/wp\/v2\/comments?post=20646"}],"wp:featuredmedia":[{"embeddable":true,"href":"https:\/\/www.yousanusb.com\/es\/wp-json\/wp\/v2\/media\/20650"}],"wp:attachment":[{"href":"https:\/\/www.yousanusb.com\/es\/wp-json\/wp\/v2\/media?parent=20646"}],"curies":[{"name":"wp","href":"https:\/\/api.w.org\/{rel}","templated":true}]}}