{"id":20661,"date":"2025-10-13T11:42:45","date_gmt":"2025-10-13T11:42:45","guid":{"rendered":"https:\/\/www.yousanusb.com\/?post_type=product&#038;p=20661"},"modified":"2025-10-14T05:47:50","modified_gmt":"2025-10-14T05:47:50","slug":"round-metal-key-usb-drive","status":"publish","type":"product","link":"https:\/\/www.yousanusb.com\/es\/producto\/round-metal-key-usb-drive\/","title":{"rendered":"Llave met\u00e1lica redonda Unidad USB"},"content":{"rendered":"<p>Esta unidad USB presenta un dise\u00f1o met\u00e1lico personalizado con un factor de forma exclusivo en forma de llave que resulta compacto y elegante. Su parte superior incluye un orificio circular para llavero que permite engancharlo f\u00e1cilmente a llaveros u otros objetos, lo que facilita su transporte sin que suponga una carga. Disponible en varios colores, como rosa y plata, su aspecto elegante y llamativo combina la practicidad con la est\u00e9tica, a\u00f1adiendo un toque distintivo de personalidad a sus herramientas de almacenamiento.<\/p>\n\n\n\n<div class=\"wp-block-columns is-layout-flex wp-container-core-columns-is-layout-1 wp-block-columns-is-layout-flex\">\n<div class=\"wp-block-column is-layout-flow wp-block-column-is-layout-flow\">\n<figure class=\"wp-block-image size-full\"><img fetchpriority=\"high\" decoding=\"async\" width=\"800\" height=\"800\" src=\"https:\/\/www.yousanusb.com\/wp-content\/uploads\/2025\/10\/pink-Round-Metal-Key-USB-Drive.jpg\" alt=\"Llave met\u00e1lica redonda rosa Unidad USB\" class=\"wp-image-20664\" srcset=\"https:\/\/www.yousanusb.com\/wp-content\/uploads\/2025\/10\/pink-Round-Metal-Key-USB-Drive.jpg 800w, https:\/\/www.yousanusb.com\/wp-content\/uploads\/2025\/10\/pink-Round-Metal-Key-USB-Drive-300x300.jpg 300w, https:\/\/www.yousanusb.com\/wp-content\/uploads\/2025\/10\/pink-Round-Metal-Key-USB-Drive-150x150.jpg 150w, https:\/\/www.yousanusb.com\/wp-content\/uploads\/2025\/10\/pink-Round-Metal-Key-USB-Drive-768x768.jpg 768w, https:\/\/www.yousanusb.com\/wp-content\/uploads\/2025\/10\/pink-Round-Metal-Key-USB-Drive-12x12.jpg 12w, https:\/\/www.yousanusb.com\/wp-content\/uploads\/2025\/10\/pink-Round-Metal-Key-USB-Drive-600x600.jpg 600w, https:\/\/www.yousanusb.com\/wp-content\/uploads\/2025\/10\/pink-Round-Metal-Key-USB-Drive-100x100.jpg 100w\" sizes=\"(max-width: 800px) 100vw, 800px\" \/><\/figure>\n<\/div>\n\n\n\n<div class=\"wp-block-column is-layout-flow wp-block-column-is-layout-flow\">\n<figure class=\"wp-block-image size-full\"><img decoding=\"async\" width=\"800\" height=\"800\" src=\"https:\/\/www.yousanusb.com\/wp-content\/uploads\/2025\/10\/red-Round-Metal-Key-USB-Drive.jpg\" alt=\"\" class=\"wp-image-20665\" srcset=\"https:\/\/www.yousanusb.com\/wp-content\/uploads\/2025\/10\/red-Round-Metal-Key-USB-Drive.jpg 800w, https:\/\/www.yousanusb.com\/wp-content\/uploads\/2025\/10\/red-Round-Metal-Key-USB-Drive-300x300.jpg 300w, https:\/\/www.yousanusb.com\/wp-content\/uploads\/2025\/10\/red-Round-Metal-Key-USB-Drive-150x150.jpg 150w, https:\/\/www.yousanusb.com\/wp-content\/uploads\/2025\/10\/red-Round-Metal-Key-USB-Drive-768x768.jpg 768w, https:\/\/www.yousanusb.com\/wp-content\/uploads\/2025\/10\/red-Round-Metal-Key-USB-Drive-12x12.jpg 12w, https:\/\/www.yousanusb.com\/wp-content\/uploads\/2025\/10\/red-Round-Metal-Key-USB-Drive-600x600.jpg 600w, https:\/\/www.yousanusb.com\/wp-content\/uploads\/2025\/10\/red-Round-Metal-Key-USB-Drive-100x100.jpg 100w\" sizes=\"(max-width: 800px) 100vw, 800px\" \/><\/figure>\n<\/div>\n<\/div>\n\n\n\n<p>La caracter\u00edstica m\u00e1s distintiva es el ojo de cerradura circular de la parte superior. Su dise\u00f1o de tama\u00f1o perfecto no solo permite engancharlo f\u00e1cilmente a llaveros, mochilas y otros objetos para transportarlo de forma ultraconveniente, sino que tambi\u00e9n a\u00f1ade un toque de alegr\u00eda e ingenio al aspecto general.<\/p>\n\n\n\n<div class=\"wp-block-columns is-layout-flex wp-container-core-columns-is-layout-2 wp-block-columns-is-layout-flex\">\n<div class=\"wp-block-column is-layout-flow wp-block-column-is-layout-flow\">\n<figure class=\"wp-block-image size-full\"><img decoding=\"async\" width=\"800\" height=\"800\" src=\"https:\/\/www.yousanusb.com\/wp-content\/uploads\/2025\/10\/silver-Round-Metal-Key-USB-Drive.jpg\" alt=\"\" class=\"wp-image-20667\" srcset=\"https:\/\/www.yousanusb.com\/wp-content\/uploads\/2025\/10\/silver-Round-Metal-Key-USB-Drive.jpg 800w, https:\/\/www.yousanusb.com\/wp-content\/uploads\/2025\/10\/silver-Round-Metal-Key-USB-Drive-300x300.jpg 300w, https:\/\/www.yousanusb.com\/wp-content\/uploads\/2025\/10\/silver-Round-Metal-Key-USB-Drive-150x150.jpg 150w, https:\/\/www.yousanusb.com\/wp-content\/uploads\/2025\/10\/silver-Round-Metal-Key-USB-Drive-768x768.jpg 768w, https:\/\/www.yousanusb.com\/wp-content\/uploads\/2025\/10\/silver-Round-Metal-Key-USB-Drive-12x12.jpg 12w, https:\/\/www.yousanusb.com\/wp-content\/uploads\/2025\/10\/silver-Round-Metal-Key-USB-Drive-600x600.jpg 600w, https:\/\/www.yousanusb.com\/wp-content\/uploads\/2025\/10\/silver-Round-Metal-Key-USB-Drive-100x100.jpg 100w\" sizes=\"(max-width: 800px) 100vw, 800px\" \/><\/figure>\n<\/div>\n\n\n\n<div class=\"wp-block-column is-layout-flow wp-block-column-is-layout-flow\">\n<figure class=\"wp-block-image size-full\"><img loading=\"lazy\" decoding=\"async\" width=\"800\" height=\"800\" src=\"https:\/\/www.yousanusb.com\/wp-content\/uploads\/2025\/10\/Round-Metal-Key-USB-Drive-custom.jpg\" alt=\"\" class=\"wp-image-20666\" srcset=\"https:\/\/www.yousanusb.com\/wp-content\/uploads\/2025\/10\/Round-Metal-Key-USB-Drive-custom.jpg 800w, https:\/\/www.yousanusb.com\/wp-content\/uploads\/2025\/10\/Round-Metal-Key-USB-Drive-custom-300x300.jpg 300w, https:\/\/www.yousanusb.com\/wp-content\/uploads\/2025\/10\/Round-Metal-Key-USB-Drive-custom-150x150.jpg 150w, https:\/\/www.yousanusb.com\/wp-content\/uploads\/2025\/10\/Round-Metal-Key-USB-Drive-custom-768x768.jpg 768w, https:\/\/www.yousanusb.com\/wp-content\/uploads\/2025\/10\/Round-Metal-Key-USB-Drive-custom-12x12.jpg 12w, https:\/\/www.yousanusb.com\/wp-content\/uploads\/2025\/10\/Round-Metal-Key-USB-Drive-custom-600x600.jpg 600w, https:\/\/www.yousanusb.com\/wp-content\/uploads\/2025\/10\/Round-Metal-Key-USB-Drive-custom-100x100.jpg 100w\" sizes=\"(max-width: 800px) 100vw, 800px\" \/><\/figure>\n<\/div>\n<\/div>\n\n\n\n<p>Adem\u00e1s, la superficie de la unidad USB presenta un acabado cepillado con una textura delicada y un brillo lustroso, lo que eleva su calidad y sofisticaci\u00f3n generales. Cuando se ilumina, el patr\u00f3n cepillado crea un efecto visual cautivador, que la convierte tanto en una herramienta pr\u00e1ctica como en un accesorio con estilo.<\/p>","protected":false},"excerpt":{"rendered":"<ul>\n<li>Estilo redondo<\/li>\n<li>Material met\u00e1lico<\/li>\n<li>Unidad USB con forma de llave<\/li>\n<li>Logotipo personalizado<\/li>\n<li>Muchos colores<\/li>\n<\/ul>","protected":false},"featured_media":20664,"comment_status":"open","ping_status":"closed","template":"","meta":{"_seopress_robots_primary_cat":"","_seopress_titles_title":"small Round Metal Key USB Drive","_seopress_titles_desc":"This USB drive features a custom metal design with a uniquely crafted key-shaped form factor that's compact and elegant. Its top includes a circular keyring hole for easy attachment to keychains or other items","_seopress_robots_index":""},"class_list":["post-20661","product","type-product","status-publish","has-post-thumbnail","hentry","product_cat-retractable-usb-flash-drive","product_tag-key-usb-flash-drive"],"_links":{"self":[{"href":"https:\/\/www.yousanusb.com\/es\/wp-json\/wp\/v2\/product\/20661"}],"collection":[{"href":"https:\/\/www.yousanusb.com\/es\/wp-json\/wp\/v2\/product"}],"about":[{"href":"https:\/\/www.yousanusb.com\/es\/wp-json\/wp\/v2\/types\/product"}],"replies":[{"embeddable":true,"href":"https:\/\/www.yousanusb.com\/es\/wp-json\/wp\/v2\/comments?post=20661"}],"wp:featuredmedia":[{"embeddable":true,"href":"https:\/\/www.yousanusb.com\/es\/wp-json\/wp\/v2\/media\/20664"}],"wp:attachment":[{"href":"https:\/\/www.yousanusb.com\/es\/wp-json\/wp\/v2\/media?parent=20661"}],"curies":[{"name":"wp","href":"https:\/\/api.w.org\/{rel}","templated":true}]}}