{"id":20731,"date":"2025-10-14T07:31:34","date_gmt":"2025-10-14T07:31:34","guid":{"rendered":"https:\/\/www.yousanusb.com\/?post_type=product&#038;p=20731"},"modified":"2025-10-14T07:55:10","modified_gmt":"2025-10-14T07:55:10","slug":"bamboo-wood-key-usb-flash-drive","status":"publish","type":"product","link":"https:\/\/www.yousanusb.com\/es\/producto\/bamboo-wood-key-usb-flash-drive\/","title":{"rendered":"Memoria USB Bamboo Wood Key"},"content":{"rendered":"<p><\/p>\n\n\n\n<div class=\"wp-block-columns is-layout-flex wp-container-core-columns-is-layout-1 wp-block-columns-is-layout-flex\">\n<div class=\"wp-block-column is-layout-flow wp-block-column-is-layout-flow\">\n<figure class=\"wp-block-image size-full\"><img fetchpriority=\"high\" decoding=\"async\" width=\"800\" height=\"800\" src=\"https:\/\/www.yousanusb.com\/wp-content\/uploads\/2025\/10\/Wooden-Bamboo-Key-usb-flash-drive.jpg\" alt=\"Llave de madera y bamb\u00fa unidad flash USB\" class=\"wp-image-20740\" srcset=\"https:\/\/www.yousanusb.com\/wp-content\/uploads\/2025\/10\/Wooden-Bamboo-Key-usb-flash-drive.jpg 800w, https:\/\/www.yousanusb.com\/wp-content\/uploads\/2025\/10\/Wooden-Bamboo-Key-usb-flash-drive-300x300.jpg 300w, https:\/\/www.yousanusb.com\/wp-content\/uploads\/2025\/10\/Wooden-Bamboo-Key-usb-flash-drive-150x150.jpg 150w, https:\/\/www.yousanusb.com\/wp-content\/uploads\/2025\/10\/Wooden-Bamboo-Key-usb-flash-drive-768x768.jpg 768w, https:\/\/www.yousanusb.com\/wp-content\/uploads\/2025\/10\/Wooden-Bamboo-Key-usb-flash-drive-12x12.jpg 12w, https:\/\/www.yousanusb.com\/wp-content\/uploads\/2025\/10\/Wooden-Bamboo-Key-usb-flash-drive-600x600.jpg 600w, https:\/\/www.yousanusb.com\/wp-content\/uploads\/2025\/10\/Wooden-Bamboo-Key-usb-flash-drive-100x100.jpg 100w\" sizes=\"(max-width: 800px) 100vw, 800px\" \/><\/figure>\n<\/div>\n\n\n\n<div class=\"wp-block-column is-vertically-aligned-center is-layout-flow wp-block-column-is-layout-flow\">\n<p>Unidad USB Bamboo Key: Impregnado de una esencia fresca y natural, su delicado grano de bamb\u00fa fluye r\u00edtmicamente, ofreciendo una sensaci\u00f3n ligera y aireada. <\/p>\n\n\n\n<p>Unidad USB Maple Key: Con un tono c\u00e1lido y suave y un veteado liso y fluido, irradia un ambiente elegante y acogedor. <\/p>\n\n\n\n<p>La llave USB de nogal tiene un tono profundo y rico, con un veteado texturizado en capas, que desprende un estilo elegante y sofisticado.<\/p>\n<\/div>\n<\/div>\n\n\n\n<p>Cada pieza est\u00e1 fabricada con madera de primera calidad, procesada meticulosamente para conservar el veteado y la textura naturales, al tiempo que se garantiza su durabilidad.<\/p>\n\n\n\n<div class=\"wp-block-columns is-layout-flex wp-container-core-columns-is-layout-2 wp-block-columns-is-layout-flex\">\n<div class=\"wp-block-column is-layout-flow wp-block-column-is-layout-flow\">\n<figure class=\"wp-block-image size-full\"><img decoding=\"async\" width=\"800\" height=\"800\" src=\"https:\/\/www.yousanusb.com\/wp-content\/uploads\/2025\/10\/Wooden-Key-Form-Bamboo-USB-Stick.jpg\" alt=\"Llave de madera Forma Memoria USB de bamb\u00fa\" class=\"wp-image-20741\" srcset=\"https:\/\/www.yousanusb.com\/wp-content\/uploads\/2025\/10\/Wooden-Key-Form-Bamboo-USB-Stick.jpg 800w, https:\/\/www.yousanusb.com\/wp-content\/uploads\/2025\/10\/Wooden-Key-Form-Bamboo-USB-Stick-300x300.jpg 300w, https:\/\/www.yousanusb.com\/wp-content\/uploads\/2025\/10\/Wooden-Key-Form-Bamboo-USB-Stick-150x150.jpg 150w, https:\/\/www.yousanusb.com\/wp-content\/uploads\/2025\/10\/Wooden-Key-Form-Bamboo-USB-Stick-768x768.jpg 768w, https:\/\/www.yousanusb.com\/wp-content\/uploads\/2025\/10\/Wooden-Key-Form-Bamboo-USB-Stick-12x12.jpg 12w, https:\/\/www.yousanusb.com\/wp-content\/uploads\/2025\/10\/Wooden-Key-Form-Bamboo-USB-Stick-600x600.jpg 600w, https:\/\/www.yousanusb.com\/wp-content\/uploads\/2025\/10\/Wooden-Key-Form-Bamboo-USB-Stick-100x100.jpg 100w\" sizes=\"(max-width: 800px) 100vw, 800px\" \/><\/figure>\n<\/div>\n\n\n\n<div class=\"wp-block-column is-layout-flow wp-block-column-is-layout-flow\">\n<figure class=\"wp-block-image size-full\"><img decoding=\"async\" width=\"800\" height=\"800\" src=\"https:\/\/www.yousanusb.com\/wp-content\/uploads\/2025\/10\/Bamboo-Key-Form-USB-Stick.jpg\" alt=\"Memoria USB con forma de llave de bamb\u00fa\" class=\"wp-image-20737\" srcset=\"https:\/\/www.yousanusb.com\/wp-content\/uploads\/2025\/10\/Bamboo-Key-Form-USB-Stick.jpg 800w, https:\/\/www.yousanusb.com\/wp-content\/uploads\/2025\/10\/Bamboo-Key-Form-USB-Stick-300x300.jpg 300w, https:\/\/www.yousanusb.com\/wp-content\/uploads\/2025\/10\/Bamboo-Key-Form-USB-Stick-150x150.jpg 150w, https:\/\/www.yousanusb.com\/wp-content\/uploads\/2025\/10\/Bamboo-Key-Form-USB-Stick-768x768.jpg 768w, https:\/\/www.yousanusb.com\/wp-content\/uploads\/2025\/10\/Bamboo-Key-Form-USB-Stick-12x12.jpg 12w, https:\/\/www.yousanusb.com\/wp-content\/uploads\/2025\/10\/Bamboo-Key-Form-USB-Stick-600x600.jpg 600w, https:\/\/www.yousanusb.com\/wp-content\/uploads\/2025\/10\/Bamboo-Key-Form-USB-Stick-100x100.jpg 100w\" sizes=\"(max-width: 800px) 100vw, 800px\" \/><\/figure>\n<\/div>\n<\/div>\n\n\n\n<p>El dise\u00f1o en forma de llave ofrece un aspecto distintivo y f\u00e1cilmente reconocible. El orificio circular de la parte superior permite engancharlo sin esfuerzo a un llavero, lo que garantiza que la unidad USB le acompa\u00f1e en todo momento. De este modo, no tendr\u00e1 que preocuparse por extraviarla, lo que hace que el almacenamiento de datos y la portabilidad sean c\u00f3modos y elegantes. Representa un accesorio digital creativo que combina a la perfecci\u00f3n elementos naturales con una funcionalidad pr\u00e1ctica.<\/p>\n\n\n\n<div class=\"wp-block-columns is-layout-flex wp-container-core-columns-is-layout-3 wp-block-columns-is-layout-flex\">\n<div class=\"wp-block-column is-layout-flow wp-block-column-is-layout-flow\">\n<figure class=\"wp-block-image size-full\"><img loading=\"lazy\" decoding=\"async\" width=\"800\" height=\"800\" src=\"https:\/\/www.yousanusb.com\/wp-content\/uploads\/2025\/10\/Bamboo-Key-Style-Wooden-USB-Drive.jpg\" alt=\"Memoria USB de madera estilo llave de bamb\u00fa\" class=\"wp-image-20738\" srcset=\"https:\/\/www.yousanusb.com\/wp-content\/uploads\/2025\/10\/Bamboo-Key-Style-Wooden-USB-Drive.jpg 800w, https:\/\/www.yousanusb.com\/wp-content\/uploads\/2025\/10\/Bamboo-Key-Style-Wooden-USB-Drive-300x300.jpg 300w, https:\/\/www.yousanusb.com\/wp-content\/uploads\/2025\/10\/Bamboo-Key-Style-Wooden-USB-Drive-150x150.jpg 150w, https:\/\/www.yousanusb.com\/wp-content\/uploads\/2025\/10\/Bamboo-Key-Style-Wooden-USB-Drive-768x768.jpg 768w, https:\/\/www.yousanusb.com\/wp-content\/uploads\/2025\/10\/Bamboo-Key-Style-Wooden-USB-Drive-12x12.jpg 12w, https:\/\/www.yousanusb.com\/wp-content\/uploads\/2025\/10\/Bamboo-Key-Style-Wooden-USB-Drive-600x600.jpg 600w, https:\/\/www.yousanusb.com\/wp-content\/uploads\/2025\/10\/Bamboo-Key-Style-Wooden-USB-Drive-100x100.jpg 100w\" sizes=\"(max-width: 800px) 100vw, 800px\" \/><\/figure>\n<\/div>\n\n\n\n<div class=\"wp-block-column is-layout-flow wp-block-column-is-layout-flow\">\n<figure class=\"wp-block-image size-full\"><img loading=\"lazy\" decoding=\"async\" width=\"800\" height=\"800\" src=\"https:\/\/www.yousanusb.com\/wp-content\/uploads\/2025\/10\/Wooden-Key-shaped-Bamboo-USB.jpg\" alt=\"Llave de madera de bamb\u00fa USB\" class=\"wp-image-20742\" srcset=\"https:\/\/www.yousanusb.com\/wp-content\/uploads\/2025\/10\/Wooden-Key-shaped-Bamboo-USB.jpg 800w, https:\/\/www.yousanusb.com\/wp-content\/uploads\/2025\/10\/Wooden-Key-shaped-Bamboo-USB-300x300.jpg 300w, https:\/\/www.yousanusb.com\/wp-content\/uploads\/2025\/10\/Wooden-Key-shaped-Bamboo-USB-150x150.jpg 150w, https:\/\/www.yousanusb.com\/wp-content\/uploads\/2025\/10\/Wooden-Key-shaped-Bamboo-USB-768x768.jpg 768w, https:\/\/www.yousanusb.com\/wp-content\/uploads\/2025\/10\/Wooden-Key-shaped-Bamboo-USB-12x12.jpg 12w, https:\/\/www.yousanusb.com\/wp-content\/uploads\/2025\/10\/Wooden-Key-shaped-Bamboo-USB-600x600.jpg 600w, https:\/\/www.yousanusb.com\/wp-content\/uploads\/2025\/10\/Wooden-Key-shaped-Bamboo-USB-100x100.jpg 100w\" sizes=\"(max-width: 800px) 100vw, 800px\" \/><\/figure>\n<\/div>\n<\/div>","protected":false},"excerpt":{"rendered":"<ul>\n<li>Material de bamb\u00fa y madera<\/li>\n<li>Forma de la llave<\/li>\n<li>USB2.0 y USB3.0<\/li>\n<li>Logotipo personalizado<\/li>\n<li>MOQ:100PCS<\/li>\n<\/ul>","protected":false},"featured_media":20740,"comment_status":"open","ping_status":"closed","template":"","meta":{"_seopress_robots_primary_cat":"","_seopress_titles_title":"Bamboo Wood Key USB Flash Drive Manufacturer in China","_seopress_titles_desc":"Bamboo Key USB Drive: Infused with a fresh, natural essence, its delicate bamboo grain flows rhythmically, offering a light, airy feel.","_seopress_robots_index":""},"class_list":["post-20731","product","type-product","status-publish","has-post-thumbnail","hentry","product_cat-retractable-usb-flash-drive","product_cat-wooden-usb-flash-drive","product_tag-wood-key-usb-flash-drive"],"_links":{"self":[{"href":"https:\/\/www.yousanusb.com\/es\/wp-json\/wp\/v2\/product\/20731"}],"collection":[{"href":"https:\/\/www.yousanusb.com\/es\/wp-json\/wp\/v2\/product"}],"about":[{"href":"https:\/\/www.yousanusb.com\/es\/wp-json\/wp\/v2\/types\/product"}],"replies":[{"embeddable":true,"href":"https:\/\/www.yousanusb.com\/es\/wp-json\/wp\/v2\/comments?post=20731"}],"wp:featuredmedia":[{"embeddable":true,"href":"https:\/\/www.yousanusb.com\/es\/wp-json\/wp\/v2\/media\/20740"}],"wp:attachment":[{"href":"https:\/\/www.yousanusb.com\/es\/wp-json\/wp\/v2\/media?parent=20731"}],"curies":[{"name":"wp","href":"https:\/\/api.w.org\/{rel}","templated":true}]}}