{"id":20734,"date":"2025-10-14T07:54:52","date_gmt":"2025-10-14T07:54:52","guid":{"rendered":"https:\/\/www.yousanusb.com\/?post_type=product&#038;p=20734"},"modified":"2025-10-16T01:09:01","modified_gmt":"2025-10-16T01:09:01","slug":"car-key-pvc-usb-flash-drive","status":"publish","type":"product","link":"https:\/\/www.yousanusb.com\/es\/producto\/car-key-pvc-usb-flash-drive\/","title":{"rendered":"Llave de coche personalizada Memoria USB de pl\u00e1stico"},"content":{"rendered":"<p>Esta unidad USB de pl\u00e1stico con forma de llave de coche combina ingeniosamente el almacenamiento digital con la cultura automovil\u00edstica y la promoci\u00f3n de marca a trav\u00e9s de su dise\u00f1o realista de llave de coche, lo que la convierte en un art\u00edculo creativo muy solicitado en el mercado.<\/p>\n\n\n\n<div class=\"wp-block-columns is-layout-flex wp-container-core-columns-is-layout-1 wp-block-columns-is-layout-flex\">\n<div class=\"wp-block-column is-vertically-aligned-center is-layout-flow wp-block-column-is-layout-flow\">\n<figure class=\"wp-block-image size-full\"><img fetchpriority=\"high\" decoding=\"async\" width=\"800\" height=\"800\" src=\"https:\/\/www.yousanusb.com\/wp-content\/uploads\/2025\/10\/lkss-car-key-usb-flash-drive.jpg\" alt=\"\" class=\"wp-image-20748\" srcset=\"https:\/\/www.yousanusb.com\/wp-content\/uploads\/2025\/10\/lkss-car-key-usb-flash-drive.jpg 800w, https:\/\/www.yousanusb.com\/wp-content\/uploads\/2025\/10\/lkss-car-key-usb-flash-drive-300x300.jpg 300w, https:\/\/www.yousanusb.com\/wp-content\/uploads\/2025\/10\/lkss-car-key-usb-flash-drive-150x150.jpg 150w, https:\/\/www.yousanusb.com\/wp-content\/uploads\/2025\/10\/lkss-car-key-usb-flash-drive-768x768.jpg 768w, https:\/\/www.yousanusb.com\/wp-content\/uploads\/2025\/10\/lkss-car-key-usb-flash-drive-12x12.jpg 12w, https:\/\/www.yousanusb.com\/wp-content\/uploads\/2025\/10\/lkss-car-key-usb-flash-drive-600x600.jpg 600w, https:\/\/www.yousanusb.com\/wp-content\/uploads\/2025\/10\/lkss-car-key-usb-flash-drive-100x100.jpg 100w\" sizes=\"(max-width: 800px) 100vw, 800px\" \/><\/figure>\n<\/div>\n\n\n\n<div class=\"wp-block-column is-vertically-aligned-center is-layout-flow wp-block-column-is-layout-flow\">\n<p>Desde el punto de vista de los materiales, est\u00e1 fabricado en pl\u00e1stico. El pl\u00e1stico ofrece por naturaleza una flexibilidad y durabilidad excepcionales, amortiguando eficazmente los impactos de los golpes y apretones durante el transporte diario para proporcionar una protecci\u00f3n completa al chip de almacenamiento interno. Su naturaleza maleable tambi\u00e9n permite reproducir con gran precisi\u00f3n los contornos, las curvas y la textura de una llave de coche real. La construcci\u00f3n ligera de PVC garantiza una portabilidad sin esfuerzo, ya que se desliza f\u00e1cilmente en bolsillos o llaveros sin a\u00f1adir volumen.<\/p>\n\n\n\n<p>Incorpora un chip de almacenamiento estable y de alta velocidad compatible con los protocolos de transferencia USB 2.0 o USB 3.0 (seleccionable en funci\u00f3n de las necesidades). Ya se trate de documentos de oficina, v\u00eddeos de alta definici\u00f3n o m\u00fasica para el coche, permite un almacenamiento y una recuperaci\u00f3n r\u00e1pidos, satisfaciendo diversas demandas de uso para el trabajo diario en la oficina, el entretenimiento en el coche y mucho m\u00e1s. Adem\u00e1s, el producto se somete a rigurosas pruebas de calidad para garantizar un almacenamiento de datos seguro y estable.<br><\/p>\n<\/div>\n<\/div>\n\n\n\n<p>La personalizaci\u00f3n es el aspecto m\u00e1s destacado de esta unidad USB. Desde logotipos ic\u00f3nicos de fabricantes de autom\u00f3viles de renombre como Audi, Mercedes-Benz y BMW hasta elementos de marca corporativa, cada detalle se reproduce con precisi\u00f3n mediante t\u00e9cnicas de impresi\u00f3n o moldeo por inyecci\u00f3n. La saturaci\u00f3n del color y la precisi\u00f3n de los bordes del logotipo se ajustan perfectamente al dise\u00f1o original, satisfaciendo as\u00ed el deseo de los entusiastas de los coches de obtener art\u00edculos exclusivos y proporcionando a las empresas un soporte de marca excepcional. Cuando los clientes utilizan la unidad USB de marca para manejar archivos, la imagen de marca recibe una exposici\u00f3n continua y sutil, lo que amplifica el impacto promocional.<\/p>\n\n\n\n<div class=\"wp-block-columns is-layout-flex wp-container-core-columns-is-layout-4 wp-block-columns-is-layout-flex\">\n<div class=\"wp-block-column is-layout-flow wp-block-column-is-layout-flow\">\n<div class=\"wp-block-columns is-layout-flex wp-container-core-columns-is-layout-2 wp-block-columns-is-layout-flex\">\n<div class=\"wp-block-column is-layout-flow wp-block-column-is-layout-flow\"><div class=\"wp-block-image\">\n<figure class=\"aligncenter size-full\"><img decoding=\"async\" width=\"800\" height=\"800\" src=\"https:\/\/www.yousanusb.com\/wp-content\/uploads\/2025\/10\/audi-car-key-usb-flash-drive.jpg\" alt=\"\" class=\"wp-image-20743\" srcset=\"https:\/\/www.yousanusb.com\/wp-content\/uploads\/2025\/10\/audi-car-key-usb-flash-drive.jpg 800w, https:\/\/www.yousanusb.com\/wp-content\/uploads\/2025\/10\/audi-car-key-usb-flash-drive-300x300.jpg 300w, https:\/\/www.yousanusb.com\/wp-content\/uploads\/2025\/10\/audi-car-key-usb-flash-drive-150x150.jpg 150w, https:\/\/www.yousanusb.com\/wp-content\/uploads\/2025\/10\/audi-car-key-usb-flash-drive-768x768.jpg 768w, https:\/\/www.yousanusb.com\/wp-content\/uploads\/2025\/10\/audi-car-key-usb-flash-drive-12x12.jpg 12w, https:\/\/www.yousanusb.com\/wp-content\/uploads\/2025\/10\/audi-car-key-usb-flash-drive-600x600.jpg 600w, https:\/\/www.yousanusb.com\/wp-content\/uploads\/2025\/10\/audi-car-key-usb-flash-drive-100x100.jpg 100w\" sizes=\"(max-width: 800px) 100vw, 800px\" \/><figcaption class=\"wp-element-caption\">Llave de coche Audi usb drive<\/figcaption><\/figure><\/div><\/div>\n\n\n\n<div class=\"wp-block-column is-layout-flow wp-block-column-is-layout-flow\"><div class=\"wp-block-image\">\n<figure class=\"aligncenter size-full\"><img decoding=\"async\" width=\"800\" height=\"800\" src=\"https:\/\/www.yousanusb.com\/wp-content\/uploads\/2025\/10\/benz-car-key-usb-flash-drive.jpg\" alt=\"\" class=\"wp-image-20744\" srcset=\"https:\/\/www.yousanusb.com\/wp-content\/uploads\/2025\/10\/benz-car-key-usb-flash-drive.jpg 800w, https:\/\/www.yousanusb.com\/wp-content\/uploads\/2025\/10\/benz-car-key-usb-flash-drive-300x300.jpg 300w, https:\/\/www.yousanusb.com\/wp-content\/uploads\/2025\/10\/benz-car-key-usb-flash-drive-150x150.jpg 150w, https:\/\/www.yousanusb.com\/wp-content\/uploads\/2025\/10\/benz-car-key-usb-flash-drive-768x768.jpg 768w, https:\/\/www.yousanusb.com\/wp-content\/uploads\/2025\/10\/benz-car-key-usb-flash-drive-12x12.jpg 12w, https:\/\/www.yousanusb.com\/wp-content\/uploads\/2025\/10\/benz-car-key-usb-flash-drive-600x600.jpg 600w, https:\/\/www.yousanusb.com\/wp-content\/uploads\/2025\/10\/benz-car-key-usb-flash-drive-100x100.jpg 100w\" sizes=\"(max-width: 800px) 100vw, 800px\" \/><figcaption class=\"wp-element-caption\">Llave de coche Benz unidad usb<\/figcaption><\/figure><\/div><\/div>\n<\/div>\n<\/div>\n\n\n\n<div class=\"wp-block-column is-layout-flow wp-block-column-is-layout-flow\">\n<div class=\"wp-block-columns is-layout-flex wp-container-core-columns-is-layout-3 wp-block-columns-is-layout-flex\">\n<div class=\"wp-block-column is-layout-flow wp-block-column-is-layout-flow\"><div class=\"wp-block-image\">\n<figure class=\"aligncenter size-full\"><img loading=\"lazy\" decoding=\"async\" width=\"800\" height=\"800\" src=\"https:\/\/www.yousanusb.com\/wp-content\/uploads\/2025\/10\/bmw-car-key-usb-flash-drive.jpg\" alt=\"\" class=\"wp-image-20745\" srcset=\"https:\/\/www.yousanusb.com\/wp-content\/uploads\/2025\/10\/bmw-car-key-usb-flash-drive.jpg 800w, https:\/\/www.yousanusb.com\/wp-content\/uploads\/2025\/10\/bmw-car-key-usb-flash-drive-300x300.jpg 300w, https:\/\/www.yousanusb.com\/wp-content\/uploads\/2025\/10\/bmw-car-key-usb-flash-drive-150x150.jpg 150w, https:\/\/www.yousanusb.com\/wp-content\/uploads\/2025\/10\/bmw-car-key-usb-flash-drive-768x768.jpg 768w, https:\/\/www.yousanusb.com\/wp-content\/uploads\/2025\/10\/bmw-car-key-usb-flash-drive-12x12.jpg 12w, https:\/\/www.yousanusb.com\/wp-content\/uploads\/2025\/10\/bmw-car-key-usb-flash-drive-600x600.jpg 600w, https:\/\/www.yousanusb.com\/wp-content\/uploads\/2025\/10\/bmw-car-key-usb-flash-drive-100x100.jpg 100w\" sizes=\"(max-width: 800px) 100vw, 800px\" \/><figcaption class=\"wp-element-caption\">BMW llave del coche unidad usb<\/figcaption><\/figure><\/div><\/div>\n\n\n\n<div class=\"wp-block-column is-layout-flow wp-block-column-is-layout-flow\"><div class=\"wp-block-image\">\n<figure class=\"aligncenter size-full\"><img loading=\"lazy\" decoding=\"async\" width=\"800\" height=\"800\" src=\"https:\/\/www.yousanusb.com\/wp-content\/uploads\/2025\/10\/bsj-car-key-usb-flash-drive.jpg\" alt=\"\" class=\"wp-image-20746\" srcset=\"https:\/\/www.yousanusb.com\/wp-content\/uploads\/2025\/10\/bsj-car-key-usb-flash-drive.jpg 800w, https:\/\/www.yousanusb.com\/wp-content\/uploads\/2025\/10\/bsj-car-key-usb-flash-drive-300x300.jpg 300w, https:\/\/www.yousanusb.com\/wp-content\/uploads\/2025\/10\/bsj-car-key-usb-flash-drive-150x150.jpg 150w, https:\/\/www.yousanusb.com\/wp-content\/uploads\/2025\/10\/bsj-car-key-usb-flash-drive-768x768.jpg 768w, https:\/\/www.yousanusb.com\/wp-content\/uploads\/2025\/10\/bsj-car-key-usb-flash-drive-12x12.jpg 12w, https:\/\/www.yousanusb.com\/wp-content\/uploads\/2025\/10\/bsj-car-key-usb-flash-drive-600x600.jpg 600w, https:\/\/www.yousanusb.com\/wp-content\/uploads\/2025\/10\/bsj-car-key-usb-flash-drive-100x100.jpg 100w\" sizes=\"(max-width: 800px) 100vw, 800px\" \/><figcaption class=\"wp-element-caption\">Llave de coche Porsche usb drive<\/figcaption><\/figure><\/div><\/div>\n<\/div>\n<\/div>\n<\/div>\n\n\n\n<div class=\"wp-block-columns is-layout-flex wp-container-core-columns-is-layout-7 wp-block-columns-is-layout-flex\">\n<div class=\"wp-block-column is-layout-flow wp-block-column-is-layout-flow\">\n<div class=\"wp-block-columns is-layout-flex wp-container-core-columns-is-layout-5 wp-block-columns-is-layout-flex\">\n<div class=\"wp-block-column is-layout-flow wp-block-column-is-layout-flow\"><div class=\"wp-block-image\">\n<figure class=\"aligncenter size-full\"><img loading=\"lazy\" decoding=\"async\" width=\"800\" height=\"800\" src=\"https:\/\/www.yousanusb.com\/wp-content\/uploads\/2025\/10\/volvo-car-key-usb-flash-drive.jpg\" alt=\"\" class=\"wp-image-20751\" srcset=\"https:\/\/www.yousanusb.com\/wp-content\/uploads\/2025\/10\/volvo-car-key-usb-flash-drive.jpg 800w, https:\/\/www.yousanusb.com\/wp-content\/uploads\/2025\/10\/volvo-car-key-usb-flash-drive-300x300.jpg 300w, https:\/\/www.yousanusb.com\/wp-content\/uploads\/2025\/10\/volvo-car-key-usb-flash-drive-150x150.jpg 150w, https:\/\/www.yousanusb.com\/wp-content\/uploads\/2025\/10\/volvo-car-key-usb-flash-drive-768x768.jpg 768w, https:\/\/www.yousanusb.com\/wp-content\/uploads\/2025\/10\/volvo-car-key-usb-flash-drive-12x12.jpg 12w, https:\/\/www.yousanusb.com\/wp-content\/uploads\/2025\/10\/volvo-car-key-usb-flash-drive-600x600.jpg 600w, https:\/\/www.yousanusb.com\/wp-content\/uploads\/2025\/10\/volvo-car-key-usb-flash-drive-100x100.jpg 100w\" sizes=\"(max-width: 800px) 100vw, 800px\" \/><figcaption class=\"wp-element-caption\">Llave de coche Volvo usb drive<\/figcaption><\/figure><\/div><\/div>\n\n\n\n<div class=\"wp-block-column is-layout-flow wp-block-column-is-layout-flow\"><div class=\"wp-block-image\">\n<figure class=\"aligncenter size-full\"><img loading=\"lazy\" decoding=\"async\" width=\"800\" height=\"800\" src=\"https:\/\/www.yousanusb.com\/wp-content\/uploads\/2025\/10\/toyta-car-key-usb-flash-drive.jpg\" alt=\"\" class=\"wp-image-20750\" srcset=\"https:\/\/www.yousanusb.com\/wp-content\/uploads\/2025\/10\/toyta-car-key-usb-flash-drive.jpg 800w, https:\/\/www.yousanusb.com\/wp-content\/uploads\/2025\/10\/toyta-car-key-usb-flash-drive-300x300.jpg 300w, https:\/\/www.yousanusb.com\/wp-content\/uploads\/2025\/10\/toyta-car-key-usb-flash-drive-150x150.jpg 150w, https:\/\/www.yousanusb.com\/wp-content\/uploads\/2025\/10\/toyta-car-key-usb-flash-drive-768x768.jpg 768w, https:\/\/www.yousanusb.com\/wp-content\/uploads\/2025\/10\/toyta-car-key-usb-flash-drive-12x12.jpg 12w, https:\/\/www.yousanusb.com\/wp-content\/uploads\/2025\/10\/toyta-car-key-usb-flash-drive-600x600.jpg 600w, https:\/\/www.yousanusb.com\/wp-content\/uploads\/2025\/10\/toyta-car-key-usb-flash-drive-100x100.jpg 100w\" sizes=\"(max-width: 800px) 100vw, 800px\" \/><figcaption class=\"wp-element-caption\">Llave del coche Toyota unidad usb<\/figcaption><\/figure><\/div><\/div>\n<\/div>\n<\/div>\n\n\n\n<div class=\"wp-block-column is-layout-flow wp-block-column-is-layout-flow\">\n<div class=\"wp-block-columns is-layout-flex wp-container-core-columns-is-layout-6 wp-block-columns-is-layout-flex\">\n<div class=\"wp-block-column is-layout-flow wp-block-column-is-layout-flow\"><div class=\"wp-block-image\">\n<figure class=\"aligncenter size-full\"><img loading=\"lazy\" decoding=\"async\" width=\"800\" height=\"800\" src=\"https:\/\/www.yousanusb.com\/wp-content\/uploads\/2025\/10\/mzd-car-key-usb-flash-drive.jpg\" alt=\"\" class=\"wp-image-20749\" srcset=\"https:\/\/www.yousanusb.com\/wp-content\/uploads\/2025\/10\/mzd-car-key-usb-flash-drive.jpg 800w, https:\/\/www.yousanusb.com\/wp-content\/uploads\/2025\/10\/mzd-car-key-usb-flash-drive-300x300.jpg 300w, https:\/\/www.yousanusb.com\/wp-content\/uploads\/2025\/10\/mzd-car-key-usb-flash-drive-150x150.jpg 150w, https:\/\/www.yousanusb.com\/wp-content\/uploads\/2025\/10\/mzd-car-key-usb-flash-drive-768x768.jpg 768w, https:\/\/www.yousanusb.com\/wp-content\/uploads\/2025\/10\/mzd-car-key-usb-flash-drive-12x12.jpg 12w, https:\/\/www.yousanusb.com\/wp-content\/uploads\/2025\/10\/mzd-car-key-usb-flash-drive-600x600.jpg 600w, https:\/\/www.yousanusb.com\/wp-content\/uploads\/2025\/10\/mzd-car-key-usb-flash-drive-100x100.jpg 100w\" sizes=\"(max-width: 800px) 100vw, 800px\" \/><figcaption class=\"wp-element-caption\">Llave de coche Mazda usb drive<\/figcaption><\/figure><\/div><\/div>\n\n\n\n<div class=\"wp-block-column is-layout-flow wp-block-column-is-layout-flow\"><div class=\"wp-block-image\">\n<figure class=\"aligncenter size-full\"><img loading=\"lazy\" decoding=\"async\" width=\"800\" height=\"800\" src=\"https:\/\/www.yousanusb.com\/wp-content\/uploads\/2025\/10\/ford-car-key-usb-drive.jpg\" alt=\"\" class=\"wp-image-20747\" srcset=\"https:\/\/www.yousanusb.com\/wp-content\/uploads\/2025\/10\/ford-car-key-usb-drive.jpg 800w, https:\/\/www.yousanusb.com\/wp-content\/uploads\/2025\/10\/ford-car-key-usb-drive-300x300.jpg 300w, https:\/\/www.yousanusb.com\/wp-content\/uploads\/2025\/10\/ford-car-key-usb-drive-150x150.jpg 150w, https:\/\/www.yousanusb.com\/wp-content\/uploads\/2025\/10\/ford-car-key-usb-drive-768x768.jpg 768w, https:\/\/www.yousanusb.com\/wp-content\/uploads\/2025\/10\/ford-car-key-usb-drive-12x12.jpg 12w, https:\/\/www.yousanusb.com\/wp-content\/uploads\/2025\/10\/ford-car-key-usb-drive-600x600.jpg 600w, https:\/\/www.yousanusb.com\/wp-content\/uploads\/2025\/10\/ford-car-key-usb-drive-100x100.jpg 100w\" sizes=\"(max-width: 800px) 100vw, 800px\" \/><figcaption class=\"wp-element-caption\">Llave de coche Ford unidad usb<\/figcaption><\/figure><\/div><\/div>\n<\/div>\n<\/div>\n<\/div>","protected":false},"excerpt":{"rendered":"<ul>\n<li>Llave de coche simulada 1:1<\/li>\n<li>Logotipos personalizados de varias marcas<\/li>\n<li>USB 2.0\/USB 3.0<\/li>\n<li>Dise\u00f1o gratuito,Muestras gratuitas<\/li>\n<li>MOQ:100pcs<\/li>\n<\/ul>","protected":false},"featured_media":20743,"comment_status":"open","ping_status":"closed","template":"","meta":{"_seopress_robots_primary_cat":"","_seopress_titles_title":"","_seopress_titles_desc":"","_seopress_robots_index":""},"class_list":["post-20734","product","type-product","status-publish","has-post-thumbnail","hentry","product_cat-retractable-usb-flash-drive","product_tag-car-key-flash-drive"],"_links":{"self":[{"href":"https:\/\/www.yousanusb.com\/es\/wp-json\/wp\/v2\/product\/20734"}],"collection":[{"href":"https:\/\/www.yousanusb.com\/es\/wp-json\/wp\/v2\/product"}],"about":[{"href":"https:\/\/www.yousanusb.com\/es\/wp-json\/wp\/v2\/types\/product"}],"replies":[{"embeddable":true,"href":"https:\/\/www.yousanusb.com\/es\/wp-json\/wp\/v2\/comments?post=20734"}],"wp:featuredmedia":[{"embeddable":true,"href":"https:\/\/www.yousanusb.com\/es\/wp-json\/wp\/v2\/media\/20743"}],"wp:attachment":[{"href":"https:\/\/www.yousanusb.com\/es\/wp-json\/wp\/v2\/media?parent=20734"}],"curies":[{"name":"wp","href":"https:\/\/api.w.org\/{rel}","templated":true}]}}