{"id":20752,"date":"2025-10-14T07:52:47","date_gmt":"2025-10-14T07:52:47","guid":{"rendered":"https:\/\/www.yousanusb.com\/?post_type=product&#038;p=20752"},"modified":"2025-10-14T07:55:01","modified_gmt":"2025-10-14T07:55:01","slug":"wooden-key-shaped-usb-flash-drive","status":"publish","type":"product","link":"https:\/\/www.yousanusb.com\/es\/producto\/wooden-key-shaped-usb-flash-drive\/","title":{"rendered":"Memoria USB de madera en forma de llave"},"content":{"rendered":"<p>Las memorias USB Wooden Key no son las t\u00edpicas memorias USB met\u00e1licas. Estas llaves USB de bamb\u00fa y madera presentan texturas de grano de madera natural. La madera pesa la mitad que el metal, por lo que no le pesar\u00e1n en los bolsillos cuando las lleve colgadas del llavero y no har\u00e1n ruido al caer sobre una mesa.<\/p>\n\n\n\n<div class=\"wp-block-columns is-layout-flex wp-container-core-columns-is-layout-1 wp-block-columns-is-layout-flex\">\n<div class=\"wp-block-column is-layout-flow wp-block-column-is-layout-flow\"><div class=\"wp-block-image\">\n<figure class=\"aligncenter size-full\"><img fetchpriority=\"high\" decoding=\"async\" width=\"800\" height=\"800\" src=\"https:\/\/www.yousanusb.com\/wp-content\/uploads\/2025\/10\/wood-key-shaped-usb-flash-drive.jpg\" alt=\"\" class=\"wp-image-20761\" srcset=\"https:\/\/www.yousanusb.com\/wp-content\/uploads\/2025\/10\/wood-key-shaped-usb-flash-drive.jpg 800w, https:\/\/www.yousanusb.com\/wp-content\/uploads\/2025\/10\/wood-key-shaped-usb-flash-drive-300x300.jpg 300w, https:\/\/www.yousanusb.com\/wp-content\/uploads\/2025\/10\/wood-key-shaped-usb-flash-drive-150x150.jpg 150w, https:\/\/www.yousanusb.com\/wp-content\/uploads\/2025\/10\/wood-key-shaped-usb-flash-drive-768x768.jpg 768w, https:\/\/www.yousanusb.com\/wp-content\/uploads\/2025\/10\/wood-key-shaped-usb-flash-drive-12x12.jpg 12w, https:\/\/www.yousanusb.com\/wp-content\/uploads\/2025\/10\/wood-key-shaped-usb-flash-drive-600x600.jpg 600w, https:\/\/www.yousanusb.com\/wp-content\/uploads\/2025\/10\/wood-key-shaped-usb-flash-drive-100x100.jpg 100w\" sizes=\"(max-width: 800px) 100vw, 800px\" \/><figcaption class=\"wp-element-caption\">Memoria USB en forma de llave de madera de arce<\/figcaption><\/figure><\/div><\/div>\n\n\n\n<div class=\"wp-block-column is-layout-flow wp-block-column-is-layout-flow\"><div class=\"wp-block-image\">\n<figure class=\"aligncenter size-full\"><img decoding=\"async\" width=\"800\" height=\"800\" src=\"https:\/\/www.yousanusb.com\/wp-content\/uploads\/2025\/10\/baboo-key-shaped-usb-flash-drive.jpg\" alt=\"\" class=\"wp-image-20758\" srcset=\"https:\/\/www.yousanusb.com\/wp-content\/uploads\/2025\/10\/baboo-key-shaped-usb-flash-drive.jpg 800w, https:\/\/www.yousanusb.com\/wp-content\/uploads\/2025\/10\/baboo-key-shaped-usb-flash-drive-300x300.jpg 300w, https:\/\/www.yousanusb.com\/wp-content\/uploads\/2025\/10\/baboo-key-shaped-usb-flash-drive-150x150.jpg 150w, https:\/\/www.yousanusb.com\/wp-content\/uploads\/2025\/10\/baboo-key-shaped-usb-flash-drive-768x768.jpg 768w, https:\/\/www.yousanusb.com\/wp-content\/uploads\/2025\/10\/baboo-key-shaped-usb-flash-drive-12x12.jpg 12w, https:\/\/www.yousanusb.com\/wp-content\/uploads\/2025\/10\/baboo-key-shaped-usb-flash-drive-600x600.jpg 600w, https:\/\/www.yousanusb.com\/wp-content\/uploads\/2025\/10\/baboo-key-shaped-usb-flash-drive-100x100.jpg 100w\" sizes=\"(max-width: 800px) 100vw, 800px\" \/><figcaption class=\"wp-element-caption\">Memoria USB en forma de llave de madera Baboo<\/figcaption><\/figure><\/div><\/div>\n<\/div>\n\n\n\n<p>Estilo Bamb\u00fa: Granos limpios y claros con una sutil textura nodular bajo los dedos, que desprenden un tenue aroma herbal.Edici\u00f3n Nogal: Su veteado marr\u00f3n intenso irradia lujo. Su textura adquiere un brillo m\u00e1s intenso con el uso, complementando a la perfecci\u00f3n un traje de negocios y un llavero.<\/p>\n\n\n\n<div class=\"wp-block-columns is-layout-flex wp-container-core-columns-is-layout-2 wp-block-columns-is-layout-flex\">\n<div class=\"wp-block-column is-layout-flow wp-block-column-is-layout-flow\">\n<figure class=\"wp-block-image size-full\"><img decoding=\"async\" width=\"800\" height=\"800\" src=\"https:\/\/www.yousanusb.com\/wp-content\/uploads\/2025\/10\/wooden-usb-drive-with-keychain.jpg\" alt=\"\" class=\"wp-image-20763\" srcset=\"https:\/\/www.yousanusb.com\/wp-content\/uploads\/2025\/10\/wooden-usb-drive-with-keychain.jpg 800w, https:\/\/www.yousanusb.com\/wp-content\/uploads\/2025\/10\/wooden-usb-drive-with-keychain-300x300.jpg 300w, https:\/\/www.yousanusb.com\/wp-content\/uploads\/2025\/10\/wooden-usb-drive-with-keychain-150x150.jpg 150w, https:\/\/www.yousanusb.com\/wp-content\/uploads\/2025\/10\/wooden-usb-drive-with-keychain-768x768.jpg 768w, https:\/\/www.yousanusb.com\/wp-content\/uploads\/2025\/10\/wooden-usb-drive-with-keychain-12x12.jpg 12w, https:\/\/www.yousanusb.com\/wp-content\/uploads\/2025\/10\/wooden-usb-drive-with-keychain-600x600.jpg 600w, https:\/\/www.yousanusb.com\/wp-content\/uploads\/2025\/10\/wooden-usb-drive-with-keychain-100x100.jpg 100w\" sizes=\"(max-width: 800px) 100vw, 800px\" \/><\/figure>\n<\/div>\n\n\n\n<div class=\"wp-block-column is-layout-flow wp-block-column-is-layout-flow\">\n<figure class=\"wp-block-image size-full\"><img loading=\"lazy\" decoding=\"async\" width=\"800\" height=\"800\" src=\"https:\/\/www.yousanusb.com\/wp-content\/uploads\/2025\/10\/wooden-usb-flash-drive-with-round-hole.jpg\" alt=\"\" class=\"wp-image-20764\" srcset=\"https:\/\/www.yousanusb.com\/wp-content\/uploads\/2025\/10\/wooden-usb-flash-drive-with-round-hole.jpg 800w, https:\/\/www.yousanusb.com\/wp-content\/uploads\/2025\/10\/wooden-usb-flash-drive-with-round-hole-300x300.jpg 300w, https:\/\/www.yousanusb.com\/wp-content\/uploads\/2025\/10\/wooden-usb-flash-drive-with-round-hole-150x150.jpg 150w, https:\/\/www.yousanusb.com\/wp-content\/uploads\/2025\/10\/wooden-usb-flash-drive-with-round-hole-768x768.jpg 768w, https:\/\/www.yousanusb.com\/wp-content\/uploads\/2025\/10\/wooden-usb-flash-drive-with-round-hole-12x12.jpg 12w, https:\/\/www.yousanusb.com\/wp-content\/uploads\/2025\/10\/wooden-usb-flash-drive-with-round-hole-600x600.jpg 600w, https:\/\/www.yousanusb.com\/wp-content\/uploads\/2025\/10\/wooden-usb-flash-drive-with-round-hole-100x100.jpg 100w\" sizes=\"(max-width: 800px) 100vw, 800px\" \/><\/figure>\n<\/div>\n<\/div>\n\n\n\n<p>Edici\u00f3n Maple: El c\u00e1lido veteado de la madera amarilla, suave como el \u00e1mbar pulido, combina a la perfecci\u00f3n con llaveros de colores claros.<\/p>\n\n\n\n<p>El orificio circular superior se ajusta con precisi\u00f3n a cualquier llavero, eliminando la necesidad de cordones. Guardada en el bolsillo o enganchada al bolso, es un accesorio con estilo. Almacena f\u00e1cilmente materiales de cursos, PPT y fotos de viajes, a la vez que mantiene una velocidad de transferencia decente. \u00bfLa mayor sorpresa? La carcasa de bamb\u00fa\/madera resiste las huellas dactilares. A diferencia de las carcasas met\u00e1licas que se manchan al instante, se mantiene impoluta incluso despu\u00e9s de dos semanas de uso.<\/p>\n\n\n\n<div class=\"wp-block-columns is-layout-flex wp-container-core-columns-is-layout-3 wp-block-columns-is-layout-flex\">\n<div class=\"wp-block-column is-layout-flow wp-block-column-is-layout-flow\">\n<figure class=\"wp-block-image size-full\"><img loading=\"lazy\" decoding=\"async\" width=\"800\" height=\"800\" src=\"https:\/\/www.yousanusb.com\/wp-content\/uploads\/2025\/10\/baboo-key-shaped-usb-flash-drive-bulk-price.jpg\" alt=\"\" class=\"wp-image-20756\" srcset=\"https:\/\/www.yousanusb.com\/wp-content\/uploads\/2025\/10\/baboo-key-shaped-usb-flash-drive-bulk-price.jpg 800w, https:\/\/www.yousanusb.com\/wp-content\/uploads\/2025\/10\/baboo-key-shaped-usb-flash-drive-bulk-price-300x300.jpg 300w, https:\/\/www.yousanusb.com\/wp-content\/uploads\/2025\/10\/baboo-key-shaped-usb-flash-drive-bulk-price-150x150.jpg 150w, https:\/\/www.yousanusb.com\/wp-content\/uploads\/2025\/10\/baboo-key-shaped-usb-flash-drive-bulk-price-768x768.jpg 768w, https:\/\/www.yousanusb.com\/wp-content\/uploads\/2025\/10\/baboo-key-shaped-usb-flash-drive-bulk-price-12x12.jpg 12w, https:\/\/www.yousanusb.com\/wp-content\/uploads\/2025\/10\/baboo-key-shaped-usb-flash-drive-bulk-price-600x600.jpg 600w, https:\/\/www.yousanusb.com\/wp-content\/uploads\/2025\/10\/baboo-key-shaped-usb-flash-drive-bulk-price-100x100.jpg 100w\" sizes=\"(max-width: 800px) 100vw, 800px\" \/><\/figure>\n<\/div>\n\n\n\n<div class=\"wp-block-column is-layout-flow wp-block-column-is-layout-flow\">\n<figure class=\"wp-block-image size-full\"><img loading=\"lazy\" decoding=\"async\" width=\"800\" height=\"800\" src=\"https:\/\/www.yousanusb.com\/wp-content\/uploads\/2025\/10\/baboo-key-shaped-usb-flash-drive-with-logo.jpg\" alt=\"\" class=\"wp-image-20757\" srcset=\"https:\/\/www.yousanusb.com\/wp-content\/uploads\/2025\/10\/baboo-key-shaped-usb-flash-drive-with-logo.jpg 800w, https:\/\/www.yousanusb.com\/wp-content\/uploads\/2025\/10\/baboo-key-shaped-usb-flash-drive-with-logo-300x300.jpg 300w, https:\/\/www.yousanusb.com\/wp-content\/uploads\/2025\/10\/baboo-key-shaped-usb-flash-drive-with-logo-150x150.jpg 150w, https:\/\/www.yousanusb.com\/wp-content\/uploads\/2025\/10\/baboo-key-shaped-usb-flash-drive-with-logo-768x768.jpg 768w, https:\/\/www.yousanusb.com\/wp-content\/uploads\/2025\/10\/baboo-key-shaped-usb-flash-drive-with-logo-12x12.jpg 12w, https:\/\/www.yousanusb.com\/wp-content\/uploads\/2025\/10\/baboo-key-shaped-usb-flash-drive-with-logo-600x600.jpg 600w, https:\/\/www.yousanusb.com\/wp-content\/uploads\/2025\/10\/baboo-key-shaped-usb-flash-drive-with-logo-100x100.jpg 100w\" sizes=\"(max-width: 800px) 100vw, 800px\" \/><\/figure>\n<\/div>\n<\/div>","protected":false},"excerpt":{"rendered":"<ul>\n<li>Material de madera<\/li>\n<li>Memoria USB con forma de llave<\/li>\n<li>El estilo de llave de madera m\u00e1s popular<\/li>\n<li>Personalice su logotipo<\/li>\n<li>MOQ:100PCS<\/li>\n<\/ul>","protected":false},"featured_media":20755,"comment_status":"open","ping_status":"closed","template":"","meta":{"_seopress_robots_primary_cat":"","_seopress_titles_title":"Wooden Key Shaped USB Flash Drive","_seopress_titles_desc":"Wooden Key USB Drives aren't your run-of-the-mill metal flash drives. These bamboo and wood key-style USBs feature natural wood grain textures. Wood is half the weight of metal, so they won't weigh down your pockets when attached to your keychain, and they won't clatter loudly when dropped on a table.","_seopress_robots_index":""},"class_list":["post-20752","product","type-product","status-publish","has-post-thumbnail","hentry","product_cat-retractable-usb-flash-drive","product_cat-wooden-usb-flash-drive","product_tag-wood-key-usb-flash-drive"],"_links":{"self":[{"href":"https:\/\/www.yousanusb.com\/es\/wp-json\/wp\/v2\/product\/20752"}],"collection":[{"href":"https:\/\/www.yousanusb.com\/es\/wp-json\/wp\/v2\/product"}],"about":[{"href":"https:\/\/www.yousanusb.com\/es\/wp-json\/wp\/v2\/types\/product"}],"replies":[{"embeddable":true,"href":"https:\/\/www.yousanusb.com\/es\/wp-json\/wp\/v2\/comments?post=20752"}],"wp:featuredmedia":[{"embeddable":true,"href":"https:\/\/www.yousanusb.com\/es\/wp-json\/wp\/v2\/media\/20755"}],"wp:attachment":[{"href":"https:\/\/www.yousanusb.com\/es\/wp-json\/wp\/v2\/media?parent=20752"}],"curies":[{"name":"wp","href":"https:\/\/api.w.org\/{rel}","templated":true}]}}