{"id":20804,"date":"2025-10-14T09:50:04","date_gmt":"2025-10-14T09:50:04","guid":{"rendered":"https:\/\/www.yousanusb.com\/?post_type=product&#038;p=20804"},"modified":"2025-10-16T01:08:48","modified_gmt":"2025-10-16T01:08:48","slug":"mercedes-benz-car-key-shaped-usb-flash-drive","status":"publish","type":"product","link":"https:\/\/www.yousanusb.com\/es\/producto\/mercedes-benz-car-key-shaped-usb-flash-drive\/","title":{"rendered":"Memoria USB con forma de llave de coche Mercedes-Benz"},"content":{"rendered":"<div class=\"wp-block-columns is-layout-flex wp-container-core-columns-is-layout-1 wp-block-columns-is-layout-flex\">\n<div class=\"wp-block-column is-layout-flow wp-block-column-is-layout-flow\">\n<figure class=\"wp-block-image size-full\"><img fetchpriority=\"high\" decoding=\"async\" width=\"800\" height=\"800\" src=\"https:\/\/www.yousanusb.com\/wp-content\/uploads\/2025\/10\/Benz-car-key-shaped-USB-drive.jpg\" alt=\"\" class=\"wp-image-20807\" srcset=\"https:\/\/www.yousanusb.com\/wp-content\/uploads\/2025\/10\/Benz-car-key-shaped-USB-drive.jpg 800w, https:\/\/www.yousanusb.com\/wp-content\/uploads\/2025\/10\/Benz-car-key-shaped-USB-drive-300x300.jpg 300w, https:\/\/www.yousanusb.com\/wp-content\/uploads\/2025\/10\/Benz-car-key-shaped-USB-drive-150x150.jpg 150w, https:\/\/www.yousanusb.com\/wp-content\/uploads\/2025\/10\/Benz-car-key-shaped-USB-drive-768x768.jpg 768w, https:\/\/www.yousanusb.com\/wp-content\/uploads\/2025\/10\/Benz-car-key-shaped-USB-drive-12x12.jpg 12w, https:\/\/www.yousanusb.com\/wp-content\/uploads\/2025\/10\/Benz-car-key-shaped-USB-drive-600x600.jpg 600w, https:\/\/www.yousanusb.com\/wp-content\/uploads\/2025\/10\/Benz-car-key-shaped-USB-drive-100x100.jpg 100w\" sizes=\"(max-width: 800px) 100vw, 800px\" \/><\/figure>\n<\/div>\n\n\n\n<div class=\"wp-block-column is-vertically-aligned-center is-layout-flow wp-block-column-is-layout-flow\">\n<p>Esta unidad USB con forma de llave de coche Mercedes-Benz emplea un moldeado por inyecci\u00f3n de alta precisi\u00f3n para reproducir con exactitud los contornos aerodin\u00e1micos de la llave del coche, la disposici\u00f3n de los botones y los bordes con acabado met\u00e1lico. El cuerpo principal est\u00e1 fabricado en resistente pl\u00e1stico ABS. La superficie emplea la tecnolog\u00eda In-Mold Decoration (IMD) para representar las marcas de los botones y el logotipo de Mercedes-Benz, garantizando que estos patrones permanezcan resistentes a los ara\u00f1azos y a la decoloraci\u00f3n. De este modo se evita el desgaste y la decoloraci\u00f3n de las marcas durante un uso prolongado.<\/p>\n\n\n\n<p>Esta unidad flash USB presenta un dise\u00f1o tipo tapa con una cubierta protectora espec\u00edfica a prueba de polvo, que protege eficazmente el puerto USB de la corrosi\u00f3n del polvo y la humedad para prolongar significativamente la vida \u00fatil del rendimiento el\u00e9ctrico de la interfaz.<\/p>\n<\/div>\n<\/div>\n\n\n\n<div class=\"wp-block-columns is-layout-flex wp-container-core-columns-is-layout-2 wp-block-columns-is-layout-flex\">\n<div class=\"wp-block-column is-vertically-aligned-center is-layout-flow wp-block-column-is-layout-flow\">\n<p>La interfaz USB cumple estrictamente los protocolos de comunicaci\u00f3n est\u00e1ndar USB 2.0\/USB 3.0 (las versiones pueden personalizarse en funci\u00f3n de los requisitos de almacenamiento), lo que garantiza la compatibilidad con diversos dispositivos (ordenadores, sistemas de entretenimiento a bordo de veh\u00edculos, terminales inteligentes, etc.). Adem\u00e1s, incorpora un chip controlador de memoria flash de alta velocidad que admite operaciones de lectura\/escritura estables y r\u00e1pidas para archivos de gran capacidad. Sus velocidades de lectura\/escritura y estabilidad de transmisi\u00f3n cumplen los est\u00e1ndares de calidad profesional para dispositivos de almacenamiento est\u00e1ndar del sector.<\/p>\n<\/div>\n\n\n\n<div class=\"wp-block-column is-layout-flow wp-block-column-is-layout-flow\">\n<figure class=\"wp-block-image size-full\"><img decoding=\"async\" width=\"800\" height=\"800\" src=\"https:\/\/www.yousanusb.com\/wp-content\/uploads\/2025\/10\/car-key-usb-flash-drive.jpg\" alt=\"\" class=\"wp-image-20808\" srcset=\"https:\/\/www.yousanusb.com\/wp-content\/uploads\/2025\/10\/car-key-usb-flash-drive.jpg 800w, https:\/\/www.yousanusb.com\/wp-content\/uploads\/2025\/10\/car-key-usb-flash-drive-300x300.jpg 300w, https:\/\/www.yousanusb.com\/wp-content\/uploads\/2025\/10\/car-key-usb-flash-drive-150x150.jpg 150w, https:\/\/www.yousanusb.com\/wp-content\/uploads\/2025\/10\/car-key-usb-flash-drive-768x768.jpg 768w, https:\/\/www.yousanusb.com\/wp-content\/uploads\/2025\/10\/car-key-usb-flash-drive-12x12.jpg 12w, https:\/\/www.yousanusb.com\/wp-content\/uploads\/2025\/10\/car-key-usb-flash-drive-600x600.jpg 600w, https:\/\/www.yousanusb.com\/wp-content\/uploads\/2025\/10\/car-key-usb-flash-drive-100x100.jpg 100w\" sizes=\"(max-width: 800px) 100vw, 800px\" \/><\/figure>\n<\/div>\n<\/div>\n\n\n\n<div class=\"wp-block-columns is-layout-flex wp-container-core-columns-is-layout-3 wp-block-columns-is-layout-flex\">\n<div class=\"wp-block-column is-layout-flow wp-block-column-is-layout-flow\">\n<figure class=\"wp-block-image size-full\"><img decoding=\"async\" width=\"800\" height=\"800\" src=\"https:\/\/www.yousanusb.com\/wp-content\/uploads\/2025\/10\/plastic-car-key-usb-flash-drive.jpg\" alt=\"\" class=\"wp-image-20809\" srcset=\"https:\/\/www.yousanusb.com\/wp-content\/uploads\/2025\/10\/plastic-car-key-usb-flash-drive.jpg 800w, https:\/\/www.yousanusb.com\/wp-content\/uploads\/2025\/10\/plastic-car-key-usb-flash-drive-300x300.jpg 300w, https:\/\/www.yousanusb.com\/wp-content\/uploads\/2025\/10\/plastic-car-key-usb-flash-drive-150x150.jpg 150w, https:\/\/www.yousanusb.com\/wp-content\/uploads\/2025\/10\/plastic-car-key-usb-flash-drive-768x768.jpg 768w, https:\/\/www.yousanusb.com\/wp-content\/uploads\/2025\/10\/plastic-car-key-usb-flash-drive-12x12.jpg 12w, https:\/\/www.yousanusb.com\/wp-content\/uploads\/2025\/10\/plastic-car-key-usb-flash-drive-600x600.jpg 600w, https:\/\/www.yousanusb.com\/wp-content\/uploads\/2025\/10\/plastic-car-key-usb-flash-drive-100x100.jpg 100w\" sizes=\"(max-width: 800px) 100vw, 800px\" \/><\/figure>\n<\/div>\n\n\n\n<div class=\"wp-block-column is-vertically-aligned-center is-layout-flow wp-block-column-is-layout-flow\">\n<p>En cuanto a los servicios de personalizaci\u00f3n, pueden adaptarse a los sistemas VI corporativos o a las preferencias individuales, desde reproducir la textura met\u00e1lica del logotipo de Mercedes-Benz hasta combinar con precisi\u00f3n los colores de la carcasa (como los cl\u00e1sicos Obsidian Black e Iridium Silver de la marca). En cuanto a las aplicaciones, puede servir como regalo corporativo de alta gama para las marcas de autom\u00f3viles con el fin de transmitir la cultura de la marca, o funcionar como un dispositivo de almacenamiento en el veh\u00edculo que proporciona almacenamiento de contenidos para los sistemas de infoentretenimiento. Al mismo tiempo, satisface la demanda de accesorios de tem\u00e1tica automovil\u00edstica de los aficionados.<\/p>\n<\/div>\n<\/div>","protected":false},"excerpt":{"rendered":"<ul>\n<li>USB con forma de llave de coche Benz<\/li>\n<li>Capacidad real y velocidad r\u00e1pida.<\/li>\n<li>Enchufar y usar<\/li>\n<li>Compatible con la mayor\u00eda de sistemas operativos<\/li>\n<li>MOQ:100pcs<\/li>\n<\/ul>","protected":false},"featured_media":20807,"comment_status":"open","ping_status":"closed","template":"","meta":{"_seopress_robots_primary_cat":"","_seopress_titles_title":"","_seopress_titles_desc":"","_seopress_robots_index":""},"class_list":["post-20804","product","type-product","status-publish","has-post-thumbnail","hentry","product_cat-retractable-usb-flash-drive","product_tag-car-key-flash-drive"],"_links":{"self":[{"href":"https:\/\/www.yousanusb.com\/es\/wp-json\/wp\/v2\/product\/20804"}],"collection":[{"href":"https:\/\/www.yousanusb.com\/es\/wp-json\/wp\/v2\/product"}],"about":[{"href":"https:\/\/www.yousanusb.com\/es\/wp-json\/wp\/v2\/types\/product"}],"replies":[{"embeddable":true,"href":"https:\/\/www.yousanusb.com\/es\/wp-json\/wp\/v2\/comments?post=20804"}],"wp:featuredmedia":[{"embeddable":true,"href":"https:\/\/www.yousanusb.com\/es\/wp-json\/wp\/v2\/media\/20807"}],"wp:attachment":[{"href":"https:\/\/www.yousanusb.com\/es\/wp-json\/wp\/v2\/media?parent=20804"}],"curies":[{"name":"wp","href":"https:\/\/api.w.org\/{rel}","templated":true}]}}