{"id":20823,"date":"2025-10-14T23:58:53","date_gmt":"2025-10-14T23:58:53","guid":{"rendered":"https:\/\/www.yousanusb.com\/?post_type=product&#038;p=20823"},"modified":"2025-10-16T01:08:26","modified_gmt":"2025-10-16T01:08:26","slug":"porsche-car-key-shaped-usb-drive","status":"publish","type":"product","link":"https:\/\/www.yousanusb.com\/es\/producto\/porsche-car-key-shaped-usb-drive\/","title":{"rendered":"Unidad USB con forma de llave de coche Porsche"},"content":{"rendered":"<div class=\"wp-block-columns is-layout-flex wp-container-core-columns-is-layout-1 wp-block-columns-is-layout-flex\">\n<div class=\"wp-block-column is-layout-flow wp-block-column-is-layout-flow\">\n<figure class=\"wp-block-image size-full\"><img fetchpriority=\"high\" decoding=\"async\" width=\"800\" height=\"800\" src=\"https:\/\/www.yousanusb.com\/wp-content\/uploads\/2025\/10\/Porsche-Car-Key-Shaped-USB-Drive.jpg\" alt=\"\" class=\"wp-image-20827\" srcset=\"https:\/\/www.yousanusb.com\/wp-content\/uploads\/2025\/10\/Porsche-Car-Key-Shaped-USB-Drive.jpg 800w, https:\/\/www.yousanusb.com\/wp-content\/uploads\/2025\/10\/Porsche-Car-Key-Shaped-USB-Drive-300x300.jpg 300w, https:\/\/www.yousanusb.com\/wp-content\/uploads\/2025\/10\/Porsche-Car-Key-Shaped-USB-Drive-150x150.jpg 150w, https:\/\/www.yousanusb.com\/wp-content\/uploads\/2025\/10\/Porsche-Car-Key-Shaped-USB-Drive-768x768.jpg 768w, https:\/\/www.yousanusb.com\/wp-content\/uploads\/2025\/10\/Porsche-Car-Key-Shaped-USB-Drive-12x12.jpg 12w, https:\/\/www.yousanusb.com\/wp-content\/uploads\/2025\/10\/Porsche-Car-Key-Shaped-USB-Drive-600x600.jpg 600w, https:\/\/www.yousanusb.com\/wp-content\/uploads\/2025\/10\/Porsche-Car-Key-Shaped-USB-Drive-100x100.jpg 100w\" sizes=\"(max-width: 800px) 100vw, 800px\" \/><\/figure>\n<\/div>\n\n\n\n<div class=\"wp-block-column is-vertically-aligned-center is-layout-flow wp-block-column-is-layout-flow\">\n<p>Esta unidad USB con forma de llave de coche Porsche emplea un moldeado por inyecci\u00f3n de alta precisi\u00f3n para reproducir fielmente el elegante perfil triangular, los bordes con acabado met\u00e1lico y las intrincadas texturas de la llave inteligente Porsche a escala 1:1. La carcasa utiliza pl\u00e1stico de ingenier\u00eda ABS resistente a la intemperie, que ofrece resistencia a los impactos y una gran durabilidad. El dise\u00f1o del ojo de la cerradura reproduce fielmente la funcionalidad de fijaci\u00f3n de la llave aut\u00e9ntica, lo que permite guardarla junto a la llave Porsche mediante un llavero para un acceso c\u00f3modo y sobre la marcha.<\/p>\n<\/div>\n<\/div>\n\n\n\n<div class=\"wp-block-columns is-layout-flex wp-container-core-columns-is-layout-2 wp-block-columns-is-layout-flex\">\n<div class=\"wp-block-column is-vertically-aligned-center is-layout-flow wp-block-column-is-layout-flow\">\n<p>El logotipo del escudo de Porsche emplea la impresi\u00f3n UV en color combinada con un proceso de laminaci\u00f3n mate multicapa. En primer lugar, la tecnolog\u00eda de impresi\u00f3n UV reproduce con precisi\u00f3n el degradado tricolor rojo, negro y dorado del emblema de la marca. A continuaci\u00f3n, se aplica una pel\u00edcula mate duradera para preservar la intrincada textura del logotipo y resistir al mismo tiempo la fricci\u00f3n diaria y la corrosi\u00f3n del sudor. Las pruebas de envejecimiento acelerado confirman que el emblema permanece n\u00edtido e intacto tras un uso prolongado, cumpliendo los est\u00e1ndares de durabilidad visual de grado industrial para productos de marca.<\/p>\n<\/div>\n\n\n\n<div class=\"wp-block-column is-vertically-aligned-center is-layout-flow wp-block-column-is-layout-flow\">\n<figure class=\"wp-block-image size-full\"><img decoding=\"async\" width=\"800\" height=\"800\" src=\"https:\/\/www.yousanusb.com\/wp-content\/uploads\/2025\/10\/prosche-car-key-usb-flash-drive.jpg\" alt=\"\" class=\"wp-image-20828\" srcset=\"https:\/\/www.yousanusb.com\/wp-content\/uploads\/2025\/10\/prosche-car-key-usb-flash-drive.jpg 800w, https:\/\/www.yousanusb.com\/wp-content\/uploads\/2025\/10\/prosche-car-key-usb-flash-drive-300x300.jpg 300w, https:\/\/www.yousanusb.com\/wp-content\/uploads\/2025\/10\/prosche-car-key-usb-flash-drive-150x150.jpg 150w, https:\/\/www.yousanusb.com\/wp-content\/uploads\/2025\/10\/prosche-car-key-usb-flash-drive-768x768.jpg 768w, https:\/\/www.yousanusb.com\/wp-content\/uploads\/2025\/10\/prosche-car-key-usb-flash-drive-12x12.jpg 12w, https:\/\/www.yousanusb.com\/wp-content\/uploads\/2025\/10\/prosche-car-key-usb-flash-drive-600x600.jpg 600w, https:\/\/www.yousanusb.com\/wp-content\/uploads\/2025\/10\/prosche-car-key-usb-flash-drive-100x100.jpg 100w\" sizes=\"(max-width: 800px) 100vw, 800px\" \/><\/figure>\n<\/div>\n<\/div>\n\n\n\n<div class=\"wp-block-columns is-layout-flex wp-container-core-columns-is-layout-3 wp-block-columns-is-layout-flex\">\n<div class=\"wp-block-column is-layout-flow wp-block-column-is-layout-flow\">\n<figure class=\"wp-block-image size-full\"><img decoding=\"async\" width=\"800\" height=\"800\" src=\"https:\/\/www.yousanusb.com\/wp-content\/uploads\/2025\/10\/car-key-usb-drives.jpg\" alt=\"\" class=\"wp-image-20826\" srcset=\"https:\/\/www.yousanusb.com\/wp-content\/uploads\/2025\/10\/car-key-usb-drives.jpg 800w, https:\/\/www.yousanusb.com\/wp-content\/uploads\/2025\/10\/car-key-usb-drives-300x300.jpg 300w, https:\/\/www.yousanusb.com\/wp-content\/uploads\/2025\/10\/car-key-usb-drives-150x150.jpg 150w, https:\/\/www.yousanusb.com\/wp-content\/uploads\/2025\/10\/car-key-usb-drives-768x768.jpg 768w, https:\/\/www.yousanusb.com\/wp-content\/uploads\/2025\/10\/car-key-usb-drives-12x12.jpg 12w, https:\/\/www.yousanusb.com\/wp-content\/uploads\/2025\/10\/car-key-usb-drives-600x600.jpg 600w, https:\/\/www.yousanusb.com\/wp-content\/uploads\/2025\/10\/car-key-usb-drives-100x100.jpg 100w\" sizes=\"(max-width: 800px) 100vw, 800px\" \/><\/figure>\n<\/div>\n\n\n\n<div class=\"wp-block-column is-vertically-aligned-center is-layout-flow wp-block-column-is-layout-flow\">\n<p>El chip de memoria flash de alta velocidad integrado es compatible con el protocolo de transferencia USB 3.0 (compatible con versiones anteriores USB 2.0). Las velocidades de lectura sostenida probadas superan los 100 MB\/s y las velocidades de escritura sostenida superan los 80 MB\/s, lo que permite almacenar y transferir de forma eficiente datos de gran capacidad, como v\u00eddeos 4K para veh\u00edculos y archivos fuente de dise\u00f1o de ingenier\u00eda. Adem\u00e1s, el producto ha superado rigurosas pruebas de fiabilidad en m\u00faltiples escenarios: la estabilidad del almacenamiento de datos se mantiene constante a temperaturas que oscilan entre -20 \u00b0C y 60 \u00b0C. Tras soportar 5.000 ciclos de inserci\u00f3n\/extracci\u00f3n y pruebas de vibraci\u00f3n simulada en el veh\u00edculo, la interfaz USB mantiene un rendimiento el\u00e9ctrico y una integridad de datos l\u00edderes en el sector, satisfaciendo plenamente la doble exigencia de los usuarios profesionales de \"seguridad de datos + transmisi\u00f3n eficiente.\"<\/p>\n<\/div>\n<\/div>","protected":false},"excerpt":{"rendered":"<ul>\n<li>Dise\u00f1ado al estilo de la llave Porsche<\/li>\n<li>De metal y pl\u00e1stico<\/li>\n<li>Certificaci\u00f3n CE\uff0cRoHS<\/li>\n<li>Caja de regalo\/Poli\u00e9ster\/Color<\/li>\n<li>USB2.0\/1.1<\/li>\n<li>MOQ:100pcs<\/li>\n<\/ul>","protected":false},"featured_media":20829,"comment_status":"open","ping_status":"closed","template":"","meta":{"_seopress_robots_primary_cat":"","_seopress_titles_title":"","_seopress_titles_desc":"","_seopress_robots_index":""},"class_list":["post-20823","product","type-product","status-publish","has-post-thumbnail","hentry","product_cat-retractable-usb-flash-drive","product_tag-car-key-flash-drive"],"_links":{"self":[{"href":"https:\/\/www.yousanusb.com\/es\/wp-json\/wp\/v2\/product\/20823"}],"collection":[{"href":"https:\/\/www.yousanusb.com\/es\/wp-json\/wp\/v2\/product"}],"about":[{"href":"https:\/\/www.yousanusb.com\/es\/wp-json\/wp\/v2\/types\/product"}],"replies":[{"embeddable":true,"href":"https:\/\/www.yousanusb.com\/es\/wp-json\/wp\/v2\/comments?post=20823"}],"wp:featuredmedia":[{"embeddable":true,"href":"https:\/\/www.yousanusb.com\/es\/wp-json\/wp\/v2\/media\/20829"}],"wp:attachment":[{"href":"https:\/\/www.yousanusb.com\/es\/wp-json\/wp\/v2\/media?parent=20823"}],"curies":[{"name":"wp","href":"https:\/\/api.w.org\/{rel}","templated":true}]}}