{"id":20837,"date":"2025-10-15T01:04:17","date_gmt":"2025-10-15T01:04:17","guid":{"rendered":"https:\/\/www.yousanusb.com\/?post_type=product&#038;p=20837"},"modified":"2025-10-16T01:06:03","modified_gmt":"2025-10-16T01:06:03","slug":"custom-square-key-metal-usb-flash-drive","status":"publish","type":"product","link":"https:\/\/www.yousanusb.com\/es\/producto\/custom-square-key-metal-usb-flash-drive\/","title":{"rendered":"Llave cuadrada personalizada Memoria USB met\u00e1lica"},"content":{"rendered":"<div class=\"wp-block-columns is-layout-flex wp-container-core-columns-is-layout-1 wp-block-columns-is-layout-flex\">\n<div class=\"wp-block-column is-vertically-aligned-center is-layout-flow wp-block-column-is-layout-flow\">\n<p>Esta unidad USB de llave met\u00e1lica cuadrada de tercera generaci\u00f3n incorpora un proceso integrado de fundici\u00f3n a presi\u00f3n de aleaci\u00f3n de aluminio para crear su forma de llave cuadrada. La carcasa met\u00e1lica se somete a un mecanizado de precisi\u00f3n CNC con bordes suavemente redondeados, replicando la sensaci\u00f3n t\u00e1ctil de las llaves tradicionales al tiempo que aprovecha la resistencia del metal a la deformaci\u00f3n y la corrosi\u00f3n para el uso diario del llavero. El dise\u00f1o del ojo de la cerradura no s\u00f3lo admite llaveros est\u00e1ndar (di\u00e1metro interior \u22653 mm) para un almacenamiento consolidado con llaves de coche, tarjetas de acceso, etc., sino que tambi\u00e9n emplea un posicionamiento mec\u00e1nico optimizado de los orificios para distribuir las fuerzas de tracci\u00f3n durante la fijaci\u00f3n. Esto evita da\u00f1os por tensi\u00f3n tanto en la carcasa como en el m\u00f3dulo de almacenamiento.<\/p>\n\n\n\n<p>Disponible en varios colores, como azul brillante, plata metalizado y naranja vibrante, ofrece opciones ricas y diversas para satisfacer diferentes necesidades de estilo personalizadas.<\/p>\n<\/div>\n\n\n\n<div class=\"wp-block-column is-vertically-aligned-center is-layout-flow wp-block-column-is-layout-flow\">\n<figure class=\"wp-block-image size-full\"><img fetchpriority=\"high\" decoding=\"async\" width=\"800\" height=\"800\" src=\"https:\/\/www.yousanusb.com\/wp-content\/uploads\/2025\/10\/square-key-usb-drive.jpg\" alt=\"\" class=\"wp-image-20842\" srcset=\"https:\/\/www.yousanusb.com\/wp-content\/uploads\/2025\/10\/square-key-usb-drive.jpg 800w, https:\/\/www.yousanusb.com\/wp-content\/uploads\/2025\/10\/square-key-usb-drive-300x300.jpg 300w, https:\/\/www.yousanusb.com\/wp-content\/uploads\/2025\/10\/square-key-usb-drive-150x150.jpg 150w, https:\/\/www.yousanusb.com\/wp-content\/uploads\/2025\/10\/square-key-usb-drive-768x768.jpg 768w, https:\/\/www.yousanusb.com\/wp-content\/uploads\/2025\/10\/square-key-usb-drive-12x12.jpg 12w, https:\/\/www.yousanusb.com\/wp-content\/uploads\/2025\/10\/square-key-usb-drive-600x600.jpg 600w, https:\/\/www.yousanusb.com\/wp-content\/uploads\/2025\/10\/square-key-usb-drive-100x100.jpg 100w\" sizes=\"(max-width: 800px) 100vw, 800px\" \/><\/figure>\n<\/div>\n<\/div>\n\n\n\n<div class=\"wp-block-columns is-layout-flex wp-container-core-columns-is-layout-2 wp-block-columns-is-layout-flex\">\n<div class=\"wp-block-column is-layout-flow wp-block-column-is-layout-flow\">\n<figure class=\"wp-block-image size-full\"><img decoding=\"async\" width=\"800\" height=\"800\" src=\"https:\/\/www.yousanusb.com\/wp-content\/uploads\/2025\/10\/metal-key-usb-drive.jpg\" alt=\"\" class=\"wp-image-20840\" srcset=\"https:\/\/www.yousanusb.com\/wp-content\/uploads\/2025\/10\/metal-key-usb-drive.jpg 800w, https:\/\/www.yousanusb.com\/wp-content\/uploads\/2025\/10\/metal-key-usb-drive-300x300.jpg 300w, https:\/\/www.yousanusb.com\/wp-content\/uploads\/2025\/10\/metal-key-usb-drive-150x150.jpg 150w, https:\/\/www.yousanusb.com\/wp-content\/uploads\/2025\/10\/metal-key-usb-drive-768x768.jpg 768w, https:\/\/www.yousanusb.com\/wp-content\/uploads\/2025\/10\/metal-key-usb-drive-12x12.jpg 12w, https:\/\/www.yousanusb.com\/wp-content\/uploads\/2025\/10\/metal-key-usb-drive-600x600.jpg 600w, https:\/\/www.yousanusb.com\/wp-content\/uploads\/2025\/10\/metal-key-usb-drive-100x100.jpg 100w\" sizes=\"(max-width: 800px) 100vw, 800px\" \/><\/figure>\n<\/div>\n\n\n\n<div class=\"wp-block-column is-vertically-aligned-center is-layout-flow wp-block-column-is-layout-flow\">\n<p>Los logotipos personalizados utilizan el grabado por l\u00e1ser combinado con la coloraci\u00f3n por oxidaci\u00f3n an\u00f3dica. El grabado por l\u00e1ser graba patrones en superficies met\u00e1licas con una precisi\u00f3n microm\u00e9trica, lo que garantiza la uniformidad de la finura (anchura de l\u00ednea \u22640,1 mm) y la profundidad de los logotipos. El posterior proceso de oxidaci\u00f3n an\u00f3dica forma una densa pel\u00edcula de \u00f3xido sobre la superficie met\u00e1lica. Esta pel\u00edcula reproduce con precisi\u00f3n los colores de la marca mediante la tecnolog\u00eda de electrocoloraci\u00f3n (desviaci\u00f3n de color \u0394E &lt;1,5, conforme a las normas Pantone), al tiempo que imparte dureza de grado Hard Anodize (dureza Mohs \u22656) a la capa de \u00f3xido. Esto protege contra la fricci\u00f3n de las llaves y los ara\u00f1azos de objetos afilados. Las pruebas de desgaste acelerado confirman que el logotipo sigue siendo claramente visible tras 5.000 ciclos de fricci\u00f3n simulada.<\/p>\n<\/div>\n<\/div>\n\n\n\n<div class=\"wp-block-columns is-layout-flex wp-container-core-columns-is-layout-3 wp-block-columns-is-layout-flex\">\n<div class=\"wp-block-column is-vertically-aligned-center is-layout-flow wp-block-column-is-layout-flow\">\n<p>A nivel de transmisi\u00f3n de datos, es totalmente compatible con el protocolo de transferencia USB 3.0 (retrocompatible con USB 2.0). Las velocidades de lectura sostenida probadas alcanzan los 90 MB\/s y las de escritura superan los 40 MB\/s, lo que permite gestionar con eficacia las demandas de transferencia de archivos de gran tama\u00f1o, como im\u00e1genes de alta definici\u00f3n y secuencias de v\u00eddeo. Adem\u00e1s, la controladora incorporada dispone de ECC (c\u00f3digo de correcci\u00f3n de errores) y mecanismos de protecci\u00f3n contra la p\u00e9rdida de alimentaci\u00f3n. En situaciones extremas, como apagones repentinos o interrupciones en las transferencias de datos, repara autom\u00e1ticamente la fragmentaci\u00f3n de los datos, reduciendo el riesgo de corrupci\u00f3n de los archivos. Esto satisface la doble demanda de los usuarios profesionales de \"seguridad de datos + eficacia de transmisi\u00f3n\".<\/p>\n<\/div>\n\n\n\n<div class=\"wp-block-column is-layout-flow wp-block-column-is-layout-flow\">\n<figure class=\"wp-block-image size-full\"><img decoding=\"async\" width=\"800\" height=\"800\" src=\"https:\/\/www.yousanusb.com\/wp-content\/uploads\/2025\/10\/square-metal-usb-drive-with-key-ring.jpg\" alt=\"\" class=\"wp-image-20843\" srcset=\"https:\/\/www.yousanusb.com\/wp-content\/uploads\/2025\/10\/square-metal-usb-drive-with-key-ring.jpg 800w, https:\/\/www.yousanusb.com\/wp-content\/uploads\/2025\/10\/square-metal-usb-drive-with-key-ring-300x300.jpg 300w, https:\/\/www.yousanusb.com\/wp-content\/uploads\/2025\/10\/square-metal-usb-drive-with-key-ring-150x150.jpg 150w, https:\/\/www.yousanusb.com\/wp-content\/uploads\/2025\/10\/square-metal-usb-drive-with-key-ring-768x768.jpg 768w, https:\/\/www.yousanusb.com\/wp-content\/uploads\/2025\/10\/square-metal-usb-drive-with-key-ring-12x12.jpg 12w, https:\/\/www.yousanusb.com\/wp-content\/uploads\/2025\/10\/square-metal-usb-drive-with-key-ring-600x600.jpg 600w, https:\/\/www.yousanusb.com\/wp-content\/uploads\/2025\/10\/square-metal-usb-drive-with-key-ring-100x100.jpg 100w\" sizes=\"(max-width: 800px) 100vw, 800px\" \/><\/figure>\n<\/div>\n<\/div>","protected":false},"excerpt":{"rendered":"<ul>\n<li>Materiales met\u00e1licos<\/li>\n<li>Impresi\u00f3n digital a todo color, grabado l\u00e1ser<\/li>\n<li>USB 2.0\/USB 3.0<\/li>\n<li>Certificaciones CE,RoHS,FCC<\/li>\n<li>MOQ:100pcs<\/li>\n<\/ul>","protected":false},"featured_media":20842,"comment_status":"open","ping_status":"closed","template":"","meta":{"_seopress_robots_primary_cat":"","_seopress_titles_title":"","_seopress_titles_desc":"","_seopress_robots_index":""},"class_list":["post-20837","product","type-product","status-publish","has-post-thumbnail","hentry","product_cat-retractable-usb-flash-drive","product_tag-key-usb-flash-drive"],"_links":{"self":[{"href":"https:\/\/www.yousanusb.com\/es\/wp-json\/wp\/v2\/product\/20837"}],"collection":[{"href":"https:\/\/www.yousanusb.com\/es\/wp-json\/wp\/v2\/product"}],"about":[{"href":"https:\/\/www.yousanusb.com\/es\/wp-json\/wp\/v2\/types\/product"}],"replies":[{"embeddable":true,"href":"https:\/\/www.yousanusb.com\/es\/wp-json\/wp\/v2\/comments?post=20837"}],"wp:featuredmedia":[{"embeddable":true,"href":"https:\/\/www.yousanusb.com\/es\/wp-json\/wp\/v2\/media\/20842"}],"wp:attachment":[{"href":"https:\/\/www.yousanusb.com\/es\/wp-json\/wp\/v2\/media?parent=20837"}],"curies":[{"name":"wp","href":"https:\/\/api.w.org\/{rel}","templated":true}]}}