{"id":20873,"date":"2025-10-15T23:40:45","date_gmt":"2025-10-15T23:40:45","guid":{"rendered":"https:\/\/www.yousanusb.com\/?post_type=product&#038;p=20873"},"modified":"2025-10-16T01:05:47","modified_gmt":"2025-10-16T01:05:47","slug":"petal-shaped-key-usb-flash-drive","status":"publish","type":"product","link":"https:\/\/www.yousanusb.com\/es\/producto\/petal-shaped-key-usb-flash-drive\/","title":{"rendered":"llave en forma de p\u00e9talo Memoria USB"},"content":{"rendered":"<div class=\"wp-block-columns is-layout-flex wp-container-core-columns-is-layout-1 wp-block-columns-is-layout-flex\">\n<div class=\"wp-block-column is-vertically-aligned-center is-layout-flow wp-block-column-is-layout-flow\">\n<figure class=\"wp-block-image size-full\"><img fetchpriority=\"high\" decoding=\"async\" width=\"800\" height=\"800\" src=\"https:\/\/www.yousanusb.com\/wp-content\/uploads\/2025\/10\/key-usb-flash-drive.jpg\" alt=\"\" class=\"wp-image-20877\" srcset=\"https:\/\/www.yousanusb.com\/wp-content\/uploads\/2025\/10\/key-usb-flash-drive.jpg 800w, https:\/\/www.yousanusb.com\/wp-content\/uploads\/2025\/10\/key-usb-flash-drive-300x300.jpg 300w, https:\/\/www.yousanusb.com\/wp-content\/uploads\/2025\/10\/key-usb-flash-drive-150x150.jpg 150w, https:\/\/www.yousanusb.com\/wp-content\/uploads\/2025\/10\/key-usb-flash-drive-768x768.jpg 768w, https:\/\/www.yousanusb.com\/wp-content\/uploads\/2025\/10\/key-usb-flash-drive-12x12.jpg 12w, https:\/\/www.yousanusb.com\/wp-content\/uploads\/2025\/10\/key-usb-flash-drive-600x600.jpg 600w, https:\/\/www.yousanusb.com\/wp-content\/uploads\/2025\/10\/key-usb-flash-drive-100x100.jpg 100w\" sizes=\"(max-width: 800px) 100vw, 800px\" \/><\/figure>\n<\/div>\n\n\n\n<div class=\"wp-block-column is-vertically-aligned-center is-layout-flow wp-block-column-is-layout-flow\">\n<p>La unidad USB llave en forma de p\u00e9talo rompe con la forma r\u00edgida de las unidades USB tradicionales, combinando ingeniosamente la delicada belleza de los p\u00e9talos con el pr\u00e1ctico dise\u00f1o de una llave. Fabricada \u00edntegramente en metal, su superficie plateada resplandece con un brillo refinado que destila sofisticaci\u00f3n y resiste el desgaste diario para mantener su calidad con el paso del tiempo.<\/p>\n\n\n\n<p>Un extremo de la unidad USB cuenta con un puerto USB est\u00e1ndar, compatible con precisi\u00f3n con varios dispositivos para garantizar una transferencia de datos fluida. El otro extremo cuenta con un dise\u00f1o en forma de anillo que recuerda a p\u00e9talos en flor, con l\u00edneas elegantes y r\u00edtmicas que permiten engancharlo f\u00e1cilmente a llaveros o bolsos, transform\u00e1ndose en un accesorio elegante para llevarlo siempre encima.<\/p>\n\n\n\n<p>Como soporte de datos, almacena de forma fiable documentos, fotos de alta definici\u00f3n, v\u00eddeos y otros archivos. En el trabajo, es un compa\u00f1ero fiable para transferir propuestas de proyectos y realizar copias de seguridad de materiales importantes. En la vida diaria, conserva de forma segura valiosos recuerdos como v\u00eddeos de viajes y fotos familiares, garantizando un almacenamiento de datos seguro y eficaz.<\/p>\n<\/div>\n<\/div>\n\n\n\n<p>Esta unidad USB ofrece t\u00e9cnicas de personalizaci\u00f3n del logotipo flexibles y diversas para satisfacer los requisitos visuales de diferentes marcas:<br>Grabado por l\u00e1ser: Ideal para fuentes complejas o gr\u00e1ficos minimalistas;<br>Serigraf\u00eda: Adecuado para logotipos de marca con dise\u00f1os multicolor;<br>Galvanoplastia con relleno de color: En primer lugar, se graba el logotipo en huecos de la superficie met\u00e1lica y, a continuaci\u00f3n, se rellenan estas zonas con capas galv\u00e1nicas de color. Este proceso combina el fr\u00edo brillo met\u00e1lico con la c\u00e1lida expresi\u00f3n del color, lo que da como resultado un aspecto muy sofisticado.<br><\/p>\n\n\n\n<div class=\"wp-block-columns is-layout-flex wp-container-core-columns-is-layout-2 wp-block-columns-is-layout-flex\">\n<div class=\"wp-block-column is-layout-flow wp-block-column-is-layout-flow\">\n<figure class=\"wp-block-image size-full\"><img decoding=\"async\" width=\"800\" height=\"800\" src=\"https:\/\/www.yousanusb.com\/wp-content\/uploads\/2025\/10\/metal-key-usb-drive-2.jpg\" alt=\"\" class=\"wp-image-20878\" srcset=\"https:\/\/www.yousanusb.com\/wp-content\/uploads\/2025\/10\/metal-key-usb-drive-2.jpg 800w, https:\/\/www.yousanusb.com\/wp-content\/uploads\/2025\/10\/metal-key-usb-drive-2-300x300.jpg 300w, https:\/\/www.yousanusb.com\/wp-content\/uploads\/2025\/10\/metal-key-usb-drive-2-150x150.jpg 150w, https:\/\/www.yousanusb.com\/wp-content\/uploads\/2025\/10\/metal-key-usb-drive-2-768x768.jpg 768w, https:\/\/www.yousanusb.com\/wp-content\/uploads\/2025\/10\/metal-key-usb-drive-2-12x12.jpg 12w, https:\/\/www.yousanusb.com\/wp-content\/uploads\/2025\/10\/metal-key-usb-drive-2-600x600.jpg 600w, https:\/\/www.yousanusb.com\/wp-content\/uploads\/2025\/10\/metal-key-usb-drive-2-100x100.jpg 100w\" sizes=\"(max-width: 800px) 100vw, 800px\" \/><\/figure>\n<\/div>\n\n\n\n<div class=\"wp-block-column is-layout-flow wp-block-column-is-layout-flow\">\n<figure class=\"wp-block-image size-full\"><img decoding=\"async\" width=\"800\" height=\"800\" src=\"https:\/\/www.yousanusb.com\/wp-content\/uploads\/2025\/10\/key-usb-drive.jpg\" alt=\"\" class=\"wp-image-20876\" srcset=\"https:\/\/www.yousanusb.com\/wp-content\/uploads\/2025\/10\/key-usb-drive.jpg 800w, https:\/\/www.yousanusb.com\/wp-content\/uploads\/2025\/10\/key-usb-drive-300x300.jpg 300w, https:\/\/www.yousanusb.com\/wp-content\/uploads\/2025\/10\/key-usb-drive-150x150.jpg 150w, https:\/\/www.yousanusb.com\/wp-content\/uploads\/2025\/10\/key-usb-drive-768x768.jpg 768w, https:\/\/www.yousanusb.com\/wp-content\/uploads\/2025\/10\/key-usb-drive-12x12.jpg 12w, https:\/\/www.yousanusb.com\/wp-content\/uploads\/2025\/10\/key-usb-drive-600x600.jpg 600w, https:\/\/www.yousanusb.com\/wp-content\/uploads\/2025\/10\/key-usb-drive-100x100.jpg 100w\" sizes=\"(max-width: 800px) 100vw, 800px\" \/><\/figure>\n<\/div>\n<\/div>","protected":false},"excerpt":{"rendered":"<ul>\n<li>Material met\u00e1lico<\/li>\n<li>Llave de flor<\/li>\n<li>Protecci\u00f3n de interfaces<\/li>\n<li>Autonom\u00eda ultralarga<\/li>\n<li>MOQ\uff1a100pcs<\/li>\n<\/ul>","protected":false},"featured_media":20878,"comment_status":"open","ping_status":"closed","template":"","meta":{"_seopress_robots_primary_cat":"","_seopress_titles_title":"","_seopress_titles_desc":"","_seopress_robots_index":""},"class_list":["post-20873","product","type-product","status-publish","has-post-thumbnail","hentry","product_cat-retractable-usb-flash-drive","product_tag-key-usb-flash-drive"],"_links":{"self":[{"href":"https:\/\/www.yousanusb.com\/es\/wp-json\/wp\/v2\/product\/20873"}],"collection":[{"href":"https:\/\/www.yousanusb.com\/es\/wp-json\/wp\/v2\/product"}],"about":[{"href":"https:\/\/www.yousanusb.com\/es\/wp-json\/wp\/v2\/types\/product"}],"replies":[{"embeddable":true,"href":"https:\/\/www.yousanusb.com\/es\/wp-json\/wp\/v2\/comments?post=20873"}],"wp:featuredmedia":[{"embeddable":true,"href":"https:\/\/www.yousanusb.com\/es\/wp-json\/wp\/v2\/media\/20878"}],"wp:attachment":[{"href":"https:\/\/www.yousanusb.com\/es\/wp-json\/wp\/v2\/media?parent=20873"}],"curies":[{"name":"wp","href":"https:\/\/api.w.org\/{rel}","templated":true}]}}